{"id":663,"date":"2026-02-03T06:05:05","date_gmt":"2026-02-03T06:05:05","guid":{"rendered":"https:\/\/www.fenxifiber.com\/?post_type=product&#038;p=663"},"modified":"2026-02-04T01:25:30","modified_gmt":"2026-02-04T01:25:30","slug":"sc-upc-fc-upc-50-125-dx","status":"publish","type":"product","link":"https:\/\/www.fenxifiber.com\/de\/product\/sc-upc-fc-upc-50-125-dx\/","title":{"rendered":"SC\/UPC-LC\/UPC-62,5\/125-DX \u00c4ltere Multimode- zu modernen LC-Systemen"},"content":{"rendered":"<p data-start=\"2356\" data-end=\"2386\"><strong data-start=\"2356\" data-end=\"2386\">Warum 62,5\/125 immer noch wichtig ist<\/strong><\/p>\n<p data-start=\"2388\" data-end=\"2464\">Auch heute noch werden viele Geb\u00e4ude <strong data-start=\"2425\" data-end=\"2440\">OM1-Verkabelung<\/strong>. Bei 850 nm unterst\u00fctzt es:<\/p>\n<ul data-start=\"2466\" data-end=\"2526\">\n<li data-start=\"2466\" data-end=\"2495\">\n<p data-start=\"2468\" data-end=\"2495\"><strong data-start=\"2468\" data-end=\"2495\">1G Ethernet bis zu 275 m<\/strong><\/p>\n<\/li>\n<li data-start=\"2496\" data-end=\"2526\">\n<p data-start=\"2498\" data-end=\"2526\"><strong data-start=\"2498\" data-end=\"2526\">Fast Ethernet bis zu 2 km<\/strong><\/p>\n<\/li>\n<\/ul>\n<p data-start=\"2528\" data-end=\"2624\">Mit diesem Patchkabel k\u00f6nnen diese Systeme weiterhin mit <strong data-start=\"2587\" data-end=\"2623\">moderne Switches und Transceiver<\/strong>.<\/p>\n<hr data-start=\"2626\" data-end=\"2629\" \/>\n<h2 data-start=\"2631\" data-end=\"2663\"><strong data-start=\"2634\" data-end=\"2663\">SC\/UPC\u2013SC\/UPC-62.5\/125-DX<\/strong><\/h2>\n<h3 data-start=\"2664\" data-end=\"2719\"><em data-start=\"2668\" data-end=\"2719\">Zuverl\u00e4ssiger Duplex-Jumper f\u00fcr klassische Glasfasernetze<\/em><\/h3>\n<p data-start=\"2721\" data-end=\"3021\">Die <strong data-start=\"2725\" data-end=\"2754\">SC\/UPC\u2013SC\/UPC-62.5\/125-DX<\/strong> ist eine traditionelle <strong data-start=\"2772\" data-end=\"2803\">Multimode-Duplex-Patchkabel<\/strong> weit verbreitet in <strong data-start=\"2819\" data-end=\"2875\">\u00e4ltere LANs, CCTV-Glasfaserverbindungen und Geb\u00e4ude-Backbones<\/strong>. Der gro\u00dfe Kern <strong data-start=\"2892\" data-end=\"2909\">62,5 \u00b5m Faser<\/strong> bietet <strong data-start=\"2919\" data-end=\"2974\">Hervorragende Toleranz bei der Ausrichtung und dem Verschlei\u00df von Steckern<\/strong>, und ist daher bei Langzeitinstallationen sehr beliebt.<\/p>\n<p data-start=\"3023\" data-end=\"3156\">SC-Steckverbinder bieten <strong data-start=\"3043\" data-end=\"3073\">feste, rechtwinklige Ausrichtung<\/strong>, Dadurch ist dieses Kabel besonders einfach zu handhaben in <strong data-start=\"3122\" data-end=\"3155\">Faserplatten und Steckdosen<\/strong>.<\/p>\n<p data-start=\"3158\" data-end=\"3181\"><strong data-start=\"3158\" data-end=\"3181\">Kernspezifikationen<\/strong><\/p>\n<div class=\"TyagGW_tableContainer\">\n<div class=\"group TyagGW_tableWrapper flex flex-col-reverse w-fit\" tabindex=\"-1\">\n<table class=\"w-fit min-w-(--thread-content-width)\" data-start=\"3183\" data-end=\"3362\">\n<thead data-start=\"3183\" data-end=\"3199\">\n<tr data-start=\"3183\" data-end=\"3199\">\n<th class=\"\" data-start=\"3183\" data-end=\"3190\" data-col-size=\"sm\">Artikel<\/th>\n<th class=\"\" data-start=\"3190\" data-end=\"3199\" data-col-size=\"sm\">Wert<\/th>\n<\/tr>\n<\/thead>\n<tbody data-start=\"3216\" data-end=\"3362\">\n<tr data-start=\"3216\" data-end=\"3243\">\n<td data-start=\"3216\" data-end=\"3224\" data-col-size=\"sm\">Faser<\/td>\n<td data-start=\"3224\" data-end=\"3243\" data-col-size=\"sm\">62,5\/125 \u00b5m OM1<\/td>\n<\/tr>\n<tr data-start=\"3244\" data-end=\"3276\">\n<td data-start=\"3244\" data-end=\"3257\" data-col-size=\"sm\">Steckverbinder<\/td>\n<td data-start=\"3257\" data-end=\"3276\" data-col-size=\"sm\">SC\/UPC \u2194 SC\/UPC<\/td>\n<\/tr>\n<tr data-start=\"3277\" data-end=\"3306\">\n<td data-start=\"3277\" data-end=\"3294\" data-col-size=\"sm\">Einf\u00fcgungsd\u00e4mpfung<\/td>\n<td data-start=\"3294\" data-end=\"3306\" data-col-size=\"sm\">\u22640,30 dB<\/td>\n<\/tr>\n<tr data-start=\"3307\" data-end=\"3331\">\n<td data-start=\"3307\" data-end=\"3321\" data-col-size=\"sm\">R\u00fcckflussd\u00e4mpfung<\/td>\n<td data-start=\"3321\" data-end=\"3331\" data-col-size=\"sm\">\u226530 dB<\/td>\n<\/tr>\n<tr data-start=\"3332\" data-end=\"3362\">\n<td data-start=\"3332\" data-end=\"3345\" data-col-size=\"sm\">Dauerhaftigkeit<\/td>\n<td data-col-size=\"sm\" data-start=\"3345\" data-end=\"3362\">&gt;1000 Begattungen<\/td>\n<\/tr>\n<\/tbody>\n<\/table>\n<\/div>\n<\/div>\n<hr data-start=\"3364\" data-end=\"3367\" \/>\n<h2 data-start=\"3369\" data-end=\"3392\"><strong data-start=\"3372\" data-end=\"3392\">Fachliche Fragen und Antworten<\/strong><\/h2>\n<p data-start=\"3394\" data-end=\"3549\"><strong data-start=\"3394\" data-end=\"3439\">Q1: 50\/125 vs. 62,5\/125 - was ist besser?<\/strong><br data-start=\"3439\" data-end=\"3442\" \/>50\/125 St\u00fctzen <strong data-start=\"3458\" data-end=\"3483\">viel h\u00f6here Bandbreite<\/strong> (10G-100G), w\u00e4hrend 62,5\/125 haupts\u00e4chlich in <strong data-start=\"3529\" data-end=\"3548\">alte Netzwerke<\/strong>.<\/p>\n<p data-start=\"3551\" data-end=\"3666\"><strong data-start=\"3551\" data-end=\"3591\">F2: Kann ich SC und LC in einem Link mischen?<\/strong><br data-start=\"3591\" data-end=\"3594\" \/>Ja - das ist genau das, was Hybridkabel ausmacht <strong data-start=\"3639\" data-end=\"3648\">SC-LC<\/strong> sind konzipiert f\u00fcr.<\/p>\n<p data-start=\"3668\" data-end=\"3794\"><strong data-start=\"3668\" data-end=\"3706\">F3: Unterst\u00fctzen diese Ger\u00e4te 10G-Ethernet?<\/strong><br data-start=\"3706\" data-end=\"3709\" \/>50\/125 (OM3) unterst\u00fctzt <strong data-start=\"3731\" data-end=\"3750\">10G bis zu 300 m<\/strong>.<br data-start=\"3751\" data-end=\"3754\" \/>62,5\/125 ist in der Regel begrenzt auf <strong data-start=\"3787\" data-end=\"3793\">1G<\/strong>.<\/p>\n<p data-start=\"3796\" data-end=\"3915\"><strong data-start=\"3796\" data-end=\"3829\">F4: Sind diese Ger\u00e4te werkseitig gepr\u00fcft?<\/strong><br data-start=\"3829\" data-end=\"3832\" \/>Ja. Alle Modelle sind <strong data-start=\"3852\" data-end=\"3898\">100% Einf\u00fcgungsd\u00e4mpfung und R\u00fcckflussd\u00e4mpfung getestet<\/strong> vor der Verschiffung.<\/p>","protected":false},"excerpt":{"rendered":"<p data-start=\"2023\" data-end=\"2217\">Die <strong data-start=\"2027\" data-end=\"2056\">SC\/UPC\u2013LC\/UPC-62.5\/125-DX<\/strong> ist speziell entwickelt f\u00fcr <strong data-start=\"2083\" data-end=\"2113\">\u00e4ltere Glasfaserinfrastruktur<\/strong> die noch immer die <strong data-start=\"2130\" data-end=\"2163\">62,5 \u00b5m Multimode-Faser (OM1)<\/strong> muss aber eine Verbindung zu <strong data-start=\"2188\" data-end=\"2216\">neuere LC-basierte Ger\u00e4te<\/strong>.<\/p>\n<p data-start=\"2219\" data-end=\"2354\">Dies macht es ideal f\u00fcr <strong data-start=\"2243\" data-end=\"2302\">Campus-Netze, Fabrikanlagen und Geb\u00e4ude-Backbones<\/strong> wo ein Austausch der installierten Glasfaser teuer w\u00e4re.<\/p>","protected":false},"featured_media":664,"comment_status":"open","ping_status":"closed","template":"","meta":[],"product_brand":[],"product_cat":[44],"product_tag":[],"class_list":{"0":"post-663","1":"product","2":"type-product","3":"status-publish","4":"has-post-thumbnail","6":"product_cat-multimode-fiber-optic-patch-cord","8":"first","9":"instock","10":"shipping-taxable","11":"product-type-simple"},"_links":{"self":[{"href":"https:\/\/www.fenxifiber.com\/de\/wp-json\/wp\/v2\/product\/663","targetHints":{"allow":["GET"]}}],"collection":[{"href":"https:\/\/www.fenxifiber.com\/de\/wp-json\/wp\/v2\/product"}],"about":[{"href":"https:\/\/www.fenxifiber.com\/de\/wp-json\/wp\/v2\/types\/product"}],"replies":[{"embeddable":true,"href":"https:\/\/www.fenxifiber.com\/de\/wp-json\/wp\/v2\/comments?post=663"}],"wp:featuredmedia":[{"embeddable":true,"href":"https:\/\/www.fenxifiber.com\/de\/wp-json\/wp\/v2\/media\/664"}],"wp:attachment":[{"href":"https:\/\/www.fenxifiber.com\/de\/wp-json\/wp\/v2\/media?parent=663"}],"wp:term":[{"taxonomy":"product_brand","embeddable":true,"href":"https:\/\/www.fenxifiber.com\/de\/wp-json\/wp\/v2\/product_brand?post=663"},{"taxonomy":"product_cat","embeddable":true,"href":"https:\/\/www.fenxifiber.com\/de\/wp-json\/wp\/v2\/product_cat?post=663"},{"taxonomy":"product_tag","embeddable":true,"href":"https:\/\/www.fenxifiber.com\/de\/wp-json\/wp\/v2\/product_tag?post=663"}],"curies":[{"name":"wp","href":"https:\/\/api.w.org\/{rel}","templated":true}]}}