{"id":665,"date":"2026-02-03T06:10:32","date_gmt":"2026-02-03T06:10:32","guid":{"rendered":"https:\/\/www.fenxifiber.com\/?post_type=product&#038;p=665"},"modified":"2026-02-04T01:26:59","modified_gmt":"2026-02-04T01:26:59","slug":"sc-upc-lc-upc-62-5-125-dx","status":"publish","type":"product","link":"https:\/\/www.fenxifiber.com\/de\/product\/sc-upc-lc-upc-62-5-125-dx\/","title":{"rendered":"SC\/UPC-LC\/UPC-62,5\/125-DX Multimode-Glasfaser-Patchkabel"},"content":{"rendered":"<h3 data-start=\"699\" data-end=\"757\"><strong data-start=\"703\" data-end=\"757\">Gebaut f\u00fcr alte Glasfaser, bereit f\u00fcr moderne Ger\u00e4te<\/strong><\/h3>\n<p data-start=\"759\" data-end=\"1046\">OM1 <strong data-start=\"763\" data-end=\"794\">62,5\/125 \u03bcm Multimode-Faser<\/strong> wurde in den Anf\u00e4ngen der Glasfaser-LANs in gro\u00dfem Umfang eingesetzt und ist auch heute noch in Krankenh\u00e4usern, Flugh\u00e4fen, Universit\u00e4ten und Industrieanlagen \u00fcblich. In neueren Netzwerken werden zwar kleinere LC-Ports verwendet, aber die Glasfaser selbst ist nach wie vor perfekt geeignet f\u00fcr <strong data-start=\"1021\" data-end=\"1045\">1G und Fast Ethernet<\/strong>.<\/p>\n<p data-start=\"1048\" data-end=\"1168\">Dieses Patchkabel sorgt f\u00fcr einen effizienten Betrieb dieser Netzwerke und erm\u00f6glicht den direkten Anschluss an <strong data-start=\"1148\" data-end=\"1167\">LC-basierte Optik<\/strong>.<\/p>\n<hr data-start=\"1170\" data-end=\"1173\" \/>\n<h3 data-start=\"1175\" data-end=\"1207\"><strong data-start=\"1179\" data-end=\"1207\">Technische Daten<\/strong><\/h3>\n<div class=\"TyagGW_tableContainer\">\n<div class=\"group TyagGW_tableWrapper flex flex-col-reverse w-fit\" tabindex=\"-1\">\n<table class=\"w-fit min-w-(--thread-content-width)\" data-start=\"1209\" data-end=\"1687\">\n<thead data-start=\"1209\" data-end=\"1250\">\n<tr data-start=\"1209\" data-end=\"1250\">\n<th class=\"\" data-start=\"1209\" data-end=\"1221\" data-col-size=\"sm\">Parameter<\/th>\n<th class=\"\" data-start=\"1221\" data-end=\"1250\" data-col-size=\"sm\">SC\/UPC\u2013LC\/UPC-62.5\/125-DX<\/th>\n<\/tr>\n<\/thead>\n<tbody data-start=\"1279\" data-end=\"1687\">\n<tr data-start=\"1279\" data-end=\"1323\">\n<td data-start=\"1279\" data-end=\"1292\" data-col-size=\"sm\">Faser-Typ<\/td>\n<td data-start=\"1292\" data-end=\"1323\" data-col-size=\"sm\">Multimode 62,5\/125 \u03bcm (OM1)<\/td>\n<\/tr>\n<tr data-start=\"1324\" data-end=\"1355\">\n<td data-start=\"1324\" data-end=\"1340\" data-col-size=\"sm\">Konfiguration<\/td>\n<td data-col-size=\"sm\" data-start=\"1340\" data-end=\"1355\">Duplex (DX)<\/td>\n<\/tr>\n<tr data-start=\"1356\" data-end=\"1382\">\n<td data-start=\"1356\" data-end=\"1370\" data-col-size=\"sm\">Anschluss A<\/td>\n<td data-start=\"1370\" data-end=\"1382\" data-col-size=\"sm\">SC \/ UPC<\/td>\n<\/tr>\n<tr data-start=\"1383\" data-end=\"1409\">\n<td data-start=\"1383\" data-end=\"1397\" data-col-size=\"sm\">Anschluss B<\/td>\n<td data-start=\"1397\" data-end=\"1409\" data-col-size=\"sm\">LC \/ UPC<\/td>\n<\/tr>\n<tr data-start=\"1410\" data-end=\"1453\">\n<td data-start=\"1410\" data-end=\"1433\" data-col-size=\"sm\">Betriebswellenl\u00e4nge<\/td>\n<td data-col-size=\"sm\" data-start=\"1433\" data-end=\"1453\">850 nm \/ 1300 nm<\/td>\n<\/tr>\n<tr data-start=\"1454\" data-end=\"1484\">\n<td data-start=\"1454\" data-end=\"1471\" data-col-size=\"sm\">Einf\u00fcged\u00e4mpfung<\/td>\n<td data-start=\"1471\" data-end=\"1484\" data-col-size=\"sm\">\u2264 0,30 dB<\/td>\n<\/tr>\n<tr data-start=\"1485\" data-end=\"1510\">\n<td data-start=\"1485\" data-end=\"1499\" data-col-size=\"sm\">R\u00fcckflussd\u00e4mpfung<\/td>\n<td data-start=\"1499\" data-end=\"1510\" data-col-size=\"sm\">\u2265 30 dB<\/td>\n<\/tr>\n<tr data-start=\"1511\" data-end=\"1569\">\n<td data-start=\"1511\" data-end=\"1531\" data-col-size=\"sm\">Typische Datenrate<\/td>\n<td data-start=\"1531\" data-end=\"1569\" data-col-size=\"sm\">1G Ethernet (bis zu 275 m @ 850 nm)<\/td>\n<\/tr>\n<tr data-start=\"1570\" data-end=\"1600\">\n<td data-start=\"1570\" data-end=\"1585\" data-col-size=\"sm\">Kabelmantel<\/td>\n<td data-start=\"1585\" data-end=\"1600\" data-col-size=\"sm\">LSZH oder PVC<\/td>\n<\/tr>\n<tr data-start=\"1601\" data-end=\"1645\">\n<td data-start=\"1601\" data-end=\"1625\" data-col-size=\"sm\">Betriebstemperatur<\/td>\n<td data-start=\"1625\" data-end=\"1645\" data-col-size=\"sm\">-10 \u00b0C bis +70 \u00b0C<\/td>\n<\/tr>\n<tr data-start=\"1646\" data-end=\"1687\">\n<td data-start=\"1646\" data-end=\"1658\" data-col-size=\"sm\">Normen<\/td>\n<td data-start=\"1658\" data-end=\"1687\" data-col-size=\"sm\">IEC, TIA-568, RoHS, REACH<\/td>\n<\/tr>\n<\/tbody>\n<\/table>\n<\/div>\n<\/div>\n<hr data-start=\"1689\" data-end=\"1692\" \/>\n<h3 data-start=\"1694\" data-end=\"1734\"><strong data-start=\"1698\" data-end=\"1734\">Wie es sich in realen Netzwerken verh\u00e4lt<\/strong><\/h3>\n<p data-start=\"1736\" data-end=\"1778\">Unter <strong data-start=\"1739\" data-end=\"1749\">850 nm<\/strong>, 62,5\/125 \u03bcm-Fasertr\u00e4ger:<\/p>\n<ul data-start=\"1780\" data-end=\"1847\">\n<li data-start=\"1780\" data-end=\"1816\">\n<p data-start=\"1782\" data-end=\"1816\"><strong data-start=\"1782\" data-end=\"1814\">1G Ethernet bis zu 275 Meter<\/strong><\/p>\n<\/li>\n<li data-start=\"1817\" data-end=\"1847\">\n<p data-start=\"1819\" data-end=\"1847\"><strong data-start=\"1819\" data-end=\"1847\">Fast Ethernet bis zu 2 km<\/strong><\/p>\n<\/li>\n<\/ul>\n<p data-start=\"1849\" data-end=\"1891\">Damit ist der SC-LC OM1-Jumper ideal f\u00fcr:<\/p>\n<ul data-start=\"1893\" data-end=\"2045\">\n<li data-start=\"1893\" data-end=\"1934\">\n<p data-start=\"1895\" data-end=\"1934\"><strong data-start=\"1895\" data-end=\"1934\">Netzwerke auf dem Campus und in B\u00fcrogeb\u00e4uden<\/strong><\/p>\n<\/li>\n<li data-start=\"1935\" data-end=\"1970\">\n<p data-start=\"1937\" data-end=\"1970\"><strong data-start=\"1937\" data-end=\"1970\">Industrielle Automatisierungssysteme<\/strong><\/p>\n<\/li>\n<li data-start=\"1971\" data-end=\"2006\">\n<p data-start=\"1973\" data-end=\"2006\"><strong data-start=\"1973\" data-end=\"2006\">Sicherheits- und CCTV-Glasfaserverbindungen<\/strong><\/p>\n<\/li>\n<li data-start=\"2007\" data-end=\"2045\">\n<p data-start=\"2009\" data-end=\"2045\"><strong data-start=\"2009\" data-end=\"2045\">\u00c4ltere Glasfaserverteiler<\/strong><\/p>\n<\/li>\n<\/ul>\n<hr data-start=\"2047\" data-end=\"2050\" \/>\n<h3 data-start=\"2052\" data-end=\"2097\"><strong data-start=\"2056\" data-end=\"2097\">Pr\u00e4zisionsfertigung, der Sie vertrauen k\u00f6nnen<\/strong><\/h3>\n<p data-start=\"2099\" data-end=\"2366\">Jedes Kabel wird hergestellt unter Verwendung von <strong data-start=\"2132\" data-end=\"2208\">Keramikh\u00fclsen, Pr\u00e4zisionspolieren von UPC und automatisierte optische Pr\u00fcfung<\/strong>. Beide Faserkan\u00e4le werden auf <strong data-start=\"2248\" data-end=\"2287\">Einf\u00fcgungsd\u00e4mpfung und Endfl\u00e4chenqualit\u00e4t<\/strong>, und gew\u00e4hrleistet eine zuverl\u00e4ssige \u00dcbertragung auch nach <strong data-start=\"2331\" data-end=\"2365\">Tausende von Verbindungszyklen<\/strong>.<\/p>\n<p data-start=\"2368\" data-end=\"2477\">Die Option LSZH-Jacke entspricht auch modernen <strong data-start=\"2409\" data-end=\"2451\">Anforderungen an den Brandschutz und die Raucharmut<\/strong> f\u00fcr Inneninstallationen.<\/p>\n<hr data-start=\"2479\" data-end=\"2482\" \/>\n<h2 data-start=\"2484\" data-end=\"2507\"><strong data-start=\"2487\" data-end=\"2507\">Fachliche Fragen und Antworten<\/strong><\/h2>\n<p data-start=\"2509\" data-end=\"2706\"><strong data-start=\"2509\" data-end=\"2554\">F1: Ist 62,5\/125-Glasfaser heute noch brauchbar?<\/strong><br data-start=\"2554\" data-end=\"2557\" \/>Ja. Es unterst\u00fctzt zwar keine 10G bei gro\u00dfen Entfernungen, eignet sich aber uneingeschr\u00e4nkt f\u00fcr <strong data-start=\"2641\" data-end=\"2665\">1G und Fast Ethernet<\/strong> Netze, die immer noch weit verbreitet sind.<\/p>\n<p data-start=\"2708\" data-end=\"2913\"><strong data-start=\"2708\" data-end=\"2761\">F2: Warum w\u00e4hlen Sie auf der einen Seite SC und auf der anderen LC?<\/strong><br data-start=\"2761\" data-end=\"2764\" \/>SC l\u00e4sst sich leicht verbinden mit <strong data-start=\"2786\" data-end=\"2808\">\u00e4ltere Rangierfelder<\/strong>, w\u00e4hrend LC passt <strong data-start=\"2824\" data-end=\"2864\">moderne Switches und SFP-Transceiver<\/strong>, Dadurch ist dieses Kabel ideal f\u00fcr gemischte Umgebungen.<\/p>\n<p data-start=\"2915\" data-end=\"3095\"><strong data-start=\"2915\" data-end=\"2962\">F3: Kann dieses Kabel in Rechenzentren verwendet werden?<\/strong><br data-start=\"2962\" data-end=\"2965\" \/>Sie wird in der Regel in der <strong data-start=\"2993\" data-end=\"3034\">Rand von Rechenzentren oder Telekommunikationsr\u00e4umen<\/strong> wo \u00e4ltere OM1-Glasfasern an neuere LC-basierte Ger\u00e4te angeschlossen werden.<\/p>\n<p data-start=\"3097\" data-end=\"3270\"><strong data-start=\"3097\" data-end=\"3137\">F4: Was bietet das Polieren von UPC?<\/strong><br data-start=\"3137\" data-end=\"3140\" \/>UPC erstellt eine <strong data-start=\"3154\" data-end=\"3181\">reibungsloser K\u00f6rperkontakt<\/strong> zwischen den Faserendfl\u00e4chen, wobei die <strong data-start=\"3215\" data-end=\"3269\">geringe Einf\u00fcgungsd\u00e4mpfung und stabile Reflexionen (\u226530 dB)<\/strong>.<\/p>","protected":false},"excerpt":{"rendered":"<p data-start=\"67\" data-end=\"456\">Die <strong data-start=\"71\" data-end=\"100\">SC\/UPC\u2013LC\/UPC-62.5\/125-DX<\/strong> ist ein speziell entwickeltes <strong data-start=\"120\" data-end=\"157\">Duplex-Multimode-Glasfaser-Patchkabel<\/strong> entwickelt um zu verbinden <strong data-start=\"178\" data-end=\"221\">alte 62,5 \u03bcm OM1-Faserinfrastruktur<\/strong> mit dem heutigen <strong data-start=\"235\" data-end=\"288\">LC-basierte Switches, Transceiver und Patchpanels<\/strong>. Es wird h\u00e4ufig verwendet in <strong data-start=\"311\" data-end=\"390\">Campus-Netzwerke, Fabrikhallen, CCTV-Glasfasersysteme und Geb\u00e4ude-Backbones<\/strong> wo \u00e4ltere Glasfaseranlagen noch jahrelang zuverl\u00e4ssig ihren Dienst tun.<\/p>\n<p data-start=\"458\" data-end=\"692\">Durch die Kombination einer <strong data-start=\"473\" data-end=\"498\">Standard-SC-Stecker<\/strong> an einem Ende mit einer <strong data-start=\"517\" data-end=\"541\">kompakter LC-Stecker<\/strong> Auf der anderen Seite bietet dieses Kabel einen sauberen Upgrade-Pfad von herk\u00f6mmlichen Glasfaserkabeln zu modernen Netzwerkger\u00e4ten, ohne dass die installierte Verkabelung ersetzt werden muss.<\/p>","protected":false},"featured_media":666,"comment_status":"open","ping_status":"closed","template":"","meta":[],"product_brand":[],"product_cat":[44],"product_tag":[],"class_list":{"0":"post-665","1":"product","2":"type-product","3":"status-publish","4":"has-post-thumbnail","6":"product_cat-multimode-fiber-optic-patch-cord","8":"first","9":"instock","10":"shipping-taxable","11":"product-type-simple"},"_links":{"self":[{"href":"https:\/\/www.fenxifiber.com\/de\/wp-json\/wp\/v2\/product\/665","targetHints":{"allow":["GET"]}}],"collection":[{"href":"https:\/\/www.fenxifiber.com\/de\/wp-json\/wp\/v2\/product"}],"about":[{"href":"https:\/\/www.fenxifiber.com\/de\/wp-json\/wp\/v2\/types\/product"}],"replies":[{"embeddable":true,"href":"https:\/\/www.fenxifiber.com\/de\/wp-json\/wp\/v2\/comments?post=665"}],"wp:featuredmedia":[{"embeddable":true,"href":"https:\/\/www.fenxifiber.com\/de\/wp-json\/wp\/v2\/media\/666"}],"wp:attachment":[{"href":"https:\/\/www.fenxifiber.com\/de\/wp-json\/wp\/v2\/media?parent=665"}],"wp:term":[{"taxonomy":"product_brand","embeddable":true,"href":"https:\/\/www.fenxifiber.com\/de\/wp-json\/wp\/v2\/product_brand?post=665"},{"taxonomy":"product_cat","embeddable":true,"href":"https:\/\/www.fenxifiber.com\/de\/wp-json\/wp\/v2\/product_cat?post=665"},{"taxonomy":"product_tag","embeddable":true,"href":"https:\/\/www.fenxifiber.com\/de\/wp-json\/wp\/v2\/product_tag?post=665"}],"curies":[{"name":"wp","href":"https:\/\/api.w.org\/{rel}","templated":true}]}}