{"id":667,"date":"2026-02-03T06:12:34","date_gmt":"2026-02-03T06:12:34","guid":{"rendered":"https:\/\/www.fenxifiber.com\/?post_type=product&#038;p=667"},"modified":"2026-02-04T01:27:46","modified_gmt":"2026-02-04T01:27:46","slug":"sc-upc-sc-upc-62-5-125-dx","status":"publish","type":"product","link":"https:\/\/www.fenxifiber.com\/de\/product\/sc-upc-sc-upc-62-5-125-dx\/","title":{"rendered":"SC\/UPC-SC\/UPC-62,5\/125-DX Multimode-Glasfaser-Patchkabel"},"content":{"rendered":"<h3 data-start=\"612\" data-end=\"664\"><strong data-start=\"616\" data-end=\"664\">Optimiert f\u00fcr installierte Glasfaserinfrastruktur<\/strong><\/h3>\n<p data-start=\"666\" data-end=\"946\">Gro\u00dfe Mengen an <strong data-start=\"683\" data-end=\"714\">62,5\/125 \u03bcm Multimode-Faser<\/strong> werden immer noch weltweit in Schulen, Krankenh\u00e4usern, Fabriken und B\u00fcrogeb\u00e4uden installiert. Mit diesem Patchkabel k\u00f6nnen diese Netzwerke ohne kostspielige Neuverkabelung in Betrieb bleiben, w\u00e4hrend die <strong data-start=\"899\" data-end=\"945\">saubere Signalqualit\u00e4t bei 850 nm und 1300 nm<\/strong>.<\/p>\n<hr data-start=\"948\" data-end=\"951\" \/>\n<h3 data-start=\"953\" data-end=\"986\"><strong data-start=\"957\" data-end=\"986\">Technische Merkmale<\/strong><\/h3>\n<div class=\"TyagGW_tableContainer\">\n<div class=\"group TyagGW_tableWrapper flex flex-col-reverse w-fit\" tabindex=\"-1\">\n<table class=\"w-fit min-w-(--thread-content-width)\" data-start=\"988\" data-end=\"1456\">\n<thead data-start=\"988\" data-end=\"1029\">\n<tr data-start=\"988\" data-end=\"1029\">\n<th class=\"\" data-start=\"988\" data-end=\"1000\" data-col-size=\"sm\">Parameter<\/th>\n<th class=\"\" data-start=\"1000\" data-end=\"1029\" data-col-size=\"sm\">SC\/UPC\u2013SC\/UPC-62.5\/125-DX<\/th>\n<\/tr>\n<\/thead>\n<tbody data-start=\"1058\" data-end=\"1456\">\n<tr data-start=\"1058\" data-end=\"1102\">\n<td data-start=\"1058\" data-end=\"1071\" data-col-size=\"sm\">Faser-Typ<\/td>\n<td data-start=\"1071\" data-end=\"1102\" data-col-size=\"sm\">Multimode 62,5\/125 \u03bcm (OM1)<\/td>\n<\/tr>\n<tr data-start=\"1103\" data-end=\"1134\">\n<td data-start=\"1103\" data-end=\"1119\" data-col-size=\"sm\">Konfiguration<\/td>\n<td data-start=\"1119\" data-end=\"1134\" data-col-size=\"sm\">Duplex (DX)<\/td>\n<\/tr>\n<tr data-start=\"1135\" data-end=\"1161\">\n<td data-start=\"1135\" data-end=\"1149\" data-col-size=\"sm\">Anschluss A<\/td>\n<td data-start=\"1149\" data-end=\"1161\" data-col-size=\"sm\">SC \/ UPC<\/td>\n<\/tr>\n<tr data-start=\"1162\" data-end=\"1188\">\n<td data-start=\"1162\" data-end=\"1176\" data-col-size=\"sm\">Anschluss B<\/td>\n<td data-start=\"1176\" data-end=\"1188\" data-col-size=\"sm\">SC \/ UPC<\/td>\n<\/tr>\n<tr data-start=\"1189\" data-end=\"1232\">\n<td data-start=\"1189\" data-end=\"1212\" data-col-size=\"sm\">Betriebswellenl\u00e4nge<\/td>\n<td data-start=\"1212\" data-end=\"1232\" data-col-size=\"sm\">850 nm \/ 1300 nm<\/td>\n<\/tr>\n<tr data-start=\"1233\" data-end=\"1263\">\n<td data-start=\"1233\" data-end=\"1250\" data-col-size=\"sm\">Einf\u00fcged\u00e4mpfung<\/td>\n<td data-col-size=\"sm\" data-start=\"1250\" data-end=\"1263\">\u2264 0,30 dB<\/td>\n<\/tr>\n<tr data-start=\"1264\" data-end=\"1289\">\n<td data-start=\"1264\" data-end=\"1278\" data-col-size=\"sm\">R\u00fcckflussd\u00e4mpfung<\/td>\n<td data-start=\"1278\" data-end=\"1289\" data-col-size=\"sm\">\u2265 30 dB<\/td>\n<\/tr>\n<tr data-start=\"1290\" data-end=\"1337\">\n<td data-start=\"1290\" data-end=\"1310\" data-col-size=\"sm\">Typische Datenrate<\/td>\n<td data-start=\"1310\" data-end=\"1337\" data-col-size=\"sm\">1G Ethernet bis zu 275 m<\/td>\n<\/tr>\n<tr data-start=\"1338\" data-end=\"1368\">\n<td data-start=\"1338\" data-end=\"1353\" data-col-size=\"sm\">Kabelmantel<\/td>\n<td data-start=\"1353\" data-end=\"1368\" data-col-size=\"sm\">LSZH oder PVC<\/td>\n<\/tr>\n<tr data-start=\"1369\" data-end=\"1413\">\n<td data-start=\"1369\" data-end=\"1393\" data-col-size=\"sm\">Betriebstemperatur<\/td>\n<td data-col-size=\"sm\" data-start=\"1393\" data-end=\"1413\">-10 \u00b0C bis +70 \u00b0C<\/td>\n<\/tr>\n<tr data-start=\"1414\" data-end=\"1456\">\n<td data-start=\"1414\" data-end=\"1427\" data-col-size=\"sm\">Einhaltung der Vorschriften<\/td>\n<td data-col-size=\"sm\" data-start=\"1427\" data-end=\"1456\">IEC, TIA-568, RoHS, REACH<\/td>\n<\/tr>\n<\/tbody>\n<\/table>\n<\/div>\n<\/div>\n<hr data-start=\"1458\" data-end=\"1461\" \/>\n<h3 data-start=\"1463\" data-end=\"1498\"><strong data-start=\"1467\" data-end=\"1498\">H\u00e4ufige Verwendungszwecke<\/strong><\/h3>\n<p data-start=\"1500\" data-end=\"1533\">Dieses Kabel wird in vielen L\u00e4ndern eingesetzt:<\/p>\n<ul data-start=\"1535\" data-end=\"1747\">\n<li data-start=\"1535\" data-end=\"1576\">\n<p data-start=\"1537\" data-end=\"1576\"><strong data-start=\"1537\" data-end=\"1576\">Glasfaser-Patch-Panels und Wanddosen<\/strong><\/p>\n<\/li>\n<li data-start=\"1577\" data-end=\"1613\">\n<p data-start=\"1579\" data-end=\"1613\"><strong data-start=\"1579\" data-end=\"1613\">Unternehmens- und Campusnetzwerke<\/strong><\/p>\n<\/li>\n<li data-start=\"1614\" data-end=\"1659\">\n<p data-start=\"1616\" data-end=\"1659\"><strong data-start=\"1616\" data-end=\"1659\">Glasfasersysteme f\u00fcr Sicherheit und \u00dcberwachung<\/strong><\/p>\n<\/li>\n<li data-start=\"1660\" data-end=\"1708\">\n<p data-start=\"1662\" data-end=\"1708\"><strong data-start=\"1662\" data-end=\"1708\">Industrielle Steuerungs- und \u00dcberwachungsnetze<\/strong><\/p>\n<\/li>\n<li data-start=\"1709\" data-end=\"1747\">\n<p data-start=\"1711\" data-end=\"1747\"><strong data-start=\"1711\" data-end=\"1747\">\u00c4ltere Telekommunikations- und LAN-Backbones<\/strong><\/p>\n<\/li>\n<\/ul>\n<p data-start=\"1749\" data-end=\"1890\">Seine <strong data-start=\"1753\" data-end=\"1769\">62,5 \u00b5m Kern<\/strong> bietet eine hervorragende Toleranz bei der Ausrichtung von Steckverbindern und ist daher besonders unempfindlich in Umgebungen mit hohen Steckzyklen.<\/p>\n<hr data-start=\"1892\" data-end=\"1895\" \/>\n<h3 data-start=\"1897\" data-end=\"1936\"><strong data-start=\"1901\" data-end=\"1936\">Gebaut f\u00fcr Langzeitzuverl\u00e4ssigkeit<\/strong><\/h3>\n<p data-start=\"1938\" data-end=\"2217\">Jedes SC\/UPC-SC\/UPC-DX-Patchkabel wird aus folgenden Materialien hergestellt <strong data-start=\"1994\" data-end=\"2029\">hochpr\u00e4zise Keramikh\u00fclsen<\/strong> und <strong data-start=\"2034\" data-end=\"2060\">UPC-polierte Stirnseiten<\/strong>, und dann getestet auf <strong data-start=\"2078\" data-end=\"2132\">Einf\u00fcgungsd\u00e4mpfung, R\u00fcckflussd\u00e4mpfung und Endfl\u00e4chengeometrie<\/strong>. Dies gew\u00e4hrleistet eine gleichbleibende optische Leistung auch nach <strong data-start=\"2189\" data-end=\"2216\">Tausende von Einf\u00fcgungen<\/strong>.<\/p>\n<p data-start=\"2219\" data-end=\"2336\">Die Option LSZH-Jacke unterst\u00fctzt au\u00dferdem <strong data-start=\"2256\" data-end=\"2290\">moderne Brandschutzvorschriften<\/strong> f\u00fcr Installationen in Innenr\u00e4umen und \u00f6ffentlichen Geb\u00e4uden.<\/p>\n<hr data-start=\"2338\" data-end=\"2341\" \/>\n<h2 data-start=\"2343\" data-end=\"2366\"><strong data-start=\"2346\" data-end=\"2366\">Fachliche Fragen und Antworten<\/strong><\/h2>\n<p data-start=\"2368\" data-end=\"2495\"><strong data-start=\"2368\" data-end=\"2416\">Q1: Kann dieses Kabel Gigabit Ethernet unterst\u00fctzen?<\/strong><br data-start=\"2416\" data-end=\"2419\" \/>Ja. OM1 62,5\/125 Faser unterst\u00fctzt <strong data-start=\"2452\" data-end=\"2494\">1G Ethernet bis zu 275 Meter bei 850 nm<\/strong>.<\/p>\n<p data-start=\"2497\" data-end=\"2672\"><strong data-start=\"2497\" data-end=\"2544\">F2: Warum wird SC immer noch in vielen Geb\u00e4uden verwendet?<\/strong><br data-start=\"2544\" data-end=\"2547\" \/>SC-Steckverbinder sind <strong data-start=\"2565\" data-end=\"2613\">langlebig, einfach zu handhaben und \u00e4u\u00dferst zuverl\u00e4ssig<\/strong>, und sind daher beliebt in <strong data-start=\"2638\" data-end=\"2671\">Patchpanels und Wandsteckdosen<\/strong>.<\/p>\n<p data-start=\"2674\" data-end=\"2826\"><strong data-start=\"2674\" data-end=\"2707\">F3: Ist dies f\u00fcr 10G geeignet?<\/strong><br data-start=\"2707\" data-end=\"2710\" \/>Nein. Die OM1-Faser ist nicht f\u00fcr 10G-Ethernet \u00fcber Standardentfernungen ausgelegt. Sie ist vorgesehen f\u00fcr <strong data-start=\"2801\" data-end=\"2825\">Fast Ethernet und 1G<\/strong>.<\/p>\n<p data-start=\"2828\" data-end=\"2982\"><strong data-start=\"2828\" data-end=\"2876\">F4: Kann es in modernen Geb\u00e4uden installiert werden?<\/strong><br data-start=\"2876\" data-end=\"2879\" \/>Ja, insbesondere in <strong data-start=\"2898\" data-end=\"2928\">Renovierungen und Erweiterungen<\/strong> wobei vorhandene 62,5\/125-Fasern wiederverwendet werden, um Kosten zu sparen.<\/p>","protected":false},"excerpt":{"rendered":"<p data-start=\"67\" data-end=\"439\">Die <strong data-start=\"71\" data-end=\"100\">SC\/UPC\u2013SC\/UPC-62.5\/125-DX<\/strong> ist ein Klassiker <strong data-start=\"114\" data-end=\"151\">Duplex-Multimode-Glasfaser-Patchkabel<\/strong> Entwickelt f\u00fcr <strong data-start=\"167\" data-end=\"245\">Legacy-LANs, Geb\u00e4ude-Backbones, CCTV-Glasfaserverbindungen und industrielle Netzwerke<\/strong> die weiterhin auf <strong data-start=\"270\" data-end=\"291\">62,5 \u03bcm OM1-Faser<\/strong>. Mit <strong data-start=\"298\" data-end=\"328\">SC-Stecker an beiden Enden<\/strong>, bietet es eine einfache und stabile Verbindung zwischen <strong data-start=\"387\" data-end=\"438\">Faserplatten, Steckdosen und optische Ger\u00e4te<\/strong>.<\/p>\n<p data-start=\"441\" data-end=\"605\">Obwohl neuere Netzwerke kleinere Steckverbinder bevorzugen, bleibt SC ein zuverl\u00e4ssiger Standard dank seiner <strong data-start=\"536\" data-end=\"571\">robuste Push-Pull-Verriegelungskonstruktion<\/strong> und hervorragende Ausrichtungsgenauigkeit.<\/p>","protected":false},"featured_media":668,"comment_status":"open","ping_status":"closed","template":"","meta":[],"product_brand":[],"product_cat":[44],"product_tag":[],"class_list":{"0":"post-667","1":"product","2":"type-product","3":"status-publish","4":"has-post-thumbnail","6":"product_cat-multimode-fiber-optic-patch-cord","8":"first","9":"instock","10":"shipping-taxable","11":"product-type-simple"},"_links":{"self":[{"href":"https:\/\/www.fenxifiber.com\/de\/wp-json\/wp\/v2\/product\/667","targetHints":{"allow":["GET"]}}],"collection":[{"href":"https:\/\/www.fenxifiber.com\/de\/wp-json\/wp\/v2\/product"}],"about":[{"href":"https:\/\/www.fenxifiber.com\/de\/wp-json\/wp\/v2\/types\/product"}],"replies":[{"embeddable":true,"href":"https:\/\/www.fenxifiber.com\/de\/wp-json\/wp\/v2\/comments?post=667"}],"wp:featuredmedia":[{"embeddable":true,"href":"https:\/\/www.fenxifiber.com\/de\/wp-json\/wp\/v2\/media\/668"}],"wp:attachment":[{"href":"https:\/\/www.fenxifiber.com\/de\/wp-json\/wp\/v2\/media?parent=667"}],"wp:term":[{"taxonomy":"product_brand","embeddable":true,"href":"https:\/\/www.fenxifiber.com\/de\/wp-json\/wp\/v2\/product_brand?post=667"},{"taxonomy":"product_cat","embeddable":true,"href":"https:\/\/www.fenxifiber.com\/de\/wp-json\/wp\/v2\/product_cat?post=667"},{"taxonomy":"product_tag","embeddable":true,"href":"https:\/\/www.fenxifiber.com\/de\/wp-json\/wp\/v2\/product_tag?post=667"}],"curies":[{"name":"wp","href":"https:\/\/api.w.org\/{rel}","templated":true}]}}