{"id":669,"date":"2026-02-03T06:14:03","date_gmt":"2026-02-03T06:14:03","guid":{"rendered":"https:\/\/www.fenxifiber.com\/?post_type=product&#038;p=669"},"modified":"2026-02-04T01:28:19","modified_gmt":"2026-02-04T01:28:19","slug":"st-upc-sc-upc-62-5-125-dx","status":"publish","type":"product","link":"https:\/\/www.fenxifiber.com\/de\/product\/st-upc-sc-upc-62-5-125-dx\/","title":{"rendered":"ST\/UPC-SC\/UPC-62.5\/125-DX Multimode-Glasfaser-Patchkabel"},"content":{"rendered":"<p data-start=\"465\" data-end=\"593\">Dieses hybride Steckverbinderdesign erm\u00f6glicht die saubere Integration \u00e4lterer ST-terminierter Verbindungen in besser strukturierte SC-Verteilungssysteme.<\/p>\n<hr data-start=\"595\" data-end=\"598\" \/>\n<h3 data-start=\"600\" data-end=\"649\"><strong data-start=\"604\" data-end=\"649\">Entwickelt f\u00fcr Umgebungen mit gemischten Anschl\u00fcssen<\/strong><\/h3>\n<p data-start=\"651\" data-end=\"920\">ST-Steckverbinder werden h\u00e4ufig verwendet in <strong data-start=\"684\" data-end=\"731\">\u00e4ltere Glasfaseranschl\u00fcsse und Feldinstallationen<\/strong>, w\u00e4hrend SC-Steckverbinder dominieren in <strong data-start=\"765\" data-end=\"801\">Faserplatten und Ger\u00e4teregale<\/strong>. Dieses Patchkabel fungiert als praktische Br\u00fccke zwischen den beiden - ohne Adapter, die zus\u00e4tzliche Verluste oder Instabilit\u00e4t verursachen.<\/p>\n<p data-start=\"922\" data-end=\"1076\">Die <strong data-start=\"926\" data-end=\"952\">UPC-polierte Stirnseiten<\/strong> sorgen f\u00fcr einen engen physischen Kontakt, so dass Reflexionen gering und Signale sowohl f\u00fcr die Daten\u00fcbertragung als auch f\u00fcr die optische \u00dcberwachung sauber bleiben.<\/p>\n<hr data-start=\"1078\" data-end=\"1081\" \/>\n<h3 data-start=\"1083\" data-end=\"1109\"><strong data-start=\"1087\" data-end=\"1109\">Technischer \u00dcberblick<\/strong><\/h3>\n<div class=\"TyagGW_tableContainer\">\n<div class=\"group TyagGW_tableWrapper flex flex-col-reverse w-fit\" tabindex=\"-1\">\n<table class=\"w-fit min-w-(--thread-content-width)\" data-start=\"1111\" data-end=\"1578\">\n<thead data-start=\"1111\" data-end=\"1152\">\n<tr data-start=\"1111\" data-end=\"1152\">\n<th class=\"\" data-start=\"1111\" data-end=\"1123\" data-col-size=\"sm\">Parameter<\/th>\n<th class=\"\" data-start=\"1123\" data-end=\"1152\" data-col-size=\"sm\">ST\/UPC\u2013SC\/UPC-62.5\/125-DX<\/th>\n<\/tr>\n<\/thead>\n<tbody data-start=\"1181\" data-end=\"1578\">\n<tr data-start=\"1181\" data-end=\"1225\">\n<td data-start=\"1181\" data-end=\"1194\" data-col-size=\"sm\">Faser-Typ<\/td>\n<td data-start=\"1194\" data-end=\"1225\" data-col-size=\"sm\">Multimode 62,5\/125 \u03bcm (OM1)<\/td>\n<\/tr>\n<tr data-start=\"1226\" data-end=\"1257\">\n<td data-start=\"1226\" data-end=\"1242\" data-col-size=\"sm\">Konfiguration<\/td>\n<td data-start=\"1242\" data-end=\"1257\" data-col-size=\"sm\">Duplex (DX)<\/td>\n<\/tr>\n<tr data-start=\"1258\" data-end=\"1284\">\n<td data-start=\"1258\" data-end=\"1272\" data-col-size=\"sm\">Anschluss A<\/td>\n<td data-start=\"1272\" data-end=\"1284\" data-col-size=\"sm\">ST \/ UPC<\/td>\n<\/tr>\n<tr data-start=\"1285\" data-end=\"1311\">\n<td data-start=\"1285\" data-end=\"1299\" data-col-size=\"sm\">Anschluss B<\/td>\n<td data-start=\"1299\" data-end=\"1311\" data-col-size=\"sm\">SC \/ UPC<\/td>\n<\/tr>\n<tr data-start=\"1312\" data-end=\"1355\">\n<td data-start=\"1312\" data-end=\"1335\" data-col-size=\"sm\">Betriebswellenl\u00e4nge<\/td>\n<td data-start=\"1335\" data-end=\"1355\" data-col-size=\"sm\">850 nm \/ 1300 nm<\/td>\n<\/tr>\n<tr data-start=\"1356\" data-end=\"1386\">\n<td data-start=\"1356\" data-end=\"1373\" data-col-size=\"sm\">Einf\u00fcged\u00e4mpfung<\/td>\n<td data-start=\"1373\" data-end=\"1386\" data-col-size=\"sm\">\u2264 0,30 dB<\/td>\n<\/tr>\n<tr data-start=\"1387\" data-end=\"1412\">\n<td data-start=\"1387\" data-end=\"1401\" data-col-size=\"sm\">R\u00fcckflussd\u00e4mpfung<\/td>\n<td data-start=\"1401\" data-end=\"1412\" data-col-size=\"sm\">\u2265 30 dB<\/td>\n<\/tr>\n<tr data-start=\"1413\" data-end=\"1460\">\n<td data-start=\"1413\" data-end=\"1433\" data-col-size=\"sm\">Typische Datenrate<\/td>\n<td data-start=\"1433\" data-end=\"1460\" data-col-size=\"sm\">1G Ethernet bis zu 275 m<\/td>\n<\/tr>\n<tr data-start=\"1461\" data-end=\"1491\">\n<td data-start=\"1461\" data-end=\"1476\" data-col-size=\"sm\">Kabelmantel<\/td>\n<td data-start=\"1476\" data-end=\"1491\" data-col-size=\"sm\">LSZH oder PVC<\/td>\n<\/tr>\n<tr data-start=\"1492\" data-end=\"1536\">\n<td data-start=\"1492\" data-end=\"1516\" data-col-size=\"sm\">Betriebstemperatur<\/td>\n<td data-start=\"1516\" data-end=\"1536\" data-col-size=\"sm\">-10 \u00b0C bis +70 \u00b0C<\/td>\n<\/tr>\n<tr data-start=\"1537\" data-end=\"1578\">\n<td data-start=\"1537\" data-end=\"1549\" data-col-size=\"sm\">Normen<\/td>\n<td data-start=\"1549\" data-end=\"1578\" data-col-size=\"sm\">IEC, TIA-568, RoHS, REACH<\/td>\n<\/tr>\n<\/tbody>\n<\/table>\n<\/div>\n<\/div>\n<hr data-start=\"1580\" data-end=\"1583\" \/>\n<h3 data-start=\"1585\" data-end=\"1615\"><strong data-start=\"1589\" data-end=\"1615\">Leistung in der realen Welt<\/strong><\/h3>\n<p data-start=\"1617\" data-end=\"1677\">Unter <strong data-start=\"1620\" data-end=\"1630\">850 nm<\/strong>, OM1 <strong data-start=\"1636\" data-end=\"1667\">62,5\/125 \u00b5m Multimode-Faser<\/strong> unterst\u00fctzt:<\/p>\n<ul data-start=\"1679\" data-end=\"1744\">\n<li data-start=\"1679\" data-end=\"1713\">\n<p data-start=\"1681\" data-end=\"1713\"><strong data-start=\"1681\" data-end=\"1713\">1G Ethernet bis zu 275 Meter<\/strong><\/p>\n<\/li>\n<li data-start=\"1714\" data-end=\"1744\">\n<p data-start=\"1716\" data-end=\"1744\"><strong data-start=\"1716\" data-end=\"1744\">Fast Ethernet bis zu 2 km<\/strong><\/p>\n<\/li>\n<\/ul>\n<p data-start=\"1746\" data-end=\"1797\">Damit ist der ST-SC-Duplex-Jumper gut geeignet f\u00fcr:<\/p>\n<ul data-start=\"1799\" data-end=\"1944\">\n<li data-start=\"1799\" data-end=\"1831\">\n<p data-start=\"1801\" data-end=\"1831\"><strong data-start=\"1801\" data-end=\"1831\">Campus- und B\u00fcronetzwerke<\/strong><\/p>\n<\/li>\n<li data-start=\"1832\" data-end=\"1869\">\n<p data-start=\"1834\" data-end=\"1869\"><strong data-start=\"1834\" data-end=\"1869\">Fiber CCTV und Sicherheitssysteme<\/strong><\/p>\n<\/li>\n<li data-start=\"1870\" data-end=\"1897\">\n<p data-start=\"1872\" data-end=\"1897\"><strong data-start=\"1872\" data-end=\"1897\">Industrielle \u00dcberwachung<\/strong><\/p>\n<\/li>\n<li data-start=\"1898\" data-end=\"1944\">\n<p data-start=\"1900\" data-end=\"1944\"><strong data-start=\"1900\" data-end=\"1944\">Telekommunikations- und Geb\u00e4udeverteiler<\/strong><\/p>\n<\/li>\n<\/ul>\n<hr data-start=\"1946\" data-end=\"1949\" \/>\n<h3 data-start=\"1951\" data-end=\"1986\"><strong data-start=\"1955\" data-end=\"1986\">Pr\u00e4zision, auf die Sie sich verlassen k\u00f6nnen<\/strong><\/h3>\n<p data-start=\"1988\" data-end=\"2243\">Jedes Patchkabel ist werkseitig konfektioniert mit <strong data-start=\"2031\" data-end=\"2107\">Keramikh\u00fclsen, UPC-Polieren und automatische Interferometerpr\u00fcfung<\/strong>. Beide Kan\u00e4le werden getestet auf <strong data-start=\"2138\" data-end=\"2172\">Einf\u00fcgungsd\u00e4mpfung und R\u00fcckflussd\u00e4mpfung<\/strong>, und gew\u00e4hrleistet eine stabile Leistung auch nach <strong data-start=\"2213\" data-end=\"2242\">Hunderte von Wiederanschl\u00fcssen<\/strong>.<\/p>\n<p data-start=\"2245\" data-end=\"2342\">Die Option LSZH-Jacke unterst\u00fctzt au\u00dferdem <strong data-start=\"2282\" data-end=\"2317\">moderne Anforderungen an den Brandschutz<\/strong> in Innenr\u00e4umen.<\/p>\n<hr data-start=\"2344\" data-end=\"2347\" \/>\n<h2 data-start=\"2349\" data-end=\"2372\"><strong data-start=\"2352\" data-end=\"2372\">Fachliche Fragen und Antworten<\/strong><\/h2>\n<p data-start=\"2374\" data-end=\"2599\"><strong data-start=\"2374\" data-end=\"2429\">Q1: Warum werden an vielen Standorten immer noch ST-Stecker verwendet?<\/strong><br data-start=\"2429\" data-end=\"2432\" \/>ST-Steckverbinder sind <strong data-start=\"2450\" data-end=\"2522\">robust, einfach zu terminieren und hochgradig staub- und vibrationsbest\u00e4ndig<\/strong>, Deshalb sind sie in \u00e4lteren Geb\u00e4uden und Industrienetzen nach wie vor \u00fcblich.<\/p>\n<p data-start=\"2601\" data-end=\"2752\"><strong data-start=\"2601\" data-end=\"2651\">F2: Kann dieses Kabel an moderne Switches angeschlossen werden?<\/strong><br data-start=\"2651\" data-end=\"2654\" \/>Ja. Die <strong data-start=\"2663\" data-end=\"2673\">SC Ende<\/strong> wird direkt an moderne Glasfaserpanels oder Switch-Ports angeschlossen, die SC-Adapter verwenden.<\/p>\n<p data-start=\"2754\" data-end=\"2918\"><strong data-start=\"2754\" data-end=\"2789\">F3: Ist die 62,5\/125-Faser veraltet?<\/strong><br data-start=\"2789\" data-end=\"2792\" \/>Nein. Obwohl es keine 10G-Hochgeschwindigkeitsverbindungen unterst\u00fctzt, wird es weiterhin h\u00e4ufig f\u00fcr <strong data-start=\"2871\" data-end=\"2917\">1G-, Fast Ethernet- und CCTV-Glasfasernetze<\/strong>.<\/p>\n<p data-start=\"2920\" data-end=\"3104\"><strong data-start=\"2920\" data-end=\"2969\">F4: Beeintr\u00e4chtigt das Polieren von UPC die Signalqualit\u00e4t?<\/strong><br data-start=\"2969\" data-end=\"2972\" \/>Ja. UPC reduziert Oberfl\u00e4chenreflexionen und h\u00e4lt <strong data-start=\"3019\" data-end=\"3044\">R\u00fcckflussd\u00e4mpfung bei \u226530 dB<\/strong>, Dadurch werden die \u00dcbertragungsstabilit\u00e4t und die Messgenauigkeit verbessert.<\/p>","protected":false},"excerpt":{"rendered":"<p data-start=\"67\" data-end=\"463\">Die <strong data-start=\"71\" data-end=\"100\">ST\/UPC\u2013SC\/UPC-62.5\/125-DX<\/strong> ist eine <strong data-start=\"106\" data-end=\"143\">Duplex-Multimode-Glasfaser-Patchkabel<\/strong> erstellt f\u00fcr <strong data-start=\"156\" data-end=\"185\">\u00e4ltere OM1-Glasfasernetze<\/strong> die eine Verbindung herstellen m\u00fcssen <strong data-start=\"207\" data-end=\"237\">ST-Typ Feldanschl\u00fcsse<\/strong> mit <strong data-start=\"243\" data-end=\"289\">SC-basierte Rangierfelder oder Netzwerkger\u00e4te<\/strong>. Es ist h\u00e4ufig zu finden in <strong data-start=\"315\" data-end=\"401\">Campus-Netzwerke, CCTV-Glasfasersysteme, industrielle Automatisierung und Geb\u00e4ude-Backbones<\/strong> wobei <strong data-start=\"408\" data-end=\"437\">62,5 \u03bcm Multimode-Verkabelung<\/strong> ist immer noch weit verbreitet.<\/p>\n<p data-start=\"465\" data-end=\"593\">","protected":false},"featured_media":670,"comment_status":"open","ping_status":"closed","template":"","meta":[],"product_brand":[],"product_cat":[44],"product_tag":[],"class_list":{"0":"post-669","1":"product","2":"type-product","3":"status-publish","4":"has-post-thumbnail","6":"product_cat-multimode-fiber-optic-patch-cord","8":"first","9":"instock","10":"shipping-taxable","11":"product-type-simple"},"_links":{"self":[{"href":"https:\/\/www.fenxifiber.com\/de\/wp-json\/wp\/v2\/product\/669","targetHints":{"allow":["GET"]}}],"collection":[{"href":"https:\/\/www.fenxifiber.com\/de\/wp-json\/wp\/v2\/product"}],"about":[{"href":"https:\/\/www.fenxifiber.com\/de\/wp-json\/wp\/v2\/types\/product"}],"replies":[{"embeddable":true,"href":"https:\/\/www.fenxifiber.com\/de\/wp-json\/wp\/v2\/comments?post=669"}],"wp:featuredmedia":[{"embeddable":true,"href":"https:\/\/www.fenxifiber.com\/de\/wp-json\/wp\/v2\/media\/670"}],"wp:attachment":[{"href":"https:\/\/www.fenxifiber.com\/de\/wp-json\/wp\/v2\/media?parent=669"}],"wp:term":[{"taxonomy":"product_brand","embeddable":true,"href":"https:\/\/www.fenxifiber.com\/de\/wp-json\/wp\/v2\/product_brand?post=669"},{"taxonomy":"product_cat","embeddable":true,"href":"https:\/\/www.fenxifiber.com\/de\/wp-json\/wp\/v2\/product_cat?post=669"},{"taxonomy":"product_tag","embeddable":true,"href":"https:\/\/www.fenxifiber.com\/de\/wp-json\/wp\/v2\/product_tag?post=669"}],"curies":[{"name":"wp","href":"https:\/\/api.w.org\/{rel}","templated":true}]}}