{"id":671,"date":"2026-02-03T06:16:24","date_gmt":"2026-02-03T06:16:24","guid":{"rendered":"https:\/\/www.fenxifiber.com\/?post_type=product&#038;p=671"},"modified":"2026-02-04T01:28:45","modified_gmt":"2026-02-04T01:28:45","slug":"lc-upc-st-upc-62-5-125-dx","status":"publish","type":"product","link":"https:\/\/www.fenxifiber.com\/de\/product\/lc-upc-st-upc-62-5-125-dx\/","title":{"rendered":"LC\/UPC-ST\/UPC-62.5\/125-DX Multimode-Glasfaser-Patchkabel"},"content":{"rendered":"<h3 data-start=\"573\" data-end=\"627\"><strong data-start=\"577\" data-end=\"627\">Wo alte Infrastruktur auf moderne Hardware trifft<\/strong><\/h3>\n<p data-start=\"629\" data-end=\"904\">Viele bestehende Geb\u00e4ude sind immer noch auf <strong data-start=\"667\" data-end=\"709\">ST-terminierte 62,5\/125 Multimode-Faser<\/strong>. Zugleich verwenden neue Switches und SFP-Module fast immer <strong data-start=\"776\" data-end=\"788\">LC-Anschl\u00fcsse<\/strong>. Das LC-ST-Hybriddesign \u00fcberbr\u00fcckt diese L\u00fccke sauber und erm\u00f6glicht es Ihnen <strong data-start=\"856\" data-end=\"903\">Aufr\u00fcstung der Ausr\u00fcstung ohne Austausch der Verkabelung<\/strong>.<\/p>\n<p data-start=\"906\" data-end=\"1035\">Die <strong data-start=\"910\" data-end=\"936\">UPC-polierte Stirnseiten<\/strong> gew\u00e4hrleisten einen engen physischen Faserkontakt und halten <strong data-start=\"982\" data-end=\"1034\">geringe Einf\u00fcgungsd\u00e4mpfung und kontrollierte Reflexionen<\/strong>.<\/p>\n<hr data-start=\"1037\" data-end=\"1040\" \/>\n<h3 data-start=\"1042\" data-end=\"1064\"><strong data-start=\"1046\" data-end=\"1064\">Technische Daten<\/strong><\/h3>\n<div class=\"TyagGW_tableContainer\">\n<div class=\"group TyagGW_tableWrapper flex flex-col-reverse w-fit\" tabindex=\"-1\">\n<table class=\"w-fit min-w-(--thread-content-width)\" data-start=\"1066\" data-end=\"1533\">\n<thead data-start=\"1066\" data-end=\"1107\">\n<tr data-start=\"1066\" data-end=\"1107\">\n<th class=\"\" data-start=\"1066\" data-end=\"1078\" data-col-size=\"sm\">Parameter<\/th>\n<th class=\"\" data-start=\"1078\" data-end=\"1107\" data-col-size=\"sm\">LC\/UPC\u2013ST\/UPC-62.5\/125-DX<\/th>\n<\/tr>\n<\/thead>\n<tbody data-start=\"1136\" data-end=\"1533\">\n<tr data-start=\"1136\" data-end=\"1180\">\n<td data-start=\"1136\" data-end=\"1149\" data-col-size=\"sm\">Faser-Typ<\/td>\n<td data-col-size=\"sm\" data-start=\"1149\" data-end=\"1180\">Multimode 62,5\/125 \u03bcm (OM1)<\/td>\n<\/tr>\n<tr data-start=\"1181\" data-end=\"1212\">\n<td data-start=\"1181\" data-end=\"1197\" data-col-size=\"sm\">Konfiguration<\/td>\n<td data-start=\"1197\" data-end=\"1212\" data-col-size=\"sm\">Duplex (DX)<\/td>\n<\/tr>\n<tr data-start=\"1213\" data-end=\"1239\">\n<td data-start=\"1213\" data-end=\"1227\" data-col-size=\"sm\">Anschluss A<\/td>\n<td data-start=\"1227\" data-end=\"1239\" data-col-size=\"sm\">LC \/ UPC<\/td>\n<\/tr>\n<tr data-start=\"1240\" data-end=\"1266\">\n<td data-start=\"1240\" data-end=\"1254\" data-col-size=\"sm\">Anschluss B<\/td>\n<td data-start=\"1254\" data-end=\"1266\" data-col-size=\"sm\">ST \/ UPC<\/td>\n<\/tr>\n<tr data-start=\"1267\" data-end=\"1310\">\n<td data-start=\"1267\" data-end=\"1290\" data-col-size=\"sm\">Betriebswellenl\u00e4nge<\/td>\n<td data-start=\"1290\" data-end=\"1310\" data-col-size=\"sm\">850 nm \/ 1300 nm<\/td>\n<\/tr>\n<tr data-start=\"1311\" data-end=\"1341\">\n<td data-start=\"1311\" data-end=\"1328\" data-col-size=\"sm\">Einf\u00fcged\u00e4mpfung<\/td>\n<td data-start=\"1328\" data-end=\"1341\" data-col-size=\"sm\">\u2264 0,30 dB<\/td>\n<\/tr>\n<tr data-start=\"1342\" data-end=\"1367\">\n<td data-start=\"1342\" data-end=\"1356\" data-col-size=\"sm\">R\u00fcckflussd\u00e4mpfung<\/td>\n<td data-start=\"1356\" data-end=\"1367\" data-col-size=\"sm\">\u2265 30 dB<\/td>\n<\/tr>\n<tr data-start=\"1368\" data-end=\"1415\">\n<td data-start=\"1368\" data-end=\"1388\" data-col-size=\"sm\">Typische Datenrate<\/td>\n<td data-start=\"1388\" data-end=\"1415\" data-col-size=\"sm\">1G Ethernet bis zu 275 m<\/td>\n<\/tr>\n<tr data-start=\"1416\" data-end=\"1446\">\n<td data-start=\"1416\" data-end=\"1431\" data-col-size=\"sm\">Kabelmantel<\/td>\n<td data-start=\"1431\" data-end=\"1446\" data-col-size=\"sm\">LSZH oder PVC<\/td>\n<\/tr>\n<tr data-start=\"1447\" data-end=\"1491\">\n<td data-start=\"1447\" data-end=\"1471\" data-col-size=\"sm\">Betriebstemperatur<\/td>\n<td data-start=\"1471\" data-end=\"1491\" data-col-size=\"sm\">-10 \u00b0C bis +70 \u00b0C<\/td>\n<\/tr>\n<tr data-start=\"1492\" data-end=\"1533\">\n<td data-start=\"1492\" data-end=\"1504\" data-col-size=\"sm\">Normen<\/td>\n<td data-start=\"1504\" data-end=\"1533\" data-col-size=\"sm\">IEC, TIA-568, RoHS, REACH<\/td>\n<\/tr>\n<\/tbody>\n<\/table>\n<\/div>\n<\/div>\n<hr data-start=\"1535\" data-end=\"1538\" \/>\n<h3 data-start=\"1540\" data-end=\"1571\"><strong data-start=\"1544\" data-end=\"1571\">Anwendungen in der realen Welt<\/strong><\/h3>\n<p data-start=\"1573\" data-end=\"1604\">Dieses Modell wird h\u00e4ufig verwendet in:<\/p>\n<ul data-start=\"1606\" data-end=\"1790\">\n<li data-start=\"1606\" data-end=\"1638\">\n<p data-start=\"1608\" data-end=\"1638\"><strong data-start=\"1608\" data-end=\"1638\">Unternehmens- und Campus-LANs<\/strong><\/p>\n<\/li>\n<li data-start=\"1639\" data-end=\"1684\">\n<p data-start=\"1641\" data-end=\"1684\"><strong data-start=\"1641\" data-end=\"1684\">Glasfasersysteme f\u00fcr Sicherheit und \u00dcberwachung<\/strong><\/p>\n<\/li>\n<li data-start=\"1685\" data-end=\"1710\">\n<p data-start=\"1687\" data-end=\"1710\"><strong data-start=\"1687\" data-end=\"1710\">Industrielles Ethernet<\/strong><\/p>\n<\/li>\n<li data-start=\"1711\" data-end=\"1750\">\n<p data-start=\"1713\" data-end=\"1750\"><strong data-start=\"1713\" data-end=\"1750\">Telekommunikationsr\u00e4ume und MDF\/IDF-Schr\u00e4nke<\/strong><\/p>\n<\/li>\n<li data-start=\"1751\" data-end=\"1790\">\n<p data-start=\"1753\" data-end=\"1790\"><strong data-start=\"1753\" data-end=\"1790\">Anschl\u00fcsse f\u00fcr Glasfaser-Medienkonverter<\/strong><\/p>\n<\/li>\n<\/ul>\n<p data-start=\"1792\" data-end=\"1908\">Seine <strong data-start=\"1796\" data-end=\"1812\">62,5 \u03bcm Kern<\/strong> bietet eine gute Ausrichttoleranz und ist daher auch in Umgebungen mit einer hohen Anzahl von Anschl\u00fcssen zuverl\u00e4ssig.<\/p>\n<hr data-start=\"1910\" data-end=\"1913\" \/>\n<h3 data-start=\"1915\" data-end=\"1962\"><strong data-start=\"1919\" data-end=\"1962\">Hergestellt f\u00fcr gleichbleibende Leistung<\/strong><\/h3>\n<p data-start=\"1964\" data-end=\"2247\">Jedes LC-ST OM1-Patchkabel wird aus folgenden Materialien hergestellt <strong data-start=\"2008\" data-end=\"2056\">Pr\u00e4zisionskeramikh\u00fclsen und UPC-Polieren<\/strong>, gefolgt von <strong data-start=\"2070\" data-end=\"2114\">100% optische Inspektion und Verlustpr\u00fcfung<\/strong>. Dadurch wird sichergestellt, dass beide Fasern die <strong data-start=\"2151\" data-end=\"2201\">strenge Normen f\u00fcr Einf\u00fcge- und R\u00fcckflussd\u00e4mpfung<\/strong>, auch nach wiederholtem Ein- und Ausstecken.<\/p>\n<hr data-start=\"2249\" data-end=\"2252\" \/>\n<h2 data-start=\"2254\" data-end=\"2277\"><strong data-start=\"2257\" data-end=\"2277\">Fachliche Fragen und Antworten<\/strong><\/h2>\n<p data-start=\"2279\" data-end=\"2406\"><strong data-start=\"2279\" data-end=\"2327\">Q1: Kann dieses Kabel Gigabit Ethernet unterst\u00fctzen?<\/strong><br data-start=\"2327\" data-end=\"2330\" \/>Ja. OM1 62,5\/125 Faser unterst\u00fctzt <strong data-start=\"2363\" data-end=\"2405\">1G Ethernet bis zu 275 Meter bei 850 nm<\/strong>.<\/p>\n<p data-start=\"2408\" data-end=\"2565\"><strong data-start=\"2408\" data-end=\"2458\">F2: Warum wird LC auf der einen Seite und ST auf der anderen Seite verwendet?<\/strong><br data-start=\"2458\" data-end=\"2461\" \/>LC verbindet sich mit <strong data-start=\"2476\" data-end=\"2506\">moderne SFP-basierte Ger\u00e4te<\/strong>, w\u00e4hrend ST mit <strong data-start=\"2525\" data-end=\"2564\">\u00e4ltere Steckdosen und Patchpanels<\/strong>.<\/p>\n<p data-start=\"2567\" data-end=\"2684\"><strong data-start=\"2567\" data-end=\"2600\">F3: Ist dies f\u00fcr 10G geeignet?<\/strong><br data-start=\"2600\" data-end=\"2603\" \/>Nein. OM1-Fasern sind konzipiert f\u00fcr <strong data-start=\"2633\" data-end=\"2657\">Fast Ethernet und 1G<\/strong>, nicht f\u00fcr die 10G-\u00dcbertragung.<\/p>\n<p data-start=\"2686\" data-end=\"2850\"><strong data-start=\"2686\" data-end=\"2736\">F4: Verbessert das UPC-Polieren die Signalqualit\u00e4t?<\/strong><br data-start=\"2736\" data-end=\"2739\" \/>Ja. UPC schafft einen sanfteren Faserkontakt und h\u00e4lt <strong data-start=\"2790\" data-end=\"2812\">R\u00fcckflussd\u00e4mpfung \u226530 dB<\/strong> und Verbesserung der \u00dcbertragungsstabilit\u00e4t.<\/p>","protected":false},"excerpt":{"rendered":"<p data-start=\"67\" data-end=\"388\">Die <strong data-start=\"71\" data-end=\"100\">LC\/UPC\u2013ST\/UPC-62.5\/125-DX<\/strong> ist eine <strong data-start=\"106\" data-end=\"139\">Duplex-Multimode-Glasfaser-Br\u00fccke<\/strong> konzipiert f\u00fcr die Verbindung <strong data-start=\"157\" data-end=\"186\">moderne LC-basierte Ausr\u00fcstung<\/strong> mit <strong data-start=\"192\" data-end=\"230\">alte ST-Glasfaseranschl\u00fcsse und Panels<\/strong>. Es wird h\u00e4ufig verwendet in <strong data-start=\"253\" data-end=\"337\">Campus-Netzwerke, industrielle Automatisierung, CCTV-Glasfaserverbindungen und Geb\u00e4ude-Backbones<\/strong> wobei <strong data-start=\"344\" data-end=\"367\">62,5 \u03bcm OM1-Verkabelung<\/strong> ist noch in Betrieb.<\/p>\n<p data-start=\"390\" data-end=\"566\">Mit diesem Kabel k\u00f6nnen Sie ganz einfach eine Verbindung herstellen <strong data-start=\"426\" data-end=\"453\">kompakte LC-Transceiver<\/strong> an Switches oder Medienkonvertern zu <strong data-start=\"489\" data-end=\"527\">ST-terminierte Glasfaserinfrastruktur<\/strong> ohne Adapter oder Signalbeeintr\u00e4chtigung.<\/p>","protected":false},"featured_media":673,"comment_status":"open","ping_status":"closed","template":"","meta":[],"product_brand":[],"product_cat":[44],"product_tag":[],"class_list":{"0":"post-671","1":"product","2":"type-product","3":"status-publish","4":"has-post-thumbnail","6":"product_cat-multimode-fiber-optic-patch-cord","8":"first","9":"instock","10":"shipping-taxable","11":"product-type-simple"},"_links":{"self":[{"href":"https:\/\/www.fenxifiber.com\/de\/wp-json\/wp\/v2\/product\/671","targetHints":{"allow":["GET"]}}],"collection":[{"href":"https:\/\/www.fenxifiber.com\/de\/wp-json\/wp\/v2\/product"}],"about":[{"href":"https:\/\/www.fenxifiber.com\/de\/wp-json\/wp\/v2\/types\/product"}],"replies":[{"embeddable":true,"href":"https:\/\/www.fenxifiber.com\/de\/wp-json\/wp\/v2\/comments?post=671"}],"wp:featuredmedia":[{"embeddable":true,"href":"https:\/\/www.fenxifiber.com\/de\/wp-json\/wp\/v2\/media\/673"}],"wp:attachment":[{"href":"https:\/\/www.fenxifiber.com\/de\/wp-json\/wp\/v2\/media?parent=671"}],"wp:term":[{"taxonomy":"product_brand","embeddable":true,"href":"https:\/\/www.fenxifiber.com\/de\/wp-json\/wp\/v2\/product_brand?post=671"},{"taxonomy":"product_cat","embeddable":true,"href":"https:\/\/www.fenxifiber.com\/de\/wp-json\/wp\/v2\/product_cat?post=671"},{"taxonomy":"product_tag","embeddable":true,"href":"https:\/\/www.fenxifiber.com\/de\/wp-json\/wp\/v2\/product_tag?post=671"}],"curies":[{"name":"wp","href":"https:\/\/api.w.org\/{rel}","templated":true}]}}