{"id":674,"date":"2026-02-03T06:18:20","date_gmt":"2026-02-03T06:18:20","guid":{"rendered":"https:\/\/www.fenxifiber.com\/?post_type=product&#038;p=674"},"modified":"2026-02-04T01:29:17","modified_gmt":"2026-02-04T01:29:17","slug":"st-upc-st-upc-62-5-125-dx","status":"publish","type":"product","link":"https:\/\/www.fenxifiber.com\/de\/product\/st-upc-st-upc-62-5-125-dx\/","title":{"rendered":"ST\/UPC-ST\/UPC-62.5\/125-DX Multimode-Glasfaser-Patchkabel"},"content":{"rendered":"<h3 data-start=\"683\" data-end=\"730\"><strong data-start=\"687\" data-end=\"730\">Gebaut f\u00fcr etablierte OM1-Fasersysteme<\/strong><\/h3>\n<p data-start=\"732\" data-end=\"1051\">Obwohl moderne Rechenzentren h\u00f6herwertige Glasfasern bevorzugen, <strong data-start=\"787\" data-end=\"806\">62,5\/125 \u03bcm OM1<\/strong> ist in Geb\u00e4uden und Einrichtungen auf der ganzen Welt nach wie vor weit verbreitet. Mit diesem Verbindungskabel k\u00f6nnen diese Systeme auch dann noch zuverl\u00e4ssig arbeiten, wenn <strong data-start=\"949\" data-end=\"971\">850 nm und 1300 nm<\/strong>, und unterst\u00fctzt g\u00e4ngige Anwendungen wie <strong data-start=\"1012\" data-end=\"1050\">Fast Ethernet und Gigabit Ethernet<\/strong>.<\/p>\n<p data-start=\"1053\" data-end=\"1188\">Die <strong data-start=\"1057\" data-end=\"1089\">UPC-polierte Faserendfl\u00e4chen<\/strong> einen reibungslosen physischen Kontakt zu gew\u00e4hrleisten und <strong data-start=\"1130\" data-end=\"1187\">geringe optische Verluste und kontrollierte Signalreflexionen<\/strong>.<\/p>\n<hr data-start=\"1190\" data-end=\"1193\" \/>\n<h3 data-start=\"1195\" data-end=\"1227\"><strong data-start=\"1199\" data-end=\"1227\">Technische Daten<\/strong><\/h3>\n<div class=\"TyagGW_tableContainer\">\n<div class=\"group TyagGW_tableWrapper flex flex-col-reverse w-fit\" tabindex=\"-1\">\n<table class=\"w-fit min-w-(--thread-content-width)\" data-start=\"1229\" data-end=\"1696\">\n<thead data-start=\"1229\" data-end=\"1270\">\n<tr data-start=\"1229\" data-end=\"1270\">\n<th class=\"\" data-start=\"1229\" data-end=\"1241\" data-col-size=\"sm\">Parameter<\/th>\n<th class=\"\" data-start=\"1241\" data-end=\"1270\" data-col-size=\"sm\">ST\/UPC\u2013ST\/UPC-62.5\/125-DX<\/th>\n<\/tr>\n<\/thead>\n<tbody data-start=\"1299\" data-end=\"1696\">\n<tr data-start=\"1299\" data-end=\"1343\">\n<td data-start=\"1299\" data-end=\"1312\" data-col-size=\"sm\">Faser-Typ<\/td>\n<td data-start=\"1312\" data-end=\"1343\" data-col-size=\"sm\">Multimode 62,5\/125 \u03bcm (OM1)<\/td>\n<\/tr>\n<tr data-start=\"1344\" data-end=\"1375\">\n<td data-start=\"1344\" data-end=\"1360\" data-col-size=\"sm\">Konfiguration<\/td>\n<td data-col-size=\"sm\" data-start=\"1360\" data-end=\"1375\">Duplex (DX)<\/td>\n<\/tr>\n<tr data-start=\"1376\" data-end=\"1402\">\n<td data-start=\"1376\" data-end=\"1390\" data-col-size=\"sm\">Anschluss A<\/td>\n<td data-start=\"1390\" data-end=\"1402\" data-col-size=\"sm\">ST \/ UPC<\/td>\n<\/tr>\n<tr data-start=\"1403\" data-end=\"1429\">\n<td data-start=\"1403\" data-end=\"1417\" data-col-size=\"sm\">Anschluss B<\/td>\n<td data-start=\"1417\" data-end=\"1429\" data-col-size=\"sm\">ST \/ UPC<\/td>\n<\/tr>\n<tr data-start=\"1430\" data-end=\"1473\">\n<td data-start=\"1430\" data-end=\"1453\" data-col-size=\"sm\">Betriebswellenl\u00e4nge<\/td>\n<td data-col-size=\"sm\" data-start=\"1453\" data-end=\"1473\">850 nm \/ 1300 nm<\/td>\n<\/tr>\n<tr data-start=\"1474\" data-end=\"1504\">\n<td data-start=\"1474\" data-end=\"1491\" data-col-size=\"sm\">Einf\u00fcged\u00e4mpfung<\/td>\n<td data-col-size=\"sm\" data-start=\"1491\" data-end=\"1504\">\u2264 0,30 dB<\/td>\n<\/tr>\n<tr data-start=\"1505\" data-end=\"1530\">\n<td data-start=\"1505\" data-end=\"1519\" data-col-size=\"sm\">R\u00fcckflussd\u00e4mpfung<\/td>\n<td data-start=\"1519\" data-end=\"1530\" data-col-size=\"sm\">\u2265 30 dB<\/td>\n<\/tr>\n<tr data-start=\"1531\" data-end=\"1578\">\n<td data-start=\"1531\" data-end=\"1551\" data-col-size=\"sm\">Typische Datenrate<\/td>\n<td data-start=\"1551\" data-end=\"1578\" data-col-size=\"sm\">1G Ethernet bis zu 275 m<\/td>\n<\/tr>\n<tr data-start=\"1579\" data-end=\"1609\">\n<td data-start=\"1579\" data-end=\"1594\" data-col-size=\"sm\">Kabelmantel<\/td>\n<td data-start=\"1594\" data-end=\"1609\" data-col-size=\"sm\">LSZH oder PVC<\/td>\n<\/tr>\n<tr data-start=\"1610\" data-end=\"1654\">\n<td data-start=\"1610\" data-end=\"1634\" data-col-size=\"sm\">Betriebstemperatur<\/td>\n<td data-col-size=\"sm\" data-start=\"1634\" data-end=\"1654\">-10 \u00b0C bis +70 \u00b0C<\/td>\n<\/tr>\n<tr data-start=\"1655\" data-end=\"1696\">\n<td data-start=\"1655\" data-end=\"1667\" data-col-size=\"sm\">Normen<\/td>\n<td data-col-size=\"sm\" data-start=\"1667\" data-end=\"1696\">IEC, TIA-568, RoHS, REACH<\/td>\n<\/tr>\n<\/tbody>\n<\/table>\n<\/div>\n<\/div>\n<hr data-start=\"1698\" data-end=\"1701\" \/>\n<h3 data-start=\"1703\" data-end=\"1744\"><strong data-start=\"1707\" data-end=\"1744\">Wo dieses Kabel \u00fcblicherweise verwendet wird<\/strong><\/h3>\n<ul data-start=\"1746\" data-end=\"1949\">\n<li data-start=\"1746\" data-end=\"1789\">\n<p data-start=\"1748\" data-end=\"1789\"><strong data-start=\"1748\" data-end=\"1787\">Glasfaser-Backbones f\u00fcr Campus und Geb\u00e4ude<\/strong><\/p>\n<\/li>\n<li data-start=\"1790\" data-end=\"1835\">\n<p data-start=\"1792\" data-end=\"1835\"><strong data-start=\"1792\" data-end=\"1833\">Glasfaserverbindungen f\u00fcr Sicherheit und \u00dcberwachung<\/strong><\/p>\n<\/li>\n<li data-start=\"1836\" data-end=\"1871\">\n<p data-start=\"1838\" data-end=\"1871\"><strong data-start=\"1838\" data-end=\"1869\">Industrielle Steuerungsnetze<\/strong><\/p>\n<\/li>\n<li data-start=\"1872\" data-end=\"1917\">\n<p data-start=\"1874\" data-end=\"1917\"><strong data-start=\"1874\" data-end=\"1915\">Telekommunikations- und Glasfaserverteiler<\/strong><\/p>\n<\/li>\n<li data-start=\"1918\" data-end=\"1949\">\n<p data-start=\"1920\" data-end=\"1949\"><strong data-start=\"1920\" data-end=\"1949\">Veraltete LAN-Infrastruktur<\/strong><\/p>\n<\/li>\n<\/ul>\n<p data-start=\"1951\" data-end=\"2101\">Die <strong data-start=\"1955\" data-end=\"1978\">gr\u00f6\u00dferer 62,5 \u03bcm Kern<\/strong> bietet eine gute Ausrichtungstoleranz, was besonders bei Installationen mit h\u00e4ufigen \u00c4nderungen und Neukonfigurationen von Vorteil ist.<\/p>\n<hr data-start=\"2103\" data-end=\"2106\" \/>\n<h3 data-start=\"2108\" data-end=\"2154\"><strong data-start=\"2112\" data-end=\"2154\">Hergestellt f\u00fcr Langzeitzuverl\u00e4ssigkeit<\/strong><\/h3>\n<p data-start=\"2156\" data-end=\"2461\">Jedes ST\/UPC-ST\/UPC-Patchkabel ist mit folgenden Komponenten ausgestattet <strong data-start=\"2204\" data-end=\"2239\">hochpr\u00e4zise Keramikh\u00fclsen<\/strong> und <strong data-start=\"2244\" data-end=\"2270\">UPC-polierte Stirnseiten<\/strong>, und dann getestet auf <strong data-start=\"2288\" data-end=\"2342\">Einf\u00fcgungsd\u00e4mpfung, R\u00fcckflussd\u00e4mpfung und Endfl\u00e4chengeometrie<\/strong>. Dies gew\u00e4hrleistet eine stabile Leistung auch nach <strong data-start=\"2387\" data-end=\"2421\">Tausende von Verbindungszyklen<\/strong> in stark frequentierten Glasfaserschr\u00e4nken oder Kontrollr\u00e4umen.<\/p>\n<hr data-start=\"2463\" data-end=\"2466\" \/>\n<h2 data-start=\"2468\" data-end=\"2491\"><strong data-start=\"2471\" data-end=\"2491\">Fachliche Fragen und Antworten<\/strong><\/h2>\n<p data-start=\"2493\" data-end=\"2683\"><strong data-start=\"2493\" data-end=\"2540\">Q1: Wird ST-ST in modernen Netzen noch verwendet?<\/strong><br data-start=\"2540\" data-end=\"2543\" \/>Ja. Obwohl es in neuen Rechenzentren nicht verwendet wird, ist es in den folgenden Bereichen noch weit verbreitet <strong data-start=\"2617\" data-end=\"2682\">alte Geb\u00e4ude, CCTV-Systeme und industrielle Glasfasernetze<\/strong>.<\/p>\n<p data-start=\"2685\" data-end=\"2812\"><strong data-start=\"2685\" data-end=\"2733\">F2: Kann dieses Kabel Gigabit-Ethernet unterst\u00fctzen?<\/strong><br data-start=\"2733\" data-end=\"2736\" \/>Ja. OM1 62,5\/125 Faser unterst\u00fctzt <strong data-start=\"2769\" data-end=\"2811\">1G Ethernet bis zu 275 Meter bei 850 nm<\/strong>.<\/p>\n<p data-start=\"2814\" data-end=\"2971\"><strong data-start=\"2814\" data-end=\"2869\">F3: Warum wird ST in industriellen Umgebungen bevorzugt?<\/strong><br data-start=\"2869\" data-end=\"2872\" \/>ST-Steckverbinder verwenden eine <strong data-start=\"2892\" data-end=\"2921\">Bajonettverschluss<\/strong> die gegen Vibrationen und versehentliches Herausziehen des Steckers gesch\u00fctzt ist.<\/p>","protected":false},"excerpt":{"rendered":"<p data-start=\"67\" data-end=\"445\">Die <strong data-start=\"71\" data-end=\"100\">ST\/UPC\u2013ST\/UPC-62.5\/125-DX<\/strong> ist eine <strong data-start=\"106\" data-end=\"143\">Duplex-Multimode-Glasfaser-Patchkabel<\/strong> Entwickelt f\u00fcr <strong data-start=\"159\" data-end=\"184\">alte Glasfasernetze<\/strong> die sich auf <strong data-start=\"198\" data-end=\"229\">ST-Bajonett-Stecker<\/strong> und <strong data-start=\"234\" data-end=\"265\">62,5 \u03bcm OM1 Multimode-Faser<\/strong>. Es bleibt eine verl\u00e4ssliche Wahl f\u00fcr <strong data-start=\"302\" data-end=\"394\">Campus-Backbones, CCTV-Glasfaserverbindungen, industrielles Ethernet und Telekommunikationsverteiler<\/strong> wo \u00e4ltere Infrastrukturen noch aktiv genutzt werden.<\/p>\n<p data-start=\"447\" data-end=\"676\">Mit <strong data-start=\"452\" data-end=\"482\">ST-Stecker an beiden Enden<\/strong>, bietet dieses Patchkabel eine <strong data-start=\"511\" data-end=\"543\">sichere Twist-Lock-Verbindung<\/strong> das Vibrationen und versehentlichem Herausziehen des Steckers widersteht, was es besonders geeignet macht f\u00fcr <strong data-start=\"628\" data-end=\"675\">Feldinstallationen und Industrieschr\u00e4nke<\/strong>.<\/p>","protected":false},"featured_media":675,"comment_status":"open","ping_status":"closed","template":"","meta":[],"product_brand":[],"product_cat":[44],"product_tag":[],"class_list":{"0":"post-674","1":"product","2":"type-product","3":"status-publish","4":"has-post-thumbnail","6":"product_cat-multimode-fiber-optic-patch-cord","8":"first","9":"instock","10":"shipping-taxable","11":"product-type-simple"},"_links":{"self":[{"href":"https:\/\/www.fenxifiber.com\/de\/wp-json\/wp\/v2\/product\/674","targetHints":{"allow":["GET"]}}],"collection":[{"href":"https:\/\/www.fenxifiber.com\/de\/wp-json\/wp\/v2\/product"}],"about":[{"href":"https:\/\/www.fenxifiber.com\/de\/wp-json\/wp\/v2\/types\/product"}],"replies":[{"embeddable":true,"href":"https:\/\/www.fenxifiber.com\/de\/wp-json\/wp\/v2\/comments?post=674"}],"wp:featuredmedia":[{"embeddable":true,"href":"https:\/\/www.fenxifiber.com\/de\/wp-json\/wp\/v2\/media\/675"}],"wp:attachment":[{"href":"https:\/\/www.fenxifiber.com\/de\/wp-json\/wp\/v2\/media?parent=674"}],"wp:term":[{"taxonomy":"product_brand","embeddable":true,"href":"https:\/\/www.fenxifiber.com\/de\/wp-json\/wp\/v2\/product_brand?post=674"},{"taxonomy":"product_cat","embeddable":true,"href":"https:\/\/www.fenxifiber.com\/de\/wp-json\/wp\/v2\/product_cat?post=674"},{"taxonomy":"product_tag","embeddable":true,"href":"https:\/\/www.fenxifiber.com\/de\/wp-json\/wp\/v2\/product_tag?post=674"}],"curies":[{"name":"wp","href":"https:\/\/api.w.org\/{rel}","templated":true}]}}