{"id":676,"date":"2026-02-03T06:20:06","date_gmt":"2026-02-03T06:20:06","guid":{"rendered":"https:\/\/www.fenxifiber.com\/?post_type=product&#038;p=676"},"modified":"2026-02-04T01:29:46","modified_gmt":"2026-02-04T01:29:46","slug":"lc-upc-lc-upc-62-5-125-dx","status":"publish","type":"product","link":"https:\/\/www.fenxifiber.com\/de\/product\/lc-upc-lc-upc-62-5-125-dx\/","title":{"rendered":"LC\/UPC-LC\/UPC-62,5\/125-DX Multimode-Glasfaser-Patchkabel"},"content":{"rendered":"<h3 data-start=\"634\" data-end=\"670\"><strong data-start=\"638\" data-end=\"670\">Warum dieses Kabel immer noch wichtig ist<\/strong><\/h3>\n<p data-start=\"672\" data-end=\"1046\">Viele Geb\u00e4ude waren urspr\u00fcnglich verkabelt mit <strong data-start=\"714\" data-end=\"745\">62,5\/125 \u03bcm Multimode-Faser<\/strong>, die nach wie vor bestens geeignet ist f\u00fcr <strong data-start=\"791\" data-end=\"829\">Fast Ethernet und Gigabit Ethernet<\/strong>. Durch die Verwendung von LC-Steckern an beiden Enden erm\u00f6glicht dieses Kabel den direkten Anschluss dieser Netzwerke an <strong data-start=\"924\" data-end=\"955\">moderne, mit LC ausgestattete Hardware<\/strong>, Dadurch wird die Lebensdauer der bestehenden Glasfaserinfrastruktur verl\u00e4ngert und die Kosten f\u00fcr die Aufr\u00fcstung niedrig gehalten.<\/p>\n<hr data-start=\"1048\" data-end=\"1051\" \/>\n<h3 data-start=\"1053\" data-end=\"1085\"><strong data-start=\"1057\" data-end=\"1085\">Technische Daten<\/strong><\/h3>\n<div class=\"TyagGW_tableContainer\">\n<div class=\"group TyagGW_tableWrapper flex flex-col-reverse w-fit\" tabindex=\"-1\">\n<table class=\"w-fit min-w-(--thread-content-width)\" data-start=\"1087\" data-end=\"1554\">\n<thead data-start=\"1087\" data-end=\"1128\">\n<tr data-start=\"1087\" data-end=\"1128\">\n<th class=\"\" data-start=\"1087\" data-end=\"1099\" data-col-size=\"sm\">Parameter<\/th>\n<th class=\"\" data-start=\"1099\" data-end=\"1128\" data-col-size=\"sm\">LC\/UPC\u2013LC\/UPC-62.5\/125-DX<\/th>\n<\/tr>\n<\/thead>\n<tbody data-start=\"1157\" data-end=\"1554\">\n<tr data-start=\"1157\" data-end=\"1201\">\n<td data-start=\"1157\" data-end=\"1170\" data-col-size=\"sm\">Faser-Typ<\/td>\n<td data-start=\"1170\" data-end=\"1201\" data-col-size=\"sm\">Multimode 62,5\/125 \u03bcm (OM1)<\/td>\n<\/tr>\n<tr data-start=\"1202\" data-end=\"1233\">\n<td data-start=\"1202\" data-end=\"1218\" data-col-size=\"sm\">Konfiguration<\/td>\n<td data-start=\"1218\" data-end=\"1233\" data-col-size=\"sm\">Duplex (DX)<\/td>\n<\/tr>\n<tr data-start=\"1234\" data-end=\"1260\">\n<td data-start=\"1234\" data-end=\"1248\" data-col-size=\"sm\">Anschluss A<\/td>\n<td data-start=\"1248\" data-end=\"1260\" data-col-size=\"sm\">LC \/ UPC<\/td>\n<\/tr>\n<tr data-start=\"1261\" data-end=\"1287\">\n<td data-start=\"1261\" data-end=\"1275\" data-col-size=\"sm\">Anschluss B<\/td>\n<td data-start=\"1275\" data-end=\"1287\" data-col-size=\"sm\">LC \/ UPC<\/td>\n<\/tr>\n<tr data-start=\"1288\" data-end=\"1331\">\n<td data-start=\"1288\" data-end=\"1311\" data-col-size=\"sm\">Betriebswellenl\u00e4nge<\/td>\n<td data-start=\"1311\" data-end=\"1331\" data-col-size=\"sm\">850 nm \/ 1300 nm<\/td>\n<\/tr>\n<tr data-start=\"1332\" data-end=\"1362\">\n<td data-start=\"1332\" data-end=\"1349\" data-col-size=\"sm\">Einf\u00fcged\u00e4mpfung<\/td>\n<td data-start=\"1349\" data-end=\"1362\" data-col-size=\"sm\">\u2264 0,30 dB<\/td>\n<\/tr>\n<tr data-start=\"1363\" data-end=\"1388\">\n<td data-start=\"1363\" data-end=\"1377\" data-col-size=\"sm\">R\u00fcckflussd\u00e4mpfung<\/td>\n<td data-start=\"1377\" data-end=\"1388\" data-col-size=\"sm\">\u2265 30 dB<\/td>\n<\/tr>\n<tr data-start=\"1389\" data-end=\"1436\">\n<td data-start=\"1389\" data-end=\"1409\" data-col-size=\"sm\">Typische Datenrate<\/td>\n<td data-start=\"1409\" data-end=\"1436\" data-col-size=\"sm\">1G Ethernet bis zu 275 m<\/td>\n<\/tr>\n<tr data-start=\"1437\" data-end=\"1467\">\n<td data-start=\"1437\" data-end=\"1452\" data-col-size=\"sm\">Kabelmantel<\/td>\n<td data-start=\"1452\" data-end=\"1467\" data-col-size=\"sm\">LSZH oder PVC<\/td>\n<\/tr>\n<tr data-start=\"1468\" data-end=\"1512\">\n<td data-start=\"1468\" data-end=\"1492\" data-col-size=\"sm\">Betriebstemperatur<\/td>\n<td data-start=\"1492\" data-end=\"1512\" data-col-size=\"sm\">-10 \u00b0C bis +70 \u00b0C<\/td>\n<\/tr>\n<tr data-start=\"1513\" data-end=\"1554\">\n<td data-start=\"1513\" data-end=\"1525\" data-col-size=\"sm\">Normen<\/td>\n<td data-start=\"1525\" data-end=\"1554\" data-col-size=\"sm\">IEC, TIA-568, RoHS, REACH<\/td>\n<\/tr>\n<\/tbody>\n<\/table>\n<\/div>\n<\/div>\n<hr data-start=\"1556\" data-end=\"1559\" \/>\n<h3 data-start=\"1561\" data-end=\"1589\"><strong data-start=\"1565\" data-end=\"1589\">Typische Anwendungen<\/strong><\/h3>\n<ul data-start=\"1591\" data-end=\"1776\">\n<li data-start=\"1591\" data-end=\"1640\">\n<p data-start=\"1593\" data-end=\"1640\"><strong data-start=\"1593\" data-end=\"1640\">Switch-to-Switch- und Switch-to-Server-Verbindungen<\/strong><\/p>\n<\/li>\n<li data-start=\"1641\" data-end=\"1669\">\n<p data-start=\"1643\" data-end=\"1669\"><strong data-start=\"1643\" data-end=\"1669\">Glasfaser-Medienkonverter<\/strong><\/p>\n<\/li>\n<li data-start=\"1670\" data-end=\"1702\">\n<p data-start=\"1672\" data-end=\"1702\"><strong data-start=\"1672\" data-end=\"1702\">Campus- und Unternehmens-LANs<\/strong><\/p>\n<\/li>\n<li data-start=\"1703\" data-end=\"1740\">\n<p data-start=\"1705\" data-end=\"1740\"><strong data-start=\"1705\" data-end=\"1740\">Sicherheit und CCTV-Glasfasersysteme<\/strong><\/p>\n<\/li>\n<li data-start=\"1741\" data-end=\"1776\">\n<p data-start=\"1743\" data-end=\"1776\"><strong data-start=\"1743\" data-end=\"1776\">Telekommunikationsr\u00e4ume und IDF-Schr\u00e4nke<\/strong><\/p>\n<\/li>\n<\/ul>\n<p data-start=\"1778\" data-end=\"1913\">Die <strong data-start=\"1782\" data-end=\"1805\">gr\u00f6\u00dferer 62,5 \u03bcm Kern<\/strong> macht das Kabel unempfindlicher gegen Ausrichtung und Staub, was in stark frequentierten Patching-Umgebungen von Vorteil ist.<\/p>\n<hr data-start=\"1915\" data-end=\"1918\" \/>\n<h3 data-start=\"1920\" data-end=\"1971\"><strong data-start=\"1924\" data-end=\"1971\">Gefertigt f\u00fcr stabile optische Leistung<\/strong><\/h3>\n<p data-start=\"1973\" data-end=\"2239\">Jedes LC\/UPC-LC\/UPC-Verbindungskabel wird aus folgenden Materialien hergestellt <strong data-start=\"2018\" data-end=\"2080\">hochpr\u00e4zise Keramikh\u00fclsen und UPC-geschliffene Endfl\u00e4chen<\/strong>, gefolgt von <strong data-start=\"2094\" data-end=\"2140\">100% Inspektion und Einf\u00fcgungsd\u00e4mpfungstest<\/strong>. Dies gew\u00e4hrleistet eine zuverl\u00e4ssige Leistung und gleichbleibende Signalqualit\u00e4t \u00fcber die gesamte Lebensdauer des Kabels.<\/p>\n<p data-start=\"2241\" data-end=\"2364\">Die fakultative <strong data-start=\"2254\" data-end=\"2269\">LSZH-Jacke<\/strong> unterst\u00fctzt moderne <strong data-start=\"2286\" data-end=\"2328\">Anforderungen an den Brandschutz und die Raucharmut<\/strong> in \u00f6ffentlichen und gewerblichen Geb\u00e4uden.<\/p>\n<hr data-start=\"2366\" data-end=\"2369\" \/>\n<h2 data-start=\"2371\" data-end=\"2394\"><strong data-start=\"2374\" data-end=\"2394\">Fachliche Fragen und Antworten<\/strong><\/h2>\n<p data-start=\"2396\" data-end=\"2527\"><strong data-start=\"2396\" data-end=\"2448\">Q1: Kann dieses Kabel f\u00fcr Gigabit Ethernet verwendet werden?<\/strong><br data-start=\"2448\" data-end=\"2451\" \/>Ja. OM1 62,5\/125 Faser unterst\u00fctzt <strong data-start=\"2484\" data-end=\"2526\">1G Ethernet bis zu 275 Meter bei 850 nm<\/strong>.<\/p>\n<p data-start=\"2529\" data-end=\"2671\"><strong data-start=\"2529\" data-end=\"2581\">F2: Ist LC mit \u00e4lteren Multimode-Fasern kompatibel?<\/strong><br data-start=\"2581\" data-end=\"2584\" \/>Ja. LC ist nur der Steckertyp - er funktioniert perfekt mit <strong data-start=\"2645\" data-end=\"2670\">62,5\/125 \u03bcm OM1-Faser<\/strong>.<\/p>\n<p data-start=\"2673\" data-end=\"2790\"><strong data-start=\"2673\" data-end=\"2706\">F3: Ist dies f\u00fcr 10G geeignet?<\/strong><br data-start=\"2706\" data-end=\"2709\" \/>Nein. OM1-Fasern sind bestimmt f\u00fcr <strong data-start=\"2739\" data-end=\"2763\">Fast Ethernet und 1G<\/strong>, nicht f\u00fcr die 10G-\u00dcbertragung.<\/p>\n<p data-start=\"2792\" data-end=\"2967\"><strong data-start=\"2792\" data-end=\"2834\">F4: Warum LC-LC anstelle von SC-SC?<\/strong><br data-start=\"2834\" data-end=\"2837\" \/>LC-Stecker sind <strong data-start=\"2855\" data-end=\"2898\">kleiner und unterst\u00fctzen eine h\u00f6here Anschlussdichte<\/strong>, wodurch sie ideal sind f\u00fcr <strong data-start=\"2922\" data-end=\"2966\">moderne Switches und kompakte Patchpanels<\/strong>.<\/p>","protected":false},"excerpt":{"rendered":"<p data-start=\"67\" data-end=\"462\">Die <strong data-start=\"71\" data-end=\"100\">LC\/UPC\u2013LC\/UPC-62.5\/125-DX<\/strong> ist eine <strong data-start=\"106\" data-end=\"151\">Kompaktes Duplex-Multimode-Glasfaser-Patchkabel<\/strong> entwickelt f\u00fcr Umgebungen, die noch mit <strong data-start=\"200\" data-end=\"221\">OM1 62,5 \u03bcm Faser<\/strong> sondern erfordern die <strong data-start=\"238\" data-end=\"272\">Small-Form-Factor-LC-Schnittstelle<\/strong> die von modernen Switches, Routern und Transceivern verwendet werden. Es bietet eine saubere und effiziente M\u00f6glichkeit zur Verbindung <strong data-start=\"374\" data-end=\"400\">Legacy-Multimode-Verbindungen<\/strong> direkt an <strong data-start=\"413\" data-end=\"444\">LC-basierte SFP- und SFP+-Anschl\u00fcsse<\/strong> ohne Adapter.<\/p>\n<p data-start=\"464\" data-end=\"627\">Dieses Modell ist weit verbreitet in <strong data-start=\"493\" data-end=\"574\">Campus-Netzwerke, Geb\u00e4ude-Backbones, Glasfaser-Medienkonverter und CCTV-Systeme<\/strong> wo die OM1-Verkabelung installiert und betriebsbereit bleibt.<\/p>","protected":false},"featured_media":677,"comment_status":"open","ping_status":"closed","template":"","meta":[],"product_brand":[],"product_cat":[44],"product_tag":[],"class_list":{"0":"post-676","1":"product","2":"type-product","3":"status-publish","4":"has-post-thumbnail","6":"product_cat-multimode-fiber-optic-patch-cord","8":"first","9":"instock","10":"shipping-taxable","11":"product-type-simple"},"_links":{"self":[{"href":"https:\/\/www.fenxifiber.com\/de\/wp-json\/wp\/v2\/product\/676","targetHints":{"allow":["GET"]}}],"collection":[{"href":"https:\/\/www.fenxifiber.com\/de\/wp-json\/wp\/v2\/product"}],"about":[{"href":"https:\/\/www.fenxifiber.com\/de\/wp-json\/wp\/v2\/types\/product"}],"replies":[{"embeddable":true,"href":"https:\/\/www.fenxifiber.com\/de\/wp-json\/wp\/v2\/comments?post=676"}],"wp:featuredmedia":[{"embeddable":true,"href":"https:\/\/www.fenxifiber.com\/de\/wp-json\/wp\/v2\/media\/677"}],"wp:attachment":[{"href":"https:\/\/www.fenxifiber.com\/de\/wp-json\/wp\/v2\/media?parent=676"}],"wp:term":[{"taxonomy":"product_brand","embeddable":true,"href":"https:\/\/www.fenxifiber.com\/de\/wp-json\/wp\/v2\/product_brand?post=676"},{"taxonomy":"product_cat","embeddable":true,"href":"https:\/\/www.fenxifiber.com\/de\/wp-json\/wp\/v2\/product_cat?post=676"},{"taxonomy":"product_tag","embeddable":true,"href":"https:\/\/www.fenxifiber.com\/de\/wp-json\/wp\/v2\/product_tag?post=676"}],"curies":[{"name":"wp","href":"https:\/\/api.w.org\/{rel}","templated":true}]}}