{"id":678,"date":"2026-02-03T06:53:30","date_gmt":"2026-02-03T06:53:30","guid":{"rendered":"https:\/\/www.fenxifiber.com\/?post_type=product&#038;p=678"},"modified":"2026-02-04T01:30:17","modified_gmt":"2026-02-04T01:30:17","slug":"fc-upc-st-upc-om3-dx","status":"publish","type":"product","link":"https:\/\/www.fenxifiber.com\/de\/product\/fc-upc-st-upc-om3-dx\/","title":{"rendered":"FC\/UPC-ST\/UPC-OM3-DX Multimode-Glasfaser-Patchkabel"},"content":{"rendered":"<h3 data-start=\"675\" data-end=\"709\"><strong data-start=\"679\" data-end=\"709\">Warum FC-zu-ST auf OM3-Faser?<\/strong><\/h3>\n<p data-start=\"711\" data-end=\"958\">FC-Steckverbinder bieten <strong data-start=\"733\" data-end=\"774\">mit Gewinde, r\u00fcttelfeste Verriegelung<\/strong>, wodurch sie ideal sind f\u00fcr <strong data-start=\"798\" data-end=\"842\">Messger\u00e4te und kritische Verbindungen<\/strong>.<br data-start=\"843\" data-end=\"846\" \/>ST-Steckverbinder bieten <strong data-start=\"866\" data-end=\"892\">Bajonett-Schnellverschluss<\/strong>, die eine schnelle Installation in <strong data-start=\"924\" data-end=\"957\">Patchpanels und Wandsteckdosen<\/strong>.<\/p>\n<p data-start=\"960\" data-end=\"1071\">Die Kombination dieser beiden <strong data-start=\"983\" data-end=\"996\">OM3-Faser<\/strong> gibt Ihnen <strong data-start=\"1007\" data-end=\"1070\">Stabilit\u00e4t auf Industrie-Niveau mit Bandbreite auf Rechenzentrums-Niveau<\/strong>.<\/p>\n<hr data-start=\"1073\" data-end=\"1076\" \/>\n<h3 data-start=\"1078\" data-end=\"1110\"><strong data-start=\"1082\" data-end=\"1110\">Technische Daten<\/strong><\/h3>\n<div class=\"TyagGW_tableContainer\">\n<div class=\"group TyagGW_tableWrapper flex flex-col-reverse w-fit\" tabindex=\"-1\">\n<table class=\"w-fit min-w-(--thread-content-width)\" data-start=\"1112\" data-end=\"1594\">\n<thead data-start=\"1112\" data-end=\"1148\">\n<tr data-start=\"1112\" data-end=\"1148\">\n<th class=\"\" data-start=\"1112\" data-end=\"1124\" data-col-size=\"sm\">Parameter<\/th>\n<th class=\"\" data-start=\"1124\" data-end=\"1148\" data-col-size=\"sm\">FC\/UPC-ST\/UPC-OM3-DX<\/th>\n<\/tr>\n<\/thead>\n<tbody data-start=\"1177\" data-end=\"1594\">\n<tr data-start=\"1177\" data-end=\"1217\">\n<td data-start=\"1177\" data-end=\"1190\" data-col-size=\"sm\">Faser-Typ<\/td>\n<td data-col-size=\"sm\" data-start=\"1190\" data-end=\"1217\">OM3 Multimode 50\/125 \u03bcm<\/td>\n<\/tr>\n<tr data-start=\"1218\" data-end=\"1249\">\n<td data-start=\"1218\" data-end=\"1234\" data-col-size=\"sm\">Konfiguration<\/td>\n<td data-start=\"1234\" data-end=\"1249\" data-col-size=\"sm\">Duplex (DX)<\/td>\n<\/tr>\n<tr data-start=\"1250\" data-end=\"1276\">\n<td data-start=\"1250\" data-end=\"1264\" data-col-size=\"sm\">Anschluss A<\/td>\n<td data-start=\"1264\" data-end=\"1276\" data-col-size=\"sm\">FC \/ UPC<\/td>\n<\/tr>\n<tr data-start=\"1277\" data-end=\"1303\">\n<td data-start=\"1277\" data-end=\"1291\" data-col-size=\"sm\">Anschluss B<\/td>\n<td data-col-size=\"sm\" data-start=\"1291\" data-end=\"1303\">ST \/ UPC<\/td>\n<\/tr>\n<tr data-start=\"1304\" data-end=\"1347\">\n<td data-start=\"1304\" data-end=\"1327\" data-col-size=\"sm\">Betriebswellenl\u00e4nge<\/td>\n<td data-start=\"1327\" data-end=\"1347\" data-col-size=\"sm\">850 nm \/ 1300 nm<\/td>\n<\/tr>\n<tr data-start=\"1348\" data-end=\"1378\">\n<td data-start=\"1348\" data-end=\"1365\" data-col-size=\"sm\">Einf\u00fcged\u00e4mpfung<\/td>\n<td data-start=\"1365\" data-end=\"1378\" data-col-size=\"sm\">\u2264 0,30 dB<\/td>\n<\/tr>\n<tr data-start=\"1379\" data-end=\"1404\">\n<td data-start=\"1379\" data-end=\"1393\" data-col-size=\"sm\">R\u00fcckflussd\u00e4mpfung<\/td>\n<td data-start=\"1393\" data-end=\"1404\" data-col-size=\"sm\">\u2265 30 dB<\/td>\n<\/tr>\n<tr data-start=\"1405\" data-end=\"1441\">\n<td data-start=\"1405\" data-end=\"1426\" data-col-size=\"sm\">10G Ethernet-Reichweite<\/td>\n<td data-col-size=\"sm\" data-start=\"1426\" data-end=\"1441\">bis zu 300 m<\/td>\n<\/tr>\n<tr data-start=\"1442\" data-end=\"1476\">\n<td data-start=\"1442\" data-end=\"1461\" data-col-size=\"sm\">40G \/ 100G Reichweite<\/td>\n<td data-col-size=\"sm\" data-start=\"1461\" data-end=\"1476\">bis zu 100 m<\/td>\n<\/tr>\n<tr data-start=\"1477\" data-end=\"1507\">\n<td data-start=\"1477\" data-end=\"1492\" data-col-size=\"sm\">Kabelmantel<\/td>\n<td data-col-size=\"sm\" data-start=\"1492\" data-end=\"1507\">LSZH oder PVC<\/td>\n<\/tr>\n<tr data-start=\"1508\" data-end=\"1552\">\n<td data-start=\"1508\" data-end=\"1532\" data-col-size=\"sm\">Betriebstemperatur<\/td>\n<td data-col-size=\"sm\" data-start=\"1532\" data-end=\"1552\">-10 \u00b0C bis +70 \u00b0C<\/td>\n<\/tr>\n<tr data-start=\"1553\" data-end=\"1594\">\n<td data-start=\"1553\" data-end=\"1565\" data-col-size=\"sm\">Normen<\/td>\n<td data-start=\"1565\" data-end=\"1594\" data-col-size=\"sm\">IEC, TIA-568, RoHS, REACH<\/td>\n<\/tr>\n<\/tbody>\n<\/table>\n<\/div>\n<\/div>\n<hr data-start=\"1596\" data-end=\"1599\" \/>\n<h3 data-start=\"1601\" data-end=\"1631\"><strong data-start=\"1605\" data-end=\"1631\">Leistung in der realen Welt<\/strong><\/h3>\n<p data-start=\"1633\" data-end=\"1703\">OM3-Faser unterst\u00fctzt <strong data-start=\"1652\" data-end=\"1687\">2000 MHz-km-Bandbreite bei 850 nm<\/strong>, die es erm\u00f6glicht:<\/p>\n<ul data-start=\"1705\" data-end=\"1776\">\n<li data-start=\"1705\" data-end=\"1740\">\n<p data-start=\"1707\" data-end=\"1740\"><strong data-start=\"1707\" data-end=\"1740\">10G Ethernet bis zu 300 Meter<\/strong><\/p>\n<\/li>\n<li data-start=\"1741\" data-end=\"1776\">\n<p data-start=\"1743\" data-end=\"1776\"><strong data-start=\"1743\" data-end=\"1776\">40G und 100G bis zu 100 Meter<\/strong><\/p>\n<\/li>\n<\/ul>\n<p data-start=\"1778\" data-end=\"1823\">Damit ist der FC-ST OM3-Jumper geeignet f\u00fcr:<\/p>\n<ul data-start=\"1825\" data-end=\"2012\">\n<li data-start=\"1825\" data-end=\"1861\">\n<p data-start=\"1827\" data-end=\"1861\"><strong data-start=\"1827\" data-end=\"1861\">Industrielles Hochgeschwindigkeits-Ethernet<\/strong><\/p>\n<\/li>\n<li data-start=\"1862\" data-end=\"1904\">\n<p data-start=\"1864\" data-end=\"1904\"><strong data-start=\"1864\" data-end=\"1904\">Optische Pr\u00fcf- und Messsysteme<\/strong><\/p>\n<\/li>\n<li data-start=\"1905\" data-end=\"1942\">\n<p data-start=\"1907\" data-end=\"1942\"><strong data-start=\"1907\" data-end=\"1942\">Telekommunikations- und Metro-Edge-Netze<\/strong><\/p>\n<\/li>\n<li data-start=\"1943\" data-end=\"1975\">\n<p data-start=\"1945\" data-end=\"1975\"><strong data-start=\"1945\" data-end=\"1975\">Querverbindungen in Rechenzentren<\/strong><\/p>\n<\/li>\n<li data-start=\"1976\" data-end=\"2012\">\n<p data-start=\"1978\" data-end=\"2012\"><strong data-start=\"1978\" data-end=\"2012\">Automatisierungs- und Steuerungssysteme<\/strong><\/p>\n<\/li>\n<\/ul>\n<hr data-start=\"2014\" data-end=\"2017\" \/>\n<h3 data-start=\"2019\" data-end=\"2060\"><strong data-start=\"2023\" data-end=\"2060\">Gefertigt f\u00fcr Signalintegrit\u00e4t<\/strong><\/h3>\n<p data-start=\"2062\" data-end=\"2345\">Jedes Kabel wird mit Hilfe von <strong data-start=\"2092\" data-end=\"2178\">Pr\u00e4zisionskeramikh\u00fclsen, UPC-Polieren und automatische Interferometerpr\u00fcfung<\/strong>. Beide Faserkan\u00e4le sind <strong data-start=\"2204\" data-end=\"2254\">100% getestet auf Einf\u00fcge- und R\u00fcckflussd\u00e4mpfung<\/strong>, und gew\u00e4hrleistet eine stabile \u00dcbertragung auch bei <strong data-start=\"2293\" data-end=\"2344\">Umgebungen mit hohen Vibrationen oder hohen Temperaturen<\/strong>.<\/p>\n<p data-start=\"2347\" data-end=\"2455\">Die <strong data-start=\"2351\" data-end=\"2373\">Option LSZH-Jacke<\/strong> trifft auf modern <strong data-start=\"2387\" data-end=\"2412\">Brandsicherheitsstandards<\/strong> f\u00fcr Rechenzentren und gewerbliche Geb\u00e4ude.<\/p>\n<hr data-start=\"2457\" data-end=\"2460\" \/>\n<h2 data-start=\"2462\" data-end=\"2485\"><strong data-start=\"2465\" data-end=\"2485\">Fachliche Fragen und Antworten<\/strong><\/h2>\n<p data-start=\"2487\" data-end=\"2636\"><strong data-start=\"2487\" data-end=\"2536\">Q1: Wie unterscheidet sich OM3 von 62,5\/125-Fasern?<\/strong><br data-start=\"2536\" data-end=\"2539\" \/>OM3 hat <strong data-start=\"2547\" data-end=\"2572\">viel h\u00f6here Bandbreite<\/strong> und unterst\u00fctzt <strong data-start=\"2586\" data-end=\"2598\">10G-100G<\/strong>, w\u00e4hrend 62,5\/125 begrenzt ist auf <strong data-start=\"2629\" data-end=\"2635\">1G<\/strong>.<\/p>\n<p data-start=\"2638\" data-end=\"2812\"><strong data-start=\"2638\" data-end=\"2688\">F2: Warum sollten FC-Steckverbinder f\u00fcr Hochgeschwindigkeitsverbindungen verwendet werden?<\/strong><br data-start=\"2688\" data-end=\"2691\" \/>FC's <strong data-start=\"2696\" data-end=\"2723\">Metallgewindekupplung<\/strong> verhindert Mikrobewegungen, die in empfindlichen optischen Systemen zu Signalschwankungen f\u00fchren k\u00f6nnen.<\/p>\n<p data-start=\"2814\" data-end=\"2979\"><strong data-start=\"2814\" data-end=\"2862\">F3: Ist dieses Kabel f\u00fcr Rechenzentren geeignet?<\/strong><br data-start=\"2862\" data-end=\"2865\" \/>Ja. OM3 unterst\u00fctzt <strong data-start=\"2883\" data-end=\"2905\">10G, 40G und 100G<\/strong> Kurzstreckenverbindungen, die h\u00e4ufig in Rechenzentren und Cloud-Infrastrukturen verwendet werden.<\/p>","protected":false},"excerpt":{"rendered":"<p data-start=\"62\" data-end=\"476\">Die <strong data-start=\"66\" data-end=\"90\">FC\/UPC-ST\/UPC-OM3-DX<\/strong> ist eine <strong data-start=\"96\" data-end=\"150\">Hochleistungs-Duplex-Multimode-Glasfaser-Patchkabel<\/strong> Entwickelt f\u00fcr <strong data-start=\"166\" data-end=\"200\">10G- und 40G-f\u00e4hige OM3-Netzwerke<\/strong> die erfordern <strong data-start=\"214\" data-end=\"295\">sichere FC-Verbindungen auf der einen Seite und Fast-Connect-ST-Schnittstellen auf der anderen Seite<\/strong>. Es wird h\u00e4ufig verwendet in <strong data-start=\"318\" data-end=\"412\">Telekommunikationsr\u00e4ume, industrielles Ethernet, optische Testlabore und Randbereiche von Rechenzentren<\/strong> wo sowohl mechanische Stabilit\u00e4t als auch optische Geschwindigkeit erforderlich sind.<\/p>\n<p data-start=\"478\" data-end=\"668\">Gebaut mit <strong data-start=\"489\" data-end=\"528\">OM3 50\/125 \u03bcm Laser-optimierte Faser<\/strong>, Dieses Kabel wurde f\u00fcr moderne <strong data-start=\"564\" data-end=\"593\">850 nm VCSEL-basierte Optik<\/strong>, und bietet eine deutlich h\u00f6here Bandbreite als herk\u00f6mmliche OM1- und OM2-Fasern.<\/p>","protected":false},"featured_media":679,"comment_status":"open","ping_status":"closed","template":"","meta":[],"product_brand":[],"product_cat":[44],"product_tag":[],"class_list":{"0":"post-678","1":"product","2":"type-product","3":"status-publish","4":"has-post-thumbnail","6":"product_cat-multimode-fiber-optic-patch-cord","8":"first","9":"instock","10":"shipping-taxable","11":"product-type-simple"},"_links":{"self":[{"href":"https:\/\/www.fenxifiber.com\/de\/wp-json\/wp\/v2\/product\/678","targetHints":{"allow":["GET"]}}],"collection":[{"href":"https:\/\/www.fenxifiber.com\/de\/wp-json\/wp\/v2\/product"}],"about":[{"href":"https:\/\/www.fenxifiber.com\/de\/wp-json\/wp\/v2\/types\/product"}],"replies":[{"embeddable":true,"href":"https:\/\/www.fenxifiber.com\/de\/wp-json\/wp\/v2\/comments?post=678"}],"wp:featuredmedia":[{"embeddable":true,"href":"https:\/\/www.fenxifiber.com\/de\/wp-json\/wp\/v2\/media\/679"}],"wp:attachment":[{"href":"https:\/\/www.fenxifiber.com\/de\/wp-json\/wp\/v2\/media?parent=678"}],"wp:term":[{"taxonomy":"product_brand","embeddable":true,"href":"https:\/\/www.fenxifiber.com\/de\/wp-json\/wp\/v2\/product_brand?post=678"},{"taxonomy":"product_cat","embeddable":true,"href":"https:\/\/www.fenxifiber.com\/de\/wp-json\/wp\/v2\/product_cat?post=678"},{"taxonomy":"product_tag","embeddable":true,"href":"https:\/\/www.fenxifiber.com\/de\/wp-json\/wp\/v2\/product_tag?post=678"}],"curies":[{"name":"wp","href":"https:\/\/api.w.org\/{rel}","templated":true}]}}