{"id":682,"date":"2026-02-03T06:59:34","date_gmt":"2026-02-03T06:59:34","guid":{"rendered":"https:\/\/www.fenxifiber.com\/?post_type=product&#038;p=682"},"modified":"2026-02-04T01:31:32","modified_gmt":"2026-02-04T01:31:32","slug":"lc-upc-lc-upc-om3-dx","status":"publish","type":"product","link":"https:\/\/www.fenxifiber.com\/de\/product\/lc-upc-lc-upc-om3-dx\/","title":{"rendered":"LC\/UPC-LC\/UPC-OM3-DX Multimode-Glasfaser-Patchkabel"},"content":{"rendered":"<h3 data-start=\"572\" data-end=\"613\"><strong data-start=\"576\" data-end=\"613\">F\u00fcr moderne High-Speed-Optik gemacht<\/strong><\/h3>\n<p data-start=\"615\" data-end=\"765\">OM3-Fasern sind optimiert f\u00fcr <strong data-start=\"642\" data-end=\"672\">850 nm VCSEL-Lichtquellen<\/strong>, das R\u00fcckgrat des Short-Reach-Ethernet. Mit einer <strong data-start=\"719\" data-end=\"744\">2000 MHz-km-Bandbreite<\/strong>, unterst\u00fctzt es problemlos:<\/p>\n<ul data-start=\"767\" data-end=\"828\">\n<li data-start=\"767\" data-end=\"797\">\n<p data-start=\"769\" data-end=\"797\"><strong data-start=\"769\" data-end=\"797\">10G Ethernet bis zu 300 m<\/strong><\/p>\n<\/li>\n<li data-start=\"798\" data-end=\"828\">\n<p data-start=\"800\" data-end=\"828\"><strong data-start=\"800\" data-end=\"828\">40G und 100G bis zu 100 m<\/strong><\/p>\n<\/li>\n<\/ul>\n<p data-start=\"830\" data-end=\"964\">LC-Stecker erm\u00f6glichen <strong data-start=\"850\" data-end=\"876\">die doppelte Portdichte<\/strong> von \u00e4lteren SC-Steckverbindern und tr\u00e4gt dazu bei, in dichten Racks Platz zu sparen und Kabelstaus zu vermeiden.<\/p>\n<hr data-start=\"966\" data-end=\"969\" \/>\n<h3 data-start=\"971\" data-end=\"1003\"><strong data-start=\"975\" data-end=\"1003\">Technische Daten<\/strong><\/h3>\n<div class=\"TyagGW_tableContainer\">\n<div class=\"group TyagGW_tableWrapper flex flex-col-reverse w-fit\" tabindex=\"-1\">\n<table class=\"w-fit min-w-(--thread-content-width)\" data-start=\"1005\" data-end=\"1475\">\n<thead data-start=\"1005\" data-end=\"1041\">\n<tr data-start=\"1005\" data-end=\"1041\">\n<th class=\"\" data-start=\"1005\" data-end=\"1017\" data-col-size=\"sm\">Parameter<\/th>\n<th class=\"\" data-start=\"1017\" data-end=\"1041\" data-col-size=\"sm\">LC\/UPC-LC\/UPC-OM3-DX<\/th>\n<\/tr>\n<\/thead>\n<tbody data-start=\"1070\" data-end=\"1475\">\n<tr data-start=\"1070\" data-end=\"1110\">\n<td data-start=\"1070\" data-end=\"1083\" data-col-size=\"sm\">Faser-Typ<\/td>\n<td data-start=\"1083\" data-end=\"1110\" data-col-size=\"sm\">OM3 Multimode 50\/125 \u03bcm<\/td>\n<\/tr>\n<tr data-start=\"1111\" data-end=\"1142\">\n<td data-start=\"1111\" data-end=\"1127\" data-col-size=\"sm\">Konfiguration<\/td>\n<td data-start=\"1127\" data-end=\"1142\" data-col-size=\"sm\">Duplex (DX)<\/td>\n<\/tr>\n<tr data-start=\"1143\" data-end=\"1169\">\n<td data-start=\"1143\" data-end=\"1157\" data-col-size=\"sm\">Anschluss A<\/td>\n<td data-start=\"1157\" data-end=\"1169\" data-col-size=\"sm\">LC \/ UPC<\/td>\n<\/tr>\n<tr data-start=\"1170\" data-end=\"1196\">\n<td data-start=\"1170\" data-end=\"1184\" data-col-size=\"sm\">Anschluss B<\/td>\n<td data-start=\"1184\" data-end=\"1196\" data-col-size=\"sm\">LC \/ UPC<\/td>\n<\/tr>\n<tr data-start=\"1197\" data-end=\"1240\">\n<td data-start=\"1197\" data-end=\"1220\" data-col-size=\"sm\">Betriebswellenl\u00e4nge<\/td>\n<td data-start=\"1220\" data-end=\"1240\" data-col-size=\"sm\">850 nm \/ 1300 nm<\/td>\n<\/tr>\n<tr data-start=\"1241\" data-end=\"1271\">\n<td data-start=\"1241\" data-end=\"1258\" data-col-size=\"sm\">Einf\u00fcged\u00e4mpfung<\/td>\n<td data-start=\"1258\" data-end=\"1271\" data-col-size=\"sm\">\u2264 0,30 dB<\/td>\n<\/tr>\n<tr data-start=\"1272\" data-end=\"1297\">\n<td data-start=\"1272\" data-end=\"1286\" data-col-size=\"sm\">R\u00fcckflussd\u00e4mpfung<\/td>\n<td data-start=\"1286\" data-end=\"1297\" data-col-size=\"sm\">\u2265 30 dB<\/td>\n<\/tr>\n<tr data-start=\"1298\" data-end=\"1328\">\n<td data-start=\"1298\" data-end=\"1313\" data-col-size=\"sm\">10G-Ethernet<\/td>\n<td data-start=\"1313\" data-end=\"1328\" data-col-size=\"sm\">bis zu 300 m<\/td>\n<\/tr>\n<tr data-start=\"1329\" data-end=\"1357\">\n<td data-start=\"1329\" data-end=\"1342\" data-col-size=\"sm\">40G \/ 100G<\/td>\n<td data-start=\"1342\" data-end=\"1357\" data-col-size=\"sm\">bis zu 100 m<\/td>\n<\/tr>\n<tr data-start=\"1358\" data-end=\"1388\">\n<td data-start=\"1358\" data-end=\"1373\" data-col-size=\"sm\">Kabelmantel<\/td>\n<td data-start=\"1373\" data-end=\"1388\" data-col-size=\"sm\">LSZH oder PVC<\/td>\n<\/tr>\n<tr data-start=\"1389\" data-end=\"1433\">\n<td data-start=\"1389\" data-end=\"1413\" data-col-size=\"sm\">Betriebstemperatur<\/td>\n<td data-start=\"1413\" data-end=\"1433\" data-col-size=\"sm\">-10 \u00b0C bis +70 \u00b0C<\/td>\n<\/tr>\n<tr data-start=\"1434\" data-end=\"1475\">\n<td data-start=\"1434\" data-end=\"1446\" data-col-size=\"sm\">Normen<\/td>\n<td data-start=\"1446\" data-end=\"1475\" data-col-size=\"sm\">IEC, TIA-568, RoHS, REACH<\/td>\n<\/tr>\n<\/tbody>\n<\/table>\n<\/div>\n<\/div>\n<hr data-start=\"1477\" data-end=\"1480\" \/>\n<h3 data-start=\"1482\" data-end=\"1514\"><strong data-start=\"1486\" data-end=\"1514\">Wo dieses Kabel verwendet wird<\/strong><\/h3>\n<ul data-start=\"1516\" data-end=\"1701\">\n<li data-start=\"1516\" data-end=\"1565\">\n<p data-start=\"1518\" data-end=\"1565\"><strong data-start=\"1518\" data-end=\"1565\">Switch-to-Switch- und Switch-to-Server-Verbindungen<\/strong><\/p>\n<\/li>\n<li data-start=\"1566\" data-end=\"1598\">\n<p data-start=\"1568\" data-end=\"1598\"><strong data-start=\"1568\" data-end=\"1598\">Querverbindungen in Rechenzentren<\/strong><\/p>\n<\/li>\n<li data-start=\"1599\" data-end=\"1629\">\n<p data-start=\"1601\" data-end=\"1629\"><strong data-start=\"1601\" data-end=\"1629\">Unternehmens-LAN-Backbones<\/strong><\/p>\n<\/li>\n<li data-start=\"1630\" data-end=\"1667\">\n<p data-start=\"1632\" data-end=\"1667\"><strong data-start=\"1632\" data-end=\"1667\">Cloud- und KI-Computing-Cluster<\/strong><\/p>\n<\/li>\n<li data-start=\"1668\" data-end=\"1701\">\n<p data-start=\"1670\" data-end=\"1701\"><strong data-start=\"1670\" data-end=\"1701\">Hochgeschwindigkeits-Speicher-Netzwerke<\/strong><\/p>\n<\/li>\n<\/ul>\n<p data-start=\"1703\" data-end=\"1836\">Die geringe D\u00e4mpfung und die hohe Bandbreite von OM3 machen es ideal f\u00fcr <strong data-start=\"1762\" data-end=\"1794\">Umgebungen mit einer hohen Anzahl von Anschl\u00fcssen<\/strong> wo Leistung und Konsistenz wichtig sind.<\/p>\n<hr data-start=\"1838\" data-end=\"1841\" \/>\n<h3 data-start=\"1843\" data-end=\"1887\"><strong data-start=\"1847\" data-end=\"1887\">Pr\u00e4zisionsfertigung f\u00fcr geringe Verluste<\/strong><\/h3>\n<p data-start=\"1889\" data-end=\"2164\">Jeder LC-LC OM3-Jumper wird mit <strong data-start=\"1930\" data-end=\"1988\">Hochwertige Keramikh\u00fclsen und UPC-geschliffene Endfl\u00e4chen<\/strong>, und dann inspiziert und getestet auf <strong data-start=\"2020\" data-end=\"2074\">Einf\u00fcgungsd\u00e4mpfung, R\u00fcckflussd\u00e4mpfung und Endfl\u00e4chengeometrie<\/strong>. Dies garantiert <strong data-start=\"2092\" data-end=\"2122\">stabile optische Leistung<\/strong> \u00fcber Tausende von Plug-and-Play-Zyklen hinweg.<\/p>\n<p data-start=\"2166\" data-end=\"2276\">Die <strong data-start=\"2170\" data-end=\"2192\">Option LSZH-Jacke<\/strong> unterst\u00fctzt moderne <strong data-start=\"2209\" data-end=\"2234\">Brandsicherheitsstandards<\/strong> in Rechenzentren und Gesch\u00e4ftsgeb\u00e4uden.<\/p>\n<hr data-start=\"2278\" data-end=\"2281\" \/>\n<h2 data-start=\"2283\" data-end=\"2306\"><strong data-start=\"2286\" data-end=\"2306\">Fachliche Fragen und Antworten<\/strong><\/h2>\n<p data-start=\"2308\" data-end=\"2467\"><strong data-start=\"2308\" data-end=\"2360\">Q1: Ist OM3 f\u00fcr Neuinstallationen noch relevant?<\/strong><br data-start=\"2360\" data-end=\"2363\" \/>Ja. OM3 bleibt ein <strong data-start=\"2382\" data-end=\"2405\">Mainstream-Standard<\/strong> f\u00fcr <strong data-start=\"2410\" data-end=\"2450\">10G-, 40G- und 100G-Short-Reach-Verbindungen<\/strong> in Rechenzentren.<\/p>\n<p data-start=\"2469\" data-end=\"2607\"><strong data-start=\"2469\" data-end=\"2518\">F2: Kann dieses Kabel mit SFP+-Modulen verwendet werden?<\/strong><br data-start=\"2518\" data-end=\"2521\" \/>Ganz genau. LC-Stecker sind die <strong data-start=\"2555\" data-end=\"2606\">native Schnittstelle f\u00fcr SFP-, SFP+- und QSFP-Optik<\/strong>.<\/p>\n<p data-start=\"2609\" data-end=\"2793\"><strong data-start=\"2609\" data-end=\"2660\">F3: Was ist der Unterschied zwischen OM3 und OM4?<\/strong><br data-start=\"2660\" data-end=\"2663\" \/>OM4 unterst\u00fctzt <strong data-start=\"2676\" data-end=\"2701\">l\u00e4ngere 100G-Entfernungen<\/strong>, aber OM3 ist kosteng\u00fcnstiger und erf\u00fcllt immer noch die meisten <strong data-start=\"2755\" data-end=\"2786\">Gestell-zu-Gestell und Reihe-zu-Reihe<\/strong> Bed\u00fcrfnisse.<\/p>\n<p data-start=\"2795\" data-end=\"2939\"><strong data-start=\"2795\" data-end=\"2844\">F4: Beeintr\u00e4chtigt das Polieren von UPC die Signalqualit\u00e4t?<\/strong><br data-start=\"2844\" data-end=\"2847\" \/>Ja. UPC reduziert die R\u00fcckreflexion und h\u00e4lt <strong data-start=\"2890\" data-end=\"2912\">R\u00fcckflussd\u00e4mpfung \u226530 dB<\/strong>, und verbessert die Stabilit\u00e4t der Verbindung.<\/p>","protected":false},"excerpt":{"rendered":"<p data-start=\"62\" data-end=\"455\">Die <strong data-start=\"66\" data-end=\"90\">LC\/UPC-LC\/UPC-OM3-DX<\/strong> ist eine <strong data-start=\"96\" data-end=\"146\">Hochdichtes Duplex-Multimode-Glasfaser-Patchkabel<\/strong> f\u00fcr die heutige Zeit gebaut <strong data-start=\"165\" data-end=\"209\">10G-, 40G- und 100G-Ethernet-Umgebungen<\/strong>. Mit <strong data-start=\"216\" data-end=\"246\">LC-Stecker an beiden Enden<\/strong> und <strong data-start=\"251\" data-end=\"290\">OM3 Laser-optimierte 50\/125 \u03bcm Faser<\/strong>, Es wird direkt an die <strong data-start=\"315\" data-end=\"355\">SFP+-, QSFP- und QSFP-DD-Transceiver<\/strong>, und ist damit die Standardwahl f\u00fcr <strong data-start=\"391\" data-end=\"454\">Rechenzentren, Unternehmensnetzwerke und Cloud-Infrastruktur<\/strong>.<\/p>\n<p data-start=\"457\" data-end=\"565\">Dieser kompakte, verlustarme und bandbreitenstarke Jumper wurde entwickelt, um Hochgeschwindigkeitsverbindungen sauber und effizient zu halten.<\/p>","protected":false},"featured_media":683,"comment_status":"open","ping_status":"closed","template":"","meta":[],"product_brand":[],"product_cat":[44],"product_tag":[],"class_list":{"0":"post-682","1":"product","2":"type-product","3":"status-publish","4":"has-post-thumbnail","6":"product_cat-multimode-fiber-optic-patch-cord","8":"first","9":"instock","10":"shipping-taxable","11":"product-type-simple"},"_links":{"self":[{"href":"https:\/\/www.fenxifiber.com\/de\/wp-json\/wp\/v2\/product\/682","targetHints":{"allow":["GET"]}}],"collection":[{"href":"https:\/\/www.fenxifiber.com\/de\/wp-json\/wp\/v2\/product"}],"about":[{"href":"https:\/\/www.fenxifiber.com\/de\/wp-json\/wp\/v2\/types\/product"}],"replies":[{"embeddable":true,"href":"https:\/\/www.fenxifiber.com\/de\/wp-json\/wp\/v2\/comments?post=682"}],"wp:featuredmedia":[{"embeddable":true,"href":"https:\/\/www.fenxifiber.com\/de\/wp-json\/wp\/v2\/media\/683"}],"wp:attachment":[{"href":"https:\/\/www.fenxifiber.com\/de\/wp-json\/wp\/v2\/media?parent=682"}],"wp:term":[{"taxonomy":"product_brand","embeddable":true,"href":"https:\/\/www.fenxifiber.com\/de\/wp-json\/wp\/v2\/product_brand?post=682"},{"taxonomy":"product_cat","embeddable":true,"href":"https:\/\/www.fenxifiber.com\/de\/wp-json\/wp\/v2\/product_cat?post=682"},{"taxonomy":"product_tag","embeddable":true,"href":"https:\/\/www.fenxifiber.com\/de\/wp-json\/wp\/v2\/product_tag?post=682"}],"curies":[{"name":"wp","href":"https:\/\/api.w.org\/{rel}","templated":true}]}}