{"id":685,"date":"2026-02-03T07:01:26","date_gmt":"2026-02-03T07:01:26","guid":{"rendered":"https:\/\/www.fenxifiber.com\/?post_type=product&#038;p=685"},"modified":"2026-02-04T01:32:04","modified_gmt":"2026-02-04T01:32:04","slug":"sc-upc-st-upc-om3-dx","status":"publish","type":"product","link":"https:\/\/www.fenxifiber.com\/de\/product\/sc-upc-st-upc-om3-dx\/","title":{"rendered":"SC\/UPC-ST\/UPC-OM3-DX Multimode-Glasfaser-Patchkabel"},"content":{"rendered":"<h3 data-start=\"612\" data-end=\"661\"><strong data-start=\"616\" data-end=\"661\">Entwickelt f\u00fcr Netzwerkmigration und -erweiterung<\/strong><\/h3>\n<p data-start=\"663\" data-end=\"966\">Viele Einrichtungen verlassen sich immer noch auf <strong data-start=\"693\" data-end=\"710\">ST-Stecker<\/strong> in Rangierfeldern oder Backbone-Verbindungen, w\u00e4hrend <strong data-start=\"752\" data-end=\"769\">SC-Stecker<\/strong> dominieren bei Switches und optischen Verteilern. Diese SC-zu-ST-Konfiguration macht Adapter \u00fcberfl\u00fcssig und reduziert <strong data-start=\"895\" data-end=\"965\">Einf\u00fcgungsd\u00e4mpfung, Reflexionspunkte und langfristige Wartungsrisiken<\/strong>.<\/p>\n<p data-start=\"968\" data-end=\"1106\">OM3-Faser gew\u00e4hrleistet hervorragende Leistung mit <strong data-start=\"1013\" data-end=\"1042\">850 nm VCSEL-Transceiver<\/strong>, die in der heutigen Zeit Standard sind <strong data-start=\"1074\" data-end=\"1105\">Hochgeschwindigkeits-Multimode-Optik<\/strong>.<\/p>\n<hr data-start=\"1108\" data-end=\"1111\" \/>\n<h3 data-start=\"1113\" data-end=\"1147\"><strong data-start=\"1117\" data-end=\"1147\">Leistungsspezifikationen<\/strong><\/h3>\n<div class=\"TyagGW_tableContainer\">\n<div class=\"group TyagGW_tableWrapper flex flex-col-reverse w-fit\" tabindex=\"-1\">\n<table class=\"w-fit min-w-(--thread-content-width)\" data-start=\"1149\" data-end=\"1602\">\n<thead data-start=\"1149\" data-end=\"1180\">\n<tr data-start=\"1149\" data-end=\"1180\">\n<th class=\"\" data-start=\"1149\" data-end=\"1156\" data-col-size=\"sm\">Artikel<\/th>\n<th class=\"\" data-start=\"1156\" data-end=\"1180\" data-col-size=\"sm\">SC\/UPC-ST\/UPC-OM3-DX<\/th>\n<\/tr>\n<\/thead>\n<tbody data-start=\"1207\" data-end=\"1602\">\n<tr data-start=\"1207\" data-end=\"1247\">\n<td data-start=\"1207\" data-end=\"1220\" data-col-size=\"sm\">Faser-Typ<\/td>\n<td data-start=\"1220\" data-end=\"1247\" data-col-size=\"sm\">OM3 Multimode 50\/125 \u03bcm<\/td>\n<\/tr>\n<tr data-start=\"1248\" data-end=\"1277\">\n<td data-start=\"1248\" data-end=\"1262\" data-col-size=\"sm\">Anzahl der Fasern<\/td>\n<td data-start=\"1262\" data-end=\"1277\" data-col-size=\"sm\">Duplex (DX)<\/td>\n<\/tr>\n<tr data-start=\"1278\" data-end=\"1304\">\n<td data-start=\"1278\" data-end=\"1292\" data-col-size=\"sm\">Anschluss A<\/td>\n<td data-start=\"1292\" data-end=\"1304\" data-col-size=\"sm\">SC \/ UPC<\/td>\n<\/tr>\n<tr data-start=\"1305\" data-end=\"1331\">\n<td data-start=\"1305\" data-end=\"1319\" data-col-size=\"sm\">Anschluss B<\/td>\n<td data-start=\"1319\" data-end=\"1331\" data-col-size=\"sm\">ST \/ UPC<\/td>\n<\/tr>\n<tr data-start=\"1332\" data-end=\"1375\">\n<td data-start=\"1332\" data-end=\"1355\" data-col-size=\"sm\">Betriebswellenl\u00e4nge<\/td>\n<td data-col-size=\"sm\" data-start=\"1355\" data-end=\"1375\">850 nm \/ 1300 nm<\/td>\n<\/tr>\n<tr data-start=\"1376\" data-end=\"1412\">\n<td data-start=\"1376\" data-end=\"1397\" data-col-size=\"sm\">Bandbreite @ 850 nm<\/td>\n<td data-col-size=\"sm\" data-start=\"1397\" data-end=\"1412\">2000 MHz-km<\/td>\n<\/tr>\n<tr data-start=\"1413\" data-end=\"1443\">\n<td data-start=\"1413\" data-end=\"1430\" data-col-size=\"sm\">Einf\u00fcged\u00e4mpfung<\/td>\n<td data-start=\"1430\" data-end=\"1443\" data-col-size=\"sm\">\u2264 0,30 dB<\/td>\n<\/tr>\n<tr data-start=\"1444\" data-end=\"1469\">\n<td data-start=\"1444\" data-end=\"1458\" data-col-size=\"sm\">R\u00fcckflussd\u00e4mpfung<\/td>\n<td data-start=\"1458\" data-end=\"1469\" data-col-size=\"sm\">\u2265 30 dB<\/td>\n<\/tr>\n<tr data-start=\"1470\" data-end=\"1500\">\n<td data-start=\"1470\" data-end=\"1485\" data-col-size=\"sm\">10G-Ethernet<\/td>\n<td data-col-size=\"sm\" data-start=\"1485\" data-end=\"1500\">bis zu 300 m<\/td>\n<\/tr>\n<tr data-start=\"1501\" data-end=\"1529\">\n<td data-start=\"1501\" data-end=\"1514\" data-col-size=\"sm\">40G \/ 100G<\/td>\n<td data-col-size=\"sm\" data-start=\"1514\" data-end=\"1529\">bis zu 100 m<\/td>\n<\/tr>\n<tr data-start=\"1530\" data-end=\"1559\">\n<td data-start=\"1530\" data-end=\"1544\" data-col-size=\"sm\">Jacke Typ<\/td>\n<td data-col-size=\"sm\" data-start=\"1544\" data-end=\"1559\">LSZH oder PVC<\/td>\n<\/tr>\n<tr data-start=\"1560\" data-end=\"1602\">\n<td data-start=\"1560\" data-end=\"1573\" data-col-size=\"sm\">Einhaltung der Vorschriften<\/td>\n<td data-col-size=\"sm\" data-start=\"1573\" data-end=\"1602\">TIA-568, IEC, RoHS, REACH<\/td>\n<\/tr>\n<\/tbody>\n<\/table>\n<\/div>\n<\/div>\n<hr data-start=\"1604\" data-end=\"1607\" \/>\n<h3 data-start=\"1609\" data-end=\"1643\"><strong data-start=\"1613\" data-end=\"1643\">Wo dieses Kabel am besten geeignet ist<\/strong><\/h3>\n<ul data-start=\"1645\" data-end=\"1855\">\n<li data-start=\"1645\" data-end=\"1701\">\n<p data-start=\"1647\" data-end=\"1701\"><strong data-start=\"1647\" data-end=\"1701\">Aufr\u00fcstung \u00e4lterer ST-Netze auf moderne SC-Hardware<\/strong><\/p>\n<\/li>\n<li data-start=\"1702\" data-end=\"1739\">\n<p data-start=\"1704\" data-end=\"1739\"><strong data-start=\"1704\" data-end=\"1739\">Unternehmens- und Campus-Backbones<\/strong><\/p>\n<\/li>\n<li data-start=\"1740\" data-end=\"1788\">\n<p data-start=\"1742\" data-end=\"1788\"><strong data-start=\"1742\" data-end=\"1788\">Industrielles Ethernet und Fabrikautomatisierung<\/strong><\/p>\n<\/li>\n<li data-start=\"1789\" data-end=\"1822\">\n<p data-start=\"1791\" data-end=\"1822\"><strong data-start=\"1791\" data-end=\"1822\">Telekommunikationsverteiler<\/strong><\/p>\n<\/li>\n<li data-start=\"1823\" data-end=\"1855\">\n<p data-start=\"1825\" data-end=\"1855\"><strong data-start=\"1825\" data-end=\"1855\">Querverbindungen in Rechenzentren<\/strong><\/p>\n<\/li>\n<\/ul>\n<p data-start=\"1857\" data-end=\"1965\">OM3-Fasern bieten den optischen Headroom, der f\u00fcr <strong data-start=\"1908\" data-end=\"1964\">High-Density-Switching und zuk\u00fcnftige Bandbreitenerweiterungen<\/strong>.<\/p>\n<hr data-start=\"1967\" data-end=\"1970\" \/>\n<h3 data-start=\"1972\" data-end=\"2013\"><strong data-start=\"1976\" data-end=\"2013\">Gefertigt f\u00fcr Signalintegrit\u00e4t<\/strong><\/h3>\n<p data-start=\"2015\" data-end=\"2269\">Jedes Patchkabel wird hergestellt mit <strong data-start=\"2048\" data-end=\"2119\">Pr\u00e4zisionskeramikh\u00fclsen, UPC-Polieren und optische Pr\u00fcfung 100%<\/strong>. Dies garantiert <strong data-start=\"2137\" data-end=\"2206\">stabile Lichtdurchl\u00e4ssigkeit, geringer Reflexionsgrad und lange Nutzungsdauer<\/strong>, selbst in Umgebungen mit starken Vibrationen oder h\u00e4ufigem Umstecken.<\/p>\n<p data-start=\"2271\" data-end=\"2393\">Die fakultative <strong data-start=\"2284\" data-end=\"2299\">LSZH-Jacke<\/strong> unterst\u00fctzt <strong data-start=\"2309\" data-end=\"2351\">Anforderungen an den Brandschutz und die Raucharmut<\/strong> in Gesch\u00e4ftsgeb\u00e4uden und Rechenzentren.<\/p>\n<hr data-start=\"2395\" data-end=\"2398\" \/>\n<h2 data-start=\"2400\" data-end=\"2423\"><strong data-start=\"2403\" data-end=\"2423\">Fachliche Fragen und Antworten<\/strong><\/h2>\n<p data-start=\"2425\" data-end=\"2579\"><strong data-start=\"2425\" data-end=\"2481\">Q1: Warum OM3 anstelle von \u00e4lteren Multimode-Fasern?<\/strong><br data-start=\"2481\" data-end=\"2484\" \/>OM3 ist <strong data-start=\"2491\" data-end=\"2510\">Laser-optimiert<\/strong> und unterst\u00fctzt <strong data-start=\"2524\" data-end=\"2539\">10G bis 100G<\/strong> Geschwindigkeiten, im Gegensatz zu \u00e4lteren OM1- oder OM2-Fasern.<\/p>\n<p data-start=\"2581\" data-end=\"2725\"><strong data-start=\"2581\" data-end=\"2634\">F2: Kann dieses Kabel f\u00fcr Verbindungen in Rechenzentren verwendet werden?<\/strong><br data-start=\"2634\" data-end=\"2637\" \/>Ja. OM3 wird h\u00e4ufig verwendet f\u00fcr <strong data-start=\"2665\" data-end=\"2708\">10G-, 40G- und 100G-Ethernet mit kurzer Reichweite<\/strong> in Rechenzentren.<\/p>\n<p data-start=\"2727\" data-end=\"2886\"><strong data-start=\"2727\" data-end=\"2777\">F3: Welchen Vorteil bietet das Polieren mit UPC?<\/strong><br data-start=\"2777\" data-end=\"2780\" \/>UPC-Steckverbinder reduzieren die R\u00fcckreflexion und halten <strong data-start=\"2827\" data-end=\"2854\">R\u00fcckflussd\u00e4mpfung \u00fcber 30 dB<\/strong>, was die Stabilit\u00e4t der Verbindung verbessert.<\/p>\n<p data-start=\"2888\" data-end=\"3053\"><strong data-start=\"2888\" data-end=\"2947\">F4: Ist dieses Kabel f\u00fcr industrielle Umgebungen geeignet?<\/strong><br data-start=\"2947\" data-end=\"2950\" \/>Ja. Die <strong data-start=\"2959\" data-end=\"2990\">Bajonettverschluss des ST-Steckers<\/strong> und <strong data-start=\"2995\" data-end=\"3016\">SC's sichere Verriegelung<\/strong> bieten eine hohe mechanische Stabilit\u00e4t.<\/p>","protected":false},"excerpt":{"rendered":"<p data-start=\"62\" data-end=\"410\">Die <strong data-start=\"66\" data-end=\"90\">SC\/UPC-ST\/UPC-OM3-DX<\/strong> ist eine <strong data-start=\"96\" data-end=\"131\">Duplex OM3 Multimode-Patchkabel<\/strong> entwickelt zur \u00dcberbr\u00fcckung <strong data-start=\"151\" data-end=\"191\">alte ST-basierte Glasfaserinfrastruktur<\/strong> mit <strong data-start=\"197\" data-end=\"228\">moderne SC-Netzwerkausr\u00fcstung<\/strong>. Verwendung von <strong data-start=\"236\" data-end=\"275\">Laser-optimierte 50\/125 \u03bcm OM3-Faser<\/strong>, liefert sie die erforderliche Bandbreite f\u00fcr <strong data-start=\"316\" data-end=\"340\">10G- und 40G-Ethernet<\/strong> unter Beibehaltung der vollen Kompatibilit\u00e4t mit bestehenden Multimode-Systemen.<\/p>\n<p data-start=\"412\" data-end=\"605\">Diese hybride Steckverbinderkonstruktion macht sie zu einer praktischen Wahl f\u00fcr <strong data-start=\"473\" data-end=\"557\">Aufr\u00fcstung von Rechenzentren, Campusnetzwerken, Telekommunikationsr\u00e4umen und industriellen Glasfaserverbindungen<\/strong> wo alte und neue Ger\u00e4te zusammenarbeiten m\u00fcssen.<\/p>","protected":false},"featured_media":686,"comment_status":"open","ping_status":"closed","template":"","meta":[],"product_brand":[],"product_cat":[44],"product_tag":[],"class_list":{"0":"post-685","1":"product","2":"type-product","3":"status-publish","4":"has-post-thumbnail","6":"product_cat-multimode-fiber-optic-patch-cord","8":"first","9":"instock","10":"shipping-taxable","11":"product-type-simple"},"_links":{"self":[{"href":"https:\/\/www.fenxifiber.com\/de\/wp-json\/wp\/v2\/product\/685","targetHints":{"allow":["GET"]}}],"collection":[{"href":"https:\/\/www.fenxifiber.com\/de\/wp-json\/wp\/v2\/product"}],"about":[{"href":"https:\/\/www.fenxifiber.com\/de\/wp-json\/wp\/v2\/types\/product"}],"replies":[{"embeddable":true,"href":"https:\/\/www.fenxifiber.com\/de\/wp-json\/wp\/v2\/comments?post=685"}],"wp:featuredmedia":[{"embeddable":true,"href":"https:\/\/www.fenxifiber.com\/de\/wp-json\/wp\/v2\/media\/686"}],"wp:attachment":[{"href":"https:\/\/www.fenxifiber.com\/de\/wp-json\/wp\/v2\/media?parent=685"}],"wp:term":[{"taxonomy":"product_brand","embeddable":true,"href":"https:\/\/www.fenxifiber.com\/de\/wp-json\/wp\/v2\/product_brand?post=685"},{"taxonomy":"product_cat","embeddable":true,"href":"https:\/\/www.fenxifiber.com\/de\/wp-json\/wp\/v2\/product_cat?post=685"},{"taxonomy":"product_tag","embeddable":true,"href":"https:\/\/www.fenxifiber.com\/de\/wp-json\/wp\/v2\/product_tag?post=685"}],"curies":[{"name":"wp","href":"https:\/\/api.w.org\/{rel}","templated":true}]}}