{"id":687,"date":"2026-02-03T07:02:57","date_gmt":"2026-02-03T07:02:57","guid":{"rendered":"https:\/\/www.fenxifiber.com\/?post_type=product&#038;p=687"},"modified":"2026-02-04T01:32:36","modified_gmt":"2026-02-04T01:32:36","slug":"lc-upc-st-upc-om3-dx","status":"publish","type":"product","link":"https:\/\/www.fenxifiber.com\/de\/product\/lc-upc-st-upc-om3-dx\/","title":{"rendered":"LC\/UPC-ST\/UPC-OM3-DX Multimode-Glasfaser-Patchkabel"},"content":{"rendered":"<h3 data-start=\"570\" data-end=\"622\"><strong data-start=\"574\" data-end=\"622\">Konzipiert f\u00fcr Glasfasernetze der verschiedenen Generationen<\/strong><\/h3>\n<p data-start=\"624\" data-end=\"938\">LC-Stecker sind jetzt Standard bei <strong data-start=\"658\" data-end=\"693\">SFP+-, QSFP- und QSFP-DD-Module<\/strong>, w\u00e4hrend ST-Steckverbinder nach wie vor weit verbreitet sind in <strong data-start=\"737\" data-end=\"798\">\u00e4ltere Campusnetzwerke, Telekommunikationsrahmen und Fabrikhallen<\/strong>. Diese hybride LC-ST-Konfiguration erm\u00f6glicht eine nahtlose Integration ohne Adapter, die eine <strong data-start=\"892\" data-end=\"937\">zus\u00e4tzliche Einf\u00fcgungsd\u00e4mpfung oder Reflexionspunkte<\/strong>.<\/p>\n<p data-start=\"940\" data-end=\"1073\">OM3-Faser bietet Ihnen <strong data-start=\"960\" data-end=\"998\">hohe Bandbreite und geringe D\u00e4mpfung<\/strong>, und eignet sich daher sowohl f\u00fcr <strong data-start=\"1028\" data-end=\"1048\">Netzwerk-Upgrades<\/strong> und <strong data-start=\"1053\" data-end=\"1072\">neue Eins\u00e4tze<\/strong>.<\/p>\n<hr data-start=\"1075\" data-end=\"1078\" \/>\n<h3 data-start=\"1080\" data-end=\"1118\"><strong data-start=\"1084\" data-end=\"1118\">\u00dcberblick \u00fcber die technische Leistung<\/strong><\/h3>\n<div class=\"TyagGW_tableContainer\">\n<div class=\"group TyagGW_tableWrapper flex flex-col-reverse w-fit\" tabindex=\"-1\">\n<table class=\"w-fit min-w-(--thread-content-width)\" data-start=\"1120\" data-end=\"1585\">\n<thead data-start=\"1120\" data-end=\"1160\">\n<tr data-start=\"1120\" data-end=\"1160\">\n<th class=\"\" data-start=\"1120\" data-end=\"1136\" data-col-size=\"sm\">Spezifikation<\/th>\n<th class=\"\" data-start=\"1136\" data-end=\"1160\" data-col-size=\"sm\">LC\/UPC-ST\/UPC-OM3-DX<\/th>\n<\/tr>\n<\/thead>\n<tbody data-start=\"1194\" data-end=\"1585\">\n<tr data-start=\"1194\" data-end=\"1234\">\n<td data-start=\"1194\" data-end=\"1207\" data-col-size=\"sm\">Faser-Typ<\/td>\n<td data-start=\"1207\" data-end=\"1234\" data-col-size=\"sm\">OM3 Multimode 50\/125 \u03bcm<\/td>\n<\/tr>\n<tr data-start=\"1235\" data-end=\"1266\">\n<td data-start=\"1235\" data-end=\"1251\" data-col-size=\"sm\">Konfiguration<\/td>\n<td data-start=\"1251\" data-end=\"1266\" data-col-size=\"sm\">Duplex (DX)<\/td>\n<\/tr>\n<tr data-start=\"1267\" data-end=\"1293\">\n<td data-start=\"1267\" data-end=\"1281\" data-col-size=\"sm\">Anschluss A<\/td>\n<td data-start=\"1281\" data-end=\"1293\" data-col-size=\"sm\">LC \/ UPC<\/td>\n<\/tr>\n<tr data-start=\"1294\" data-end=\"1320\">\n<td data-start=\"1294\" data-end=\"1308\" data-col-size=\"sm\">Anschluss B<\/td>\n<td data-start=\"1308\" data-end=\"1320\" data-col-size=\"sm\">ST \/ UPC<\/td>\n<\/tr>\n<tr data-start=\"1321\" data-end=\"1364\">\n<td data-start=\"1321\" data-end=\"1344\" data-col-size=\"sm\">Betriebswellenl\u00e4nge<\/td>\n<td data-start=\"1344\" data-end=\"1364\" data-col-size=\"sm\">850 nm \/ 1300 nm<\/td>\n<\/tr>\n<tr data-start=\"1365\" data-end=\"1401\">\n<td data-start=\"1365\" data-end=\"1386\" data-col-size=\"sm\">Bandbreite @ 850 nm<\/td>\n<td data-start=\"1386\" data-end=\"1401\" data-col-size=\"sm\">2000 MHz-km<\/td>\n<\/tr>\n<tr data-start=\"1402\" data-end=\"1432\">\n<td data-start=\"1402\" data-end=\"1419\" data-col-size=\"sm\">Einf\u00fcged\u00e4mpfung<\/td>\n<td data-start=\"1419\" data-end=\"1432\" data-col-size=\"sm\">\u2264 0,30 dB<\/td>\n<\/tr>\n<tr data-start=\"1433\" data-end=\"1458\">\n<td data-start=\"1433\" data-end=\"1447\" data-col-size=\"sm\">R\u00fcckflussd\u00e4mpfung<\/td>\n<td data-col-size=\"sm\" data-start=\"1447\" data-end=\"1458\">\u2265 30 dB<\/td>\n<\/tr>\n<tr data-start=\"1459\" data-end=\"1489\">\n<td data-start=\"1459\" data-end=\"1474\" data-col-size=\"sm\">10G-Ethernet<\/td>\n<td data-start=\"1474\" data-end=\"1489\" data-col-size=\"sm\">bis zu 300 m<\/td>\n<\/tr>\n<tr data-start=\"1490\" data-end=\"1518\">\n<td data-start=\"1490\" data-end=\"1503\" data-col-size=\"sm\">40G \/ 100G<\/td>\n<td data-start=\"1503\" data-end=\"1518\" data-col-size=\"sm\">bis zu 100 m<\/td>\n<\/tr>\n<tr data-start=\"1519\" data-end=\"1543\">\n<td data-start=\"1519\" data-end=\"1528\" data-col-size=\"sm\">Jacke<\/td>\n<td data-col-size=\"sm\" data-start=\"1528\" data-end=\"1543\">LSZH oder PVC<\/td>\n<\/tr>\n<tr data-start=\"1544\" data-end=\"1585\">\n<td data-start=\"1544\" data-end=\"1556\" data-col-size=\"sm\">Normen<\/td>\n<td data-start=\"1556\" data-end=\"1585\" data-col-size=\"sm\">IEC, TIA-568, RoHS, REACH<\/td>\n<\/tr>\n<\/tbody>\n<\/table>\n<\/div>\n<\/div>\n<hr data-start=\"1587\" data-end=\"1590\" \/>\n<h3 data-start=\"1592\" data-end=\"1620\"><strong data-start=\"1596\" data-end=\"1620\">Typische Anwendungen<\/strong><\/h3>\n<ul data-start=\"1622\" data-end=\"1853\">\n<li data-start=\"1622\" data-end=\"1673\">\n<p data-start=\"1624\" data-end=\"1673\"><strong data-start=\"1624\" data-end=\"1673\">Anschluss von SFP+\/QSFP-Ports an ST-Patchpanels<\/strong><\/p>\n<\/li>\n<li data-start=\"1674\" data-end=\"1723\">\n<p data-start=\"1676\" data-end=\"1723\"><strong data-start=\"1676\" data-end=\"1723\">Aufr\u00fcstung von Rechenzentren und Unternehmensnetzen<\/strong><\/p>\n<\/li>\n<li data-start=\"1724\" data-end=\"1765\">\n<p data-start=\"1726\" data-end=\"1765\"><strong data-start=\"1726\" data-end=\"1765\">Glasfaser-Backbones f\u00fcr Campus und Geb\u00e4ude<\/strong><\/p>\n<\/li>\n<li data-start=\"1766\" data-end=\"1814\">\n<p data-start=\"1768\" data-end=\"1814\"><strong data-start=\"1768\" data-end=\"1814\">Industrielles Ethernet und Automatisierungssysteme<\/strong><\/p>\n<\/li>\n<li data-start=\"1815\" data-end=\"1853\">\n<p data-start=\"1817\" data-end=\"1853\"><strong data-start=\"1817\" data-end=\"1853\">Telekommunikations- und \u00dcberwachungsanlagen<\/strong><\/p>\n<\/li>\n<\/ul>\n<p data-start=\"1855\" data-end=\"1958\">OM3-Faser gew\u00e4hrleistet <strong data-start=\"1873\" data-end=\"1916\">stabile, latenzarme Signal\u00fcbertragung<\/strong> auch in dichten oder schnellen Umgebungen.<\/p>\n<hr data-start=\"1960\" data-end=\"1963\" \/>\n<h3 data-start=\"1965\" data-end=\"2015\"><strong data-start=\"1969\" data-end=\"2015\">Pr\u00e4zisionsbauweise f\u00fcr verl\u00e4ssliche optische Verbindungen<\/strong><\/h3>\n<p data-start=\"2017\" data-end=\"2315\">Jeder LC-ST OM3-Jumper wird mit <strong data-start=\"2059\" data-end=\"2117\">Hochwertige Keramikh\u00fclsen und UPC-geschliffene Endfl\u00e4chen<\/strong>, und dann getestet auf <strong data-start=\"2135\" data-end=\"2189\">Einf\u00fcgungsd\u00e4mpfung, R\u00fcckflussd\u00e4mpfung und Endfl\u00e4chengeometrie<\/strong>. Dies f\u00fchrt zu <strong data-start=\"2207\" data-end=\"2270\">saubere Lichtwege, geringe Reflexion und lange Haltbarkeit<\/strong>, auch bei h\u00e4ufigem Ein- und Ausstecken.<\/p>\n<p data-start=\"2317\" data-end=\"2434\">Die <strong data-start=\"2321\" data-end=\"2343\">Option LSZH-Jacke<\/strong> erf\u00fcllt auch moderne <strong data-start=\"2362\" data-end=\"2404\">Anforderungen an den Brandschutz und die Raucharmut<\/strong> f\u00fcr kommerzielle Installationen.<\/p>\n<hr data-start=\"2436\" data-end=\"2439\" \/>\n<h2 data-start=\"2441\" data-end=\"2464\"><strong data-start=\"2444\" data-end=\"2464\">Fachliche Fragen und Antworten<\/strong><\/h2>\n<p data-start=\"2466\" data-end=\"2598\"><strong data-start=\"2466\" data-end=\"2513\">Q1: Ist OM3 f\u00fcr 40G- und 100G-Verbindungen geeignet?<\/strong><br data-start=\"2513\" data-end=\"2516\" \/>Ja. OM3 unterst\u00fctzt <strong data-start=\"2534\" data-end=\"2567\">40G und 100G bis zu 100 Meter<\/strong> unter Verwendung einer 850-nm-Multimode-Optik.<\/p>\n<p data-start=\"2600\" data-end=\"2783\"><strong data-start=\"2600\" data-end=\"2637\">F2: Warum sollten LC- und ST-Stecker gemischt werden?<\/strong><br data-start=\"2637\" data-end=\"2640\" \/>LC verbindet sich direkt mit <strong data-start=\"2664\" data-end=\"2687\">moderne Sende- und Empfangsger\u00e4te<\/strong>, w\u00e4hrend ST Schnittstellen mit <strong data-start=\"2714\" data-end=\"2751\">\u00e4ltere oder industrielle Fasersysteme<\/strong>-Dieses Kabel \u00fcberbr\u00fcckt beide Welten.<\/p>\n<p data-start=\"2785\" data-end=\"2936\"><strong data-start=\"2785\" data-end=\"2832\">F3: Verbessert das Polieren von UPC die Leistung?<\/strong><br data-start=\"2832\" data-end=\"2835\" \/>Ja. UPC minimiert die R\u00fcckreflexion und erh\u00e4lt die <strong data-start=\"2884\" data-end=\"2907\">R\u00fcckflussd\u00e4mpfung \u2265 30 dB<\/strong>, zur Verbesserung der Signalstabilit\u00e4t.<\/p>\n<p data-start=\"2938\" data-end=\"3124\"><strong data-start=\"2938\" data-end=\"2990\">F4: Kann dies in industriellen Umgebungen verwendet werden?<\/strong><br data-start=\"2990\" data-end=\"2993\" \/>Ganz genau. Die <strong data-start=\"3009\" data-end=\"3028\">ST-Bajonettverschluss<\/strong> bietet eine hervorragende Vibrationsfestigkeit, w\u00e4hrend die LC-Seite eine hohe Anschlussdichte gew\u00e4hrleistet.<\/p>","protected":false},"excerpt":{"rendered":"<p data-start=\"62\" data-end=\"410\">Die <strong data-start=\"66\" data-end=\"90\">LC\/UPC-ST\/UPC-OM3-DX<\/strong> ist eine <strong data-start=\"96\" data-end=\"133\">Duplex-OM3-Multimode-Glasfaser-Br\u00fccke<\/strong> entwickelt, um zu verbinden <strong data-start=\"156\" data-end=\"189\">kompakte LC-basierte Transceiver<\/strong> mit <strong data-start=\"195\" data-end=\"226\">ST-terminierte Fasersysteme<\/strong>. Es ist eine intelligente L\u00f6sung f\u00fcr Umgebungen, in denen <strong data-start=\"273\" data-end=\"304\">moderne Switches und Server<\/strong> muss eine Schnittstelle zu <strong data-start=\"325\" data-end=\"365\">\u00e4ltere oder industrielle ST-Patch-Panels<\/strong> ohne Einbu\u00dfen bei der Geschwindigkeit oder Signalqualit\u00e4t.<\/p>\n<p data-start=\"412\" data-end=\"563\">Mit <strong data-start=\"417\" data-end=\"456\">OM3 50\/125 \u03bcm Laser-optimierte Faser<\/strong>, ist dieses Kabel in der Lage, Folgendes zu unterst\u00fctzen <strong data-start=\"500\" data-end=\"543\">10G, 40G und 100G Short-Reach-Ethernet<\/strong> \u00fcber 850-nm-Optik.<\/p>","protected":false},"featured_media":688,"comment_status":"open","ping_status":"closed","template":"","meta":[],"product_brand":[],"product_cat":[44],"product_tag":[],"class_list":{"0":"post-687","1":"product","2":"type-product","3":"status-publish","4":"has-post-thumbnail","6":"product_cat-multimode-fiber-optic-patch-cord","8":"first","9":"instock","10":"shipping-taxable","11":"product-type-simple"},"_links":{"self":[{"href":"https:\/\/www.fenxifiber.com\/de\/wp-json\/wp\/v2\/product\/687","targetHints":{"allow":["GET"]}}],"collection":[{"href":"https:\/\/www.fenxifiber.com\/de\/wp-json\/wp\/v2\/product"}],"about":[{"href":"https:\/\/www.fenxifiber.com\/de\/wp-json\/wp\/v2\/types\/product"}],"replies":[{"embeddable":true,"href":"https:\/\/www.fenxifiber.com\/de\/wp-json\/wp\/v2\/comments?post=687"}],"wp:featuredmedia":[{"embeddable":true,"href":"https:\/\/www.fenxifiber.com\/de\/wp-json\/wp\/v2\/media\/688"}],"wp:attachment":[{"href":"https:\/\/www.fenxifiber.com\/de\/wp-json\/wp\/v2\/media?parent=687"}],"wp:term":[{"taxonomy":"product_brand","embeddable":true,"href":"https:\/\/www.fenxifiber.com\/de\/wp-json\/wp\/v2\/product_brand?post=687"},{"taxonomy":"product_cat","embeddable":true,"href":"https:\/\/www.fenxifiber.com\/de\/wp-json\/wp\/v2\/product_cat?post=687"},{"taxonomy":"product_tag","embeddable":true,"href":"https:\/\/www.fenxifiber.com\/de\/wp-json\/wp\/v2\/product_tag?post=687"}],"curies":[{"name":"wp","href":"https:\/\/api.w.org\/{rel}","templated":true}]}}