{"id":689,"date":"2026-02-03T07:04:43","date_gmt":"2026-02-03T07:04:43","guid":{"rendered":"https:\/\/www.fenxifiber.com\/?post_type=product&#038;p=689"},"modified":"2026-02-04T01:33:03","modified_gmt":"2026-02-04T01:33:03","slug":"fc-upc-sc-upc-om3-dx","status":"publish","type":"product","link":"https:\/\/www.fenxifiber.com\/de\/product\/fc-upc-sc-upc-om3-dx\/","title":{"rendered":"FC\/UPC-SC\/UPC-OM3-DX Multimode-Glasfaser-Patchkabel"},"content":{"rendered":"<h3 data-start=\"576\" data-end=\"608\"><strong data-start=\"580\" data-end=\"608\">Warum der Wechsel von FC zu SC sinnvoll ist<\/strong><\/h3>\n<p data-start=\"610\" data-end=\"919\">FC-Steckverbinder werden bevorzugt in <strong data-start=\"639\" data-end=\"685\">Messger\u00e4te und \u00dcbertragungsnetze<\/strong> weil ihre <strong data-start=\"700\" data-end=\"747\">verschraubter Metallk\u00f6rper verhindert Mikrobewegungen<\/strong> die zu optischer Instabilit\u00e4t f\u00fchren k\u00f6nnen.<br data-start=\"783\" data-end=\"786\" \/>SC-Steckverbinder sind dagegen Standard bei <strong data-start=\"830\" data-end=\"866\">ODFs, Patchfelder und Switches<\/strong> f\u00fcr ihre <strong data-start=\"877\" data-end=\"918\">Snap-in-Zuverl\u00e4ssigkeit und einfache Handhabung<\/strong>.<\/p>\n<p data-start=\"921\" data-end=\"1075\">Mit diesem Hybriddesign k\u00f6nnen Sie die <strong data-start=\"957\" data-end=\"987\">FC-Ger\u00e4te in Pr\u00e4zisionsausf\u00fchrung<\/strong> direkt an <strong data-start=\"1000\" data-end=\"1035\">SC-basierte Netzinfrastruktur<\/strong> ohne Adapter oder Signalverschlechterung.<\/p>\n<hr data-start=\"1077\" data-end=\"1080\" \/>\n<h3 data-start=\"1082\" data-end=\"1125\"><strong data-start=\"1086\" data-end=\"1125\">Optische und mechanische Spezifikationen<\/strong><\/h3>\n<div class=\"TyagGW_tableContainer\">\n<div class=\"group TyagGW_tableWrapper flex flex-col-reverse w-fit\" tabindex=\"-1\">\n<table class=\"w-fit min-w-(--thread-content-width)\" data-start=\"1127\" data-end=\"1588\">\n<thead data-start=\"1127\" data-end=\"1161\">\n<tr data-start=\"1127\" data-end=\"1161\">\n<th class=\"\" data-start=\"1127\" data-end=\"1137\" data-col-size=\"sm\">Merkmal<\/th>\n<th class=\"\" data-start=\"1137\" data-end=\"1161\" data-col-size=\"sm\">FC\/UPC-SC\/UPC-OM3-DX<\/th>\n<\/tr>\n<\/thead>\n<tbody data-start=\"1190\" data-end=\"1588\">\n<tr data-start=\"1190\" data-end=\"1230\">\n<td data-start=\"1190\" data-end=\"1203\" data-col-size=\"sm\">Faser-Typ<\/td>\n<td data-start=\"1203\" data-end=\"1230\" data-col-size=\"sm\">OM3 Multimode 50\/125 \u03bcm<\/td>\n<\/tr>\n<tr data-start=\"1231\" data-end=\"1260\">\n<td data-start=\"1231\" data-end=\"1245\" data-col-size=\"sm\">Anzahl der Fasern<\/td>\n<td data-col-size=\"sm\" data-start=\"1245\" data-end=\"1260\">Duplex (DX)<\/td>\n<\/tr>\n<tr data-start=\"1261\" data-end=\"1287\">\n<td data-start=\"1261\" data-end=\"1275\" data-col-size=\"sm\">Anschluss A<\/td>\n<td data-start=\"1275\" data-end=\"1287\" data-col-size=\"sm\">FC \/ UPC<\/td>\n<\/tr>\n<tr data-start=\"1288\" data-end=\"1314\">\n<td data-start=\"1288\" data-end=\"1302\" data-col-size=\"sm\">Anschluss B<\/td>\n<td data-start=\"1302\" data-end=\"1314\" data-col-size=\"sm\">SC \/ UPC<\/td>\n<\/tr>\n<tr data-start=\"1315\" data-end=\"1358\">\n<td data-start=\"1315\" data-end=\"1338\" data-col-size=\"sm\">Betriebswellenl\u00e4nge<\/td>\n<td data-start=\"1338\" data-end=\"1358\" data-col-size=\"sm\">850 nm \/ 1300 nm<\/td>\n<\/tr>\n<tr data-start=\"1359\" data-end=\"1395\">\n<td data-start=\"1359\" data-end=\"1380\" data-col-size=\"sm\">Bandbreite @ 850 nm<\/td>\n<td data-col-size=\"sm\" data-start=\"1380\" data-end=\"1395\">2000 MHz-km<\/td>\n<\/tr>\n<tr data-start=\"1396\" data-end=\"1426\">\n<td data-start=\"1396\" data-end=\"1413\" data-col-size=\"sm\">Einf\u00fcged\u00e4mpfung<\/td>\n<td data-start=\"1413\" data-end=\"1426\" data-col-size=\"sm\">\u2264 0,30 dB<\/td>\n<\/tr>\n<tr data-start=\"1427\" data-end=\"1452\">\n<td data-start=\"1427\" data-end=\"1441\" data-col-size=\"sm\">R\u00fcckflussd\u00e4mpfung<\/td>\n<td data-start=\"1441\" data-end=\"1452\" data-col-size=\"sm\">\u2265 30 dB<\/td>\n<\/tr>\n<tr data-start=\"1453\" data-end=\"1483\">\n<td data-start=\"1453\" data-end=\"1468\" data-col-size=\"sm\">10G-Ethernet<\/td>\n<td data-start=\"1468\" data-end=\"1483\" data-col-size=\"sm\">bis zu 300 m<\/td>\n<\/tr>\n<tr data-start=\"1484\" data-end=\"1512\">\n<td data-start=\"1484\" data-end=\"1497\" data-col-size=\"sm\">40G \/ 100G<\/td>\n<td data-col-size=\"sm\" data-start=\"1497\" data-end=\"1512\">bis zu 100 m<\/td>\n<\/tr>\n<tr data-start=\"1513\" data-end=\"1545\">\n<td data-start=\"1513\" data-end=\"1530\" data-col-size=\"sm\">Optionen f\u00fcr die Jacke<\/td>\n<td data-start=\"1530\" data-end=\"1545\" data-col-size=\"sm\">LSZH oder PVC<\/td>\n<\/tr>\n<tr data-start=\"1546\" data-end=\"1588\">\n<td data-start=\"1546\" data-end=\"1559\" data-col-size=\"sm\">Einhaltung der Vorschriften<\/td>\n<td data-start=\"1559\" data-end=\"1588\" data-col-size=\"sm\">IEC, TIA-568, RoHS, REACH<\/td>\n<\/tr>\n<\/tbody>\n<\/table>\n<\/div>\n<\/div>\n<hr data-start=\"1590\" data-end=\"1593\" \/>\n<h3 data-start=\"1595\" data-end=\"1631\"><strong data-start=\"1599\" data-end=\"1631\">Wo es \u00fcblicherweise eingesetzt wird<\/strong><\/h3>\n<ul data-start=\"1633\" data-end=\"1808\">\n<li data-start=\"1633\" data-end=\"1662\">\n<p data-start=\"1635\" data-end=\"1662\"><strong data-start=\"1635\" data-end=\"1662\">Telekommunikationszentralen<\/strong><\/p>\n<\/li>\n<li data-start=\"1663\" data-end=\"1706\">\n<p data-start=\"1665\" data-end=\"1706\"><strong data-start=\"1665\" data-end=\"1706\">OTDRs, Leistungsmesser und Pr\u00fcfst\u00e4nde<\/strong><\/p>\n<\/li>\n<li data-start=\"1707\" data-end=\"1739\">\n<p data-start=\"1709\" data-end=\"1739\"><strong data-start=\"1709\" data-end=\"1739\">Querverbindungen in Rechenzentren<\/strong><\/p>\n<\/li>\n<li data-start=\"1740\" data-end=\"1768\">\n<p data-start=\"1742\" data-end=\"1768\"><strong data-start=\"1742\" data-end=\"1768\">Campus-Glasfaser-Backbones<\/strong><\/p>\n<\/li>\n<li data-start=\"1769\" data-end=\"1808\">\n<p data-start=\"1771\" data-end=\"1808\"><strong data-start=\"1771\" data-end=\"1808\">Industrielle und Rundfunknetze<\/strong><\/p>\n<\/li>\n<\/ul>\n<p data-start=\"1810\" data-end=\"1914\">Die hohe Bandbreite von OM3 gew\u00e4hrleistet <strong data-start=\"1839\" data-end=\"1868\">saubere Signal\u00fcbertragung<\/strong> auch wenn mehrere Patch-Punkte betroffen sind.<\/p>\n<hr data-start=\"1916\" data-end=\"1919\" \/>\n<h3 data-start=\"1921\" data-end=\"1963\"><strong data-start=\"1925\" data-end=\"1963\">Entwickelt f\u00fcr optische Konsistenz<\/strong><\/h3>\n<p data-start=\"1965\" data-end=\"2208\">Jeder FC-SC OM3-Jumper ist zusammengesetzt mit <strong data-start=\"2005\" data-end=\"2052\">Keramikh\u00fclsen und UPC-geschliffene Endfl\u00e4chen<\/strong>, dann <strong data-start=\"2059\" data-end=\"2074\">100% getestet<\/strong> f\u00fcr Einf\u00fcgungsd\u00e4mpfung, Reflexion und Geometrie. Dies gew\u00e4hrleistet <strong data-start=\"2135\" data-end=\"2207\">geringe R\u00fcckreflexion, hohe Kopplungseffizienz und lange Nutzungsdauer<\/strong>.<\/p>\n<p data-start=\"2210\" data-end=\"2340\">Die <strong data-start=\"2214\" data-end=\"2236\">Option LSZH-Jacke<\/strong> trifft auf modern <strong data-start=\"2250\" data-end=\"2289\">Standards f\u00fcr Brandschutz und Raucharmut<\/strong> in Gesch\u00e4ftsgeb\u00e4uden und Rechenzentren erforderlich.<\/p>\n<hr data-start=\"2342\" data-end=\"2345\" \/>\n<h2 data-start=\"2347\" data-end=\"2370\"><strong data-start=\"2350\" data-end=\"2370\">Fachliche Fragen und Antworten<\/strong><\/h2>\n<p data-start=\"2372\" data-end=\"2544\"><strong data-start=\"2372\" data-end=\"2421\">Q1: Warum sollten FC-Steckverbinder in modernen Netzwerken verwendet werden?<\/strong><br data-start=\"2421\" data-end=\"2424\" \/>FC-Steckverbinder bieten <strong data-start=\"2444\" data-end=\"2469\">au\u00dfergew\u00f6hnliche Stabilit\u00e4t<\/strong> und werden immer noch h\u00e4ufig verwendet in <strong data-start=\"2499\" data-end=\"2543\">Testger\u00e4te und Carrier-Grade-Systeme<\/strong>.<\/p>\n<p data-start=\"2546\" data-end=\"2667\"><strong data-start=\"2546\" data-end=\"2584\">F2: Kann OM3 100G Ethernet unterst\u00fctzen?<\/strong><br data-start=\"2584\" data-end=\"2587\" \/>Ja. OM3 unterst\u00fctzt <strong data-start=\"2605\" data-end=\"2630\">100G bis zu 100 Meter<\/strong> mit 850-nm-Multimode-Transceivern.<\/p>\n<p data-start=\"2669\" data-end=\"2804\"><strong data-start=\"2669\" data-end=\"2717\">F3: Ist dieses Kabel f\u00fcr Patchpanels geeignet?<\/strong><br data-start=\"2717\" data-end=\"2720\" \/>Ganz genau. Die <strong data-start=\"2736\" data-end=\"2746\">SC Ende<\/strong> direkt an Standardsteckdosen <strong data-start=\"2776\" data-end=\"2803\">ODFs und Netzwerk-Panels<\/strong>.<\/p>\n<p data-start=\"2806\" data-end=\"2947\"><strong data-start=\"2806\" data-end=\"2840\">F4: Ist das Polieren von UPC wichtig?<\/strong><br data-start=\"2840\" data-end=\"2843\" \/>Ja. UPC-Polieren verringert die Reflexion und erh\u00e4lt die <strong data-start=\"2895\" data-end=\"2918\">R\u00fcckflussd\u00e4mpfung \u2265 30 dB<\/strong>, zur Verbesserung der Zuverl\u00e4ssigkeit der Verbindungen.<\/p>","protected":false},"excerpt":{"rendered":"<p data-start=\"62\" data-end=\"431\">Die <strong data-start=\"66\" data-end=\"90\">FC\/UPC-SC\/UPC-OM3-DX<\/strong> ist eine <strong data-start=\"96\" data-end=\"131\">Duplex OM3 Multimode-Patchkabel<\/strong> entwickelt f\u00fcr Umgebungen, die eine <strong data-start=\"173\" data-end=\"251\">mechanische Stabilit\u00e4t auf der einen Seite und hohe Anschlussdichte auf der anderen Seite<\/strong>. Mit einer <strong data-start=\"260\" data-end=\"285\">FC-Stecker mit Gewinde<\/strong> gepaart mit einem <strong data-start=\"298\" data-end=\"324\">Push-Pull SC-Schnittstelle<\/strong>, wird dieses Kabel h\u00e4ufig verwendet in <strong data-start=\"355\" data-end=\"430\">Telekommunikationsr\u00e4ume, optische Testaufbauten und Verteiler f\u00fcr Rechenzentren<\/strong>.<\/p>\n<p data-start=\"433\" data-end=\"569\">Gebaut mit <strong data-start=\"444\" data-end=\"483\">50\/125 \u03bcm Laser-optimierte OM3-Faser<\/strong>, unterst\u00fctzt es vollst\u00e4ndig <strong data-start=\"503\" data-end=\"534\">10G-, 40G- und 100G-Ethernet<\/strong> \u00fcber kurzreichweitige Multimode-Optik.<\/p>","protected":false},"featured_media":690,"comment_status":"open","ping_status":"closed","template":"","meta":[],"product_brand":[],"product_cat":[44],"product_tag":[],"class_list":{"0":"post-689","1":"product","2":"type-product","3":"status-publish","4":"has-post-thumbnail","6":"product_cat-multimode-fiber-optic-patch-cord","8":"first","9":"instock","10":"shipping-taxable","11":"product-type-simple"},"_links":{"self":[{"href":"https:\/\/www.fenxifiber.com\/de\/wp-json\/wp\/v2\/product\/689","targetHints":{"allow":["GET"]}}],"collection":[{"href":"https:\/\/www.fenxifiber.com\/de\/wp-json\/wp\/v2\/product"}],"about":[{"href":"https:\/\/www.fenxifiber.com\/de\/wp-json\/wp\/v2\/types\/product"}],"replies":[{"embeddable":true,"href":"https:\/\/www.fenxifiber.com\/de\/wp-json\/wp\/v2\/comments?post=689"}],"wp:featuredmedia":[{"embeddable":true,"href":"https:\/\/www.fenxifiber.com\/de\/wp-json\/wp\/v2\/media\/690"}],"wp:attachment":[{"href":"https:\/\/www.fenxifiber.com\/de\/wp-json\/wp\/v2\/media?parent=689"}],"wp:term":[{"taxonomy":"product_brand","embeddable":true,"href":"https:\/\/www.fenxifiber.com\/de\/wp-json\/wp\/v2\/product_brand?post=689"},{"taxonomy":"product_cat","embeddable":true,"href":"https:\/\/www.fenxifiber.com\/de\/wp-json\/wp\/v2\/product_cat?post=689"},{"taxonomy":"product_tag","embeddable":true,"href":"https:\/\/www.fenxifiber.com\/de\/wp-json\/wp\/v2\/product_tag?post=689"}],"curies":[{"name":"wp","href":"https:\/\/api.w.org\/{rel}","templated":true}]}}