{"id":692,"date":"2026-02-03T07:06:07","date_gmt":"2026-02-03T07:06:07","guid":{"rendered":"https:\/\/www.fenxifiber.com\/?post_type=product&#038;p=692"},"modified":"2026-02-04T01:33:31","modified_gmt":"2026-02-04T01:33:31","slug":"lc-upc-sc-upc-om3-dx","status":"publish","type":"product","link":"https:\/\/www.fenxifiber.com\/de\/product\/lc-upc-sc-upc-om3-dx\/","title":{"rendered":"LC\/UPC-SC\/UPC-OM3-DX Multimode-Glasfaser-Patchkabel"},"content":{"rendered":"<h3 data-start=\"631\" data-end=\"677\"><strong data-start=\"635\" data-end=\"677\">Optimiert f\u00fcr Mixed-Interface-Netzwerke<\/strong><\/h3>\n<p data-start=\"679\" data-end=\"983\">LC-Stecker dominieren <strong data-start=\"702\" data-end=\"737\">SFP+-, QSFP- und QSFP-DD-Module<\/strong>, w\u00e4hrend SC-Steckverbinder weiterhin Standard in <strong data-start=\"778\" data-end=\"803\">ODFs und Faserplatten<\/strong>. Diese LC-zu-SC-Konfiguration macht Adapter \u00fcberfl\u00fcssig, die zu einer <strong data-start=\"885\" data-end=\"914\">zus\u00e4tzlicher Verlust und Reflexion<\/strong>, und h\u00e4lt die Signalqualit\u00e4t auch in <strong data-start=\"952\" data-end=\"982\">dichte Hochgeschwindigkeitsnetze<\/strong>.<\/p>\n<p data-start=\"985\" data-end=\"1092\">OM3-Fasern bieten die erforderliche Bandbreite f\u00fcr <strong data-start=\"1038\" data-end=\"1091\">Virtualisierung, Cloud Computing und KI-Workloads<\/strong>.<\/p>\n<hr data-start=\"1094\" data-end=\"1097\" \/>\n<h3 data-start=\"1099\" data-end=\"1127\"><strong data-start=\"1103\" data-end=\"1127\">Wichtige Leistungsdaten<\/strong><\/h3>\n<div class=\"TyagGW_tableContainer\">\n<div class=\"group TyagGW_tableWrapper flex flex-col-reverse w-fit\" tabindex=\"-1\">\n<table class=\"w-fit min-w-(--thread-content-width)\" data-start=\"1129\" data-end=\"1590\">\n<thead data-start=\"1129\" data-end=\"1165\">\n<tr data-start=\"1129\" data-end=\"1165\">\n<th class=\"\" data-start=\"1129\" data-end=\"1141\" data-col-size=\"sm\">Parameter<\/th>\n<th class=\"\" data-start=\"1141\" data-end=\"1165\" data-col-size=\"sm\">LC\/UPC-SC\/UPC-OM3-DX<\/th>\n<\/tr>\n<\/thead>\n<tbody data-start=\"1195\" data-end=\"1590\">\n<tr data-start=\"1195\" data-end=\"1235\">\n<td data-start=\"1195\" data-end=\"1208\" data-col-size=\"sm\">Faser-Typ<\/td>\n<td data-start=\"1208\" data-end=\"1235\" data-col-size=\"sm\">OM3 Multimode 50\/125 \u03bcm<\/td>\n<\/tr>\n<tr data-start=\"1236\" data-end=\"1265\">\n<td data-start=\"1236\" data-end=\"1250\" data-col-size=\"sm\">Anzahl der Fasern<\/td>\n<td data-start=\"1250\" data-end=\"1265\" data-col-size=\"sm\">Duplex (DX)<\/td>\n<\/tr>\n<tr data-start=\"1266\" data-end=\"1292\">\n<td data-start=\"1266\" data-end=\"1280\" data-col-size=\"sm\">Anschluss A<\/td>\n<td data-start=\"1280\" data-end=\"1292\" data-col-size=\"sm\">LC \/ UPC<\/td>\n<\/tr>\n<tr data-start=\"1293\" data-end=\"1319\">\n<td data-start=\"1293\" data-end=\"1307\" data-col-size=\"sm\">Anschluss B<\/td>\n<td data-start=\"1307\" data-end=\"1319\" data-col-size=\"sm\">SC \/ UPC<\/td>\n<\/tr>\n<tr data-start=\"1320\" data-end=\"1363\">\n<td data-start=\"1320\" data-end=\"1343\" data-col-size=\"sm\">Betriebswellenl\u00e4nge<\/td>\n<td data-col-size=\"sm\" data-start=\"1343\" data-end=\"1363\">850 nm \/ 1300 nm<\/td>\n<\/tr>\n<tr data-start=\"1364\" data-end=\"1400\">\n<td data-start=\"1364\" data-end=\"1385\" data-col-size=\"sm\">Bandbreite @ 850 nm<\/td>\n<td data-start=\"1385\" data-end=\"1400\" data-col-size=\"sm\">2000 MHz-km<\/td>\n<\/tr>\n<tr data-start=\"1401\" data-end=\"1431\">\n<td data-start=\"1401\" data-end=\"1418\" data-col-size=\"sm\">Einf\u00fcged\u00e4mpfung<\/td>\n<td data-start=\"1418\" data-end=\"1431\" data-col-size=\"sm\">\u2264 0,30 dB<\/td>\n<\/tr>\n<tr data-start=\"1432\" data-end=\"1457\">\n<td data-start=\"1432\" data-end=\"1446\" data-col-size=\"sm\">R\u00fcckflussd\u00e4mpfung<\/td>\n<td data-col-size=\"sm\" data-start=\"1446\" data-end=\"1457\">\u2265 30 dB<\/td>\n<\/tr>\n<tr data-start=\"1458\" data-end=\"1488\">\n<td data-start=\"1458\" data-end=\"1473\" data-col-size=\"sm\">10G-Ethernet<\/td>\n<td data-start=\"1473\" data-end=\"1488\" data-col-size=\"sm\">bis zu 300 m<\/td>\n<\/tr>\n<tr data-start=\"1489\" data-end=\"1517\">\n<td data-start=\"1489\" data-end=\"1502\" data-col-size=\"sm\">40G \/ 100G<\/td>\n<td data-start=\"1502\" data-end=\"1517\" data-col-size=\"sm\">bis zu 100 m<\/td>\n<\/tr>\n<tr data-start=\"1518\" data-end=\"1548\">\n<td data-start=\"1518\" data-end=\"1533\" data-col-size=\"sm\">Kabelmantel<\/td>\n<td data-start=\"1533\" data-end=\"1548\" data-col-size=\"sm\">LSZH oder PVC<\/td>\n<\/tr>\n<tr data-start=\"1549\" data-end=\"1590\">\n<td data-start=\"1549\" data-end=\"1561\" data-col-size=\"sm\">Normen<\/td>\n<td data-start=\"1561\" data-end=\"1590\" data-col-size=\"sm\">IEC, TIA-568, RoHS, REACH<\/td>\n<\/tr>\n<\/tbody>\n<\/table>\n<\/div>\n<\/div>\n<hr data-start=\"1592\" data-end=\"1595\" \/>\n<h3 data-start=\"1597\" data-end=\"1628\"><strong data-start=\"1601\" data-end=\"1628\">Was dieses Kabel auszeichnet<\/strong><\/h3>\n<ul data-start=\"1630\" data-end=\"1817\">\n<li data-start=\"1630\" data-end=\"1677\">\n<p data-start=\"1632\" data-end=\"1677\"><strong data-start=\"1632\" data-end=\"1677\">Switch-zu-ODF- und Patchpanel-Verbindungen<\/strong><\/p>\n<\/li>\n<li data-start=\"1678\" data-end=\"1710\">\n<p data-start=\"1680\" data-end=\"1710\"><strong data-start=\"1680\" data-end=\"1710\">Querverbindungen in Rechenzentren<\/strong><\/p>\n<\/li>\n<li data-start=\"1711\" data-end=\"1741\">\n<p data-start=\"1713\" data-end=\"1741\"><strong data-start=\"1713\" data-end=\"1741\">Unternehmens-LAN-Backbones<\/strong><\/p>\n<\/li>\n<li data-start=\"1742\" data-end=\"1775\">\n<p data-start=\"1744\" data-end=\"1775\"><strong data-start=\"1744\" data-end=\"1775\">Telekommunikationsverteiler<\/strong><\/p>\n<\/li>\n<li data-start=\"1776\" data-end=\"1817\">\n<p data-start=\"1778\" data-end=\"1817\"><strong data-start=\"1778\" data-end=\"1817\">Hochgeschwindigkeits-Server- und Speicherverbindungen<\/strong><\/p>\n<\/li>\n<\/ul>\n<p data-start=\"1819\" data-end=\"1934\">Die geringe D\u00e4mpfung und die hohe modale Bandbreite von OM3 gew\u00e4hrleisten <strong data-start=\"1873\" data-end=\"1908\">stabile, latenzarme Leistung<\/strong> \u00fcber Kurzstreckenverbindungen.<\/p>\n<hr data-start=\"1936\" data-end=\"1939\" \/>\n<h3 data-start=\"1941\" data-end=\"1993\"><strong data-start=\"1945\" data-end=\"1993\">Pr\u00e4zisionsmontage f\u00fcr Langzeitzuverl\u00e4ssigkeit<\/strong><\/h3>\n<p data-start=\"1995\" data-end=\"2258\">Jedes LC-SC OM3-Patchkabel wird hergestellt mit <strong data-start=\"2043\" data-end=\"2118\">Keramikh\u00fclsen, UPC-geschliffene Endfl\u00e4chen und strenge optische Kontrolle<\/strong>. Jedes Ger\u00e4t wird getestet auf <strong data-start=\"2144\" data-end=\"2189\">Einf\u00fcgungsd\u00e4mpfung, R\u00fcckflussd\u00e4mpfung und Geometrie<\/strong>, und gew\u00e4hrleistet <strong data-start=\"2200\" data-end=\"2257\">gleichm\u00e4\u00dfige Lichteinkopplung und minimale R\u00fcckreflexion<\/strong>.<\/p>\n<p data-start=\"2260\" data-end=\"2386\">Die <strong data-start=\"2264\" data-end=\"2286\">Option LSZH-Jacke<\/strong> unterst\u00fctzt moderne <strong data-start=\"2303\" data-end=\"2344\">Brandschutz- und Rauchfreiheitsvorschriften<\/strong> in Gesch\u00e4ftsgeb\u00e4uden und Rechenzentren.<\/p>\n<hr data-start=\"2388\" data-end=\"2391\" \/>\n<h2 data-start=\"2393\" data-end=\"2416\"><strong data-start=\"2396\" data-end=\"2416\">Fachliche Fragen und Antworten<\/strong><\/h2>\n<p data-start=\"2418\" data-end=\"2586\"><strong data-start=\"2418\" data-end=\"2475\">Q1: Ist OM3 immer noch eine gute Wahl f\u00fcr neue Installationen?<\/strong><br data-start=\"2475\" data-end=\"2478\" \/>Ja. OM3 bleibt ein <strong data-start=\"2497\" data-end=\"2521\">weit verbreiteter Standard<\/strong> f\u00fcr <strong data-start=\"2526\" data-end=\"2564\">10G-, 40G- und 100G-Multimode-Verbindungen<\/strong> bis zu 100-300 Meter.<\/p>\n<p data-start=\"2588\" data-end=\"2733\"><strong data-start=\"2588\" data-end=\"2644\">F2: Kann dieses Kabel direkt an SFP+ Module angeschlossen werden?<\/strong><br data-start=\"2644\" data-end=\"2647\" \/>Ja. Die <strong data-start=\"2656\" data-end=\"2666\">LC Ende<\/strong> wird direkt in die <strong data-start=\"2687\" data-end=\"2732\">SFP-, SFP+-, QSFP- und QSFP-DD-Transceiver<\/strong>.<\/p>\n<p data-start=\"2735\" data-end=\"2904\"><strong data-start=\"2735\" data-end=\"2789\">F3: Warum nicht Adapter anstelle von Hybridkabeln verwenden?<\/strong><br data-start=\"2789\" data-end=\"2792\" \/>Hybridkabel reduzieren <strong data-start=\"2813\" data-end=\"2834\">Verbindungspunkte<\/strong>, Senken <strong data-start=\"2845\" data-end=\"2903\">Einf\u00fcgungsd\u00e4mpfung, Reflexion und langfristiges Ausfallrisiko<\/strong>.<\/p>\n<p data-start=\"2906\" data-end=\"3049\"><strong data-start=\"2906\" data-end=\"2941\">F4: Was bewirkt das Polieren von UPC?<\/strong><br data-start=\"2941\" data-end=\"2944\" \/>UPC-Polieren verbessert <strong data-start=\"2967\" data-end=\"2991\">R\u00fcckflussd\u00e4mpfung (\u226530 dB)<\/strong>, Dadurch wird die R\u00fcckreflexion verringert und die Signalstabilit\u00e4t verbessert.<\/p>","protected":false},"excerpt":{"rendered":"<p data-start=\"62\" data-end=\"446\">Die <strong data-start=\"66\" data-end=\"90\">LC\/UPC-SC\/UPC-OM3-DX<\/strong> ist eine <strong data-start=\"96\" data-end=\"133\">Duplex-OM3-Multimode-Glasfaser-Br\u00fccke<\/strong> konzipiert f\u00fcr <strong data-start=\"147\" data-end=\"181\">High-Density-Netzwerkausr\u00fcstung<\/strong> an einem Ende und <strong data-start=\"197\" data-end=\"225\">Standard-SC-Patch-Panels<\/strong> auf der anderen Seite. Sie bildet eine saubere, verlustarme optische Br\u00fccke zwischen <strong data-start=\"293\" data-end=\"321\">moderne Sende- und Empfangsger\u00e4te (LC)<\/strong> und <strong data-start=\"326\" data-end=\"366\">traditionelle Verteilerk\u00e4sten (SC)<\/strong>, und damit ideal f\u00fcr <strong data-start=\"388\" data-end=\"445\">Rechenzentren, Unternehmens-Backbones und Telekommunikationsr\u00e4ume<\/strong>.<\/p>\n<p data-start=\"448\" data-end=\"624\">Mit <strong data-start=\"453\" data-end=\"492\">50\/125 \u03bcm Laser-optimierte OM3-Faser<\/strong>, unterst\u00fctzt dieses Patchkabel die heutigen <strong data-start=\"527\" data-end=\"556\">850 nm VCSEL-basierte Optik<\/strong>, und erm\u00f6glicht zuverl\u00e4ssige <strong data-start=\"576\" data-end=\"623\">10G-, 40G- und 100G-\u00dcbertragung mit kurzer Reichweite<\/strong>.<\/p>","protected":false},"featured_media":693,"comment_status":"open","ping_status":"closed","template":"","meta":[],"product_brand":[],"product_cat":[44],"product_tag":[],"class_list":{"0":"post-692","1":"product","2":"type-product","3":"status-publish","4":"has-post-thumbnail","6":"product_cat-multimode-fiber-optic-patch-cord","8":"first","9":"instock","10":"shipping-taxable","11":"product-type-simple"},"_links":{"self":[{"href":"https:\/\/www.fenxifiber.com\/de\/wp-json\/wp\/v2\/product\/692","targetHints":{"allow":["GET"]}}],"collection":[{"href":"https:\/\/www.fenxifiber.com\/de\/wp-json\/wp\/v2\/product"}],"about":[{"href":"https:\/\/www.fenxifiber.com\/de\/wp-json\/wp\/v2\/types\/product"}],"replies":[{"embeddable":true,"href":"https:\/\/www.fenxifiber.com\/de\/wp-json\/wp\/v2\/comments?post=692"}],"wp:featuredmedia":[{"embeddable":true,"href":"https:\/\/www.fenxifiber.com\/de\/wp-json\/wp\/v2\/media\/693"}],"wp:attachment":[{"href":"https:\/\/www.fenxifiber.com\/de\/wp-json\/wp\/v2\/media?parent=692"}],"wp:term":[{"taxonomy":"product_brand","embeddable":true,"href":"https:\/\/www.fenxifiber.com\/de\/wp-json\/wp\/v2\/product_brand?post=692"},{"taxonomy":"product_cat","embeddable":true,"href":"https:\/\/www.fenxifiber.com\/de\/wp-json\/wp\/v2\/product_cat?post=692"},{"taxonomy":"product_tag","embeddable":true,"href":"https:\/\/www.fenxifiber.com\/de\/wp-json\/wp\/v2\/product_tag?post=692"}],"curies":[{"name":"wp","href":"https:\/\/api.w.org\/{rel}","templated":true}]}}