{"id":698,"date":"2026-02-03T07:11:36","date_gmt":"2026-02-03T07:11:36","guid":{"rendered":"https:\/\/www.fenxifiber.com\/?post_type=product&#038;p=698"},"modified":"2026-02-04T01:34:43","modified_gmt":"2026-02-04T01:34:43","slug":"st-upc-st-upc-om3-dx","status":"publish","type":"product","link":"https:\/\/www.fenxifiber.com\/de\/product\/st-upc-st-upc-om3-dx\/","title":{"rendered":"ST\/UPC-ST\/UPC-OM3-DX Multimode-Glasfaser-Patchkabel"},"content":{"rendered":"<h3 data-start=\"616\" data-end=\"654\"><strong data-start=\"620\" data-end=\"654\">Warum ST-Steckverbinder immer noch wichtig sind<\/strong><\/h3>\n<p data-start=\"656\" data-end=\"993\">ST-Steckverbinder sind nach wie vor weit verbreitet in <strong data-start=\"692\" data-end=\"785\">Industrielles Ethernet, Campus-Backbones, Rundfunksysteme und \u00e4ltere Telekommunikationsanlagen<\/strong> weil ihre <strong data-start=\"800\" data-end=\"854\">Twist-Lock-Design verhindert versehentliches Trennen der Verbindung<\/strong>. Gepaart mit <strong data-start=\"873\" data-end=\"886\">OM3-Faser<\/strong>, wird dieser klassische Stecker zu einem <strong data-start=\"921\" data-end=\"954\">optische Hochleistungsverbindung<\/strong> die f\u00fcr moderne Daten\u00fcbertragungsraten geeignet sind.<\/p>\n<p data-start=\"995\" data-end=\"1107\">Damit ist das ST-ST OM3-Patchkabel ideal f\u00fcr <strong data-start=\"1041\" data-end=\"1106\">Erh\u00f6hung der Netzgeschwindigkeit ohne Austausch der alten ST-Hardware<\/strong>.<\/p>\n<hr data-start=\"1109\" data-end=\"1112\" \/>\n<h3 data-start=\"1114\" data-end=\"1157\"><strong data-start=\"1118\" data-end=\"1157\">Optische und mechanische Spezifikationen<\/strong><\/h3>\n<div class=\"TyagGW_tableContainer\">\n<div class=\"group TyagGW_tableWrapper flex flex-col-reverse w-fit\" tabindex=\"-1\">\n<table class=\"w-fit min-w-(--thread-content-width)\" data-start=\"1159\" data-end=\"1597\">\n<thead data-start=\"1159\" data-end=\"1190\">\n<tr data-start=\"1159\" data-end=\"1190\">\n<th class=\"\" data-start=\"1159\" data-end=\"1166\" data-col-size=\"sm\">Artikel<\/th>\n<th class=\"\" data-start=\"1166\" data-end=\"1190\" data-col-size=\"sm\">ST\/UPC-ST\/UPC-OM3-DX<\/th>\n<\/tr>\n<\/thead>\n<tbody data-start=\"1217\" data-end=\"1597\">\n<tr data-start=\"1217\" data-end=\"1257\">\n<td data-start=\"1217\" data-end=\"1230\" data-col-size=\"sm\">Faser-Typ<\/td>\n<td data-start=\"1230\" data-end=\"1257\" data-col-size=\"sm\">OM3 Multimode 50\/125 \u03bcm<\/td>\n<\/tr>\n<tr data-start=\"1258\" data-end=\"1289\">\n<td data-start=\"1258\" data-end=\"1274\" data-col-size=\"sm\">Konfiguration<\/td>\n<td data-start=\"1274\" data-end=\"1289\" data-col-size=\"sm\">Duplex (DX)<\/td>\n<\/tr>\n<tr data-start=\"1290\" data-end=\"1331\">\n<td data-start=\"1290\" data-end=\"1307\" data-col-size=\"sm\">Stecker Typ<\/td>\n<td data-col-size=\"sm\" data-start=\"1307\" data-end=\"1331\">ST \/ UPC nach ST \/ UPC<\/td>\n<\/tr>\n<tr data-start=\"1332\" data-end=\"1375\">\n<td data-start=\"1332\" data-end=\"1355\" data-col-size=\"sm\">Betriebswellenl\u00e4nge<\/td>\n<td data-start=\"1355\" data-end=\"1375\" data-col-size=\"sm\">850 nm \/ 1300 nm<\/td>\n<\/tr>\n<tr data-start=\"1376\" data-end=\"1412\">\n<td data-start=\"1376\" data-end=\"1397\" data-col-size=\"sm\">Bandbreite @ 850 nm<\/td>\n<td data-start=\"1397\" data-end=\"1412\" data-col-size=\"sm\">2000 MHz-km<\/td>\n<\/tr>\n<tr data-start=\"1413\" data-end=\"1443\">\n<td data-start=\"1413\" data-end=\"1430\" data-col-size=\"sm\">Einf\u00fcged\u00e4mpfung<\/td>\n<td data-start=\"1430\" data-end=\"1443\" data-col-size=\"sm\">\u2264 0,30 dB<\/td>\n<\/tr>\n<tr data-start=\"1444\" data-end=\"1469\">\n<td data-start=\"1444\" data-end=\"1458\" data-col-size=\"sm\">R\u00fcckflussd\u00e4mpfung<\/td>\n<td data-start=\"1458\" data-end=\"1469\" data-col-size=\"sm\">\u2265 30 dB<\/td>\n<\/tr>\n<tr data-start=\"1470\" data-end=\"1500\">\n<td data-start=\"1470\" data-end=\"1485\" data-col-size=\"sm\">10G-Ethernet<\/td>\n<td data-start=\"1485\" data-end=\"1500\" data-col-size=\"sm\">bis zu 300 m<\/td>\n<\/tr>\n<tr data-start=\"1501\" data-end=\"1529\">\n<td data-start=\"1501\" data-end=\"1514\" data-col-size=\"sm\">40G \/ 100G<\/td>\n<td data-start=\"1514\" data-end=\"1529\" data-col-size=\"sm\">bis zu 100 m<\/td>\n<\/tr>\n<tr data-start=\"1530\" data-end=\"1554\">\n<td data-start=\"1530\" data-end=\"1539\" data-col-size=\"sm\">Jacke<\/td>\n<td data-start=\"1539\" data-end=\"1554\" data-col-size=\"sm\">LSZH oder PVC<\/td>\n<\/tr>\n<tr data-start=\"1555\" data-end=\"1597\">\n<td data-start=\"1555\" data-end=\"1568\" data-col-size=\"sm\">Einhaltung der Vorschriften<\/td>\n<td data-start=\"1568\" data-end=\"1597\" data-col-size=\"sm\">IEC, TIA-568, RoHS, REACH<\/td>\n<\/tr>\n<\/tbody>\n<\/table>\n<\/div>\n<\/div>\n<hr data-start=\"1599\" data-end=\"1602\" \/>\n<h3 data-start=\"1604\" data-end=\"1627\"><strong data-start=\"1608\" data-end=\"1627\">Wo es verwendet wird<\/strong><\/h3>\n<ul data-start=\"1629\" data-end=\"1812\">\n<li data-start=\"1629\" data-end=\"1669\">\n<p data-start=\"1631\" data-end=\"1669\"><strong data-start=\"1631\" data-end=\"1669\">Industrielles Ethernet und Automatisierung<\/strong><\/p>\n<\/li>\n<li data-start=\"1670\" data-end=\"1706\">\n<p data-start=\"1672\" data-end=\"1706\"><strong data-start=\"1672\" data-end=\"1706\">Broadcast- und CCTV-Glasfaserverbindungen<\/strong><\/p>\n<\/li>\n<li data-start=\"1707\" data-end=\"1740\">\n<p data-start=\"1709\" data-end=\"1740\"><strong data-start=\"1709\" data-end=\"1740\">Telekommunikationsverteiler<\/strong><\/p>\n<\/li>\n<li data-start=\"1741\" data-end=\"1776\">\n<p data-start=\"1743\" data-end=\"1776\"><strong data-start=\"1743\" data-end=\"1776\">Backbones f\u00fcr Campus und Geb\u00e4ude<\/strong><\/p>\n<\/li>\n<li data-start=\"1777\" data-end=\"1812\">\n<p data-start=\"1779\" data-end=\"1812\"><strong data-start=\"1779\" data-end=\"1812\">Aufr\u00fcstung bestehender Glasfasernetze<\/strong><\/p>\n<\/li>\n<\/ul>\n<p data-start=\"1814\" data-end=\"1929\">OM3 gew\u00e4hrleistet <strong data-start=\"1826\" data-end=\"1864\">geringe D\u00e4mpfung und hohe Bandbreite<\/strong>, auch bei Einsatz in <strong data-start=\"1888\" data-end=\"1928\">\u00e4ltere ST-basierte Glasfaserinfrastrukturen<\/strong>.<\/p>\n<hr data-start=\"1931\" data-end=\"1934\" \/>\n<h3 data-start=\"1936\" data-end=\"1977\"><strong data-start=\"1940\" data-end=\"1977\">Gebaut f\u00fcr Stabilit\u00e4t und Langlebigkeit<\/strong><\/h3>\n<p data-start=\"1979\" data-end=\"2244\">Jeder ST-ST OM3-Jumper ist mit <strong data-start=\"2019\" data-end=\"2076\">Pr\u00e4zisionskeramikh\u00fclsen und UPC-geschliffene Endfl\u00e4chen<\/strong>, und dann vollst\u00e4ndig getestet auf <strong data-start=\"2100\" data-end=\"2132\">optischer Verlust und Reflexion<\/strong>. Das Ergebnis ist eine <strong data-start=\"2150\" data-end=\"2178\">sauberer, stabiler Lichtweg<\/strong> die zuverl\u00e4ssig bleibt durch <strong data-start=\"2209\" data-end=\"2243\">Tausende von Verbindungszyklen<\/strong>.<\/p>\n<p data-start=\"2246\" data-end=\"2393\">Die <strong data-start=\"2250\" data-end=\"2272\">Option LSZH-Jacke<\/strong> erf\u00fcllt auch moderne <strong data-start=\"2291\" data-end=\"2330\">Standards f\u00fcr Brandschutz und Raucharmut<\/strong>, und damit geeignet f\u00fcr <strong data-start=\"2355\" data-end=\"2392\">\u00f6ffentliche Geb\u00e4ude und Rechenzentren<\/strong>.<\/p>\n<hr data-start=\"2395\" data-end=\"2398\" \/>\n<h2 data-start=\"2400\" data-end=\"2423\"><strong data-start=\"2403\" data-end=\"2423\">Fachliche Fragen und Antworten<\/strong><\/h2>\n<p data-start=\"2425\" data-end=\"2589\"><strong data-start=\"2425\" data-end=\"2475\">F1: K\u00f6nnen ST-Steckverbinder Hochgeschwindigkeitsverbindungen verarbeiten?<\/strong><br data-start=\"2475\" data-end=\"2478\" \/>Ja. In Verbindung mit <strong data-start=\"2500\" data-end=\"2513\">OM3-Faser<\/strong>, ST-Stecker unterst\u00fctzen <strong data-start=\"2537\" data-end=\"2588\">10G-, 40G- und sogar 100G-Short-Reach-Verbindungen<\/strong>.<\/p>\n<p data-start=\"2591\" data-end=\"2746\"><strong data-start=\"2591\" data-end=\"2643\">F2: Ist OM3 r\u00fcckw\u00e4rtskompatibel mit OM2 und OM1?<\/strong><br data-start=\"2643\" data-end=\"2646\" \/>Ja. OM3 funktioniert mit \u00e4lteren Multimode-Ger\u00e4ten und bietet <strong data-start=\"2707\" data-end=\"2745\">wesentlich h\u00f6here Bandbreite f\u00fcr Upgrades<\/strong>.<\/p>\n<p data-start=\"2748\" data-end=\"2875\"><strong data-start=\"2748\" data-end=\"2781\">F3: Warum sollte ich mich f\u00fcr UPC polieren entscheiden?<\/strong><br data-start=\"2781\" data-end=\"2784\" \/>UPC reduziert die R\u00fcckreflexion und erh\u00e4lt die <strong data-start=\"2826\" data-end=\"2848\">R\u00fcckflussd\u00e4mpfung \u226530 dB<\/strong>, zur Verbesserung der Signalqualit\u00e4t.<\/p>\n<p data-start=\"2877\" data-end=\"3045\"><strong data-start=\"2877\" data-end=\"2933\">F4: Ist dieses Kabel f\u00fcr Fabrikumgebungen geeignet?<\/strong><br data-start=\"2933\" data-end=\"2936\" \/>Ganz genau. Die <strong data-start=\"2952\" data-end=\"2971\">ST-Bajonettverschluss<\/strong> bietet hervorragenden Widerstand gegen <strong data-start=\"3005\" data-end=\"3044\">Vibration und versehentliches Herausziehen des Netzsteckers<\/strong>.<\/p>","protected":false},"excerpt":{"rendered":"<p data-start=\"62\" data-end=\"453\">Die <strong data-start=\"66\" data-end=\"90\">ST\/UPC-ST\/UPC-OM3-DX<\/strong> ist eine <strong data-start=\"96\" data-end=\"137\">Duplex OM3 Multimode-Glasfaser-Patchkabel<\/strong> konzipiert f\u00fcr <strong data-start=\"151\" data-end=\"202\">robuste, vibrationsfeste optische Verbindungen<\/strong> in <strong data-start=\"206\" data-end=\"278\">Industrienetze, Telekommunikationsr\u00e4ume und alte Glasfaserinfrastrukturen<\/strong>. Mit <strong data-start=\"285\" data-end=\"328\">ST-Stecker mit Bajonettverschluss an beiden Enden<\/strong>, bietet dieses Kabel eine <strong data-start=\"352\" data-end=\"377\">sicherer mechanischer Sitz<\/strong> die auch in der Krise stabil bleibt <strong data-start=\"404\" data-end=\"452\">Umgebungen mit hoher Bewegung oder starker Vibration<\/strong>.<\/p>\n<p data-start=\"455\" data-end=\"609\">Gebaut mit <strong data-start=\"466\" data-end=\"505\">50\/125 \u03bcm Laser-optimierte OM3-Faser<\/strong>, liefert sie die erforderliche Bandbreite f\u00fcr <strong data-start=\"544\" data-end=\"575\">10G-, 40G- und 100G-Ethernet<\/strong> \u00fcber kurzreichweitige Multimode-Verbindungen.<\/p>","protected":false},"featured_media":699,"comment_status":"open","ping_status":"closed","template":"","meta":[],"product_brand":[],"product_cat":[44],"product_tag":[],"class_list":{"0":"post-698","1":"product","2":"type-product","3":"status-publish","4":"has-post-thumbnail","6":"product_cat-multimode-fiber-optic-patch-cord","8":"first","9":"instock","10":"shipping-taxable","11":"product-type-simple"},"_links":{"self":[{"href":"https:\/\/www.fenxifiber.com\/de\/wp-json\/wp\/v2\/product\/698","targetHints":{"allow":["GET"]}}],"collection":[{"href":"https:\/\/www.fenxifiber.com\/de\/wp-json\/wp\/v2\/product"}],"about":[{"href":"https:\/\/www.fenxifiber.com\/de\/wp-json\/wp\/v2\/types\/product"}],"replies":[{"embeddable":true,"href":"https:\/\/www.fenxifiber.com\/de\/wp-json\/wp\/v2\/comments?post=698"}],"wp:featuredmedia":[{"embeddable":true,"href":"https:\/\/www.fenxifiber.com\/de\/wp-json\/wp\/v2\/media\/699"}],"wp:attachment":[{"href":"https:\/\/www.fenxifiber.com\/de\/wp-json\/wp\/v2\/media?parent=698"}],"wp:term":[{"taxonomy":"product_brand","embeddable":true,"href":"https:\/\/www.fenxifiber.com\/de\/wp-json\/wp\/v2\/product_brand?post=698"},{"taxonomy":"product_cat","embeddable":true,"href":"https:\/\/www.fenxifiber.com\/de\/wp-json\/wp\/v2\/product_cat?post=698"},{"taxonomy":"product_tag","embeddable":true,"href":"https:\/\/www.fenxifiber.com\/de\/wp-json\/wp\/v2\/product_tag?post=698"}],"curies":[{"name":"wp","href":"https:\/\/api.w.org\/{rel}","templated":true}]}}