{"id":700,"date":"2026-02-03T07:17:09","date_gmt":"2026-02-03T07:17:09","guid":{"rendered":"https:\/\/www.fenxifiber.com\/?post_type=product&#038;p=700"},"modified":"2026-02-04T01:35:28","modified_gmt":"2026-02-04T01:35:28","slug":"fc-apc-fc-apc-gepanzert","status":"publish","type":"product","link":"https:\/\/www.fenxifiber.com\/de\/product\/fc-apc-fc-apc-armoured\/","title":{"rendered":"FC\/APC-FC\/APC Gepanzertes Single-Mode-Glasfaser-Patchkabel"},"content":{"rendered":"<h3 data-start=\"716\" data-end=\"755\"><strong data-start=\"720\" data-end=\"755\">Was dieses Kabel auszeichnet<\/strong><\/h3>\n<p data-start=\"757\" data-end=\"876\">Die meisten Patchkabel konzentrieren sich nur auf die optische Leistung.<br data-start=\"808\" data-end=\"811\" \/>Dieser ist gebaut f\u00fcr <strong data-start=\"833\" data-end=\"875\">optische Leistung und \u00dcberlebensf\u00e4higkeit<\/strong>.<\/p>\n<p data-start=\"878\" data-end=\"1234\">Die <strong data-start=\"882\" data-end=\"915\">APC (Angled Physical Contact)<\/strong> Aderendh\u00fclsen minimieren die R\u00fcckreflexion und machen das Kabel ideal f\u00fcr <strong data-start=\"978\" data-end=\"1003\">1550-nm-Lasersysteme<\/strong>, RF-\u00fcber-Glasfaser, und <strong data-start=\"1024\" data-end=\"1059\">optische Hochleistungs-\u00dcbertragung<\/strong>.<br data-start=\"1060\" data-end=\"1063\" \/>Die <strong data-start=\"1067\" data-end=\"1085\">Panzerschicht<\/strong> sch\u00fctzt die Faser gegen <strong data-start=\"1113\" data-end=\"1172\">Ziehen, Biegen, Nagetierbisse und Installationssch\u00e4den<\/strong> - ein gro\u00dfer Vorteil f\u00fcr <strong data-start=\"1197\" data-end=\"1233\">Einsatz im Freien oder in der Industrie<\/strong>.<\/p>\n<p data-start=\"1236\" data-end=\"1392\">Inzwischen ist die <strong data-start=\"1251\" data-end=\"1276\">FC-Gewindeanschluss<\/strong> sorgt daf\u00fcr, dass die Aderendh\u00fclse bleibt <strong data-start=\"1303\" data-end=\"1322\">eingerastet<\/strong>, Dadurch werden Mikrobewegungen verhindert, die die Signalqualit\u00e4t mit der Zeit verschlechtern k\u00f6nnen.<\/p>\n<hr data-start=\"1394\" data-end=\"1397\" \/>\n<h3 data-start=\"1399\" data-end=\"1431\"><strong data-start=\"1403\" data-end=\"1431\">Technische Daten<\/strong><\/h3>\n<div class=\"TyagGW_tableContainer\">\n<div class=\"group TyagGW_tableWrapper flex flex-col-reverse w-fit\" tabindex=\"-1\">\n<table class=\"w-fit min-w-(--thread-content-width)\" data-start=\"1433\" data-end=\"1977\">\n<thead data-start=\"1433\" data-end=\"1471\">\n<tr data-start=\"1433\" data-end=\"1471\">\n<th class=\"\" data-start=\"1433\" data-end=\"1445\" data-col-size=\"sm\">Parameter<\/th>\n<th class=\"\" data-start=\"1445\" data-end=\"1471\" data-col-size=\"md\">FC\/APC-FC\/APC Gepanzert<\/th>\n<\/tr>\n<\/thead>\n<tbody data-start=\"1500\" data-end=\"1977\">\n<tr data-start=\"1500\" data-end=\"1543\">\n<td data-start=\"1500\" data-end=\"1513\" data-col-size=\"sm\">Faser-Typ<\/td>\n<td data-start=\"1513\" data-end=\"1543\" data-col-size=\"md\">Einmoden-OS2 (9\/125 \u03bcm)<\/td>\n<\/tr>\n<tr data-start=\"1544\" data-end=\"1570\">\n<td data-start=\"1544\" data-end=\"1558\" data-col-size=\"sm\">Anschluss A<\/td>\n<td data-col-size=\"md\" data-start=\"1558\" data-end=\"1570\">FC \/ APC<\/td>\n<\/tr>\n<tr data-start=\"1571\" data-end=\"1597\">\n<td data-start=\"1571\" data-end=\"1585\" data-col-size=\"sm\">Anschluss B<\/td>\n<td data-start=\"1585\" data-end=\"1597\" data-col-size=\"md\">FC \/ APC<\/td>\n<\/tr>\n<tr data-start=\"1598\" data-end=\"1631\">\n<td data-start=\"1598\" data-end=\"1612\" data-col-size=\"sm\">Polnischer Typ<\/td>\n<td data-start=\"1612\" data-end=\"1631\" data-col-size=\"md\">APC (8\u00b0 abgewinkelt)<\/td>\n<\/tr>\n<tr data-start=\"1632\" data-end=\"1688\">\n<td data-start=\"1632\" data-end=\"1650\" data-col-size=\"sm\">Struktur der Kabel<\/td>\n<td data-start=\"1650\" data-end=\"1688\" data-col-size=\"md\">Gepanzert (Stahl oder Aluminiumlegierung)<\/td>\n<\/tr>\n<tr data-start=\"1689\" data-end=\"1733\">\n<td data-start=\"1689\" data-end=\"1712\" data-col-size=\"sm\">Betriebswellenl\u00e4nge<\/td>\n<td data-start=\"1712\" data-end=\"1733\" data-col-size=\"md\">1310 nm \/ 1550 nm<\/td>\n<\/tr>\n<tr data-start=\"1734\" data-end=\"1764\">\n<td data-start=\"1734\" data-end=\"1751\" data-col-size=\"sm\">Einf\u00fcged\u00e4mpfung<\/td>\n<td data-start=\"1751\" data-end=\"1764\" data-col-size=\"md\">\u2264 0,30 dB<\/td>\n<\/tr>\n<tr data-start=\"1765\" data-end=\"1796\">\n<td data-start=\"1765\" data-end=\"1779\" data-col-size=\"sm\">R\u00fcckflussd\u00e4mpfung<\/td>\n<td data-start=\"1779\" data-end=\"1796\" data-col-size=\"md\">\u2265 60 dB (APC)<\/td>\n<\/tr>\n<tr data-start=\"1797\" data-end=\"1835\">\n<td data-start=\"1797\" data-end=\"1811\" data-col-size=\"sm\">Biegeradius<\/td>\n<td data-start=\"1811\" data-end=\"1835\" data-col-size=\"md\">\u2265 10\u00d7 Kabeldurchmesser<\/td>\n<\/tr>\n<tr data-start=\"1836\" data-end=\"1905\">\n<td data-start=\"1836\" data-end=\"1855\" data-col-size=\"sm\">Zugfestigkeit<\/td>\n<td data-start=\"1855\" data-end=\"1905\" data-col-size=\"md\">Erheblich h\u00f6her als bei Standard-Patchkabeln<\/td>\n<\/tr>\n<tr data-start=\"1906\" data-end=\"1934\">\n<td data-start=\"1906\" data-end=\"1915\" data-col-size=\"sm\">Jacke<\/td>\n<td data-start=\"1915\" data-end=\"1934\" data-col-size=\"md\">LSZH \/ PVC \/ PE<\/td>\n<\/tr>\n<tr data-start=\"1935\" data-end=\"1977\">\n<td data-start=\"1935\" data-end=\"1948\" data-col-size=\"sm\">Einhaltung der Vorschriften<\/td>\n<td data-start=\"1948\" data-end=\"1977\" data-col-size=\"md\">IEC, TIA-568, RoHS, REACH<\/td>\n<\/tr>\n<\/tbody>\n<\/table>\n<\/div>\n<\/div>\n<hr data-start=\"1979\" data-end=\"1982\" \/>\n<h3 data-start=\"1984\" data-end=\"2016\"><strong data-start=\"1988\" data-end=\"2016\">Wo dieses Kabel verwendet wird<\/strong><\/h3>\n<ul data-start=\"2018\" data-end=\"2218\">\n<li data-start=\"2018\" data-end=\"2054\">\n<p data-start=\"2020\" data-end=\"2054\"><strong data-start=\"2020\" data-end=\"2054\">FTTx &amp; Telekommunikationszentralen<\/strong><\/p>\n<\/li>\n<li data-start=\"2055\" data-end=\"2090\">\n<p data-start=\"2057\" data-end=\"2090\"><strong data-start=\"2057\" data-end=\"2090\">CATV- und RF-\u00fcber-Glasfaser-Netze<\/strong><\/p>\n<\/li>\n<li data-start=\"2091\" data-end=\"2118\">\n<p data-start=\"2093\" data-end=\"2118\"><strong data-start=\"2093\" data-end=\"2118\">Basisstationen im Freien<\/strong><\/p>\n<\/li>\n<li data-start=\"2119\" data-end=\"2169\">\n<p data-start=\"2121\" data-end=\"2169\"><strong data-start=\"2121\" data-end=\"2169\">Eisenbahn- und Industriekommunikationssysteme<\/strong><\/p>\n<\/li>\n<li data-start=\"2170\" data-end=\"2218\">\n<p data-start=\"2172\" data-end=\"2218\"><strong data-start=\"2172\" data-end=\"2218\">Milit\u00e4r-, Rundfunk- und Sicherheitsnetze<\/strong><\/p>\n<\/li>\n<\/ul>\n<p data-start=\"2220\" data-end=\"2412\">Die Kombination von <strong data-start=\"2239\" data-end=\"2280\">APC-Polieren + gepanzerte Konstruktion<\/strong> macht es besonders geeignet f\u00fcr <strong data-start=\"2314\" data-end=\"2356\">optische Langstrecken- und Hochleistungsverbindungen<\/strong> wo Reflexionen und physische Sch\u00e4den minimiert werden m\u00fcssen.<\/p>\n<hr data-start=\"2414\" data-end=\"2417\" \/>\n<h3 data-start=\"2419\" data-end=\"2471\"><strong data-start=\"2423\" data-end=\"2471\">Warum APC in Hochleistungsnetzwerken wichtig ist<\/strong><\/h3>\n<p data-start=\"2473\" data-end=\"2641\">Im Gegensatz zu UPC-Steckern, <strong data-start=\"2496\" data-end=\"2546\">APC-Klemmen sind in einem 8-Grad-Winkel poliert<\/strong>, Dadurch wird das reflektierte Licht in den Fasermantel und nicht zur\u00fcck in den Laser geleitet. Dies reduziert:<\/p>\n<ul data-start=\"2643\" data-end=\"2713\">\n<li data-start=\"2643\" data-end=\"2662\">\n<p data-start=\"2645\" data-end=\"2662\"><strong data-start=\"2645\" data-end=\"2662\">Optisches Rauschen<\/strong><\/p>\n<\/li>\n<li data-start=\"2663\" data-end=\"2686\">\n<p data-start=\"2665\" data-end=\"2686\"><strong data-start=\"2665\" data-end=\"2686\">Laser-Instabilit\u00e4t<\/strong><\/p>\n<\/li>\n<li data-start=\"2687\" data-end=\"2713\">\n<p data-start=\"2689\" data-end=\"2713\"><strong data-start=\"2689\" data-end=\"2713\">Bit-Fehler-Rate (BER)<\/strong><\/p>\n<\/li>\n<\/ul>\n<p data-start=\"2715\" data-end=\"2822\">Mit <strong data-start=\"2720\" data-end=\"2743\">R\u00fcckflussd\u00e4mpfung \u2265 60 dB<\/strong>, APC-Steckverbinder sind der Standard f\u00fcr <strong data-start=\"2781\" data-end=\"2821\">CATV-, PON- und RF-\u00fcber-Glasfaser-Systeme<\/strong>.<\/p>\n<hr data-start=\"2824\" data-end=\"2827\" \/>\n<h3 data-start=\"2829\" data-end=\"2870\"><strong data-start=\"2833\" data-end=\"2870\">Entwickelt f\u00fcr raue Umgebungen<\/strong><\/h3>\n<p data-start=\"2872\" data-end=\"2900\">Die gepanzerte Struktur tr\u00e4gt dazu bei:<\/p>\n<ul data-start=\"2902\" data-end=\"3008\">\n<li data-start=\"2902\" data-end=\"2924\">\n<p data-start=\"2904\" data-end=\"2924\"><strong data-start=\"2904\" data-end=\"2924\">Quetschfestigkeit<\/strong><\/p>\n<\/li>\n<li data-start=\"2925\" data-end=\"2948\">\n<p data-start=\"2927\" data-end=\"2948\"><strong data-start=\"2927\" data-end=\"2948\">Schutz vor Nagetieren<\/strong><\/p>\n<\/li>\n<li data-start=\"2949\" data-end=\"2976\">\n<p data-start=\"2951\" data-end=\"2976\"><strong data-start=\"2951\" data-end=\"2976\">Hohe Zugfestigkeit<\/strong><\/p>\n<\/li>\n<li data-start=\"2977\" data-end=\"3008\">\n<p data-start=\"2979\" data-end=\"3008\"><strong data-start=\"2979\" data-end=\"3008\">Bessere Biegefestigkeit<\/strong><\/p>\n<\/li>\n<\/ul>\n<p data-start=\"3010\" data-end=\"3157\">Dies erm\u00f6glicht die Verlegung des Kabels durch <strong data-start=\"3053\" data-end=\"3110\">Kabeltrassen, Au\u00dfenkan\u00e4le und Industriegeh\u00e4use<\/strong> ohne die Zerbrechlichkeit von Standard-Patchkabeln.<\/p>\n<hr data-start=\"3159\" data-end=\"3162\" \/>\n<h2 data-start=\"3164\" data-end=\"3187\"><strong data-start=\"3167\" data-end=\"3187\">Fachliche Fragen und Antworten<\/strong><\/h2>\n<p data-start=\"3189\" data-end=\"3351\"><strong data-start=\"3189\" data-end=\"3242\">F1: K\u00f6nnen FC\/APC-Anschl\u00fcsse mit UPC-Ports verwendet werden?<\/strong><br data-start=\"3242\" data-end=\"3245\" \/>Nein. <strong data-start=\"3249\" data-end=\"3284\">APC und UPC d\u00fcrfen nicht vermischt werden<\/strong> - Dies kann die Anschl\u00fcsse besch\u00e4digen und die Leistung stark beeintr\u00e4chtigen.<\/p>\n<p data-start=\"3353\" data-end=\"3533\"><strong data-start=\"3353\" data-end=\"3412\">F2: Warum ist dieses Kabel ideal f\u00fcr CATV und RF-over-fiber?<\/strong><br data-start=\"3412\" data-end=\"3415\" \/>Weil APC-Steckverbinder Folgendes bieten <strong data-start=\"3446\" data-end=\"3475\">extrem niedrige R\u00fcckreflexion<\/strong>, was entscheidend ist f\u00fcr <strong data-start=\"3499\" data-end=\"3532\">analoge und optische RF-Signale<\/strong>.<\/p>\n<p data-start=\"3535\" data-end=\"3743\"><strong data-start=\"3535\" data-end=\"3590\">F3: Welchen Vorteil bietet das Panzerkabel?<\/strong><br data-start=\"3590\" data-end=\"3593\" \/>Es sch\u00fctzt die Faser vor <strong data-start=\"3623\" data-end=\"3690\">Quetschen, Ziehen, Nagetiere und raue Installationsbedingungen<\/strong>, und damit ideal f\u00fcr <strong data-start=\"3712\" data-end=\"3742\">Einsatz im Freien und in der Industrie<\/strong>.<\/p>\n<p data-start=\"3745\" data-end=\"3885\"><strong data-start=\"3745\" data-end=\"3800\">F4: Ist dieses Kabel f\u00fcr 10G- und PON-Systeme geeignet?<\/strong><br data-start=\"3800\" data-end=\"3803\" \/>Ja. Es unterst\u00fctzt vollst\u00e4ndig <strong data-start=\"3826\" data-end=\"3884\">10G, GPON, XG-PON, XGS-PON und RF-\u00fcber-Glasfaser-Netze<\/strong>.<\/p>","protected":false},"excerpt":{"rendered":"<p data-start=\"66\" data-end=\"487\">Die <strong data-start=\"70\" data-end=\"113\">FC\/APC-FC\/APC Panzerfaser-Patchkabel<\/strong> ist konzipiert f\u00fcr <strong data-start=\"132\" data-end=\"166\">unternehmenskritische optische Verbindungen<\/strong> wobei <strong data-start=\"173\" data-end=\"237\">Signalreinheit, mechanische Stabilit\u00e4t und physikalischer Schutz<\/strong> alles ist wichtig. Mit <strong data-start=\"260\" data-end=\"314\">FC-Gewindestecker mit APC (8\u00b0 abgewinkelt poliert)<\/strong> an beiden Enden und ein <strong data-start=\"334\" data-end=\"368\">metallgepanzerte Kabelstruktur<\/strong>, Dieser Jumper ist gedacht f\u00fcr <strong data-start=\"398\" data-end=\"486\">Telekommunikationsnetze, CATV-Kopfstationen, Schaltschr\u00e4nke f\u00fcr den Au\u00dfenbereich und raue Industrieumgebungen<\/strong>.<\/p>\n<p data-start=\"489\" data-end=\"709\">Durch die Kombination <strong data-start=\"502\" data-end=\"541\">APC-Polieren mit extrem niedrigem Reflexionsgrad<\/strong> mit <strong data-start=\"547\" data-end=\"576\">bruchsichere Panzerung<\/strong>, liefert dieses Kabel <strong data-start=\"598\" data-end=\"628\">stabile optische Leistung<\/strong> auch an Standorten, die der <strong data-start=\"658\" data-end=\"708\">Vibration, Nagetiere, Staub oder mechanische Belastung<\/strong>.<\/p>","protected":false},"featured_media":701,"comment_status":"open","ping_status":"closed","template":"","meta":[],"product_brand":[],"product_cat":[44],"product_tag":[],"class_list":{"0":"post-700","1":"product","2":"type-product","3":"status-publish","4":"has-post-thumbnail","6":"product_cat-multimode-fiber-optic-patch-cord","8":"first","9":"instock","10":"shipping-taxable","11":"product-type-simple"},"_links":{"self":[{"href":"https:\/\/www.fenxifiber.com\/de\/wp-json\/wp\/v2\/product\/700","targetHints":{"allow":["GET"]}}],"collection":[{"href":"https:\/\/www.fenxifiber.com\/de\/wp-json\/wp\/v2\/product"}],"about":[{"href":"https:\/\/www.fenxifiber.com\/de\/wp-json\/wp\/v2\/types\/product"}],"replies":[{"embeddable":true,"href":"https:\/\/www.fenxifiber.com\/de\/wp-json\/wp\/v2\/comments?post=700"}],"wp:featuredmedia":[{"embeddable":true,"href":"https:\/\/www.fenxifiber.com\/de\/wp-json\/wp\/v2\/media\/701"}],"wp:attachment":[{"href":"https:\/\/www.fenxifiber.com\/de\/wp-json\/wp\/v2\/media?parent=700"}],"wp:term":[{"taxonomy":"product_brand","embeddable":true,"href":"https:\/\/www.fenxifiber.com\/de\/wp-json\/wp\/v2\/product_brand?post=700"},{"taxonomy":"product_cat","embeddable":true,"href":"https:\/\/www.fenxifiber.com\/de\/wp-json\/wp\/v2\/product_cat?post=700"},{"taxonomy":"product_tag","embeddable":true,"href":"https:\/\/www.fenxifiber.com\/de\/wp-json\/wp\/v2\/product_tag?post=700"}],"curies":[{"name":"wp","href":"https:\/\/api.w.org\/{rel}","templated":true}]}}