{"id":707,"date":"2026-02-03T07:22:20","date_gmt":"2026-02-03T07:22:20","guid":{"rendered":"https:\/\/www.fenxifiber.com\/?post_type=product&#038;p=707"},"modified":"2026-02-04T01:37:27","modified_gmt":"2026-02-04T01:37:27","slug":"fc-upc-lc-upc-gepanzert","status":"publish","type":"product","link":"https:\/\/www.fenxifiber.com\/de\/product\/fc-upc-lc-upc-armoured\/","title":{"rendered":"FC\/UPC-LC\/UPC armiertes Single-Mode-Glasfaser-Patchkabel"},"content":{"rendered":"<h3 data-start=\"696\" data-end=\"738\"><strong data-start=\"700\" data-end=\"738\">Warum FC zu LC mit Armoured Design?<\/strong><\/h3>\n<p data-start=\"740\" data-end=\"1047\">Die <strong data-start=\"744\" data-end=\"760\">FC-Stecker<\/strong> bietet <strong data-start=\"770\" data-end=\"794\">schraubbare Stabilit\u00e4t<\/strong>, Dadurch werden Mikrobewegungen verhindert, die zu optischen Schwankungen f\u00fchren k\u00f6nnen - entscheidend f\u00fcr <strong data-start=\"870\" data-end=\"922\">Testger\u00e4te, Telekommunikationsgestelle und Carrier Links<\/strong>.<br data-start=\"923\" data-end=\"926\" \/>Die <strong data-start=\"930\" data-end=\"946\">LC-Stecker<\/strong> unterst\u00fctzt <strong data-start=\"956\" data-end=\"981\">High-Density-Patching<\/strong> und direkte Verbindung zu <strong data-start=\"1007\" data-end=\"1046\">SFP+, QSFP und moderne Transceiver<\/strong>.<\/p>\n<p data-start=\"1049\" data-end=\"1095\">Die <strong data-start=\"1053\" data-end=\"1070\">Panzerrohr<\/strong> sch\u00fctzt die Faser vor:<\/p>\n<ul data-start=\"1096\" data-end=\"1199\">\n<li data-start=\"1096\" data-end=\"1122\">\n<p data-start=\"1098\" data-end=\"1122\"><strong data-start=\"1098\" data-end=\"1122\">Quetschen und Ziehen<\/strong><\/p>\n<\/li>\n<li data-start=\"1123\" data-end=\"1141\">\n<p data-start=\"1125\" data-end=\"1141\"><strong data-start=\"1125\" data-end=\"1141\">Nagetierbisse<\/strong><\/p>\n<\/li>\n<li data-start=\"1142\" data-end=\"1161\">\n<p data-start=\"1144\" data-end=\"1161\"><strong data-start=\"1144\" data-end=\"1161\">Scharfes Biegen<\/strong><\/p>\n<\/li>\n<li data-start=\"1162\" data-end=\"1199\">\n<p data-start=\"1164\" data-end=\"1199\"><strong data-start=\"1164\" data-end=\"1199\">Raue Installationsumgebungen<\/strong><\/p>\n<\/li>\n<\/ul>\n<p data-start=\"1201\" data-end=\"1314\">Das macht das FC-LC Panzer-Patchkabel perfekt f\u00fcr <strong data-start=\"1254\" data-end=\"1313\">Au\u00dfenverlegung, Kabeltrassen und Industriegeh\u00e4use<\/strong>.<\/p>\n<hr data-start=\"1316\" data-end=\"1319\" \/>\n<h3 data-start=\"1321\" data-end=\"1353\"><strong data-start=\"1325\" data-end=\"1353\">Technische Daten<\/strong><\/h3>\n<div class=\"TyagGW_tableContainer\">\n<div class=\"group TyagGW_tableWrapper flex flex-col-reverse w-fit\" tabindex=\"-1\">\n<table class=\"w-fit min-w-(--thread-content-width)\" data-start=\"1355\" data-end=\"1865\">\n<thead data-start=\"1355\" data-end=\"1393\">\n<tr data-start=\"1355\" data-end=\"1393\">\n<th class=\"\" data-start=\"1355\" data-end=\"1367\" data-col-size=\"sm\">Parameter<\/th>\n<th class=\"\" data-start=\"1367\" data-end=\"1393\" data-col-size=\"sm\">FC\/UPC-LC\/UPC gepanzert<\/th>\n<\/tr>\n<\/thead>\n<tbody data-start=\"1422\" data-end=\"1865\">\n<tr data-start=\"1422\" data-end=\"1465\">\n<td data-start=\"1422\" data-end=\"1435\" data-col-size=\"sm\">Faser-Typ<\/td>\n<td data-start=\"1435\" data-end=\"1465\" data-col-size=\"sm\">Einmoden-OS2 (9\/125 \u03bcm)<\/td>\n<\/tr>\n<tr data-start=\"1466\" data-end=\"1492\">\n<td data-start=\"1466\" data-end=\"1480\" data-col-size=\"sm\">Anschluss A<\/td>\n<td data-start=\"1480\" data-end=\"1492\" data-col-size=\"sm\">FC \/ UPC<\/td>\n<\/tr>\n<tr data-start=\"1493\" data-end=\"1519\">\n<td data-start=\"1493\" data-end=\"1507\" data-col-size=\"sm\">Anschluss B<\/td>\n<td data-start=\"1507\" data-end=\"1519\" data-col-size=\"sm\">LC \/ UPC<\/td>\n<\/tr>\n<tr data-start=\"1520\" data-end=\"1581\">\n<td data-start=\"1520\" data-end=\"1538\" data-col-size=\"sm\">Struktur der Kabel<\/td>\n<td data-start=\"1538\" data-end=\"1581\" data-col-size=\"sm\">Metallgepanzert (Stahl- oder Aluminiumrohr)<\/td>\n<\/tr>\n<tr data-start=\"1582\" data-end=\"1626\">\n<td data-start=\"1582\" data-end=\"1605\" data-col-size=\"sm\">Betriebswellenl\u00e4nge<\/td>\n<td data-start=\"1605\" data-end=\"1626\" data-col-size=\"sm\">1310 nm \/ 1550 nm<\/td>\n<\/tr>\n<tr data-start=\"1627\" data-end=\"1657\">\n<td data-start=\"1627\" data-end=\"1644\" data-col-size=\"sm\">Einf\u00fcged\u00e4mpfung<\/td>\n<td data-start=\"1644\" data-end=\"1657\" data-col-size=\"sm\">\u2264 0,30 dB<\/td>\n<\/tr>\n<tr data-start=\"1658\" data-end=\"1683\">\n<td data-start=\"1658\" data-end=\"1672\" data-col-size=\"sm\">R\u00fcckflussd\u00e4mpfung<\/td>\n<td data-start=\"1672\" data-end=\"1683\" data-col-size=\"sm\">\u2265 50 dB<\/td>\n<\/tr>\n<tr data-start=\"1684\" data-end=\"1747\">\n<td data-start=\"1684\" data-end=\"1703\" data-col-size=\"sm\">Zugfestigkeit<\/td>\n<td data-start=\"1703\" data-end=\"1747\" data-col-size=\"sm\">Erheblich h\u00f6her als Standardschn\u00fcre<\/td>\n<\/tr>\n<tr data-start=\"1748\" data-end=\"1794\">\n<td data-start=\"1748\" data-end=\"1770\" data-col-size=\"sm\">Minimaler Biegeradius<\/td>\n<td data-start=\"1770\" data-end=\"1794\" data-col-size=\"sm\">\u2265 10\u00d7 Kabeldurchmesser<\/td>\n<\/tr>\n<tr data-start=\"1795\" data-end=\"1823\">\n<td data-start=\"1795\" data-end=\"1804\" data-col-size=\"sm\">Jacke<\/td>\n<td data-start=\"1804\" data-end=\"1823\" data-col-size=\"sm\">LSZH \/ PE \/ PVC<\/td>\n<\/tr>\n<tr data-start=\"1824\" data-end=\"1865\">\n<td data-start=\"1824\" data-end=\"1836\" data-col-size=\"sm\">Normen<\/td>\n<td data-start=\"1836\" data-end=\"1865\" data-col-size=\"sm\">IEC, TIA-568, RoHS, REACH<\/td>\n<\/tr>\n<\/tbody>\n<\/table>\n<\/div>\n<\/div>\n<hr data-start=\"1867\" data-end=\"1870\" \/>\n<h3 data-start=\"1872\" data-end=\"1921\"><strong data-start=\"1876\" data-end=\"1921\">Gebaut f\u00fcr Gro\u00dfhandel, OEM und Projektlieferung<\/strong><\/h3>\n<p data-start=\"1923\" data-end=\"1955\">Dieses Modell wird von vielen Anbietern bezogen:<\/p>\n<ul data-start=\"1957\" data-end=\"2113\">\n<li data-start=\"1957\" data-end=\"1983\">\n<p data-start=\"1959\" data-end=\"1983\"><strong data-start=\"1959\" data-end=\"1983\">Telekommunikationsverteiler<\/strong><\/p>\n<\/li>\n<li data-start=\"1984\" data-end=\"2008\">\n<p data-start=\"1986\" data-end=\"2008\"><strong data-start=\"1986\" data-end=\"2008\">Systemintegratoren<\/strong><\/p>\n<\/li>\n<li data-start=\"2009\" data-end=\"2040\">\n<p data-start=\"2011\" data-end=\"2040\"><strong data-start=\"2011\" data-end=\"2040\">FTTH- und FTTx-Anbieter<\/strong><\/p>\n<\/li>\n<li data-start=\"2041\" data-end=\"2074\">\n<p data-start=\"2043\" data-end=\"2074\"><strong data-start=\"2043\" data-end=\"2074\">Industrielle Netzwerkersteller<\/strong><\/p>\n<\/li>\n<li data-start=\"2075\" data-end=\"2113\">\n<p data-start=\"2077\" data-end=\"2113\"><strong data-start=\"2077\" data-end=\"2113\">Exporteure und Sourcing-Unternehmen<\/strong><\/p>\n<\/li>\n<\/ul>\n<p data-start=\"2115\" data-end=\"2126\">Wir unterst\u00fctzen:<\/p>\n<ul data-start=\"2127\" data-end=\"2264\">\n<li data-start=\"2127\" data-end=\"2144\">\n<p data-start=\"2129\" data-end=\"2144\"><strong data-start=\"2129\" data-end=\"2144\">Gro\u00dfauftr\u00e4ge<\/strong><\/p>\n<\/li>\n<li data-start=\"2145\" data-end=\"2176\">\n<p data-start=\"2147\" data-end=\"2176\"><strong data-start=\"2147\" data-end=\"2176\">Kundenspezifische L\u00e4ngen &amp; Beschriftung<\/strong><\/p>\n<\/li>\n<li data-start=\"2177\" data-end=\"2206\">\n<p data-start=\"2179\" data-end=\"2206\"><strong data-start=\"2179\" data-end=\"2206\">OEM \/ ODM-Fertigung<\/strong><\/p>\n<\/li>\n<li data-start=\"2207\" data-end=\"2237\">\n<p data-start=\"2209\" data-end=\"2237\"><strong data-start=\"2209\" data-end=\"2237\">Niedriges MOQ f\u00fcr Probeauftr\u00e4ge<\/strong><\/p>\n<\/li>\n<li data-start=\"2238\" data-end=\"2264\">\n<p data-start=\"2240\" data-end=\"2264\"><strong data-start=\"2240\" data-end=\"2264\">Schneller weltweiter Versand<\/strong><\/p>\n<\/li>\n<\/ul>\n<p data-start=\"2266\" data-end=\"2437\">Als <strong data-start=\"2271\" data-end=\"2317\">Hersteller und Lieferant von Glasfaserverbindungskabeln<\/strong>, helfen wir unseren <strong data-start=\"2331\" data-end=\"2379\">Agenten, Gro\u00dfh\u00e4ndler und Partner von Integratoren<\/strong> die Kosten zu senken und gleichzeitig die <strong data-start=\"2407\" data-end=\"2436\">Leistung auf Carrier-Niveau<\/strong>.<\/p>\n<hr data-start=\"2439\" data-end=\"2442\" \/>\n<h3 data-start=\"2444\" data-end=\"2472\"><strong data-start=\"2448\" data-end=\"2472\">Warum Single-Mode OS2?<\/strong><\/h3>\n<p data-start=\"2474\" data-end=\"2493\">OS2 Faser unterst\u00fctzt:<\/p>\n<ul data-start=\"2494\" data-end=\"2645\">\n<li data-start=\"2494\" data-end=\"2526\">\n<p data-start=\"2496\" data-end=\"2526\"><strong data-start=\"2496\" data-end=\"2526\">\u00dcbertragung \u00fcber gro\u00dfe Entfernungen<\/strong><\/p>\n<\/li>\n<li data-start=\"2527\" data-end=\"2563\">\n<p data-start=\"2529\" data-end=\"2563\"><strong data-start=\"2529\" data-end=\"2563\">10G, 25G, 40G, 100G und mehr<\/strong><\/p>\n<\/li>\n<li data-start=\"2564\" data-end=\"2599\">\n<p data-start=\"2566\" data-end=\"2599\"><strong data-start=\"2566\" data-end=\"2599\">1310 nm &amp; 1550 nm Wellenl\u00e4ngen<\/strong><\/p>\n<\/li>\n<li data-start=\"2600\" data-end=\"2645\">\n<p data-start=\"2602\" data-end=\"2645\"><strong data-start=\"2602\" data-end=\"2645\">FTTH, PON, Metro- und Backbone-Netze<\/strong><\/p>\n<\/li>\n<\/ul>\n<p data-start=\"2647\" data-end=\"2715\">Es ist die Standardwahl f\u00fcr <strong data-start=\"2676\" data-end=\"2714\">Telekommunikations-gepanzerte Patchkabel<\/strong>.<\/p>\n<hr data-start=\"2717\" data-end=\"2720\" \/>\n<h2 data-start=\"2722\" data-end=\"2745\"><strong data-start=\"2725\" data-end=\"2745\">Fachliche Fragen und Antworten<\/strong><\/h2>\n<p data-start=\"2747\" data-end=\"2908\"><strong data-start=\"2747\" data-end=\"2801\">Q1: Ist dies f\u00fcr Telekom-Schr\u00e4nke im Freien geeignet?<\/strong><br data-start=\"2801\" data-end=\"2804\" \/>Ja. Die <strong data-start=\"2813\" data-end=\"2835\">gepanzerte Struktur<\/strong> sch\u00fctzt vor <strong data-start=\"2853\" data-end=\"2907\">mechanische Belastung, Nagetiere und raue Umgebungen<\/strong>.<\/p>\n<p data-start=\"2910\" data-end=\"3048\"><strong data-start=\"2910\" data-end=\"2971\">F2: Kann dies f\u00fcr OEM- oder H\u00e4ndler-Branding geliefert werden?<\/strong><br data-start=\"2971\" data-end=\"2974\" \/>Ja. Wir bieten <strong data-start=\"2990\" data-end=\"3047\">OEM\/ODM, Eigenmarken und Gro\u00dfhandelsproduktion<\/strong>.<\/p>\n<p data-start=\"3050\" data-end=\"3217\"><strong data-start=\"3050\" data-end=\"3116\">F3: F\u00fcr welche Art von Projekten werden typischerweise FC-LC-Panzerkabel verwendet?<\/strong><br data-start=\"3116\" data-end=\"3119\" \/>Sie werden \u00fcblicherweise verwendet in <strong data-start=\"3145\" data-end=\"3216\">FTTx, Basisstationen, industrielle Glasfasersysteme und Carrier-Netzwerke<\/strong>.<\/p>\n<p data-start=\"3219\" data-end=\"3344\"><strong data-start=\"3219\" data-end=\"3261\">Q4: Wie hoch ist das MOQ f\u00fcr die Beschaffung von Massenware?<\/strong><br data-start=\"3261\" data-end=\"3264\" \/>MOQ ist flexibel und unterst\u00fctzt sowohl <strong data-start=\"3297\" data-end=\"3343\">Musterbestellungen und Beschaffung von Gro\u00dfserien<\/strong>.<\/p>","protected":false},"excerpt":{"rendered":"<p data-start=\"66\" data-end=\"524\">Die <strong data-start=\"70\" data-end=\"113\">FC\/UPC-LC\/UPC Panzerglasfaser-Patchkabel<\/strong> ist konzipiert f\u00fcr <strong data-start=\"132\" data-end=\"162\">Konnektivit\u00e4t auf Carrier-Niveau<\/strong> wobei <strong data-start=\"169\" data-end=\"232\">mechanische Sicherheit, geringer optischer Verlust und Haltbarkeit im Einsatz<\/strong> sind alle erforderlich. Ausgestattet mit einem <strong data-start=\"263\" data-end=\"288\">FC-Stecker mit Gewinde<\/strong> an einem Ende und ein <strong data-start=\"306\" data-end=\"335\">High-Density-LC-Stecker<\/strong> auf der anderen Seite, kombiniert mit einem <strong data-start=\"366\" data-end=\"400\">metallgepanzerte Kabelstruktur<\/strong>, ist dieser Pullover ideal f\u00fcr <strong data-start=\"427\" data-end=\"523\">Telekommunikationsnetze, Outdoor-Schr\u00e4nke, Cross-Connects f\u00fcr Rechenzentren und industrielle Glasfasersysteme<\/strong>.<\/p>\n<p data-start=\"526\" data-end=\"689\">Als <strong data-start=\"531\" data-end=\"578\">Fabrik Hersteller und Gro\u00dfhandel Exporteur<\/strong>, liefern wir dieses Modell f\u00fcr <strong data-start=\"605\" data-end=\"678\">OEM\/ODM-Projekte, Systemintegratoren, Distributoren und Gro\u00dfabnehmer<\/strong> weltweit.<\/p>","protected":false},"featured_media":708,"comment_status":"open","ping_status":"closed","template":"","meta":[],"product_brand":[],"product_cat":[44],"product_tag":[],"class_list":{"0":"post-707","1":"product","2":"type-product","3":"status-publish","4":"has-post-thumbnail","6":"product_cat-multimode-fiber-optic-patch-cord","8":"first","9":"instock","10":"shipping-taxable","11":"product-type-simple"},"_links":{"self":[{"href":"https:\/\/www.fenxifiber.com\/de\/wp-json\/wp\/v2\/product\/707","targetHints":{"allow":["GET"]}}],"collection":[{"href":"https:\/\/www.fenxifiber.com\/de\/wp-json\/wp\/v2\/product"}],"about":[{"href":"https:\/\/www.fenxifiber.com\/de\/wp-json\/wp\/v2\/types\/product"}],"replies":[{"embeddable":true,"href":"https:\/\/www.fenxifiber.com\/de\/wp-json\/wp\/v2\/comments?post=707"}],"wp:featuredmedia":[{"embeddable":true,"href":"https:\/\/www.fenxifiber.com\/de\/wp-json\/wp\/v2\/media\/708"}],"wp:attachment":[{"href":"https:\/\/www.fenxifiber.com\/de\/wp-json\/wp\/v2\/media?parent=707"}],"wp:term":[{"taxonomy":"product_brand","embeddable":true,"href":"https:\/\/www.fenxifiber.com\/de\/wp-json\/wp\/v2\/product_brand?post=707"},{"taxonomy":"product_cat","embeddable":true,"href":"https:\/\/www.fenxifiber.com\/de\/wp-json\/wp\/v2\/product_cat?post=707"},{"taxonomy":"product_tag","embeddable":true,"href":"https:\/\/www.fenxifiber.com\/de\/wp-json\/wp\/v2\/product_tag?post=707"}],"curies":[{"name":"wp","href":"https:\/\/api.w.org\/{rel}","templated":true}]}}