{"id":711,"date":"2026-02-03T07:26:58","date_gmt":"2026-02-03T07:26:58","guid":{"rendered":"https:\/\/www.fenxifiber.com\/?post_type=product&#038;p=711"},"modified":"2026-02-04T01:38:47","modified_gmt":"2026-02-04T01:38:47","slug":"sc-upc-lc-upc-gepanzert","status":"publish","type":"product","link":"https:\/\/www.fenxifiber.com\/de\/product\/sc-upc-lc-upc-armoured\/","title":{"rendered":"SC\/UPC-LC\/UPC armiertes Single-Mode-Glasfaser-Patchkabel"},"content":{"rendered":"<h3 data-start=\"854\" data-end=\"903\"><strong data-start=\"858\" data-end=\"903\">Warum SC to LC in einem gepanzerten Design w\u00e4hlen<\/strong><\/h3>\n<p data-start=\"905\" data-end=\"1119\">SC-Steckverbinder werden h\u00e4ufig verwendet in <strong data-start=\"938\" data-end=\"963\">ODFs und Rangierfelder<\/strong>, und bietet eine <strong data-start=\"976\" data-end=\"1010\">stabile Verriegelung und einfache Handhabung<\/strong>.<br data-start=\"1011\" data-end=\"1014\" \/>LC-Stecker dominieren <strong data-start=\"1037\" data-end=\"1081\">SFP+-, QSFP- und moderne Transceiver-Anschl\u00fcsse<\/strong>, erm\u00f6glicht <strong data-start=\"1092\" data-end=\"1118\">High-Density-Switching<\/strong>.<\/p>\n<p data-start=\"1121\" data-end=\"1332\">Durch die Kombination <strong data-start=\"1134\" data-end=\"1154\">SC-LC-Schnittstellen<\/strong> mit <strong data-start=\"1160\" data-end=\"1183\">gepanzerter Schutz<\/strong>, Mit diesem Patchkabel k\u00f6nnen Integratoren und Betreiber <strong data-start=\"1237\" data-end=\"1331\">OS2-Fasern in realen Umgebungen einsetzen, ohne physische Sch\u00e4den oder Signalverluste zu riskieren<\/strong>.<\/p>\n<hr data-start=\"1334\" data-end=\"1337\" \/>\n<h3 data-start=\"1339\" data-end=\"1371\"><strong data-start=\"1343\" data-end=\"1371\">Technische Daten<\/strong><\/h3>\n<div class=\"TyagGW_tableContainer\">\n<div class=\"group TyagGW_tableWrapper flex flex-col-reverse w-fit\" tabindex=\"-1\">\n<table class=\"w-fit min-w-(--thread-content-width)\" data-start=\"1373\" data-end=\"1894\">\n<thead data-start=\"1373\" data-end=\"1411\">\n<tr data-start=\"1373\" data-end=\"1411\">\n<th class=\"\" data-start=\"1373\" data-end=\"1385\" data-col-size=\"sm\">Parameter<\/th>\n<th class=\"\" data-start=\"1385\" data-end=\"1411\" data-col-size=\"md\">SC\/UPC-LC\/UPC gepanzert<\/th>\n<\/tr>\n<\/thead>\n<tbody data-start=\"1440\" data-end=\"1894\">\n<tr data-start=\"1440\" data-end=\"1483\">\n<td data-start=\"1440\" data-end=\"1453\" data-col-size=\"sm\">Faser-Typ<\/td>\n<td data-start=\"1453\" data-end=\"1483\" data-col-size=\"md\">Einmoden-OS2 (9\/125 \u03bcm)<\/td>\n<\/tr>\n<tr data-start=\"1484\" data-end=\"1510\">\n<td data-start=\"1484\" data-end=\"1498\" data-col-size=\"sm\">Anschluss A<\/td>\n<td data-start=\"1498\" data-end=\"1510\" data-col-size=\"md\">SC \/ UPC<\/td>\n<\/tr>\n<tr data-start=\"1511\" data-end=\"1537\">\n<td data-start=\"1511\" data-end=\"1525\" data-col-size=\"sm\">Anschluss B<\/td>\n<td data-start=\"1525\" data-end=\"1537\" data-col-size=\"md\">LC \/ UPC<\/td>\n<\/tr>\n<tr data-start=\"1538\" data-end=\"1605\">\n<td data-start=\"1538\" data-end=\"1556\" data-col-size=\"sm\">Struktur der Kabel<\/td>\n<td data-start=\"1556\" data-end=\"1605\" data-col-size=\"md\">Metallgepanzert (Rohr aus Stahl oder Aluminiumlegierung)<\/td>\n<\/tr>\n<tr data-start=\"1606\" data-end=\"1650\">\n<td data-start=\"1606\" data-end=\"1629\" data-col-size=\"sm\">Betriebswellenl\u00e4nge<\/td>\n<td data-start=\"1629\" data-end=\"1650\" data-col-size=\"md\">1310 nm \/ 1550 nm<\/td>\n<\/tr>\n<tr data-start=\"1651\" data-end=\"1681\">\n<td data-start=\"1651\" data-end=\"1668\" data-col-size=\"sm\">Einf\u00fcged\u00e4mpfung<\/td>\n<td data-start=\"1668\" data-end=\"1681\" data-col-size=\"md\">\u2264 0,30 dB<\/td>\n<\/tr>\n<tr data-start=\"1682\" data-end=\"1707\">\n<td data-start=\"1682\" data-end=\"1696\" data-col-size=\"sm\">R\u00fcckflussd\u00e4mpfung<\/td>\n<td data-start=\"1696\" data-end=\"1707\" data-col-size=\"md\">\u2265 50 dB<\/td>\n<\/tr>\n<tr data-start=\"1708\" data-end=\"1768\">\n<td data-start=\"1708\" data-end=\"1727\" data-col-size=\"sm\">Zugfestigkeit<\/td>\n<td data-start=\"1727\" data-end=\"1768\" data-col-size=\"md\">Viel h\u00f6her als bei Standard-Patchkabeln<\/td>\n<\/tr>\n<tr data-start=\"1769\" data-end=\"1815\">\n<td data-start=\"1769\" data-end=\"1791\" data-col-size=\"sm\">Minimaler Biegeradius<\/td>\n<td data-start=\"1791\" data-end=\"1815\" data-col-size=\"md\">\u2265 10\u00d7 Kabeldurchmesser<\/td>\n<\/tr>\n<tr data-start=\"1816\" data-end=\"1852\">\n<td data-start=\"1816\" data-end=\"1833\" data-col-size=\"sm\">Optionen f\u00fcr die Jacke<\/td>\n<td data-start=\"1833\" data-end=\"1852\" data-col-size=\"md\">LSZH \/ PE \/ PVC<\/td>\n<\/tr>\n<tr data-start=\"1853\" data-end=\"1894\">\n<td data-start=\"1853\" data-end=\"1865\" data-col-size=\"sm\">Normen<\/td>\n<td data-start=\"1865\" data-end=\"1894\" data-col-size=\"md\">IEC, TIA-568, RoHS, REACH<\/td>\n<\/tr>\n<\/tbody>\n<\/table>\n<\/div>\n<\/div>\n<hr data-start=\"1896\" data-end=\"1899\" \/>\n<h3 data-start=\"1901\" data-end=\"1950\"><strong data-start=\"1905\" data-end=\"1950\">Gebaut f\u00fcr Gro\u00dfhandel, OEM und Projektlieferung<\/strong><\/h3>\n<p data-start=\"1952\" data-end=\"1984\">Dieses Modell wird von vielen Anbietern bezogen:<\/p>\n<ul data-start=\"1986\" data-end=\"2161\">\n<li data-start=\"1986\" data-end=\"2012\">\n<p data-start=\"1988\" data-end=\"2012\"><strong data-start=\"1988\" data-end=\"2012\">Telekommunikationsverteiler<\/strong><\/p>\n<\/li>\n<li data-start=\"2013\" data-end=\"2045\">\n<p data-start=\"2015\" data-end=\"2045\"><strong data-start=\"2015\" data-end=\"2045\">Netzwerk-Systemintegratoren<\/strong><\/p>\n<\/li>\n<li data-start=\"2046\" data-end=\"2077\">\n<p data-start=\"2048\" data-end=\"2077\"><strong data-start=\"2048\" data-end=\"2077\">FTTH- und FTTx-Anbieter<\/strong><\/p>\n<\/li>\n<li data-start=\"2078\" data-end=\"2118\">\n<p data-start=\"2080\" data-end=\"2118\"><strong data-start=\"2080\" data-end=\"2118\">Lieferanten f\u00fcr industrielle Kommunikation<\/strong><\/p>\n<\/li>\n<li data-start=\"2119\" data-end=\"2161\">\n<p data-start=\"2121\" data-end=\"2161\"><strong data-start=\"2121\" data-end=\"2161\">Exporteure und Global Sourcing Agents<\/strong><\/p>\n<\/li>\n<\/ul>\n<p data-start=\"2163\" data-end=\"2174\">Wir unterst\u00fctzen:<\/p>\n<ul data-start=\"2175\" data-end=\"2323\">\n<li data-start=\"2175\" data-end=\"2192\">\n<p data-start=\"2177\" data-end=\"2192\"><strong data-start=\"2177\" data-end=\"2192\">Gro\u00dfauftr\u00e4ge<\/strong><\/p>\n<\/li>\n<li data-start=\"2193\" data-end=\"2211\">\n<p data-start=\"2195\" data-end=\"2211\"><strong data-start=\"2195\" data-end=\"2211\">Flexibles MOQ<\/strong><\/p>\n<\/li>\n<li data-start=\"2212\" data-end=\"2236\">\n<p data-start=\"2214\" data-end=\"2236\"><strong data-start=\"2214\" data-end=\"2236\">OEM \/ ODM-Branding<\/strong><\/p>\n<\/li>\n<li data-start=\"2237\" data-end=\"2269\">\n<p data-start=\"2239\" data-end=\"2269\"><strong data-start=\"2239\" data-end=\"2269\">Kundenspezifische L\u00e4ngen und Verpackungen<\/strong><\/p>\n<\/li>\n<li data-start=\"2270\" data-end=\"2298\">\n<p data-start=\"2272\" data-end=\"2298\"><strong data-start=\"2272\" data-end=\"2298\">Fabrikdirekte Preisgestaltung<\/strong><\/p>\n<\/li>\n<li data-start=\"2299\" data-end=\"2323\">\n<p data-start=\"2301\" data-end=\"2323\"><strong data-start=\"2301\" data-end=\"2323\">Schneller globaler Export<\/strong><\/p>\n<\/li>\n<\/ul>\n<hr data-start=\"2325\" data-end=\"2328\" \/>\n<h3 data-start=\"2330\" data-end=\"2376\"><strong data-start=\"2334\" data-end=\"2376\">Warum OS2 Single-Mode + gepanzert wichtig ist<\/strong><\/h3>\n<p data-start=\"2378\" data-end=\"2637\">OS2 Faser unterst\u00fctzt <strong data-start=\"2397\" data-end=\"2438\">Langstrecken- und Hochgeschwindigkeitsnetze<\/strong> (10G, 25G, 40G, 100G+).<br data-start=\"2462\" data-end=\"2465\" \/>In Kombination mit einer <strong data-start=\"2487\" data-end=\"2509\">gepanzerte Struktur<\/strong>, wird sie zu einer <strong data-start=\"2524\" data-end=\"2548\">einsatzbereite L\u00f6sung<\/strong> die die <strong data-start=\"2562\" data-end=\"2606\">Bruch, Ausfallzeiten und Wartungskosten<\/strong> f\u00fcr Betreiber und Integratoren.<\/p>\n<hr data-start=\"2639\" data-end=\"2642\" \/>\n<h2 data-start=\"2644\" data-end=\"2667\"><strong data-start=\"2647\" data-end=\"2667\">Professionelle FAQ<\/strong><\/h2>\n<p data-start=\"2669\" data-end=\"2876\"><strong data-start=\"2669\" data-end=\"2729\">Q1: Ist dieses Kabel f\u00fcr Telekommunikationsschr\u00e4nke im Freien geeignet?<\/strong><br data-start=\"2729\" data-end=\"2732\" \/>Ja. Die <strong data-start=\"2741\" data-end=\"2763\">gepanzerte Struktur<\/strong> sch\u00fctzt die Faser vor <strong data-start=\"2788\" data-end=\"2835\">Quetschen, Nagetiere und Umweltstress<\/strong>, und ist damit ideal f\u00fcr Au\u00dfenbereiche.<\/p>\n<p data-start=\"2878\" data-end=\"3041\"><strong data-start=\"2878\" data-end=\"2928\">F2: Kann dies in FTTH- und PON-Netzen verwendet werden?<\/strong><br data-start=\"2928\" data-end=\"2931\" \/>Ganz genau. Die <strong data-start=\"2947\" data-end=\"2972\">OS2 Singlemode-Faser<\/strong> und <strong data-start=\"2977\" data-end=\"2994\">UPC-Polieren<\/strong> Unterst\u00fctzung <strong data-start=\"3003\" data-end=\"3040\">GPON-, XG-PON- und XGS-PON-Systeme<\/strong>.<\/p>\n<p data-start=\"3043\" data-end=\"3197\"><strong data-start=\"3043\" data-end=\"3088\">F3: Ist OEM oder Private Labeling verf\u00fcgbar?<\/strong><br data-start=\"3088\" data-end=\"3091\" \/>Ja. Wir bieten <strong data-start=\"3107\" data-end=\"3163\">OEM, ODM, Private Branding und kundenspezifische Verpackungen<\/strong> f\u00fcr Vertriebsh\u00e4ndler und Integratoren.<\/p>\n<p data-start=\"3199\" data-end=\"3332\"><strong data-start=\"3199\" data-end=\"3247\">Q4: Was ist das typische MOQ f\u00fcr Gro\u00dfauftr\u00e4ge?<\/strong><br data-start=\"3247\" data-end=\"3250\" \/>MOQ ist <strong data-start=\"3257\" data-end=\"3269\">flexibel<\/strong>, unterst\u00fctzend <strong data-start=\"3282\" data-end=\"3331\">kleine Probeauftr\u00e4ge und Beschaffung von Gro\u00dfprojekten<\/strong>.<\/p>\n<p data-start=\"3334\" data-end=\"3493\"><strong data-start=\"3334\" data-end=\"3393\">F5: Beeintr\u00e4chtigt die Panzerschicht die optische Leistung?<\/strong><br data-start=\"3393\" data-end=\"3396\" \/>Nein. Die Panzerung bietet <strong data-start=\"3423\" data-end=\"3453\">nur mechanischer Schutz<\/strong> und tut <strong data-start=\"3463\" data-end=\"3492\">den optischen Verlust nicht erh\u00f6hen<\/strong>.<\/p>\n<p data-start=\"3495\" data-end=\"3668\"><strong data-start=\"3495\" data-end=\"3549\">F6: Welche Art von Kunden kaufen normalerweise dieses Modell?<\/strong><br data-start=\"3549\" data-end=\"3552\" \/>Es wird in der Regel bezogen von <strong data-start=\"3578\" data-end=\"3667\">Telekommunikationsbetreiber, FTTH-Anbieter, Systemintegratoren und Glasfaservertreiber<\/strong>.<\/p>","protected":false},"excerpt":{"rendered":"<p data-start=\"66\" data-end=\"461\">Die <strong data-start=\"70\" data-end=\"113\">SC\/UPC-LC\/UPC Panzerglasfaser-Patchkabel<\/strong> ist eine <strong data-start=\"119\" data-end=\"172\">Hochbelastbare Singlemode-Jumper in Carrier-Qualit\u00e4t<\/strong> konzipiert f\u00fcr <strong data-start=\"186\" data-end=\"270\">Telekommunikationsnetze, Rechenzentren, FTTH-Systeme und industrielle Glasfaserinstallationen<\/strong>. Mit einer <strong data-start=\"279\" data-end=\"302\">Robuster SC-Stecker<\/strong> an einem Ende und ein <strong data-start=\"320\" data-end=\"344\">kompakter LC-Stecker<\/strong> auf der anderen Seite, liefert dieses Kabel sowohl <strong data-start=\"384\" data-end=\"413\">sichere Panel-Konnektivit\u00e4t<\/strong> und <strong data-start=\"418\" data-end=\"460\">Kompatibilit\u00e4t mit High-Density-Transceivern<\/strong>.<\/p>\n<p data-start=\"463\" data-end=\"695\">Die <strong data-start=\"467\" data-end=\"501\">metallgepanzerte Kabelstruktur<\/strong> bietet hervorragenden Schutz gegen <strong data-start=\"539\" data-end=\"602\">Quetschungen, Sch\u00e4den durch Nagetiere, scharfe Biegungen und mechanische Belastungen<\/strong>, und damit ideal f\u00fcr <strong data-start=\"624\" data-end=\"694\">Schr\u00e4nke f\u00fcr den Au\u00dfenbereich, Kabeltrassen und raue Installationsumgebungen<\/strong>.<\/p>","protected":false},"featured_media":712,"comment_status":"open","ping_status":"closed","template":"","meta":[],"product_brand":[],"product_cat":[44],"product_tag":[],"class_list":{"0":"post-711","1":"product","2":"type-product","3":"status-publish","4":"has-post-thumbnail","6":"product_cat-multimode-fiber-optic-patch-cord","8":"first","9":"instock","10":"shipping-taxable","11":"product-type-simple"},"_links":{"self":[{"href":"https:\/\/www.fenxifiber.com\/de\/wp-json\/wp\/v2\/product\/711","targetHints":{"allow":["GET"]}}],"collection":[{"href":"https:\/\/www.fenxifiber.com\/de\/wp-json\/wp\/v2\/product"}],"about":[{"href":"https:\/\/www.fenxifiber.com\/de\/wp-json\/wp\/v2\/types\/product"}],"replies":[{"embeddable":true,"href":"https:\/\/www.fenxifiber.com\/de\/wp-json\/wp\/v2\/comments?post=711"}],"wp:featuredmedia":[{"embeddable":true,"href":"https:\/\/www.fenxifiber.com\/de\/wp-json\/wp\/v2\/media\/712"}],"wp:attachment":[{"href":"https:\/\/www.fenxifiber.com\/de\/wp-json\/wp\/v2\/media?parent=711"}],"wp:term":[{"taxonomy":"product_brand","embeddable":true,"href":"https:\/\/www.fenxifiber.com\/de\/wp-json\/wp\/v2\/product_brand?post=711"},{"taxonomy":"product_cat","embeddable":true,"href":"https:\/\/www.fenxifiber.com\/de\/wp-json\/wp\/v2\/product_cat?post=711"},{"taxonomy":"product_tag","embeddable":true,"href":"https:\/\/www.fenxifiber.com\/de\/wp-json\/wp\/v2\/product_tag?post=711"}],"curies":[{"name":"wp","href":"https:\/\/api.w.org\/{rel}","templated":true}]}}