{"id":713,"date":"2026-02-03T07:28:23","date_gmt":"2026-02-03T07:28:23","guid":{"rendered":"https:\/\/www.fenxifiber.com\/?post_type=product&#038;p=713"},"modified":"2026-02-04T01:39:19","modified_gmt":"2026-02-04T01:39:19","slug":"fc-apc-sc-apc-gepanzert","status":"publish","type":"product","link":"https:\/\/www.fenxifiber.com\/de\/product\/fc-apc-sc-apc-armoured\/","title":{"rendered":"FC\/APC-SC\/APC Gepanzertes Single-Mode-Glasfaser-Patchkabel"},"content":{"rendered":"<h3 data-start=\"740\" data-end=\"790\"><strong data-start=\"744\" data-end=\"790\">Warum FC\/APC zu SC\/APC in einer gepanzerten Konstruktion<\/strong><\/h3>\n<ul data-start=\"792\" data-end=\"1269\">\n<li data-start=\"792\" data-end=\"926\">\n<p data-start=\"794\" data-end=\"926\"><strong data-start=\"794\" data-end=\"804\">FC\/APC<\/strong> Angebote <strong data-start=\"812\" data-end=\"849\">mit Gewinde, r\u00fcttelsicherer Verschluss<\/strong>, ideal f\u00fcr <strong data-start=\"861\" data-end=\"923\">Pr\u00fcfger\u00e4te, Telekommunikationsgestelle und langfristige Tr\u00e4gerverbindungen<\/strong>.<\/p>\n<\/li>\n<li data-start=\"927\" data-end=\"1015\">\n<p data-start=\"929\" data-end=\"1015\"><strong data-start=\"929\" data-end=\"939\">SC\/APC<\/strong> ist die Standardschnittstelle f\u00fcr <strong data-start=\"970\" data-end=\"1012\">ODFs, PON-Splitter und CATV-Kopfstellen<\/strong>.<\/p>\n<\/li>\n<li data-start=\"1016\" data-end=\"1120\">\n<p data-start=\"1018\" data-end=\"1120\"><strong data-start=\"1018\" data-end=\"1046\">APC-Polieren (8\u00b0-Winkel)<\/strong> liefert <strong data-start=\"1056\" data-end=\"1078\">R\u00fcckflussd\u00e4mpfung \u226560 dB<\/strong>, Dadurch werden Reflexionen und Laserrauschen minimiert.<\/p>\n<\/li>\n<li data-start=\"1121\" data-end=\"1269\">\n<p data-start=\"1123\" data-end=\"1269\"><strong data-start=\"1123\" data-end=\"1141\">Panzerkabel<\/strong> sch\u00fctzt vor <strong data-start=\"1159\" data-end=\"1206\">Quetschen, Ziehen, Nagetiere und scharfe Kurven<\/strong>, und damit perfekt f\u00fcr <strong data-start=\"1230\" data-end=\"1268\">Eins\u00e4tze im Freien und in der Industrie<\/strong>.<\/p>\n<\/li>\n<\/ul>\n<p data-start=\"1271\" data-end=\"1387\">Diese Kombination macht das Kabel zu einem <strong data-start=\"1306\" data-end=\"1386\">bevorzugte Wahl f\u00fcr FTTH-, GPON-, XG-PON-, XGS-PON- und RF-over-Fiber-Netzwerke<\/strong>.<\/p>\n<hr data-start=\"1389\" data-end=\"1392\" \/>\n<h3 data-start=\"1394\" data-end=\"1426\"><strong data-start=\"1398\" data-end=\"1426\">Technische Daten<\/strong><\/h3>\n<div class=\"TyagGW_tableContainer\">\n<div class=\"group TyagGW_tableWrapper flex flex-col-reverse w-fit\" tabindex=\"-1\">\n<table class=\"w-fit min-w-(--thread-content-width)\" data-start=\"1428\" data-end=\"1978\">\n<thead data-start=\"1428\" data-end=\"1466\">\n<tr data-start=\"1428\" data-end=\"1466\">\n<th class=\"\" data-start=\"1428\" data-end=\"1440\" data-col-size=\"sm\">Parameter<\/th>\n<th class=\"\" data-start=\"1440\" data-end=\"1466\" data-col-size=\"sm\">FC\/APC-SC\/APC Gepanzert<\/th>\n<\/tr>\n<\/thead>\n<tbody data-start=\"1495\" data-end=\"1978\">\n<tr data-start=\"1495\" data-end=\"1538\">\n<td data-start=\"1495\" data-end=\"1508\" data-col-size=\"sm\">Faser-Typ<\/td>\n<td data-start=\"1508\" data-end=\"1538\" data-col-size=\"sm\">Einmoden-OS2 (9\/125 \u03bcm)<\/td>\n<\/tr>\n<tr data-start=\"1539\" data-end=\"1565\">\n<td data-start=\"1539\" data-end=\"1553\" data-col-size=\"sm\">Anschluss A<\/td>\n<td data-start=\"1553\" data-end=\"1565\" data-col-size=\"sm\">FC \/ APC<\/td>\n<\/tr>\n<tr data-start=\"1566\" data-end=\"1592\">\n<td data-start=\"1566\" data-end=\"1580\" data-col-size=\"sm\">Anschluss B<\/td>\n<td data-start=\"1580\" data-end=\"1592\" data-col-size=\"sm\">SC \/ APC<\/td>\n<\/tr>\n<tr data-start=\"1593\" data-end=\"1626\">\n<td data-start=\"1593\" data-end=\"1607\" data-col-size=\"sm\">Polnischer Typ<\/td>\n<td data-start=\"1607\" data-end=\"1626\" data-col-size=\"sm\">APC (8\u00b0 abgewinkelt)<\/td>\n<\/tr>\n<tr data-start=\"1627\" data-end=\"1688\">\n<td data-start=\"1627\" data-end=\"1645\" data-col-size=\"sm\">Struktur der Kabel<\/td>\n<td data-start=\"1645\" data-end=\"1688\" data-col-size=\"sm\">Metallgepanzert (Stahl- oder Aluminiumrohr)<\/td>\n<\/tr>\n<tr data-start=\"1689\" data-end=\"1733\">\n<td data-start=\"1689\" data-end=\"1712\" data-col-size=\"sm\">Betriebswellenl\u00e4nge<\/td>\n<td data-start=\"1712\" data-end=\"1733\" data-col-size=\"sm\">1310 nm \/ 1550 nm<\/td>\n<\/tr>\n<tr data-start=\"1734\" data-end=\"1764\">\n<td data-start=\"1734\" data-end=\"1751\" data-col-size=\"sm\">Einf\u00fcged\u00e4mpfung<\/td>\n<td data-start=\"1751\" data-end=\"1764\" data-col-size=\"sm\">\u2264 0,30 dB<\/td>\n<\/tr>\n<tr data-start=\"1765\" data-end=\"1790\">\n<td data-start=\"1765\" data-end=\"1779\" data-col-size=\"sm\">R\u00fcckflussd\u00e4mpfung<\/td>\n<td data-start=\"1779\" data-end=\"1790\" data-col-size=\"sm\">\u2265 60 dB<\/td>\n<\/tr>\n<tr data-start=\"1791\" data-end=\"1851\">\n<td data-start=\"1791\" data-end=\"1810\" data-col-size=\"sm\">Zugfestigkeit<\/td>\n<td data-start=\"1810\" data-end=\"1851\" data-col-size=\"sm\">Viel h\u00f6her als bei Standard-Patchkabeln<\/td>\n<\/tr>\n<tr data-start=\"1852\" data-end=\"1898\">\n<td data-start=\"1852\" data-end=\"1874\" data-col-size=\"sm\">Minimaler Biegeradius<\/td>\n<td data-start=\"1874\" data-end=\"1898\" data-col-size=\"sm\">\u2265 10\u00d7 Kabeldurchmesser<\/td>\n<\/tr>\n<tr data-start=\"1899\" data-end=\"1935\">\n<td data-start=\"1899\" data-end=\"1916\" data-col-size=\"sm\">Optionen f\u00fcr die Jacke<\/td>\n<td data-start=\"1916\" data-end=\"1935\" data-col-size=\"sm\">LSZH \/ PE \/ PVC<\/td>\n<\/tr>\n<tr data-start=\"1936\" data-end=\"1978\">\n<td data-start=\"1936\" data-end=\"1949\" data-col-size=\"sm\">Einhaltung der Vorschriften<\/td>\n<td data-start=\"1949\" data-end=\"1978\" data-col-size=\"sm\">IEC, TIA-568, RoHS, REACH<\/td>\n<\/tr>\n<\/tbody>\n<\/table>\n<\/div>\n<\/div>\n<hr data-start=\"1980\" data-end=\"1983\" \/>\n<h3 data-start=\"1985\" data-end=\"2037\"><strong data-start=\"1989\" data-end=\"2037\">Entwickelt f\u00fcr Gro\u00dfhandel, OEM und Projektlieferung<\/strong><\/h3>\n<p data-start=\"2039\" data-end=\"2071\">Dieses Modell wird von vielen Anbietern bezogen:<\/p>\n<ul data-start=\"2073\" data-end=\"2243\">\n<li data-start=\"2073\" data-end=\"2108\">\n<p data-start=\"2075\" data-end=\"2108\"><strong data-start=\"2075\" data-end=\"2108\">Telekommunikations- und CATV-Vertriebsgesellschaften<\/strong><\/p>\n<\/li>\n<li data-start=\"2109\" data-end=\"2138\">\n<p data-start=\"2111\" data-end=\"2138\"><strong data-start=\"2111\" data-end=\"2138\">FTTH &amp; FTTx Auftragnehmer<\/strong><\/p>\n<\/li>\n<li data-start=\"2139\" data-end=\"2163\">\n<p data-start=\"2141\" data-end=\"2163\"><strong data-start=\"2141\" data-end=\"2163\">Systemintegratoren<\/strong><\/p>\n<\/li>\n<li data-start=\"2164\" data-end=\"2197\">\n<p data-start=\"2166\" data-end=\"2197\"><strong data-start=\"2166\" data-end=\"2197\">Anbieter von Netzwerkausr\u00fcstung<\/strong><\/p>\n<\/li>\n<li data-start=\"2198\" data-end=\"2243\">\n<p data-start=\"2200\" data-end=\"2243\"><strong data-start=\"2200\" data-end=\"2243\">Globale Exporteure und Beschaffungsunternehmen<\/strong><\/p>\n<\/li>\n<\/ul>\n<p data-start=\"2245\" data-end=\"2256\">Wir unterst\u00fctzen:<\/p>\n<ul data-start=\"2257\" data-end=\"2406\">\n<li data-start=\"2257\" data-end=\"2274\">\n<p data-start=\"2259\" data-end=\"2274\"><strong data-start=\"2259\" data-end=\"2274\">Gro\u00dfauftr\u00e4ge<\/strong><\/p>\n<\/li>\n<li data-start=\"2275\" data-end=\"2293\">\n<p data-start=\"2277\" data-end=\"2293\"><strong data-start=\"2277\" data-end=\"2293\">Flexibles MOQ<\/strong><\/p>\n<\/li>\n<li data-start=\"2294\" data-end=\"2318\">\n<p data-start=\"2296\" data-end=\"2318\"><strong data-start=\"2296\" data-end=\"2318\">OEM \/ ODM-Branding<\/strong><\/p>\n<\/li>\n<li data-start=\"2319\" data-end=\"2351\">\n<p data-start=\"2321\" data-end=\"2351\"><strong data-start=\"2321\" data-end=\"2351\">Kundenspezifische L\u00e4ngen und Verpackungen<\/strong><\/p>\n<\/li>\n<li data-start=\"2352\" data-end=\"2380\">\n<p data-start=\"2354\" data-end=\"2380\"><strong data-start=\"2354\" data-end=\"2380\">Fabrikdirekte Preisgestaltung<\/strong><\/p>\n<\/li>\n<li data-start=\"2381\" data-end=\"2406\">\n<p data-start=\"2383\" data-end=\"2406\"><strong data-start=\"2383\" data-end=\"2406\">Weltweite Logistik<\/strong><\/p>\n<\/li>\n<\/ul>\n<hr data-start=\"2408\" data-end=\"2411\" \/>\n<h3 data-start=\"2413\" data-end=\"2464\"><strong data-start=\"2417\" data-end=\"2464\">Warum APC + Armoured der Industriestandard ist<\/strong><\/h3>\n<p data-start=\"2466\" data-end=\"2552\">APC Steckverbinder reduzieren drastisch <strong data-start=\"2500\" data-end=\"2527\">optische R\u00fcckreflexion<\/strong>, die f\u00fcr die Durchf\u00fchrung des Programms unerl\u00e4sslich ist:<\/p>\n<ul data-start=\"2553\" data-end=\"2642\">\n<li data-start=\"2553\" data-end=\"2563\">\n<p data-start=\"2555\" data-end=\"2563\"><strong data-start=\"2555\" data-end=\"2563\">CATV<\/strong><\/p>\n<\/li>\n<li data-start=\"2564\" data-end=\"2583\">\n<p data-start=\"2566\" data-end=\"2583\"><strong data-start=\"2566\" data-end=\"2583\">RF-\u00fcber-Faser<\/strong><\/p>\n<\/li>\n<li data-start=\"2584\" data-end=\"2611\">\n<p data-start=\"2586\" data-end=\"2611\"><strong data-start=\"2586\" data-end=\"2611\">PON- und FTTx-Netze<\/strong><\/p>\n<\/li>\n<li data-start=\"2612\" data-end=\"2642\">\n<p data-start=\"2614\" data-end=\"2642\"><strong data-start=\"2614\" data-end=\"2642\">Hochleistungs-Lasersysteme<\/strong><\/p>\n<\/li>\n<\/ul>\n<p data-start=\"2644\" data-end=\"2802\">Die <strong data-start=\"2648\" data-end=\"2670\">gepanzerte Struktur<\/strong> gew\u00e4hrleistet langfristige Zuverl\u00e4ssigkeit in <strong data-start=\"2704\" data-end=\"2727\">Feldinstallationen<\/strong>, Senken <strong data-start=\"2738\" data-end=\"2771\">Wartungskosten und Ausfallzeiten<\/strong> f\u00fcr Betreiber und Integratoren.<\/p>\n<hr data-start=\"2804\" data-end=\"2807\" \/>\n<h2 data-start=\"2809\" data-end=\"2832\"><strong data-start=\"2812\" data-end=\"2832\">Professionelle FAQ<\/strong><\/h2>\n<p data-start=\"2834\" data-end=\"2965\"><strong data-start=\"2834\" data-end=\"2891\">F1: Ist dieses Kabel f\u00fcr FTTH- und PON-Netze geeignet?<\/strong><br data-start=\"2891\" data-end=\"2894\" \/>Ja. Es ist vollst\u00e4ndig kompatibel mit <strong data-start=\"2927\" data-end=\"2964\">GPON-, XG-PON- und XGS-PON-Systeme<\/strong>.<\/p>\n<p data-start=\"2967\" data-end=\"3116\"><strong data-start=\"2967\" data-end=\"3018\">F2: K\u00f6nnen APC-Anschl\u00fcsse mit UPC-Anschl\u00fcssen gemischt werden?<\/strong><br data-start=\"3018\" data-end=\"3021\" \/>Nein. <strong data-start=\"3025\" data-end=\"3060\">APC und UPC d\u00fcrfen nicht vermischt werden<\/strong>-Andernfalls k\u00f6nnen die Anschl\u00fcsse besch\u00e4digt und die Leistung beeintr\u00e4chtigt werden.<\/p>\n<p data-start=\"3118\" data-end=\"3239\"><strong data-start=\"3118\" data-end=\"3163\">F3: Ist OEM oder Private Labeling verf\u00fcgbar?<\/strong><br data-start=\"3163\" data-end=\"3166\" \/>Ja. Wir bieten <strong data-start=\"3182\" data-end=\"3238\">OEM, ODM, Private Branding und kundenspezifische Verpackungen<\/strong>.<\/p>\n<p data-start=\"3241\" data-end=\"3376\"><strong data-start=\"3241\" data-end=\"3283\">Q4: Wie hoch ist das MOQ f\u00fcr die Beschaffung von Massenware?<\/strong><br data-start=\"3283\" data-end=\"3286\" \/>MOQ ist <strong data-start=\"3293\" data-end=\"3305\">flexibel<\/strong>, die sowohl <strong data-start=\"3323\" data-end=\"3375\">kleine Probeauftr\u00e4ge und gro\u00dfe Projekteins\u00e4tze<\/strong>.<\/p>\n<p data-start=\"3378\" data-end=\"3526\"><strong data-start=\"3378\" data-end=\"3428\">F5: Beeintr\u00e4chtigt die Panzerung die optische Leistung?<\/strong><br data-start=\"3428\" data-end=\"3431\" \/>Nein. Die Panzerung bietet <strong data-start=\"3454\" data-end=\"3484\">nur mechanischer Schutz<\/strong> und tut <strong data-start=\"3494\" data-end=\"3525\">keine Erh\u00f6hung der Einf\u00fcgungsd\u00e4mpfung<\/strong>.<\/p>\n<p data-start=\"3528\" data-end=\"3695\"><strong data-start=\"3528\" data-end=\"3584\">F6: Welche Art von Kunden kaufen dieses Kabel normalerweise?<\/strong><br data-start=\"3584\" data-end=\"3587\" \/>Es wird in der Regel gekauft von <strong data-start=\"3615\" data-end=\"3694\">Telekommunikationsbetreiber, CATV-Anbieter, FTTH-Anbieter und Systemintegratoren<\/strong>.<\/p>","protected":false},"excerpt":{"rendered":"<p data-start=\"66\" data-end=\"320\">Die <strong data-start=\"70\" data-end=\"113\">FC\/APC-SC\/APC Panzerfaser-Patchkabel<\/strong> ist eine <strong data-start=\"119\" data-end=\"169\">hochleistungsf\u00e4higer optischer Jumper in Tr\u00e4gerqualit\u00e4t<\/strong> konzipiert f\u00fcr <strong data-start=\"183\" data-end=\"249\">PON-Netze, CATV-Systeme und Telekommunikationsinfrastruktur im Freien<\/strong> wobei <strong data-start=\"256\" data-end=\"304\">extrem niedrige Reflexion und physikalische Best\u00e4ndigkeit<\/strong> sind entscheidend.<\/p>\n<p data-start=\"322\" data-end=\"575\">Mit <strong data-start=\"332\" data-end=\"372\">8\u00b0 APC-polierte FC- und SC-Stecker<\/strong> kombiniert mit einer <strong data-start=\"389\" data-end=\"423\">metallgepanzerte Kabelstruktur<\/strong>, liefert dieses Patchkabel <strong data-start=\"450\" data-end=\"479\">au\u00dfergew\u00f6hnliche Signalreinheit<\/strong> w\u00e4hrend es widersteht <strong data-start=\"499\" data-end=\"574\">Quetschungen, Vibrationen, Sch\u00e4den durch Nagetiere und raue Installationsbedingungen<\/strong>.<\/p>\n<p data-start=\"577\" data-end=\"733\">Als <strong data-start=\"582\" data-end=\"636\">Fabrikdirekter Hersteller und Gro\u00dfhandelsexporteur<\/strong>, unterst\u00fctzen wir <strong data-start=\"649\" data-end=\"723\">OEM-, ODM-, Vertriebs-, Systemintegrator- und Massenbeschaffungsprojekte<\/strong> weltweit.<\/p>","protected":false},"featured_media":714,"comment_status":"open","ping_status":"closed","template":"","meta":[],"product_brand":[],"product_cat":[44],"product_tag":[],"class_list":{"0":"post-713","1":"product","2":"type-product","3":"status-publish","4":"has-post-thumbnail","6":"product_cat-multimode-fiber-optic-patch-cord","8":"first","9":"instock","10":"shipping-taxable","11":"product-type-simple"},"_links":{"self":[{"href":"https:\/\/www.fenxifiber.com\/de\/wp-json\/wp\/v2\/product\/713","targetHints":{"allow":["GET"]}}],"collection":[{"href":"https:\/\/www.fenxifiber.com\/de\/wp-json\/wp\/v2\/product"}],"about":[{"href":"https:\/\/www.fenxifiber.com\/de\/wp-json\/wp\/v2\/types\/product"}],"replies":[{"embeddable":true,"href":"https:\/\/www.fenxifiber.com\/de\/wp-json\/wp\/v2\/comments?post=713"}],"wp:featuredmedia":[{"embeddable":true,"href":"https:\/\/www.fenxifiber.com\/de\/wp-json\/wp\/v2\/media\/714"}],"wp:attachment":[{"href":"https:\/\/www.fenxifiber.com\/de\/wp-json\/wp\/v2\/media?parent=713"}],"wp:term":[{"taxonomy":"product_brand","embeddable":true,"href":"https:\/\/www.fenxifiber.com\/de\/wp-json\/wp\/v2\/product_brand?post=713"},{"taxonomy":"product_cat","embeddable":true,"href":"https:\/\/www.fenxifiber.com\/de\/wp-json\/wp\/v2\/product_cat?post=713"},{"taxonomy":"product_tag","embeddable":true,"href":"https:\/\/www.fenxifiber.com\/de\/wp-json\/wp\/v2\/product_tag?post=713"}],"curies":[{"name":"wp","href":"https:\/\/api.w.org\/{rel}","templated":true}]}}