{"id":715,"date":"2026-02-03T07:31:19","date_gmt":"2026-02-03T07:31:19","guid":{"rendered":"https:\/\/www.fenxifiber.com\/?post_type=product&#038;p=715"},"modified":"2026-02-04T01:39:53","modified_gmt":"2026-02-04T01:39:53","slug":"sc-apc-sc-apc-gepanzert","status":"publish","type":"product","link":"https:\/\/www.fenxifiber.com\/de\/product\/sc-apc-sc-apc-armoured\/","title":{"rendered":"SC\/APC-SC\/APC armiertes Single-Mode-Glasfaser-Patchkabel"},"content":{"rendered":"<h3 data-start=\"729\" data-end=\"772\"><strong data-start=\"733\" data-end=\"772\">Warum SC\/APC mit Panzerschutz<\/strong><\/h3>\n<p data-start=\"774\" data-end=\"1013\">SC\/APC ist die <strong data-start=\"788\" data-end=\"810\">Standardschnittstelle<\/strong> f\u00fcr <strong data-start=\"815\" data-end=\"858\">ODFs, PON-Splitter und CATV-Ausr\u00fcstung<\/strong>. Die <strong data-start=\"864\" data-end=\"887\">APC 8-Grad-Politur<\/strong> reduziert drastisch <strong data-start=\"909\" data-end=\"936\">optische R\u00fcckreflexion<\/strong>, was entscheidend ist f\u00fcr <strong data-start=\"960\" data-end=\"1012\">RF-\u00fcber-Glasfaser-, GPON-, XG-PON- und XGS-PON-Systeme<\/strong>.<\/p>\n<p data-start=\"1015\" data-end=\"1136\">Hinzuf\u00fcgen einer <strong data-start=\"1025\" data-end=\"1049\">Panzerkabelschicht<\/strong> verwandelt dieses Patchkabel in ein <strong data-start=\"1084\" data-end=\"1108\">einsatzbereite L\u00f6sung<\/strong> die durchgeschleust werden k\u00f6nnen:<\/p>\n<ul data-start=\"1137\" data-end=\"1217\">\n<li data-start=\"1137\" data-end=\"1157\">\n<p data-start=\"1139\" data-end=\"1157\">Outdoor-Schr\u00e4nke<\/p>\n<\/li>\n<li data-start=\"1158\" data-end=\"1173\">\n<p data-start=\"1160\" data-end=\"1173\">Bodenkan\u00e4le<\/p>\n<\/li>\n<li data-start=\"1174\" data-end=\"1189\">\n<p data-start=\"1176\" data-end=\"1189\">Kabelrinnen<\/p>\n<\/li>\n<li data-start=\"1190\" data-end=\"1217\">\n<p data-start=\"1192\" data-end=\"1217\">Geh\u00e4use f\u00fcr Basisstationen<\/p>\n<\/li>\n<\/ul>\n<p data-start=\"1219\" data-end=\"1250\">ohne das Risiko eines Faserbruchs.<\/p>\n<hr data-start=\"1252\" data-end=\"1255\" \/>\n<h3 data-start=\"1257\" data-end=\"1289\"><strong data-start=\"1261\" data-end=\"1289\">Technische Daten<\/strong><\/h3>\n<div class=\"TyagGW_tableContainer\">\n<div class=\"group TyagGW_tableWrapper flex flex-col-reverse w-fit\" tabindex=\"-1\">\n<table class=\"w-fit min-w-(--thread-content-width)\" data-start=\"1291\" data-end=\"1824\">\n<thead data-start=\"1291\" data-end=\"1329\">\n<tr data-start=\"1291\" data-end=\"1329\">\n<th class=\"\" data-start=\"1291\" data-end=\"1303\" data-col-size=\"sm\">Parameter<\/th>\n<th class=\"\" data-start=\"1303\" data-end=\"1329\" data-col-size=\"sm\">SC\/APC-SC\/APC Gepanzert<\/th>\n<\/tr>\n<\/thead>\n<tbody data-start=\"1358\" data-end=\"1824\">\n<tr data-start=\"1358\" data-end=\"1401\">\n<td data-start=\"1358\" data-end=\"1371\" data-col-size=\"sm\">Faser-Typ<\/td>\n<td data-start=\"1371\" data-end=\"1401\" data-col-size=\"sm\">Einmoden-OS2 (9\/125 \u03bcm)<\/td>\n<\/tr>\n<tr data-start=\"1402\" data-end=\"1443\">\n<td data-start=\"1402\" data-end=\"1419\" data-col-size=\"sm\">Stecker Typ<\/td>\n<td data-start=\"1419\" data-end=\"1443\" data-col-size=\"sm\">SC \/ APC zu SC \/ APC<\/td>\n<\/tr>\n<tr data-start=\"1444\" data-end=\"1472\">\n<td data-start=\"1444\" data-end=\"1453\" data-col-size=\"sm\">Polnisch<\/td>\n<td data-start=\"1453\" data-end=\"1472\" data-col-size=\"sm\">APC (8\u00b0 abgewinkelt)<\/td>\n<\/tr>\n<tr data-start=\"1473\" data-end=\"1534\">\n<td data-start=\"1473\" data-end=\"1491\" data-col-size=\"sm\">Struktur der Kabel<\/td>\n<td data-start=\"1491\" data-end=\"1534\" data-col-size=\"sm\">Metallgepanzert (Stahl- oder Aluminiumrohr)<\/td>\n<\/tr>\n<tr data-start=\"1535\" data-end=\"1579\">\n<td data-start=\"1535\" data-end=\"1558\" data-col-size=\"sm\">Betriebswellenl\u00e4nge<\/td>\n<td data-start=\"1558\" data-end=\"1579\" data-col-size=\"sm\">1310 nm \/ 1550 nm<\/td>\n<\/tr>\n<tr data-start=\"1580\" data-end=\"1610\">\n<td data-start=\"1580\" data-end=\"1597\" data-col-size=\"sm\">Einf\u00fcged\u00e4mpfung<\/td>\n<td data-start=\"1597\" data-end=\"1610\" data-col-size=\"sm\">\u2264 0,30 dB<\/td>\n<\/tr>\n<tr data-start=\"1611\" data-end=\"1636\">\n<td data-start=\"1611\" data-end=\"1625\" data-col-size=\"sm\">R\u00fcckflussd\u00e4mpfung<\/td>\n<td data-start=\"1625\" data-end=\"1636\" data-col-size=\"sm\">\u2265 60 dB<\/td>\n<\/tr>\n<tr data-start=\"1637\" data-end=\"1697\">\n<td data-start=\"1637\" data-end=\"1656\" data-col-size=\"sm\">Zugfestigkeit<\/td>\n<td data-start=\"1656\" data-end=\"1697\" data-col-size=\"sm\">Viel h\u00f6her als bei Standard-Patchkabeln<\/td>\n<\/tr>\n<tr data-start=\"1698\" data-end=\"1744\">\n<td data-start=\"1698\" data-end=\"1720\" data-col-size=\"sm\">Minimaler Biegeradius<\/td>\n<td data-start=\"1720\" data-end=\"1744\" data-col-size=\"sm\">\u2265 10\u00d7 Kabeldurchmesser<\/td>\n<\/tr>\n<tr data-start=\"1745\" data-end=\"1781\">\n<td data-start=\"1745\" data-end=\"1762\" data-col-size=\"sm\">Optionen f\u00fcr die Jacke<\/td>\n<td data-start=\"1762\" data-end=\"1781\" data-col-size=\"sm\">LSZH \/ PE \/ PVC<\/td>\n<\/tr>\n<tr data-start=\"1782\" data-end=\"1824\">\n<td data-start=\"1782\" data-end=\"1795\" data-col-size=\"sm\">Einhaltung der Vorschriften<\/td>\n<td data-start=\"1795\" data-end=\"1824\" data-col-size=\"sm\">IEC, TIA-568, RoHS, REACH<\/td>\n<\/tr>\n<\/tbody>\n<\/table>\n<\/div>\n<\/div>\n<hr data-start=\"1826\" data-end=\"1829\" \/>\n<h3 data-start=\"1831\" data-end=\"1882\"><strong data-start=\"1835\" data-end=\"1882\">Entwickelt f\u00fcr Gro\u00dfhandel, OEM und Netzwerkprojekte<\/strong><\/h3>\n<p data-start=\"1884\" data-end=\"1937\">Dieses gepanzerte SC\/APC-Patchkabel wird von vielen Anbietern bezogen:<\/p>\n<ul data-start=\"1939\" data-end=\"2100\">\n<li data-start=\"1939\" data-end=\"1972\">\n<p data-start=\"1941\" data-end=\"1972\"><strong data-start=\"1941\" data-end=\"1972\">Telekommunikations- und CATV-Vertriebsgesellschaften<\/strong><\/p>\n<\/li>\n<li data-start=\"1973\" data-end=\"2004\">\n<p data-start=\"1975\" data-end=\"2004\"><strong data-start=\"1975\" data-end=\"2004\">FTTH- und FTTx-Anbieter<\/strong><\/p>\n<\/li>\n<li data-start=\"2005\" data-end=\"2029\">\n<p data-start=\"2007\" data-end=\"2029\"><strong data-start=\"2007\" data-end=\"2029\">Systemintegratoren<\/strong><\/p>\n<\/li>\n<li data-start=\"2030\" data-end=\"2057\">\n<p data-start=\"2032\" data-end=\"2057\"><strong data-start=\"2032\" data-end=\"2057\">PON-Netzbetreiber<\/strong><\/p>\n<\/li>\n<li data-start=\"2058\" data-end=\"2100\">\n<p data-start=\"2060\" data-end=\"2100\"><strong data-start=\"2060\" data-end=\"2100\">Globale Beschaffungsagenten und Exporteure<\/strong><\/p>\n<\/li>\n<\/ul>\n<p data-start=\"2102\" data-end=\"2113\">Wir unterst\u00fctzen:<\/p>\n<ul data-start=\"2114\" data-end=\"2269\">\n<li data-start=\"2114\" data-end=\"2131\">\n<p data-start=\"2116\" data-end=\"2131\"><strong data-start=\"2116\" data-end=\"2131\">Gro\u00dfauftr\u00e4ge<\/strong><\/p>\n<\/li>\n<li data-start=\"2132\" data-end=\"2150\">\n<p data-start=\"2134\" data-end=\"2150\"><strong data-start=\"2134\" data-end=\"2150\">Flexibles MOQ<\/strong><\/p>\n<\/li>\n<li data-start=\"2151\" data-end=\"2180\">\n<p data-start=\"2153\" data-end=\"2180\"><strong data-start=\"2153\" data-end=\"2180\">OEM \/ ODM-Fertigung<\/strong><\/p>\n<\/li>\n<li data-start=\"2181\" data-end=\"2215\">\n<p data-start=\"2183\" data-end=\"2215\"><strong data-start=\"2183\" data-end=\"2215\">Private Etikettierung und Verpackung<\/strong><\/p>\n<\/li>\n<li data-start=\"2216\" data-end=\"2244\">\n<p data-start=\"2218\" data-end=\"2244\"><strong data-start=\"2218\" data-end=\"2244\">Fabrikdirekte Preisgestaltung<\/strong><\/p>\n<\/li>\n<li data-start=\"2245\" data-end=\"2269\">\n<p data-start=\"2247\" data-end=\"2269\"><strong data-start=\"2247\" data-end=\"2269\">Weltweiter Versand<\/strong><\/p>\n<\/li>\n<\/ul>\n<hr data-start=\"2271\" data-end=\"2274\" \/>\n<h3 data-start=\"2276\" data-end=\"2333\"><strong data-start=\"2280\" data-end=\"2333\">Warum APC + OS2 + Armoured der Industriestandard ist<\/strong><\/h3>\n<p data-start=\"2335\" data-end=\"2648\">APC-Anschl\u00fcsse bieten <strong data-start=\"2358\" data-end=\"2380\">R\u00fcckflussd\u00e4mpfung \u226560 dB<\/strong>, und verhindert Signalreflexionen, die zu St\u00f6rungen f\u00fchren k\u00f6nnen. <strong data-start=\"2428\" data-end=\"2470\">analoge Video-, RF- und PON-\u00dcbertragung<\/strong>.<br data-start=\"2471\" data-end=\"2474\" \/>OS2 Single-Mode-Faser unterst\u00fctzt <strong data-start=\"2505\" data-end=\"2553\">10G, 25G, 40G, 100G+ und Langstreckenverbindungen<\/strong>.<br data-start=\"2554\" data-end=\"2557\" \/>Gepanzerte Konstruktion gew\u00e4hrleistet <strong data-start=\"2587\" data-end=\"2621\">langfristige physische Zuverl\u00e4ssigkeit<\/strong> in realen Eins\u00e4tzen.<\/p>\n<hr data-start=\"2650\" data-end=\"2653\" \/>\n<h2 data-start=\"2655\" data-end=\"2678\"><strong data-start=\"2658\" data-end=\"2678\">Professionelle FAQ<\/strong><\/h2>\n<p data-start=\"2680\" data-end=\"2811\"><strong data-start=\"2680\" data-end=\"2737\">F1: Ist dieses Kabel f\u00fcr FTTH- und PON-Netze geeignet?<\/strong><br data-start=\"2737\" data-end=\"2740\" \/>Ja. Es ist vollst\u00e4ndig kompatibel mit <strong data-start=\"2773\" data-end=\"2810\">GPON-, XG-PON- und XGS-PON-Systeme<\/strong>.<\/p>\n<p data-start=\"2813\" data-end=\"2964\"><strong data-start=\"2813\" data-end=\"2855\">F2: Kann SC\/APC mit UPC-Anschl\u00fcssen verwendet werden?<\/strong><br data-start=\"2855\" data-end=\"2858\" \/>Nein. <strong data-start=\"2862\" data-end=\"2908\">APC- und UPC-Stecker d\u00fcrfen nicht gemischt werden<\/strong>, Dies kann die Stecker besch\u00e4digen und die Leistung beeintr\u00e4chtigen.<\/p>\n<p data-start=\"2966\" data-end=\"3091\"><strong data-start=\"2966\" data-end=\"3015\">F3: Ist ein OEM- oder H\u00e4ndler-Branding verf\u00fcgbar?<\/strong><br data-start=\"3015\" data-end=\"3018\" \/>Ja. Wir bieten <strong data-start=\"3034\" data-end=\"3090\">OEM, ODM, Private Labeling und kundenspezifische Verpackungen<\/strong>.<\/p>\n<p data-start=\"3093\" data-end=\"3224\"><strong data-start=\"3093\" data-end=\"3138\">Q4: Was ist das MOQ f\u00fcr Gro\u00dfhandelsauftr\u00e4ge?<\/strong><br data-start=\"3138\" data-end=\"3141\" \/>MOQ ist <strong data-start=\"3148\" data-end=\"3160\">flexibel<\/strong>, und erm\u00f6glicht <strong data-start=\"3171\" data-end=\"3223\">kleine Probeauftr\u00e4ge und Beschaffung von Gro\u00dfprojekten<\/strong>.<\/p>\n<p data-start=\"3226\" data-end=\"3380\"><strong data-start=\"3226\" data-end=\"3278\">F5: Wirkt sich die Panzerschicht auf den optischen Verlust aus?<\/strong><br data-start=\"3278\" data-end=\"3281\" \/>Nein. Die Panzerung bietet <strong data-start=\"3308\" data-end=\"3338\">nur mechanischer Schutz<\/strong> und tut <strong data-start=\"3348\" data-end=\"3379\">keine Erh\u00f6hung der Einf\u00fcgungsd\u00e4mpfung<\/strong>.<\/p>\n<p data-start=\"3382\" data-end=\"3534\"><strong data-start=\"3382\" data-end=\"3425\">F6: Wer kauft dieses Modell normalerweise?<\/strong><br data-start=\"3425\" data-end=\"3428\" \/>Es wird in der Regel bezogen von <strong data-start=\"3454\" data-end=\"3533\">Telekommunikationsbetreiber, CATV-Anbieter, FTTH-Anbieter und Systemintegratoren<\/strong>.<\/p>","protected":false},"excerpt":{"rendered":"<p data-start=\"66\" data-end=\"312\">Die <strong data-start=\"70\" data-end=\"113\">SC\/APC-SC\/APC Panzerfaser-Patchkabel<\/strong> ist eine <strong data-start=\"119\" data-end=\"151\">Optische Br\u00fccke in Tr\u00e4gerqualit\u00e4t<\/strong> konzipiert f\u00fcr <strong data-start=\"165\" data-end=\"238\">FTTH, PON-Netze, CATV-Kopfstellen und Telekommunikationsinfrastruktur im Freien<\/strong> wobei <strong data-start=\"245\" data-end=\"295\">extrem niedrige Reflexion und mechanische Best\u00e4ndigkeit<\/strong> sind unerl\u00e4sslich.<\/p>\n<p data-start=\"314\" data-end=\"560\">Mit <strong data-start=\"324\" data-end=\"364\">8\u00b0 abgewinkelte APC-polierte SC-Stecker<\/strong> an beiden Enden und ein <strong data-start=\"384\" data-end=\"418\">metallgepanzerte Kabelstruktur<\/strong>, gew\u00e4hrleistet dieses Modell <strong data-start=\"439\" data-end=\"467\">h\u00f6chste Signalstabilit\u00e4t<\/strong> w\u00e4hrend des \u00dcberlebens <strong data-start=\"484\" data-end=\"559\">Quetschungen, Vibrationen, Sch\u00e4den durch Nagetiere und raue Installationsbedingungen<\/strong>.<\/p>\n<p data-start=\"562\" data-end=\"722\">Als <strong data-start=\"567\" data-end=\"625\">direkter Hersteller und Gro\u00dfhandelsausf\u00fchrer von Lichtwellenleitern<\/strong>, unterst\u00fctzen wir <strong data-start=\"638\" data-end=\"711\">OEM, ODM, Distributoren, Systemintegratoren und Beschaffung von Gro\u00dfprojekten<\/strong> weltweit.<\/p>","protected":false},"featured_media":716,"comment_status":"open","ping_status":"closed","template":"","meta":[],"product_brand":[],"product_cat":[44],"product_tag":[],"class_list":{"0":"post-715","1":"product","2":"type-product","3":"status-publish","4":"has-post-thumbnail","6":"product_cat-multimode-fiber-optic-patch-cord","8":"first","9":"instock","10":"shipping-taxable","11":"product-type-simple"},"_links":{"self":[{"href":"https:\/\/www.fenxifiber.com\/de\/wp-json\/wp\/v2\/product\/715","targetHints":{"allow":["GET"]}}],"collection":[{"href":"https:\/\/www.fenxifiber.com\/de\/wp-json\/wp\/v2\/product"}],"about":[{"href":"https:\/\/www.fenxifiber.com\/de\/wp-json\/wp\/v2\/types\/product"}],"replies":[{"embeddable":true,"href":"https:\/\/www.fenxifiber.com\/de\/wp-json\/wp\/v2\/comments?post=715"}],"wp:featuredmedia":[{"embeddable":true,"href":"https:\/\/www.fenxifiber.com\/de\/wp-json\/wp\/v2\/media\/716"}],"wp:attachment":[{"href":"https:\/\/www.fenxifiber.com\/de\/wp-json\/wp\/v2\/media?parent=715"}],"wp:term":[{"taxonomy":"product_brand","embeddable":true,"href":"https:\/\/www.fenxifiber.com\/de\/wp-json\/wp\/v2\/product_brand?post=715"},{"taxonomy":"product_cat","embeddable":true,"href":"https:\/\/www.fenxifiber.com\/de\/wp-json\/wp\/v2\/product_cat?post=715"},{"taxonomy":"product_tag","embeddable":true,"href":"https:\/\/www.fenxifiber.com\/de\/wp-json\/wp\/v2\/product_tag?post=715"}],"curies":[{"name":"wp","href":"https:\/\/api.w.org\/{rel}","templated":true}]}}