{"id":717,"date":"2026-02-03T07:33:59","date_gmt":"2026-02-03T07:33:59","guid":{"rendered":"https:\/\/www.fenxifiber.com\/?post_type=product&#038;p=717"},"modified":"2026-02-04T01:40:23","modified_gmt":"2026-02-04T01:40:23","slug":"sc-upc-sc-apc-gepanzert","status":"publish","type":"product","link":"https:\/\/www.fenxifiber.com\/de\/product\/sc-upc-sc-apc-armoured\/","title":{"rendered":"SC\/UPC-SC\/APC armiertes Single-Mode-Glasfaser-Patchkabel"},"content":{"rendered":"<h3 data-start=\"698\" data-end=\"734\"><strong data-start=\"702\" data-end=\"734\">Was dieses Kabel so einzigartig macht<\/strong><\/h3>\n<p data-start=\"736\" data-end=\"1024\">Viele FTTH- und CATV-Netze laufen noch <strong data-start=\"774\" data-end=\"819\">UPC-Schnittstellen an ODFs und Pr\u00fcfger\u00e4ten<\/strong>, w\u00e4hrend <strong data-start=\"827\" data-end=\"879\">Splitter, ONUs und RF-Sender erfordern APC<\/strong>.<br data-start=\"880\" data-end=\"883\" \/>Diese <strong data-start=\"888\" data-end=\"921\">SC\/UPC-SC\/APC gepanzerte \u00dcberbr\u00fcckung<\/strong> \u00fcberbr\u00fcckt diese L\u00fccke und bietet <strong data-start=\"951\" data-end=\"980\">saubere optische Leistung<\/strong> bei gleichzeitiger Beseitigung unn\u00f6tiger Patchfelder.<\/p>\n<p data-start=\"1026\" data-end=\"1071\">Die <strong data-start=\"1030\" data-end=\"1061\">metallarmierte Kabelkonstruktion<\/strong> bietet:<\/p>\n<ul data-start=\"1072\" data-end=\"1163\">\n<li data-start=\"1072\" data-end=\"1092\">\n<p data-start=\"1074\" data-end=\"1092\">Quetschfestigkeit<\/p>\n<\/li>\n<li data-start=\"1093\" data-end=\"1114\">\n<p data-start=\"1095\" data-end=\"1114\">Schutz vor Nagetieren<\/p>\n<\/li>\n<li data-start=\"1115\" data-end=\"1163\">\n<p data-start=\"1117\" data-end=\"1163\">Stabile Verlegung in Outdoor-Schr\u00e4nken und -Racks<\/p>\n<\/li>\n<\/ul>\n<p data-start=\"1165\" data-end=\"1234\">und ist damit ideal f\u00fcr <strong data-start=\"1185\" data-end=\"1233\">Installation vor Ort und risikoreiche Kabelwege<\/strong>.<\/p>\n<hr data-start=\"1236\" data-end=\"1239\" \/>\n<h3 data-start=\"1241\" data-end=\"1273\"><strong data-start=\"1245\" data-end=\"1273\">Technische Daten<\/strong><\/h3>\n<div class=\"TyagGW_tableContainer\">\n<div class=\"group TyagGW_tableWrapper flex flex-col-reverse w-fit\" tabindex=\"-1\">\n<table class=\"w-fit min-w-(--thread-content-width)\" data-start=\"1275\" data-end=\"1749\">\n<thead data-start=\"1275\" data-end=\"1313\">\n<tr data-start=\"1275\" data-end=\"1313\">\n<th class=\"\" data-start=\"1275\" data-end=\"1287\" data-col-size=\"sm\">Parameter<\/th>\n<th class=\"\" data-start=\"1287\" data-end=\"1313\" data-col-size=\"sm\">SC\/UPC-SC\/APC Gepanzert<\/th>\n<\/tr>\n<\/thead>\n<tbody data-start=\"1342\" data-end=\"1749\">\n<tr data-start=\"1342\" data-end=\"1383\">\n<td data-start=\"1342\" data-end=\"1355\" data-col-size=\"sm\">Faser-Typ<\/td>\n<td data-start=\"1355\" data-end=\"1383\" data-col-size=\"sm\">OS2 Single-Mode 9\/125 \u03bcm<\/td>\n<\/tr>\n<tr data-start=\"1384\" data-end=\"1410\">\n<td data-start=\"1384\" data-end=\"1398\" data-col-size=\"sm\">Anschluss A<\/td>\n<td data-start=\"1398\" data-end=\"1410\" data-col-size=\"sm\">SC \/ UPC<\/td>\n<\/tr>\n<tr data-start=\"1411\" data-end=\"1449\">\n<td data-start=\"1411\" data-end=\"1425\" data-col-size=\"sm\">Anschluss B<\/td>\n<td data-start=\"1425\" data-end=\"1449\" data-col-size=\"sm\">SC \/ APC (8\u00b0 gewinkelt)<\/td>\n<\/tr>\n<tr data-start=\"1450\" data-end=\"1481\">\n<td data-start=\"1450\" data-end=\"1463\" data-col-size=\"sm\">Kabel Typ<\/td>\n<td data-start=\"1463\" data-end=\"1481\" data-col-size=\"sm\">Metallgepanzert<\/td>\n<\/tr>\n<tr data-start=\"1482\" data-end=\"1526\">\n<td data-start=\"1482\" data-end=\"1505\" data-col-size=\"sm\">Betriebswellenl\u00e4nge<\/td>\n<td data-start=\"1505\" data-end=\"1526\" data-col-size=\"sm\">1310 nm \/ 1550 nm<\/td>\n<\/tr>\n<tr data-start=\"1527\" data-end=\"1557\">\n<td data-start=\"1527\" data-end=\"1544\" data-col-size=\"sm\">Einf\u00fcged\u00e4mpfung<\/td>\n<td data-start=\"1544\" data-end=\"1557\" data-col-size=\"sm\">\u2264 0,30 dB<\/td>\n<\/tr>\n<tr data-start=\"1558\" data-end=\"1593\">\n<td data-start=\"1558\" data-end=\"1582\" data-col-size=\"sm\">R\u00fcckflussd\u00e4mpfung (UPC-Seite)<\/td>\n<td data-start=\"1582\" data-end=\"1593\" data-col-size=\"sm\">\u2265 50 dB<\/td>\n<\/tr>\n<tr data-start=\"1594\" data-end=\"1629\">\n<td data-start=\"1594\" data-end=\"1618\" data-col-size=\"sm\">R\u00fcckflussd\u00e4mpfung (APC-Seite)<\/td>\n<td data-start=\"1618\" data-end=\"1629\" data-col-size=\"sm\">\u2265 60 dB<\/td>\n<\/tr>\n<tr data-start=\"1630\" data-end=\"1678\">\n<td data-start=\"1630\" data-end=\"1649\" data-col-size=\"sm\">Zugfestigkeit<\/td>\n<td data-start=\"1649\" data-end=\"1678\" data-col-size=\"sm\">Hoch (gepanzerte Struktur)<\/td>\n<\/tr>\n<tr data-start=\"1679\" data-end=\"1707\">\n<td data-start=\"1679\" data-end=\"1688\" data-col-size=\"sm\">Jacke<\/td>\n<td data-start=\"1688\" data-end=\"1707\" data-col-size=\"sm\">LSZH \/ PE \/ PVC<\/td>\n<\/tr>\n<tr data-start=\"1708\" data-end=\"1749\">\n<td data-start=\"1708\" data-end=\"1720\" data-col-size=\"sm\">Normen<\/td>\n<td data-start=\"1720\" data-end=\"1749\" data-col-size=\"sm\">IEC, TIA-568, RoHS, REACH<\/td>\n<\/tr>\n<\/tbody>\n<\/table>\n<\/div>\n<\/div>\n<hr data-start=\"1751\" data-end=\"1754\" \/>\n<h3 data-start=\"1756\" data-end=\"1806\"><strong data-start=\"1760\" data-end=\"1806\">Entwickelt f\u00fcr Telekommunikations-, FTTH- und CATV-Netze<\/strong><\/h3>\n<p data-start=\"1808\" data-end=\"1837\">Dieses Modell ist weit verbreitet in:<\/p>\n<ul data-start=\"1838\" data-end=\"2013\">\n<li data-start=\"1838\" data-end=\"1872\">\n<p data-start=\"1840\" data-end=\"1872\"><strong data-start=\"1840\" data-end=\"1872\">FTTH- und FTTx-Einf\u00fchrungsprojekte<\/strong><\/p>\n<\/li>\n<li data-start=\"1873\" data-end=\"1910\">\n<p data-start=\"1875\" data-end=\"1910\"><strong data-start=\"1875\" data-end=\"1910\">GPON \/ XG-PON \/ XGS-PON-Systeme<\/strong><\/p>\n<\/li>\n<li data-start=\"1911\" data-end=\"1941\">\n<p data-start=\"1913\" data-end=\"1941\"><strong data-start=\"1913\" data-end=\"1941\">CATV RF-\u00fcber-Glasfaser-Verbindungen<\/strong><\/p>\n<\/li>\n<li data-start=\"1942\" data-end=\"1971\">\n<p data-start=\"1944\" data-end=\"1971\"><strong data-start=\"1944\" data-end=\"1971\">Telekommunikations-Vermittlungsrahmen<\/strong><\/p>\n<\/li>\n<li data-start=\"1972\" data-end=\"2013\">\n<p data-start=\"1974\" data-end=\"2013\"><strong data-start=\"1974\" data-end=\"2013\">Glasfaserverteilerschr\u00e4nke f\u00fcr den Au\u00dfenbereich<\/strong><\/p>\n<\/li>\n<\/ul>\n<p data-start=\"2015\" data-end=\"2145\">Sie wird h\u00e4ufig von anderen Quellen bezogen:<br \/>\n<strong data-start=\"2044\" data-end=\"2144\">Gro\u00dfh\u00e4ndler, Distributoren, Netzwerkintegratoren, Telekommunikationsunternehmen, Exporteure und OEM-Partner<\/strong>.<\/p>\n<hr data-start=\"2147\" data-end=\"2150\" \/>\n<h3 data-start=\"2152\" data-end=\"2205\"><strong data-start=\"2156\" data-end=\"2205\">Warum globale Eink\u00e4ufer unsere gepanzerten Pullover w\u00e4hlen<\/strong><\/h3>\n<ul data-start=\"2207\" data-end=\"2396\">\n<li data-start=\"2207\" data-end=\"2234\">\n<p data-start=\"2209\" data-end=\"2234\"><strong data-start=\"2209\" data-end=\"2234\">Werksnahe Lieferung<\/strong><\/p>\n<\/li>\n<li data-start=\"2235\" data-end=\"2264\">\n<p data-start=\"2237\" data-end=\"2264\"><strong data-start=\"2237\" data-end=\"2264\">OEM \/ ODM-Anpassung<\/strong><\/p>\n<\/li>\n<li data-start=\"2265\" data-end=\"2289\">\n<p data-start=\"2267\" data-end=\"2289\"><strong data-start=\"2267\" data-end=\"2289\">Unterst\u00fctzung bei Gro\u00dfauftr\u00e4gen<\/strong><\/p>\n<\/li>\n<li data-start=\"2290\" data-end=\"2314\">\n<p data-start=\"2292\" data-end=\"2314\"><strong data-start=\"2292\" data-end=\"2314\">Niedriges &amp; flexibles MOQ<\/strong><\/p>\n<\/li>\n<li data-start=\"2315\" data-end=\"2353\">\n<p data-start=\"2317\" data-end=\"2353\"><strong data-start=\"2317\" data-end=\"2353\">Eigenmarken und kundenspezifische Verpackungen<\/strong><\/p>\n<\/li>\n<li data-start=\"2354\" data-end=\"2396\">\n<p data-start=\"2356\" data-end=\"2396\"><strong data-start=\"2356\" data-end=\"2396\">Stabile langfristige Versorgung f\u00fcr Projekte<\/strong><\/p>\n<\/li>\n<\/ul>","protected":false},"excerpt":{"rendered":"<p data-start=\"66\" data-end=\"304\">Die <strong data-start=\"70\" data-end=\"107\">SC\/UPC-SC\/APC Panzer-Rangierkabel<\/strong> ist eine <strong data-start=\"113\" data-end=\"149\">hybride polierte Singlemode-Br\u00fccke<\/strong> konzipiert f\u00fcr <strong data-start=\"163\" data-end=\"206\">PON-, CATV- und Telekommunikations-Backbone-Netze<\/strong> wobei <strong data-start=\"213\" data-end=\"284\">geringe Einf\u00fcgungsd\u00e4mpfung, extrem niedrige Reflexion und mechanischer Schutz<\/strong> sind alle erforderlich.<\/p>\n<p data-start=\"306\" data-end=\"519\">Durch die Kombination <strong data-start=\"319\" data-end=\"340\">SC\/UPC an einem Ende<\/strong> und <strong data-start=\"345\" data-end=\"368\">SC\/APC auf der anderen Seite<\/strong>, erm\u00f6glicht dieses Kabel <strong data-start=\"388\" data-end=\"470\">direkte Verbindung zwischen alten UPC-Anschl\u00fcssen und modernen APC-basierten Ger\u00e4ten<\/strong>-ohne Adapter oder signalverschlechternde Wandler.<\/p>\n<p data-start=\"521\" data-end=\"691\">Als <strong data-start=\"526\" data-end=\"589\">Direkthersteller, OEM-Lieferant und Exporteur<\/strong>, unterst\u00fctzen wir <strong data-start=\"602\" data-end=\"690\">Vertriebsh\u00e4ndler, Systemintegratoren, Netzbetreiber und Global Sourcing-Unternehmen<\/strong>.<\/p>","protected":false},"featured_media":718,"comment_status":"open","ping_status":"closed","template":"","meta":[],"product_brand":[],"product_cat":[44],"product_tag":[],"class_list":{"0":"post-717","1":"product","2":"type-product","3":"status-publish","4":"has-post-thumbnail","6":"product_cat-multimode-fiber-optic-patch-cord","8":"first","9":"instock","10":"shipping-taxable","11":"product-type-simple"},"_links":{"self":[{"href":"https:\/\/www.fenxifiber.com\/de\/wp-json\/wp\/v2\/product\/717","targetHints":{"allow":["GET"]}}],"collection":[{"href":"https:\/\/www.fenxifiber.com\/de\/wp-json\/wp\/v2\/product"}],"about":[{"href":"https:\/\/www.fenxifiber.com\/de\/wp-json\/wp\/v2\/types\/product"}],"replies":[{"embeddable":true,"href":"https:\/\/www.fenxifiber.com\/de\/wp-json\/wp\/v2\/comments?post=717"}],"wp:featuredmedia":[{"embeddable":true,"href":"https:\/\/www.fenxifiber.com\/de\/wp-json\/wp\/v2\/media\/718"}],"wp:attachment":[{"href":"https:\/\/www.fenxifiber.com\/de\/wp-json\/wp\/v2\/media?parent=717"}],"wp:term":[{"taxonomy":"product_brand","embeddable":true,"href":"https:\/\/www.fenxifiber.com\/de\/wp-json\/wp\/v2\/product_brand?post=717"},{"taxonomy":"product_cat","embeddable":true,"href":"https:\/\/www.fenxifiber.com\/de\/wp-json\/wp\/v2\/product_cat?post=717"},{"taxonomy":"product_tag","embeddable":true,"href":"https:\/\/www.fenxifiber.com\/de\/wp-json\/wp\/v2\/product_tag?post=717"}],"curies":[{"name":"wp","href":"https:\/\/api.w.org\/{rel}","templated":true}]}}