{"id":719,"date":"2026-02-03T07:35:49","date_gmt":"2026-02-03T07:35:49","guid":{"rendered":"https:\/\/www.fenxifiber.com\/?post_type=product&#038;p=719"},"modified":"2026-02-04T01:41:02","modified_gmt":"2026-02-04T01:41:02","slug":"sc-upc-fc-upc-gepanzert","status":"publish","type":"product","link":"https:\/\/www.fenxifiber.com\/de\/product\/sc-upc-fc-upc-armoured\/","title":{"rendered":"SC\/UPC-FC\/UPC armiertes Single-Mode-Glasfaser-Patchkabel"},"content":{"rendered":"<h3 data-start=\"767\" data-end=\"814\"><strong data-start=\"771\" data-end=\"814\">Warum SC an FC mit Panzerbau<\/strong><\/h3>\n<p data-start=\"816\" data-end=\"1074\">SC-Steckverbinder sind weit verbreitet in <strong data-start=\"849\" data-end=\"900\">ODFs, Patchfelder und FTTH-Verteilerk\u00e4sten<\/strong>, w\u00e4hrend <strong data-start=\"908\" data-end=\"925\">FC-Stecker<\/strong> bleiben die <strong data-start=\"937\" data-end=\"1021\">bevorzugte Schnittstelle f\u00fcr optische Pr\u00fcfger\u00e4te, Laser und \u00e4ltere Telekommunikationsger\u00e4te<\/strong> wegen ihrer <strong data-start=\"1039\" data-end=\"1073\">schraubensichere Pr\u00e4zisionsausrichtung<\/strong>.<\/p>\n<p data-start=\"1076\" data-end=\"1113\">Dieser gepanzerte SC-zu-FC-Jumper erm\u00f6glicht:<\/p>\n<ul data-start=\"1114\" data-end=\"1253\">\n<li data-start=\"1114\" data-end=\"1152\">\n<p data-start=\"1116\" data-end=\"1152\"><strong data-start=\"1116\" data-end=\"1152\">Stabile Signalgenauigkeit in Laborqualit\u00e4t<\/strong><\/p>\n<\/li>\n<li data-start=\"1153\" data-end=\"1197\">\n<p data-start=\"1155\" data-end=\"1197\"><strong data-start=\"1155\" data-end=\"1197\">Sichere vibrationsfeste Verbindungen<\/strong><\/p>\n<\/li>\n<li data-start=\"1198\" data-end=\"1253\">\n<p data-start=\"1200\" data-end=\"1253\"><strong data-start=\"1200\" data-end=\"1253\">Direkte Verkn\u00fcpfung von modernen und alten Glasfasersystemen<\/strong><\/p>\n<\/li>\n<\/ul>\n<p data-start=\"1255\" data-end=\"1369\">Die <strong data-start=\"1259\" data-end=\"1283\">metallarmiertes Kabel<\/strong> bietet Schutz gegen <strong data-start=\"1308\" data-end=\"1368\">Quetschungen, Nagetiere, Zugbelastung und Unfallsch\u00e4den<\/strong>.<\/p>\n<hr data-start=\"1371\" data-end=\"1374\" \/>\n<h3 data-start=\"1376\" data-end=\"1408\"><strong data-start=\"1380\" data-end=\"1408\">Technische Daten<\/strong><\/h3>\n<div class=\"TyagGW_tableContainer\">\n<div class=\"group TyagGW_tableWrapper flex flex-col-reverse w-fit\" tabindex=\"-1\">\n<table class=\"w-fit min-w-(--thread-content-width)\" data-start=\"1410\" data-end=\"1884\">\n<thead data-start=\"1410\" data-end=\"1448\">\n<tr data-start=\"1410\" data-end=\"1448\">\n<th class=\"\" data-start=\"1410\" data-end=\"1422\" data-col-size=\"sm\">Parameter<\/th>\n<th class=\"\" data-start=\"1422\" data-end=\"1448\" data-col-size=\"sm\">SC\/UPC-FC\/UPC gepanzert<\/th>\n<\/tr>\n<\/thead>\n<tbody data-start=\"1477\" data-end=\"1884\">\n<tr data-start=\"1477\" data-end=\"1518\">\n<td data-start=\"1477\" data-end=\"1490\" data-col-size=\"sm\">Faser-Typ<\/td>\n<td data-start=\"1490\" data-end=\"1518\" data-col-size=\"sm\">OS2 Single-Mode 9\/125 \u03bcm<\/td>\n<\/tr>\n<tr data-start=\"1519\" data-end=\"1545\">\n<td data-start=\"1519\" data-end=\"1533\" data-col-size=\"sm\">Anschluss A<\/td>\n<td data-start=\"1533\" data-end=\"1545\" data-col-size=\"sm\">SC \/ UPC<\/td>\n<\/tr>\n<tr data-start=\"1546\" data-end=\"1572\">\n<td data-start=\"1546\" data-end=\"1560\" data-col-size=\"sm\">Anschluss B<\/td>\n<td data-start=\"1560\" data-end=\"1572\" data-col-size=\"sm\">FC \/ UPC<\/td>\n<\/tr>\n<tr data-start=\"1573\" data-end=\"1619\">\n<td data-start=\"1573\" data-end=\"1587\" data-col-size=\"sm\">Polnischer Typ<\/td>\n<td data-start=\"1587\" data-end=\"1619\" data-col-size=\"sm\">UPC (Ultra Physical Contact)<\/td>\n<\/tr>\n<tr data-start=\"1620\" data-end=\"1656\">\n<td data-start=\"1620\" data-end=\"1638\" data-col-size=\"sm\">Struktur der Kabel<\/td>\n<td data-start=\"1638\" data-end=\"1656\" data-col-size=\"sm\">Metallgepanzert<\/td>\n<\/tr>\n<tr data-start=\"1657\" data-end=\"1701\">\n<td data-start=\"1657\" data-end=\"1680\" data-col-size=\"sm\">Betriebswellenl\u00e4nge<\/td>\n<td data-start=\"1680\" data-end=\"1701\" data-col-size=\"sm\">1310 nm \/ 1550 nm<\/td>\n<\/tr>\n<tr data-start=\"1702\" data-end=\"1732\">\n<td data-start=\"1702\" data-end=\"1719\" data-col-size=\"sm\">Einf\u00fcged\u00e4mpfung<\/td>\n<td data-start=\"1719\" data-end=\"1732\" data-col-size=\"sm\">\u2264 0,30 dB<\/td>\n<\/tr>\n<tr data-start=\"1733\" data-end=\"1758\">\n<td data-start=\"1733\" data-end=\"1747\" data-col-size=\"sm\">R\u00fcckflussd\u00e4mpfung<\/td>\n<td data-start=\"1747\" data-end=\"1758\" data-col-size=\"sm\">\u2265 50 dB<\/td>\n<\/tr>\n<tr data-start=\"1759\" data-end=\"1804\">\n<td data-start=\"1759\" data-end=\"1778\" data-col-size=\"sm\">Zugfestigkeit<\/td>\n<td data-start=\"1778\" data-end=\"1804\" data-col-size=\"sm\">Hoch (gepanzerte Ausf\u00fchrung)<\/td>\n<\/tr>\n<tr data-start=\"1805\" data-end=\"1841\">\n<td data-start=\"1805\" data-end=\"1822\" data-col-size=\"sm\">Optionen f\u00fcr die Jacke<\/td>\n<td data-start=\"1822\" data-end=\"1841\" data-col-size=\"sm\">LSZH \/ PE \/ PVC<\/td>\n<\/tr>\n<tr data-start=\"1842\" data-end=\"1884\">\n<td data-start=\"1842\" data-end=\"1855\" data-col-size=\"sm\">Einhaltung der Vorschriften<\/td>\n<td data-start=\"1855\" data-end=\"1884\" data-col-size=\"sm\">IEC, TIA-568, RoHS, REACH<\/td>\n<\/tr>\n<\/tbody>\n<\/table>\n<\/div>\n<\/div>\n<hr data-start=\"1886\" data-end=\"1889\" \/>\n<h3 data-start=\"1891\" data-end=\"1923\"><strong data-start=\"1895\" data-end=\"1923\">Wo dieses Kabel verwendet wird<\/strong><\/h3>\n<ul data-start=\"1925\" data-end=\"2079\">\n<li data-start=\"1925\" data-end=\"1954\">\n<p data-start=\"1927\" data-end=\"1954\"><strong data-start=\"1927\" data-end=\"1954\">Telekommunikationszentralen<\/strong><\/p>\n<\/li>\n<li data-start=\"1955\" data-end=\"1993\">\n<p data-start=\"1957\" data-end=\"1993\"><strong data-start=\"1957\" data-end=\"1993\">Faserpr\u00fcf- und -messsysteme<\/strong><\/p>\n<\/li>\n<li data-start=\"1994\" data-end=\"2013\">\n<p data-start=\"1996\" data-end=\"2013\"><strong data-start=\"1996\" data-end=\"2013\">CATV-Kopfstellen<\/strong><\/p>\n<\/li>\n<li data-start=\"2014\" data-end=\"2046\">\n<p data-start=\"2016\" data-end=\"2046\"><strong data-start=\"2016\" data-end=\"2046\">Inbetriebnahme des FTTH-Netzes<\/strong><\/p>\n<\/li>\n<li data-start=\"2047\" data-end=\"2079\">\n<p data-start=\"2049\" data-end=\"2079\"><strong data-start=\"2049\" data-end=\"2079\">Industrielle Faserausr\u00fcstung<\/strong><\/p>\n<\/li>\n<\/ul>\n<p data-start=\"2081\" data-end=\"2218\">Es wird von vielen Quellen bezogen:<br \/>\n<strong data-start=\"2106\" data-end=\"2217\">Systemintegratoren, Telekommunikationsunternehmen, Distributoren, OEM-Partner, Exporteure und Gro\u00dfh\u00e4ndler f\u00fcr Glasfasertechnik<\/strong>.<\/p>\n<hr data-start=\"2220\" data-end=\"2223\" \/>\n<h3 data-start=\"2225\" data-end=\"2268\"><strong data-start=\"2229\" data-end=\"2268\">Entwickelt f\u00fcr die Beschaffung auf Projektebene<\/strong><\/h3>\n<p data-start=\"2270\" data-end=\"2281\">Wir unterst\u00fctzen:<\/p>\n<ul data-start=\"2282\" data-end=\"2451\">\n<li data-start=\"2282\" data-end=\"2318\">\n<p data-start=\"2284\" data-end=\"2318\"><strong data-start=\"2284\" data-end=\"2318\">Gro\u00dfbestellungen und langfristige Lieferung<\/strong><\/p>\n<\/li>\n<li data-start=\"2319\" data-end=\"2343\">\n<p data-start=\"2321\" data-end=\"2343\"><strong data-start=\"2321\" data-end=\"2343\">Niedriges &amp; flexibles MOQ<\/strong><\/p>\n<\/li>\n<li data-start=\"2344\" data-end=\"2373\">\n<p data-start=\"2346\" data-end=\"2373\"><strong data-start=\"2346\" data-end=\"2373\">OEM \/ ODM-Anpassung<\/strong><\/p>\n<\/li>\n<li data-start=\"2374\" data-end=\"2422\">\n<p data-start=\"2376\" data-end=\"2422\"><strong data-start=\"2376\" data-end=\"2422\">Kundenspezifische L\u00e4ngen, Manteltypen und Beschriftungen<\/strong><\/p>\n<\/li>\n<li data-start=\"2423\" data-end=\"2451\">\n<p data-start=\"2425\" data-end=\"2451\"><strong data-start=\"2425\" data-end=\"2451\">Fabrikdirekte Preisgestaltung<\/strong><\/p>\n<\/li>\n<\/ul>\n<p data-start=\"2453\" data-end=\"2588\">Damit ist das gepanzerte SC\/UPC-FC\/UPC-Patchkabel ideal f\u00fcr <strong data-start=\"2512\" data-end=\"2587\">Netzeinf\u00fchrung, Wartungsvertr\u00e4ge und Global-Sourcing-Programme<\/strong>.<\/p>\n<hr data-start=\"2590\" data-end=\"2593\" \/>\n<h2 data-start=\"2595\" data-end=\"2618\"><strong data-start=\"2598\" data-end=\"2618\">Professionelle FAQ<\/strong><\/h2>\n<p data-start=\"2620\" data-end=\"2776\"><strong data-start=\"2620\" data-end=\"2671\">F1: Warum wird FC anstelle von LC oder SC auf einer Seite verwendet?<\/strong><br data-start=\"2671\" data-end=\"2674\" \/>FC bietet <strong data-start=\"2686\" data-end=\"2734\">Stabilit\u00e4t der Verriegelung und pr\u00e4zise Ausrichtung<\/strong>, ideal f\u00fcr <strong data-start=\"2746\" data-end=\"2775\">Pr\u00fcfger\u00e4te und Laser<\/strong>.<\/p>\n<p data-start=\"2778\" data-end=\"2942\"><strong data-start=\"2778\" data-end=\"2823\">F2: Ist UPC f\u00fcr Telekommunikation und FTTH geeignet?<\/strong><br data-start=\"2823\" data-end=\"2826\" \/>Ja. UPC bietet <strong data-start=\"2842\" data-end=\"2885\">geringe Einf\u00fcgungsd\u00e4mpfung und gute R\u00fcckflussd\u00e4mpfung<\/strong>, und wird daher h\u00e4ufig verwendet in <strong data-start=\"2912\" data-end=\"2941\">Telekommunikations- und Datennetze<\/strong>.<\/p>\n<p data-start=\"2944\" data-end=\"3060\"><strong data-start=\"2944\" data-end=\"2994\">F3: Beeintr\u00e4chtigt die Panzerung die optische Leistung?<\/strong><br data-start=\"2994\" data-end=\"2997\" \/>Nein. Es verbessert nur <strong data-start=\"3018\" data-end=\"3041\">mechanische Festigkeit<\/strong>, und nicht den optischen Verlust.<\/p>","protected":false},"excerpt":{"rendered":"<p data-start=\"66\" data-end=\"339\">Die <strong data-start=\"70\" data-end=\"107\">SC\/UPC-FC\/UPC Panzerkabel<\/strong> ist eine <strong data-start=\"113\" data-end=\"158\">hochstabiler optischer Singlemode-Jumper<\/strong> Entwickelt f\u00fcr <strong data-start=\"174\" data-end=\"255\">Telekommunikationsvermittlungsstellen, Testsysteme, CATV-Kopfstellen und industrielle Glasfasernetze<\/strong> wobei <strong data-start=\"262\" data-end=\"323\">sichere Steckerverriegelung und starker mechanischer Schutz<\/strong> sind erforderlich.<\/p>\n<p data-start=\"341\" data-end=\"589\">Sie kombiniert eine <strong data-start=\"355\" data-end=\"385\">Push-Pull SC\/UPC-Stecker<\/strong> mit einer <strong data-start=\"393\" data-end=\"422\">FC\/UPC-Stecker mit Gewinde<\/strong>, und bietet den Installateuren die Flexibilit\u00e4t, die <strong data-start=\"466\" data-end=\"527\">moderne Verteilerrahmen f\u00fcr optische Pr\u00e4zisionsger\u00e4te<\/strong>-alle gesch\u00fctzt durch eine <strong data-start=\"547\" data-end=\"588\">robuste metallbewehrte Kabelstruktur<\/strong>.<\/p>\n<p data-start=\"591\" data-end=\"760\">Als <strong data-start=\"596\" data-end=\"666\">Glasfaserhersteller, Gro\u00dfhandelsausf\u00fchrer und OEM\/ODM-Lieferant<\/strong>, bieten wir <strong data-start=\"679\" data-end=\"741\">Bulk-Lieferungen, Private Labeling und Unterst\u00fctzung bei der weltweiten Beschaffung<\/strong> f\u00fcr B2B-Kunden.<\/p>","protected":false},"featured_media":720,"comment_status":"open","ping_status":"closed","template":"","meta":[],"product_brand":[],"product_cat":[44],"product_tag":[],"class_list":{"0":"post-719","1":"product","2":"type-product","3":"status-publish","4":"has-post-thumbnail","6":"product_cat-multimode-fiber-optic-patch-cord","8":"first","9":"instock","10":"shipping-taxable","11":"product-type-simple"},"_links":{"self":[{"href":"https:\/\/www.fenxifiber.com\/de\/wp-json\/wp\/v2\/product\/719","targetHints":{"allow":["GET"]}}],"collection":[{"href":"https:\/\/www.fenxifiber.com\/de\/wp-json\/wp\/v2\/product"}],"about":[{"href":"https:\/\/www.fenxifiber.com\/de\/wp-json\/wp\/v2\/types\/product"}],"replies":[{"embeddable":true,"href":"https:\/\/www.fenxifiber.com\/de\/wp-json\/wp\/v2\/comments?post=719"}],"wp:featuredmedia":[{"embeddable":true,"href":"https:\/\/www.fenxifiber.com\/de\/wp-json\/wp\/v2\/media\/720"}],"wp:attachment":[{"href":"https:\/\/www.fenxifiber.com\/de\/wp-json\/wp\/v2\/media?parent=719"}],"wp:term":[{"taxonomy":"product_brand","embeddable":true,"href":"https:\/\/www.fenxifiber.com\/de\/wp-json\/wp\/v2\/product_brand?post=719"},{"taxonomy":"product_cat","embeddable":true,"href":"https:\/\/www.fenxifiber.com\/de\/wp-json\/wp\/v2\/product_cat?post=719"},{"taxonomy":"product_tag","embeddable":true,"href":"https:\/\/www.fenxifiber.com\/de\/wp-json\/wp\/v2\/product_tag?post=719"}],"curies":[{"name":"wp","href":"https:\/\/api.w.org\/{rel}","templated":true}]}}