{"id":721,"date":"2026-02-03T07:37:48","date_gmt":"2026-02-03T07:37:48","guid":{"rendered":"https:\/\/www.fenxifiber.com\/?post_type=product&#038;p=721"},"modified":"2026-02-04T01:41:56","modified_gmt":"2026-02-04T01:41:56","slug":"strukturdiagramm-eines-gepanzerten-optischen-kabels","status":"publish","type":"product","link":"https:\/\/www.fenxifiber.com\/de\/product\/structure-diagram-of-armored-opticalcable\/","title":{"rendered":"Struktogramm eines gepanzerten optischen Kabels"},"content":{"rendered":"<h2 data-start=\"528\" data-end=\"574\"><strong data-start=\"531\" data-end=\"574\">Typischer Aufbau eines gepanzerten optischen Kabels<\/strong><\/h2>\n<p data-start=\"576\" data-end=\"672\">Ein gepanzertes optisches Kabel ist von innen nach au\u00dfen wie ein <strong data-start=\"638\" data-end=\"671\">mehrschichtiges Schutzsystem<\/strong>:<\/p>\n<div class=\"TyagGW_tableContainer\">\n<div class=\"group TyagGW_tableWrapper flex flex-col-reverse w-fit\" tabindex=\"-1\">\n<table class=\"w-fit min-w-(--thread-content-width)\" data-start=\"674\" data-end=\"1134\">\n<thead data-start=\"674\" data-end=\"694\">\n<tr data-start=\"674\" data-end=\"694\">\n<th class=\"\" data-start=\"674\" data-end=\"682\" data-col-size=\"sm\">Ebene<\/th>\n<th class=\"\" data-start=\"682\" data-end=\"694\" data-col-size=\"sm\">Funktion<\/th>\n<\/tr>\n<\/thead>\n<tbody data-start=\"713\" data-end=\"1134\">\n<tr data-start=\"713\" data-end=\"781\">\n<td data-start=\"713\" data-end=\"754\" data-col-size=\"sm\"><strong data-start=\"715\" data-end=\"753\">Lichtwellenleiter (9\/125 oder 50\/125 \u03bcm)<\/strong><\/td>\n<td data-start=\"754\" data-end=\"781\" data-col-size=\"sm\">\u00dcbertr\u00e4gt Lichtsignale<\/td>\n<\/tr>\n<tr data-start=\"782\" data-end=\"841\">\n<td data-start=\"782\" data-end=\"804\" data-col-size=\"sm\"><strong data-start=\"784\" data-end=\"803\">Prim\u00e4re Beschichtung<\/strong><\/td>\n<td data-start=\"804\" data-end=\"841\" data-col-size=\"sm\">Sch\u00fctzt die Fasern vor Mikrokr\u00fcmmung<\/td>\n<\/tr>\n<tr data-start=\"842\" data-end=\"908\">\n<td data-start=\"842\" data-end=\"884\" data-col-size=\"sm\"><strong data-start=\"844\" data-end=\"883\">Dichter Puffer (900 \u03bcm) oder loses Rohr<\/strong><\/td>\n<td data-start=\"884\" data-end=\"908\" data-col-size=\"sm\">Mechanische Stabilit\u00e4t<\/td>\n<\/tr>\n<tr data-start=\"909\" data-end=\"956\">\n<td data-start=\"909\" data-end=\"936\" data-col-size=\"sm\"><strong data-start=\"911\" data-end=\"935\">Aramid-Garn (Kevlar)<\/strong><\/td>\n<td data-start=\"936\" data-end=\"956\" data-col-size=\"sm\">Zugfestigkeit<\/td>\n<\/tr>\n<tr data-start=\"957\" data-end=\"1024\">\n<td data-start=\"957\" data-end=\"995\" data-col-size=\"sm\"><strong data-start=\"959\" data-end=\"994\">Metallpanzer (Stahl oder Aluminium)<\/strong><\/td>\n<td data-start=\"995\" data-end=\"1024\" data-col-size=\"sm\">Schutz vor Quetschungen und Nagetieren<\/td>\n<\/tr>\n<tr data-start=\"1025\" data-end=\"1068\">\n<td data-start=\"1025\" data-end=\"1044\" data-col-size=\"sm\"><strong data-start=\"1027\" data-end=\"1043\">Innenmantel<\/strong><\/td>\n<td data-start=\"1044\" data-end=\"1068\" data-col-size=\"sm\">H\u00e4lt die R\u00fcstung an Ort und Stelle<\/td>\n<\/tr>\n<tr data-start=\"1069\" data-end=\"1134\">\n<td data-start=\"1069\" data-end=\"1106\" data-col-size=\"sm\"><strong data-start=\"1071\" data-end=\"1105\">Au\u00dfenmantel (LSZH \/ PE \/ PVC)<\/strong><\/td>\n<td data-start=\"1106\" data-end=\"1134\" data-col-size=\"sm\">Schutz der Umwelt<\/td>\n<\/tr>\n<\/tbody>\n<\/table>\n<\/div>\n<\/div>\n<p data-start=\"1136\" data-end=\"1300\">Diese Struktur erm\u00f6glicht es, das Kabel <strong data-start=\"1174\" data-end=\"1203\">ohne Kabelkanal installiert<\/strong>, durchgezogen <strong data-start=\"1220\" data-end=\"1259\">Fu\u00dfb\u00f6den, Schr\u00e4nke und Au\u00dfenkan\u00e4le<\/strong>, und verwendet in <strong data-start=\"1273\" data-end=\"1299\">risikoreiche Umgebungen<\/strong>.<\/p>\n<hr data-start=\"1302\" data-end=\"1305\" \/>\n<h2 data-start=\"1307\" data-end=\"1363\"><strong data-start=\"1310\" data-end=\"1363\">Warum gepanzerte Glasfaserkabel in B2B-Projekten verwendet werden<\/strong><\/h2>\n<p data-start=\"1365\" data-end=\"1439\">Standard-Patchkabel sind empfindlich. Gepanzerte optische Kabel sind daf\u00fcr ausgelegt:<\/p>\n<ul data-start=\"1441\" data-end=\"1617\">\n<li data-start=\"1441\" data-end=\"1470\">\n<p data-start=\"1443\" data-end=\"1470\"><strong data-start=\"1443\" data-end=\"1470\">Telekommunikationszentralen<\/strong><\/p>\n<\/li>\n<li data-start=\"1471\" data-end=\"1500\">\n<p data-start=\"1473\" data-end=\"1500\"><strong data-start=\"1473\" data-end=\"1500\">FTTH- und FTTx-Installationen<\/strong><\/p>\n<\/li>\n<li data-start=\"1501\" data-end=\"1528\">\n<p data-start=\"1503\" data-end=\"1528\"><strong data-start=\"1503\" data-end=\"1528\">Industrielle Automatisierung<\/strong><\/p>\n<\/li>\n<li data-start=\"1529\" data-end=\"1551\">\n<p data-start=\"1531\" data-end=\"1551\"><strong data-start=\"1531\" data-end=\"1551\">Outdoor-Schr\u00e4nke<\/strong><\/p>\n<\/li>\n<li data-start=\"1552\" data-end=\"1584\">\n<p data-start=\"1554\" data-end=\"1584\"><strong data-start=\"1554\" data-end=\"1584\">Eisenbahn- und Versorgungsnetze<\/strong><\/p>\n<\/li>\n<li data-start=\"1585\" data-end=\"1617\">\n<p data-start=\"1587\" data-end=\"1617\"><strong data-start=\"1587\" data-end=\"1617\">Querverbindungen in Rechenzentren<\/strong><\/p>\n<\/li>\n<\/ul>\n<p data-start=\"1619\" data-end=\"1766\">Sie werden in gro\u00dfem Umfang beschafft von:<br \/>\n<strong data-start=\"1647\" data-end=\"1765\">Telekommunikationsbetreiber, Systemintegratoren, Distributoren, OEM-Fabriken, Exporteure und gro\u00dfe Netzausr\u00fcster<\/strong>.<\/p>\n<hr data-start=\"1768\" data-end=\"1771\" \/>\n<h2 data-start=\"1773\" data-end=\"1822\"><strong data-start=\"1776\" data-end=\"1822\">Mechanische und optische Leistung (typisch)<\/strong><\/h2>\n<div class=\"TyagGW_tableContainer\">\n<div class=\"group TyagGW_tableWrapper flex flex-col-reverse w-fit\" tabindex=\"-1\">\n<table class=\"w-fit min-w-(--thread-content-width)\" data-start=\"1824\" data-end=\"2147\">\n<thead data-start=\"1824\" data-end=\"1879\">\n<tr data-start=\"1824\" data-end=\"1879\">\n<th class=\"\" data-start=\"1824\" data-end=\"1835\" data-col-size=\"sm\">Eigentum<\/th>\n<th class=\"\" data-start=\"1835\" data-end=\"1857\" data-col-size=\"sm\">Standard-Patchkabel<\/th>\n<th class=\"\" data-start=\"1857\" data-end=\"1879\" data-col-size=\"sm\">Gepanzertes Patchkabel<\/th>\n<\/tr>\n<\/thead>\n<tbody data-start=\"1930\" data-end=\"2147\">\n<tr data-start=\"1930\" data-end=\"1963\">\n<td data-start=\"1930\" data-end=\"1949\" data-col-size=\"sm\">Quetschwiderstand<\/td>\n<td data-start=\"1949\" data-end=\"1955\" data-col-size=\"sm\">Niedrig<\/td>\n<td data-start=\"1955\" data-end=\"1963\" data-col-size=\"sm\">Hoch<\/td>\n<\/tr>\n<tr data-start=\"1964\" data-end=\"2004\">\n<td data-start=\"1964\" data-end=\"1984\" data-col-size=\"sm\">Nagetier-Resistenz<\/td>\n<td data-col-size=\"sm\" data-start=\"1984\" data-end=\"1991\">Keine<\/td>\n<td data-col-size=\"sm\" data-start=\"1991\" data-end=\"2004\">Ausgezeichnet<\/td>\n<\/tr>\n<tr data-start=\"2005\" data-end=\"2049\">\n<td data-start=\"2005\" data-end=\"2024\" data-col-size=\"sm\">Zugfestigkeit<\/td>\n<td data-start=\"2024\" data-end=\"2033\" data-col-size=\"sm\">~100 N<\/td>\n<td data-start=\"2033\" data-end=\"2049\" data-col-size=\"sm\">Bis zu 800 N+<\/td>\n<\/tr>\n<tr data-start=\"2050\" data-end=\"2106\">\n<td data-start=\"2050\" data-end=\"2072\" data-col-size=\"sm\">Sicherheit bei der Installation<\/td>\n<td data-start=\"2072\" data-end=\"2086\" data-col-size=\"sm\">Nur f\u00fcr Innenr\u00e4ume<\/td>\n<td data-start=\"2086\" data-end=\"2106\" data-col-size=\"sm\">Innen und Au\u00dfen<\/td>\n<\/tr>\n<tr data-start=\"2107\" data-end=\"2147\">\n<td data-start=\"2107\" data-end=\"2122\" data-col-size=\"sm\">Nutzungsdauer<\/td>\n<td data-start=\"2122\" data-end=\"2132\" data-col-size=\"sm\">K\u00fcrzere<\/td>\n<td data-start=\"2132\" data-end=\"2147\" data-col-size=\"sm\">Viel l\u00e4nger<\/td>\n<\/tr>\n<\/tbody>\n<\/table>\n<\/div>\n<\/div>\n<p data-start=\"2149\" data-end=\"2279\">Die gepanzerte Faser erh\u00e4lt <strong data-start=\"2173\" data-end=\"2205\">die gleiche optische Leistung<\/strong> als Standardfaser und liefert gleichzeitig <strong data-start=\"2241\" data-end=\"2278\">weitaus h\u00f6here mechanische Zuverl\u00e4ssigkeit<\/strong>.<\/p>\n<hr data-start=\"2281\" data-end=\"2284\" \/>\n<h2 data-start=\"2286\" data-end=\"2332\"><strong data-start=\"2289\" data-end=\"2332\">Warum globale Eink\u00e4ufer gepanzerte Fasern bevorzugen<\/strong><\/h2>\n<p data-start=\"2334\" data-end=\"2405\">Von einem <strong data-start=\"2341\" data-end=\"2381\">Beschaffung und Beschaffungsperspektive<\/strong>, Panzerkabel reduzieren:<\/p>\n<ul data-start=\"2406\" data-end=\"2487\">\n<li data-start=\"2406\" data-end=\"2428\">\n<p data-start=\"2408\" data-end=\"2428\">Fehler bei der Installation<\/p>\n<\/li>\n<li data-start=\"2429\" data-end=\"2447\">\n<p data-start=\"2431\" data-end=\"2447\">Wartungskosten<\/p>\n<\/li>\n<li data-start=\"2448\" data-end=\"2466\">\n<p data-start=\"2450\" data-end=\"2466\">Ausfallzeiten im Netz<\/p>\n<\/li>\n<li data-start=\"2467\" data-end=\"2487\">\n<p data-start=\"2469\" data-end=\"2487\">Ersetzungszyklen<\/p>\n<\/li>\n<\/ul>\n<p data-start=\"2489\" data-end=\"2564\">Aus diesem Grund sind sie die <strong data-start=\"2514\" data-end=\"2563\">Standardwahl f\u00fcr gro\u00df angelegte Faserprojekte<\/strong>.<\/p>\n<p data-start=\"2566\" data-end=\"2600\">Wir liefern armierte Faserkabel als:<\/p>\n<ul data-start=\"2601\" data-end=\"2753\">\n<li data-start=\"2601\" data-end=\"2621\">\n<p data-start=\"2603\" data-end=\"2621\"><strong data-start=\"2603\" data-end=\"2621\">Fabrik direkt<\/strong><\/p>\n<\/li>\n<li data-start=\"2622\" data-end=\"2637\">\n<p data-start=\"2624\" data-end=\"2637\"><strong data-start=\"2624\" data-end=\"2637\">OEM \/ ODM<\/strong><\/p>\n<\/li>\n<li data-start=\"2638\" data-end=\"2655\">\n<p data-start=\"2640\" data-end=\"2655\"><strong data-start=\"2640\" data-end=\"2655\">Gro\u00dfauftr\u00e4ge<\/strong><\/p>\n<\/li>\n<li data-start=\"2656\" data-end=\"2695\">\n<p data-start=\"2658\" data-end=\"2695\"><strong data-start=\"2658\" data-end=\"2695\">Versorgung von H\u00e4ndlern und Integratoren<\/strong><\/p>\n<\/li>\n<li data-start=\"2696\" data-end=\"2718\">\n<p data-start=\"2698\" data-end=\"2718\"><strong data-start=\"2698\" data-end=\"2718\">Exportverpackung<\/strong><\/p>\n<\/li>\n<li data-start=\"2719\" data-end=\"2753\">\n<p data-start=\"2721\" data-end=\"2753\"><strong data-start=\"2721\" data-end=\"2753\">Individuelles Branding und Beschriftung<\/strong><\/p>\n<\/li>\n<\/ul>\n<hr data-start=\"2755\" data-end=\"2758\" \/>\n<h2 data-start=\"2760\" data-end=\"2783\"><strong data-start=\"2763\" data-end=\"2783\">Professionelle FAQ<\/strong><\/h2>\n<p data-start=\"2785\" data-end=\"2938\"><strong data-start=\"2785\" data-end=\"2836\">F1: Beeintr\u00e4chtigt die Metallarmierung die Signalqualit\u00e4t?<\/strong><br data-start=\"2836\" data-end=\"2839\" \/>Nein. Die R\u00fcstung bietet nur <strong data-start=\"2867\" data-end=\"2892\">mechanischer Schutz<\/strong> und hat keine Auswirkungen auf <strong data-start=\"2913\" data-end=\"2937\">optische \u00dcbertragung<\/strong>.<\/p>\n<p data-start=\"2940\" data-end=\"3088\"><strong data-start=\"2940\" data-end=\"2981\">F2: Welche Art von Metallpanzerung wird verwendet?<\/strong><br data-start=\"2981\" data-end=\"2984\" \/>Typischerweise <strong data-start=\"2994\" data-end=\"3031\">gewelltes Stahl- oder Aluminiumrohr<\/strong>, je nach erforderlicher Flexibilit\u00e4t und Schutzniveau.<\/p>\n<p data-start=\"3090\" data-end=\"3233\"><strong data-start=\"3090\" data-end=\"3140\">F3: K\u00f6nnen armierte Glasfasern in Rechenzentren verwendet werden?<\/strong><br data-start=\"3140\" data-end=\"3143\" \/>Ja. Es wird \u00fcblicherweise verwendet f\u00fcr <strong data-start=\"3172\" data-end=\"3232\">Querverbindungen, vertikale Steigleitungen und Unterflurverlegung<\/strong>.<\/p>\n<p data-start=\"3235\" data-end=\"3377\"><strong data-start=\"3235\" data-end=\"3292\">F4: Sind armierte Glasfasern f\u00fcr FTTH-Au\u00dfenverteiler geeignet?<\/strong><br data-start=\"3292\" data-end=\"3295\" \/>Ja. Es bietet <strong data-start=\"3310\" data-end=\"3376\">Nagetierresistenz, Quetschschutz und langfristige Zuverl\u00e4ssigkeit<\/strong>.<\/p>\n<p data-start=\"3379\" data-end=\"3521\"><strong data-start=\"3379\" data-end=\"3426\">F5: K\u00f6nnen gepanzerte Verbindungskabel nach Ma\u00df gefertigt werden?<\/strong><br data-start=\"3426\" data-end=\"3429\" \/>Ja. <strong data-start=\"3434\" data-end=\"3498\">L\u00e4nge, Manteltyp, Anschl\u00fcsse, OEM-Branding und Verpackung<\/strong> k\u00f6nnen alle angepasst werden.<\/p>\n<p data-start=\"3523\" data-end=\"3673\"><strong data-start=\"3523\" data-end=\"3574\">F6: Wer kauft normalerweise gepanzerte Glasfaserkabel?<\/strong><br data-start=\"3574\" data-end=\"3577\" \/><strong data-start=\"3577\" data-end=\"3672\">Telekommunikationsbetreiber, Glasfaserintegratoren, Gro\u00dfh\u00e4ndler, Exporteure und gro\u00dfe Projektanbieter<\/strong>.<\/p>","protected":false},"excerpt":{"rendered":"<p data-start=\"94\" data-end=\"340\">Die <strong data-start=\"98\" data-end=\"147\">Strukturdiagramm eines armierten optischen Kabels<\/strong> veranschaulicht, wie moderne <strong data-start=\"171\" data-end=\"226\">gepanzerte Glasfaser-Patchkabel und Glasfaserkabel f\u00fcr den Au\u00dfenbereich<\/strong> sind so konstruiert, dass sie \u00fcberleben <strong data-start=\"253\" data-end=\"337\">mechanische Beanspruchung, raue Installationsbedingungen und langfristiger Feldeinsatz<\/strong>.<\/p>\n<p data-start=\"342\" data-end=\"521\">Dieser mehrschichtige Aufbau ist die Grundlage f\u00fcr alle <strong data-start=\"397\" data-end=\"433\">gepanzerte Glasfaser-Patchkabel<\/strong> verwendet in <strong data-start=\"442\" data-end=\"520\">Telekommunikation, FTTH, Rechenzentren, Industrienetzwerke und Outdoor-Glasfaserstrecken<\/strong>.<\/p>","protected":false},"featured_media":722,"comment_status":"open","ping_status":"closed","template":"","meta":[],"product_brand":[],"product_cat":[44],"product_tag":[],"class_list":{"0":"post-721","1":"product","2":"type-product","3":"status-publish","4":"has-post-thumbnail","6":"product_cat-multimode-fiber-optic-patch-cord","8":"first","9":"instock","10":"shipping-taxable","11":"product-type-simple"},"_links":{"self":[{"href":"https:\/\/www.fenxifiber.com\/de\/wp-json\/wp\/v2\/product\/721","targetHints":{"allow":["GET"]}}],"collection":[{"href":"https:\/\/www.fenxifiber.com\/de\/wp-json\/wp\/v2\/product"}],"about":[{"href":"https:\/\/www.fenxifiber.com\/de\/wp-json\/wp\/v2\/types\/product"}],"replies":[{"embeddable":true,"href":"https:\/\/www.fenxifiber.com\/de\/wp-json\/wp\/v2\/comments?post=721"}],"wp:featuredmedia":[{"embeddable":true,"href":"https:\/\/www.fenxifiber.com\/de\/wp-json\/wp\/v2\/media\/722"}],"wp:attachment":[{"href":"https:\/\/www.fenxifiber.com\/de\/wp-json\/wp\/v2\/media?parent=721"}],"wp:term":[{"taxonomy":"product_brand","embeddable":true,"href":"https:\/\/www.fenxifiber.com\/de\/wp-json\/wp\/v2\/product_brand?post=721"},{"taxonomy":"product_cat","embeddable":true,"href":"https:\/\/www.fenxifiber.com\/de\/wp-json\/wp\/v2\/product_cat?post=721"},{"taxonomy":"product_tag","embeddable":true,"href":"https:\/\/www.fenxifiber.com\/de\/wp-json\/wp\/v2\/product_tag?post=721"}],"curies":[{"name":"wp","href":"https:\/\/api.w.org\/{rel}","templated":true}]}}