{"id":723,"date":"2026-02-03T07:40:28","date_gmt":"2026-02-03T07:40:28","guid":{"rendered":"https:\/\/www.fenxifiber.com\/?post_type=product&#038;p=723"},"modified":"2026-02-04T01:42:24","modified_gmt":"2026-02-04T01:42:24","slug":"sc-upc-sc-upc-gepanzert","status":"publish","type":"product","link":"https:\/\/www.fenxifiber.com\/de\/product\/sc-upc-sc-upc-armoured\/","title":{"rendered":"SC\/UPC-SC\/UPC armiertes Single-Mode-Glasfaser-Patchkabel"},"content":{"rendered":"<h3 data-start=\"745\" data-end=\"797\"><strong data-start=\"749\" data-end=\"797\">Warum SC\/UPC mit gepanzerter Konstruktion<\/strong><\/h3>\n<p data-start=\"799\" data-end=\"1027\">SC-Steckverbinder sind die <strong data-start=\"821\" data-end=\"897\">Standardschnittstelle f\u00fcr ODFs, Patchpanels, FTTH-Dosen und Telekommunikationsracks<\/strong>.<br data-start=\"898\" data-end=\"901\" \/>Die <strong data-start=\"905\" data-end=\"919\">UPC-Politur<\/strong> gew\u00e4hrleistet <strong data-start=\"928\" data-end=\"971\">geringe Einf\u00fcgungsd\u00e4mpfung und hohe R\u00fcckflussd\u00e4mpfung<\/strong>, und damit ideal f\u00fcr <strong data-start=\"993\" data-end=\"1026\">Telekommunikation und Daten\u00fcbertragung<\/strong>.<\/p>\n<p data-start=\"1029\" data-end=\"1105\">Die <strong data-start=\"1033\" data-end=\"1057\">Panzerkabelschicht<\/strong> kann diese Br\u00fccke sicher durchgeschleust werden:<\/p>\n<ul data-start=\"1106\" data-end=\"1191\">\n<li data-start=\"1106\" data-end=\"1121\">\n<p data-start=\"1108\" data-end=\"1121\">Bodenkan\u00e4le<\/p>\n<\/li>\n<li data-start=\"1122\" data-end=\"1137\">\n<p data-start=\"1124\" data-end=\"1137\">Kabelrinnen<\/p>\n<\/li>\n<li data-start=\"1138\" data-end=\"1158\">\n<p data-start=\"1140\" data-end=\"1158\">Outdoor-Schr\u00e4nke<\/p>\n<\/li>\n<li data-start=\"1159\" data-end=\"1191\">\n<p data-start=\"1161\" data-end=\"1191\">Hochfrequentierte Technikr\u00e4ume<\/p>\n<\/li>\n<\/ul>\n<p data-start=\"1193\" data-end=\"1224\">ohne das Risiko eines Faserbruchs.<\/p>\n<hr data-start=\"1226\" data-end=\"1229\" \/>\n<h3 data-start=\"1231\" data-end=\"1263\"><strong data-start=\"1235\" data-end=\"1263\">Technische Daten<\/strong><\/h3>\n<div class=\"TyagGW_tableContainer\">\n<div class=\"group TyagGW_tableWrapper flex flex-col-reverse w-fit\" tabindex=\"-1\">\n<table class=\"w-fit min-w-(--thread-content-width)\" data-start=\"1265\" data-end=\"1680\">\n<thead data-start=\"1265\" data-end=\"1303\">\n<tr data-start=\"1265\" data-end=\"1303\">\n<th class=\"\" data-start=\"1265\" data-end=\"1277\" data-col-size=\"sm\">Parameter<\/th>\n<th class=\"\" data-start=\"1277\" data-end=\"1303\" data-col-size=\"sm\">SC\/UPC-SC\/UPC gepanzert<\/th>\n<\/tr>\n<\/thead>\n<tbody data-start=\"1332\" data-end=\"1680\">\n<tr data-start=\"1332\" data-end=\"1373\">\n<td data-start=\"1332\" data-end=\"1345\" data-col-size=\"sm\">Faser-Typ<\/td>\n<td data-start=\"1345\" data-end=\"1373\" data-col-size=\"sm\">OS2 Single-Mode 9\/125 \u03bcm<\/td>\n<\/tr>\n<tr data-start=\"1374\" data-end=\"1415\">\n<td data-start=\"1374\" data-end=\"1391\" data-col-size=\"sm\">Stecker Typ<\/td>\n<td data-start=\"1391\" data-end=\"1415\" data-col-size=\"sm\">SC \/ UPC zu SC \/ UPC<\/td>\n<\/tr>\n<tr data-start=\"1416\" data-end=\"1452\">\n<td data-start=\"1416\" data-end=\"1434\" data-col-size=\"sm\">Struktur der Kabel<\/td>\n<td data-start=\"1434\" data-end=\"1452\" data-col-size=\"sm\">Metallgepanzert<\/td>\n<\/tr>\n<tr data-start=\"1453\" data-end=\"1497\">\n<td data-start=\"1453\" data-end=\"1476\" data-col-size=\"sm\">Betriebswellenl\u00e4nge<\/td>\n<td data-start=\"1476\" data-end=\"1497\" data-col-size=\"sm\">1310 nm \/ 1550 nm<\/td>\n<\/tr>\n<tr data-start=\"1498\" data-end=\"1528\">\n<td data-start=\"1498\" data-end=\"1515\" data-col-size=\"sm\">Einf\u00fcged\u00e4mpfung<\/td>\n<td data-start=\"1515\" data-end=\"1528\" data-col-size=\"sm\">\u2264 0,30 dB<\/td>\n<\/tr>\n<tr data-start=\"1529\" data-end=\"1554\">\n<td data-start=\"1529\" data-end=\"1543\" data-col-size=\"sm\">R\u00fcckflussd\u00e4mpfung<\/td>\n<td data-start=\"1543\" data-end=\"1554\" data-col-size=\"sm\">\u2265 50 dB<\/td>\n<\/tr>\n<tr data-start=\"1555\" data-end=\"1600\">\n<td data-start=\"1555\" data-end=\"1574\" data-col-size=\"sm\">Zugfestigkeit<\/td>\n<td data-start=\"1574\" data-end=\"1600\" data-col-size=\"sm\">Hoch (gepanzerte Ausf\u00fchrung)<\/td>\n<\/tr>\n<tr data-start=\"1601\" data-end=\"1637\">\n<td data-start=\"1601\" data-end=\"1618\" data-col-size=\"sm\">Optionen f\u00fcr die Jacke<\/td>\n<td data-start=\"1618\" data-end=\"1637\" data-col-size=\"sm\">LSZH \/ PE \/ PVC<\/td>\n<\/tr>\n<tr data-start=\"1638\" data-end=\"1680\">\n<td data-start=\"1638\" data-end=\"1651\" data-col-size=\"sm\">Einhaltung der Vorschriften<\/td>\n<td data-start=\"1651\" data-end=\"1680\" data-col-size=\"sm\">IEC, TIA-568, RoHS, REACH<\/td>\n<\/tr>\n<\/tbody>\n<\/table>\n<\/div>\n<\/div>\n<hr data-start=\"1682\" data-end=\"1685\" \/>\n<h3 data-start=\"1687\" data-end=\"1707\"><strong data-start=\"1691\" data-end=\"1707\">Anwendungen<\/strong><\/h3>\n<ul data-start=\"1709\" data-end=\"1861\">\n<li data-start=\"1709\" data-end=\"1735\">\n<p data-start=\"1711\" data-end=\"1735\"><strong data-start=\"1711\" data-end=\"1735\">FTTH- und FTTx-Netze<\/strong><\/p>\n<\/li>\n<li data-start=\"1736\" data-end=\"1765\">\n<p data-start=\"1738\" data-end=\"1765\"><strong data-start=\"1738\" data-end=\"1765\">Telekommunikations-Vermittlungsrahmen<\/strong><\/p>\n<\/li>\n<li data-start=\"1766\" data-end=\"1799\">\n<p data-start=\"1768\" data-end=\"1799\"><strong data-start=\"1768\" data-end=\"1799\">Glasfaserverteilerschr\u00e4nke<\/strong><\/p>\n<\/li>\n<li data-start=\"1800\" data-end=\"1832\">\n<p data-start=\"1802\" data-end=\"1832\"><strong data-start=\"1802\" data-end=\"1832\">Querverbindungen in Rechenzentren<\/strong><\/p>\n<\/li>\n<li data-start=\"1833\" data-end=\"1861\">\n<p data-start=\"1835\" data-end=\"1861\"><strong data-start=\"1835\" data-end=\"1861\">Industrielle Faserverbindungen<\/strong><\/p>\n<\/li>\n<\/ul>\n<p data-start=\"1863\" data-end=\"1995\">Dieses Modell wird von vielen Anbietern bezogen:<br \/>\n<strong data-start=\"1896\" data-end=\"1994\">Telekommunikationsbetreiber, Netzintegratoren, Vertriebsh\u00e4ndler, Gro\u00dfh\u00e4ndler, OEM-Partner und Exporteure<\/strong>.<\/p>\n<hr data-start=\"1997\" data-end=\"2000\" \/>\n<h3 data-start=\"2002\" data-end=\"2049\"><strong data-start=\"2006\" data-end=\"2049\">Konzipiert f\u00fcr Gro\u00dfhandel und Projektlieferung<\/strong><\/h3>\n<p data-start=\"2051\" data-end=\"2060\">Wir bieten:<\/p>\n<ul data-start=\"2061\" data-end=\"2211\">\n<li data-start=\"2061\" data-end=\"2085\">\n<p data-start=\"2063\" data-end=\"2085\"><strong data-start=\"2063\" data-end=\"2085\">Preise f\u00fcr Gro\u00dfbestellungen<\/strong><\/p>\n<\/li>\n<li data-start=\"2086\" data-end=\"2104\">\n<p data-start=\"2088\" data-end=\"2104\"><strong data-start=\"2088\" data-end=\"2104\">Flexibles MOQ<\/strong><\/p>\n<\/li>\n<li data-start=\"2105\" data-end=\"2131\">\n<p data-start=\"2107\" data-end=\"2131\"><strong data-start=\"2107\" data-end=\"2131\">OEM \/ ODM-Produktion<\/strong><\/p>\n<\/li>\n<li data-start=\"2132\" data-end=\"2173\">\n<p data-start=\"2134\" data-end=\"2173\"><strong data-start=\"2134\" data-end=\"2173\">Private Labeling und kundenspezifische Verpackungen<\/strong><\/p>\n<\/li>\n<li data-start=\"2174\" data-end=\"2211\">\n<p data-start=\"2176\" data-end=\"2211\"><strong data-start=\"2176\" data-end=\"2211\">Stabile, langfristige Versorgung durch die Fabrik<\/strong><\/p>\n<\/li>\n<\/ul>\n<p data-start=\"2213\" data-end=\"2364\">Dadurch ist das gepanzerte SC\/UPC-SC\/UPC-Patchkabel ideal f\u00fcr <strong data-start=\"2272\" data-end=\"2363\">Netzeinf\u00fchrungsprojekte, Wartungsvertr\u00e4ge und internationale Beschaffungsprogramme<\/strong>.<\/p>","protected":false},"excerpt":{"rendered":"<p data-start=\"66\" data-end=\"324\">Die <strong data-start=\"70\" data-end=\"107\">SC\/UPC-SC\/UPC Panzerkabel<\/strong> ist eine <strong data-start=\"113\" data-end=\"154\">Hochbelastbare optische Singlemode-Br\u00fccke<\/strong> Entwickelt f\u00fcr <strong data-start=\"170\" data-end=\"251\">Telekommunikationsr\u00e4ume, FTTH-Verteilung, Rechenzentren und industrielle Glasfasernetze<\/strong> wobei beide <strong data-start=\"263\" data-end=\"310\">optische Pr\u00e4zision und mechanischer Schutz<\/strong> sind erforderlich.<\/p>\n<p data-start=\"326\" data-end=\"553\">Durch die Kombination <strong data-start=\"339\" data-end=\"364\">zwei SC\/UPC-Anschl\u00fcsse<\/strong> mit einer <strong data-start=\"372\" data-end=\"406\">metallgepanzerte Kabelstruktur<\/strong>, liefert dieses Modell <strong data-start=\"428\" data-end=\"458\">stabile optische Leistung<\/strong> und sch\u00fctzt gleichzeitig die Faser vor <strong data-start=\"491\" data-end=\"552\">Quetschungen, Biegungen, Sch\u00e4den durch Nagetiere und Spannungen bei der Installation<\/strong>.<\/p>\n<p data-start=\"555\" data-end=\"738\">Als <strong data-start=\"560\" data-end=\"645\">Hersteller, Gro\u00dfh\u00e4ndler, Exporteur und OEM\/ODM-Lieferant von Glasfaserkabeln<\/strong>, unterst\u00fctzen wir <strong data-start=\"658\" data-end=\"737\">Gro\u00dfbestellungen, Vertriebsh\u00e4ndler, Systemintegratoren und globale Beschaffungspartner<\/strong>.<\/p>","protected":false},"featured_media":725,"comment_status":"open","ping_status":"closed","template":"","meta":[],"product_brand":[],"product_cat":[44],"product_tag":[],"class_list":{"0":"post-723","1":"product","2":"type-product","3":"status-publish","4":"has-post-thumbnail","6":"product_cat-multimode-fiber-optic-patch-cord","8":"first","9":"instock","10":"shipping-taxable","11":"product-type-simple"},"_links":{"self":[{"href":"https:\/\/www.fenxifiber.com\/de\/wp-json\/wp\/v2\/product\/723","targetHints":{"allow":["GET"]}}],"collection":[{"href":"https:\/\/www.fenxifiber.com\/de\/wp-json\/wp\/v2\/product"}],"about":[{"href":"https:\/\/www.fenxifiber.com\/de\/wp-json\/wp\/v2\/types\/product"}],"replies":[{"embeddable":true,"href":"https:\/\/www.fenxifiber.com\/de\/wp-json\/wp\/v2\/comments?post=723"}],"wp:featuredmedia":[{"embeddable":true,"href":"https:\/\/www.fenxifiber.com\/de\/wp-json\/wp\/v2\/media\/725"}],"wp:attachment":[{"href":"https:\/\/www.fenxifiber.com\/de\/wp-json\/wp\/v2\/media?parent=723"}],"wp:term":[{"taxonomy":"product_brand","embeddable":true,"href":"https:\/\/www.fenxifiber.com\/de\/wp-json\/wp\/v2\/product_brand?post=723"},{"taxonomy":"product_cat","embeddable":true,"href":"https:\/\/www.fenxifiber.com\/de\/wp-json\/wp\/v2\/product_cat?post=723"},{"taxonomy":"product_tag","embeddable":true,"href":"https:\/\/www.fenxifiber.com\/de\/wp-json\/wp\/v2\/product_tag?post=723"}],"curies":[{"name":"wp","href":"https:\/\/api.w.org\/{rel}","templated":true}]}}