{"id":748,"date":"2026-02-04T00:58:03","date_gmt":"2026-02-04T00:58:03","guid":{"rendered":"https:\/\/www.fenxifiber.com\/?post_type=product&#038;p=748"},"modified":"2026-02-04T01:42:57","modified_gmt":"2026-02-04T01:42:57","slug":"lc-upc-sc-upc-sm-sx","status":"publish","type":"product","link":"https:\/\/www.fenxifiber.com\/de\/product\/lc-upc-sc-upc-sm-sx\/","title":{"rendered":"LC\/UPC-SC\/UPC-SM-SX Single-Mode-Glasfaser-Patchkabel"},"content":{"rendered":"<h3 data-start=\"656\" data-end=\"708\"><strong data-start=\"660\" data-end=\"708\">Warum LC zu SC Simplex immer noch sehr gefragt ist<\/strong><\/h3>\n<p data-start=\"710\" data-end=\"1041\">Moderne Schalter, Router und optische Transceiver verwenden <strong data-start=\"765\" data-end=\"777\">LC-Anschl\u00fcsse<\/strong> um die Anschlussdichte zu maximieren, w\u00e4hrend <strong data-start=\"810\" data-end=\"827\">SC-Stecker<\/strong> bleiben Standard bei <strong data-start=\"847\" data-end=\"893\">Patchpanels, FTTH-Dosen und Telekommunikations-ODFs<\/strong>.<br data-start=\"894\" data-end=\"897\" \/>Die <strong data-start=\"901\" data-end=\"925\">LC-SC Simplex-Ausf\u00fchrung<\/strong> bietet eine <strong data-start=\"937\" data-end=\"970\">direkter, verlustarmer optischer Pfad<\/strong> ohne Adapter, wodurch sowohl die <strong data-start=\"1003\" data-end=\"1040\">Signalverlust und Installationskosten<\/strong>.<\/p>\n<hr data-start=\"1043\" data-end=\"1046\" \/>\n<h3 data-start=\"1048\" data-end=\"1080\"><strong data-start=\"1052\" data-end=\"1080\">Technische Daten<\/strong><\/h3>\n<div class=\"TyagGW_tableContainer\">\n<div class=\"group TyagGW_tableWrapper flex flex-col-reverse w-fit\" tabindex=\"-1\">\n<table class=\"w-fit min-w-(--thread-content-width)\" data-start=\"1082\" data-end=\"1464\">\n<thead data-start=\"1082\" data-end=\"1117\">\n<tr data-start=\"1082\" data-end=\"1117\">\n<th class=\"\" data-start=\"1082\" data-end=\"1094\" data-col-size=\"sm\">Parameter<\/th>\n<th class=\"\" data-start=\"1094\" data-end=\"1117\" data-col-size=\"sm\">LC\/UPC-SC\/UPC-SM-SX<\/th>\n<\/tr>\n<\/thead>\n<tbody data-start=\"1146\" data-end=\"1464\">\n<tr data-start=\"1146\" data-end=\"1187\">\n<td data-start=\"1146\" data-end=\"1159\" data-col-size=\"sm\">Faser-Typ<\/td>\n<td data-start=\"1159\" data-end=\"1187\" data-col-size=\"sm\">OS2 Single-Mode 9\/125 \u03bcm<\/td>\n<\/tr>\n<tr data-start=\"1188\" data-end=\"1234\">\n<td data-start=\"1188\" data-end=\"1204\" data-col-size=\"sm\">Konfiguration<\/td>\n<td data-start=\"1204\" data-end=\"1234\" data-col-size=\"sm\">Simplex (SX, Einzelfaser)<\/td>\n<\/tr>\n<tr data-start=\"1235\" data-end=\"1261\">\n<td data-start=\"1235\" data-end=\"1249\" data-col-size=\"sm\">Anschluss A<\/td>\n<td data-start=\"1249\" data-end=\"1261\" data-col-size=\"sm\">LC \/ UPC<\/td>\n<\/tr>\n<tr data-start=\"1262\" data-end=\"1288\">\n<td data-start=\"1262\" data-end=\"1276\" data-col-size=\"sm\">Anschluss B<\/td>\n<td data-start=\"1276\" data-end=\"1288\" data-col-size=\"sm\">SC \/ UPC<\/td>\n<\/tr>\n<tr data-start=\"1289\" data-end=\"1333\">\n<td data-start=\"1289\" data-end=\"1312\" data-col-size=\"sm\">Betriebswellenl\u00e4nge<\/td>\n<td data-start=\"1312\" data-end=\"1333\" data-col-size=\"sm\">1310 nm \/ 1550 nm<\/td>\n<\/tr>\n<tr data-start=\"1334\" data-end=\"1364\">\n<td data-start=\"1334\" data-end=\"1351\" data-col-size=\"sm\">Einf\u00fcged\u00e4mpfung<\/td>\n<td data-start=\"1351\" data-end=\"1364\" data-col-size=\"sm\">\u2264 0,30 dB<\/td>\n<\/tr>\n<tr data-start=\"1365\" data-end=\"1390\">\n<td data-start=\"1365\" data-end=\"1379\" data-col-size=\"sm\">R\u00fcckflussd\u00e4mpfung<\/td>\n<td data-start=\"1379\" data-end=\"1390\" data-col-size=\"sm\">\u2265 50 dB<\/td>\n<\/tr>\n<tr data-start=\"1391\" data-end=\"1422\">\n<td data-start=\"1391\" data-end=\"1408\" data-col-size=\"sm\">Optionen f\u00fcr die Jacke<\/td>\n<td data-start=\"1408\" data-end=\"1422\" data-col-size=\"sm\">LSZH \/ PVC<\/td>\n<\/tr>\n<tr data-start=\"1423\" data-end=\"1464\">\n<td data-start=\"1423\" data-end=\"1435\" data-col-size=\"sm\">Normen<\/td>\n<td data-start=\"1435\" data-end=\"1464\" data-col-size=\"sm\">IEC, TIA-568, RoHS, REACH<\/td>\n<\/tr>\n<\/tbody>\n<\/table>\n<\/div>\n<\/div>\n<hr data-start=\"1466\" data-end=\"1469\" \/>\n<h3 data-start=\"1471\" data-end=\"1499\"><strong data-start=\"1475\" data-end=\"1499\">Typische Anwendungen<\/strong><\/h3>\n<ul data-start=\"1501\" data-end=\"1674\">\n<li data-start=\"1501\" data-end=\"1534\">\n<p data-start=\"1503\" data-end=\"1534\"><strong data-start=\"1503\" data-end=\"1534\">FTTH- und FTTx-Zugangsnetze<\/strong><\/p>\n<\/li>\n<li data-start=\"1535\" data-end=\"1568\">\n<p data-start=\"1537\" data-end=\"1568\"><strong data-start=\"1537\" data-end=\"1568\">Telekommunikationsverteiler<\/strong><\/p>\n<\/li>\n<li data-start=\"1569\" data-end=\"1601\">\n<p data-start=\"1571\" data-end=\"1601\"><strong data-start=\"1571\" data-end=\"1601\">Optische SFP\/SFP+-Module<\/strong><\/p>\n<\/li>\n<li data-start=\"1602\" data-end=\"1643\">\n<p data-start=\"1604\" data-end=\"1643\"><strong data-start=\"1604\" data-end=\"1643\">Glasfaseranschlussdosen und Patchfelder<\/strong><\/p>\n<\/li>\n<li data-start=\"1644\" data-end=\"1674\">\n<p data-start=\"1646\" data-end=\"1674\"><strong data-start=\"1646\" data-end=\"1674\">Zugangsverbindungen zum Rechenzentrum<\/strong><\/p>\n<\/li>\n<\/ul>\n<p data-start=\"1676\" data-end=\"1815\">Dieses Modell wird h\u00e4ufig gekauft von:<br \/>\n<strong data-start=\"1715\" data-end=\"1814\">Glasfaserverteiler, Systemintegratoren, FTTH-Anbieter, OEM-Fabriken und Exportgro\u00dfh\u00e4ndler<\/strong>.<\/p>\n<hr data-start=\"1817\" data-end=\"1820\" \/>\n<h3 data-start=\"1822\" data-end=\"1869\"><strong data-start=\"1826\" data-end=\"1869\">Optimiert f\u00fcr B2B-Lieferungen und OEM-Projekte<\/strong><\/h3>\n<p data-start=\"1871\" data-end=\"1882\">Wir unterst\u00fctzen:<\/p>\n<ul data-start=\"1883\" data-end=\"2058\">\n<li data-start=\"1883\" data-end=\"1900\">\n<p data-start=\"1885\" data-end=\"1900\"><strong data-start=\"1885\" data-end=\"1900\">Gro\u00dfauftr\u00e4ge<\/strong><\/p>\n<\/li>\n<li data-start=\"1901\" data-end=\"1919\">\n<p data-start=\"1903\" data-end=\"1919\"><strong data-start=\"1903\" data-end=\"1919\">Flexibles MOQ<\/strong><\/p>\n<\/li>\n<li data-start=\"1920\" data-end=\"1949\">\n<p data-start=\"1922\" data-end=\"1949\"><strong data-start=\"1922\" data-end=\"1949\">OEM \/ ODM-Fertigung<\/strong><\/p>\n<\/li>\n<li data-start=\"1950\" data-end=\"1984\">\n<p data-start=\"1952\" data-end=\"1984\"><strong data-start=\"1952\" data-end=\"1984\">Private Etikettierung und Verpackung<\/strong><\/p>\n<\/li>\n<li data-start=\"1985\" data-end=\"2028\">\n<p data-start=\"1987\" data-end=\"2028\"><strong data-start=\"1987\" data-end=\"2028\">Kundenspezifische Kabell\u00e4ngen und Manteltypen<\/strong><\/p>\n<\/li>\n<li data-start=\"2029\" data-end=\"2058\">\n<p data-start=\"2031\" data-end=\"2058\"><strong data-start=\"2031\" data-end=\"2058\">Stabile langfristige Versorgung<\/strong><\/p>\n<\/li>\n<\/ul>\n<p data-start=\"2060\" data-end=\"2161\">Das macht LC\/UPC-SC\/UPC-SM-SX zu einer idealen Wahl f\u00fcr <strong data-start=\"2111\" data-end=\"2160\">projektbezogene Beschaffung und Global Sourcing<\/strong>.<\/p>\n<hr data-start=\"2163\" data-end=\"2166\" \/>\n<h2 data-start=\"2168\" data-end=\"2191\"><strong data-start=\"2171\" data-end=\"2191\">Professionelle FAQ<\/strong><\/h2>\n<p data-start=\"2193\" data-end=\"2324\"><strong data-start=\"2193\" data-end=\"2233\">F1: Was bedeutet SX in diesem Modell?<\/strong><br data-start=\"2233\" data-end=\"2236\" \/>SX steht f\u00fcr <strong data-start=\"2250\" data-end=\"2261\">simplex<\/strong>, das hei\u00dft, das Kabel hat <strong data-start=\"2285\" data-end=\"2298\">eine Faser<\/strong> anstelle eines Duplexpaares.<\/p>\n<p data-start=\"2326\" data-end=\"2490\"><strong data-start=\"2326\" data-end=\"2390\">F2: Ist dieses Kabel mit FTTH- und Telekommunikationsnetzen kompatibel?<\/strong><br data-start=\"2390\" data-end=\"2393\" \/>Ja. Es verwendet <strong data-start=\"2406\" data-end=\"2431\">OS2 Singlemode-Faser<\/strong>, vollst\u00e4ndig kompatibel mit <strong data-start=\"2455\" data-end=\"2489\">Telekommunikations-, FTTH- und PON-Systeme<\/strong>.<\/p>\n<p data-start=\"2492\" data-end=\"2640\"><strong data-start=\"2492\" data-end=\"2542\">F3: Warum wird auf der einen Seite LC und auf der anderen SC verwendet?<\/strong><br data-start=\"2542\" data-end=\"2545\" \/>LC passt <strong data-start=\"2553\" data-end=\"2582\">High-Density-Transceiver<\/strong>, w\u00e4hrend SC eine Verbindung zu <strong data-start=\"2605\" data-end=\"2639\">Standard-ODFs und Wandsteckdosen<\/strong>.<\/p>\n<p data-start=\"2642\" data-end=\"2763\"><strong data-start=\"2642\" data-end=\"2705\">F4: Kann dies in OEM- oder Private-Label-Verpackungen geliefert werden?<\/strong><br data-start=\"2705\" data-end=\"2708\" \/>Ja. Wir bieten <strong data-start=\"2724\" data-end=\"2762\">OEM-, ODM- und H\u00e4ndler-Branding<\/strong>.<\/p>\n<p data-start=\"2765\" data-end=\"2917\"><strong data-start=\"2765\" data-end=\"2821\">F5: Ist dies f\u00fcr die \u00dcbertragung \u00fcber gro\u00dfe Entfernungen geeignet?<\/strong><br data-start=\"2821\" data-end=\"2824\" \/>Ja. OS2-Singlemode-Faser unterst\u00fctzt <strong data-start=\"2860\" data-end=\"2916\">kilometerlange \u00dcbertragung mit sehr geringer D\u00e4mpfung<\/strong>.<\/p>\n<p data-start=\"2919\" data-end=\"3042\"><strong data-start=\"2919\" data-end=\"2957\">F6: Wer kauft dieses Modell normalerweise?<\/strong><br data-start=\"2957\" data-end=\"2960\" \/><strong data-start=\"2960\" data-end=\"3041\">Telekommunikationsbetreiber, FTTH-Installateure, Systemintegratoren und Glasfasergro\u00dfh\u00e4ndler<\/strong>.<\/p>","protected":false},"excerpt":{"rendered":"<p data-start=\"63\" data-end=\"466\">Die <strong data-start=\"67\" data-end=\"90\">LC\/UPC-SC\/UPC-SM-SX<\/strong> Patchkabel ist ein <strong data-start=\"107\" data-end=\"155\">Single-Fiber-Simplex (SX) Single-Mode-Jumper<\/strong> konzipiert f\u00fcr <strong data-start=\"169\" data-end=\"249\">FTTH, Telekom-Racks, optische Module und kompakte Faserverteilungssysteme<\/strong>. Es kombiniert eine <strong data-start=\"265\" data-end=\"298\">LC\/UPC-Stecker mit hoher Dichte<\/strong> an einem Ende mit einer <strong data-start=\"317\" data-end=\"346\">Standard SC\/UPC-Stecker<\/strong> auf der anderen Seite, die eine nahtlose Verkn\u00fcpfung zwischen <strong data-start=\"403\" data-end=\"465\">SFP-basierte Ger\u00e4te und SC-terminierte ODFs oder Wandsteckdosen<\/strong>.<\/p>\n<p data-start=\"468\" data-end=\"649\">Diese Konfiguration wird h\u00e4ufig verwendet von <strong data-start=\"505\" data-end=\"588\">Systemintegratoren, Telekommunikationsbetreiber, Gro\u00dfh\u00e4ndler und OEM-Faserhersteller<\/strong> f\u00fcr <strong data-start=\"593\" data-end=\"648\">kosteng\u00fcnstige und platzsparende Netzwerkimplementierungen<\/strong>.<\/p>","protected":false},"featured_media":749,"comment_status":"open","ping_status":"closed","template":"","meta":[],"product_brand":[],"product_cat":[44],"product_tag":[],"class_list":{"0":"post-748","1":"product","2":"type-product","3":"status-publish","4":"has-post-thumbnail","6":"product_cat-multimode-fiber-optic-patch-cord","8":"first","9":"instock","10":"shipping-taxable","11":"product-type-simple"},"_links":{"self":[{"href":"https:\/\/www.fenxifiber.com\/de\/wp-json\/wp\/v2\/product\/748","targetHints":{"allow":["GET"]}}],"collection":[{"href":"https:\/\/www.fenxifiber.com\/de\/wp-json\/wp\/v2\/product"}],"about":[{"href":"https:\/\/www.fenxifiber.com\/de\/wp-json\/wp\/v2\/types\/product"}],"replies":[{"embeddable":true,"href":"https:\/\/www.fenxifiber.com\/de\/wp-json\/wp\/v2\/comments?post=748"}],"wp:featuredmedia":[{"embeddable":true,"href":"https:\/\/www.fenxifiber.com\/de\/wp-json\/wp\/v2\/media\/749"}],"wp:attachment":[{"href":"https:\/\/www.fenxifiber.com\/de\/wp-json\/wp\/v2\/media?parent=748"}],"wp:term":[{"taxonomy":"product_brand","embeddable":true,"href":"https:\/\/www.fenxifiber.com\/de\/wp-json\/wp\/v2\/product_brand?post=748"},{"taxonomy":"product_cat","embeddable":true,"href":"https:\/\/www.fenxifiber.com\/de\/wp-json\/wp\/v2\/product_cat?post=748"},{"taxonomy":"product_tag","embeddable":true,"href":"https:\/\/www.fenxifiber.com\/de\/wp-json\/wp\/v2\/product_tag?post=748"}],"curies":[{"name":"wp","href":"https:\/\/api.w.org\/{rel}","templated":true}]}}