{"id":750,"date":"2026-02-04T00:59:49","date_gmt":"2026-02-04T00:59:49","guid":{"rendered":"https:\/\/www.fenxifiber.com\/?post_type=product&#038;p=750"},"modified":"2026-02-04T02:08:32","modified_gmt":"2026-02-04T02:08:32","slug":"lc-apc-sc-upc-sm-sx","status":"publish","type":"product","link":"https:\/\/www.fenxifiber.com\/de\/product\/lc-apc-sc-upc-sm-sx\/","title":{"rendered":"LC\/APC auf SC\/UPC Einmoden-Simplex-Glasfaser-Patchkabel"},"content":{"rendered":"<h3 data-path-to-node=\"6\">Die hybride Herausforderung: APC bis UPC<\/h3>\n<p data-path-to-node=\"7\">Der Hauptgrund f\u00fcr dieses spezielle Kabel ist die Kompatibilit\u00e4t.<\/p>\n<ul data-path-to-node=\"8\">\n<li>\n<p data-path-to-node=\"8,0,0\"><b data-path-to-node=\"8,0,0\" data-index-in-node=\"0\">LC\/APC (Gr\u00fcn):<\/b> Normalerweise auf der \u201cGer\u00e4teseite\u201d zu finden, z. B. bei modernen SFP-Modulen oder GPON-Ger\u00e4ten, bei denen die R\u00fcckreflexion minimiert werden muss.<\/p>\n<\/li>\n<li>\n<p data-path-to-node=\"8,1,0\"><b data-path-to-node=\"8,1,0\" data-index-in-node=\"0\">SC\/UPC (Blau):<\/b> Oft der \u201cnetzwerkseitige\u201d Standard f\u00fcr \u00e4ltere Patchpanels, Testger\u00e4te oder Standard-Medienkonverter, die einen flachen physikalischen Kontakt verwenden.<\/p>\n<\/li>\n<\/ul>\n<hr data-path-to-node=\"9\" \/>\n<h3 data-path-to-node=\"10\">Technische Leistung und Daten<\/h3>\n<p data-path-to-node=\"11\">Da dieses Kabel zwei verschiedene Poltypen verbindet, ist Pr\u00e4zision im Herstellungsprozess entscheidend, um die Einf\u00fcgungsd\u00e4mpfung niedrig zu halten.<\/p>\n<table data-path-to-node=\"12\">\n<thead>\n<tr>\n<td><strong>Parameter<\/strong><\/td>\n<td><strong>Spezifikation<\/strong><\/td>\n<td><strong>Warum es wichtig ist<\/strong><\/td>\n<\/tr>\n<\/thead>\n<tbody>\n<tr>\n<td><span data-path-to-node=\"12,1,0,0\"><b data-path-to-node=\"12,1,0,0\" data-index-in-node=\"0\">Anschluss A<\/b><\/span><\/td>\n<td><span data-path-to-node=\"12,1,1,0\">LC\/APC (8\u00b0 abgewinkelt)<\/span><\/td>\n<td><span data-path-to-node=\"12,1,2,0\">Geeignet f\u00fcr APC-Anschl\u00fcsse mit hoher Dichte<\/span><\/td>\n<\/tr>\n<tr>\n<td><span data-path-to-node=\"12,2,0,0\"><b data-path-to-node=\"12,2,0,0\" data-index-in-node=\"0\">Anschluss B<\/b><\/span><\/td>\n<td><span data-path-to-node=\"12,2,1,0\">SC\/UPC (Flach\/Ultra)<\/span><\/td>\n<td><span data-path-to-node=\"12,2,2,0\">Passt zu Standard-SC-Anschl\u00fcssen der alten Generation<\/span><\/td>\n<\/tr>\n<tr>\n<td><span data-path-to-node=\"12,3,0,0\"><b data-path-to-node=\"12,3,0,0\" data-index-in-node=\"0\">Faser-Modus<\/b><\/span><\/td>\n<td><span data-path-to-node=\"12,3,1,0\">Einzelmodus OS2 (9\/125\u03bcm)<\/span><\/td>\n<td><span data-path-to-node=\"12,3,2,0\">Geringe D\u00e4mpfung \u00fcber gro\u00dfe Entfernungen<\/span><\/td>\n<\/tr>\n<tr>\n<td><span data-path-to-node=\"12,4,0,0\"><b data-path-to-node=\"12,4,0,0\" data-index-in-node=\"0\">R\u00fcckflussd\u00e4mpfung (LC)<\/b><\/span><\/td>\n<td><span data-path-to-node=\"12,4,1,0\"><span class=\"math-inline\" data-math=\"\\geq 60 \\text{ dB}\" data-index-in-node=\"0\">$\\geq 60 \\text{ dB}$<\/span><\/span><\/td>\n<td><span data-path-to-node=\"12,4,2,0\">Sch\u00fctzt die Laserquelle vor Reflexionen<\/span><\/td>\n<\/tr>\n<tr>\n<td><span data-path-to-node=\"12,5,0,0\"><b data-path-to-node=\"12,5,0,0\" data-index-in-node=\"0\">R\u00fcckflussd\u00e4mpfung (SC)<\/b><\/span><\/td>\n<td><span data-path-to-node=\"12,5,1,0\"><span class=\"math-inline\" data-math=\"\\geq 50 \\text{ dB}\" data-index-in-node=\"0\">$\\geq 50 \\text{ dB}$<\/span><\/span><\/td>\n<td><span data-path-to-node=\"12,5,2,0\">Standard UPC-Leistung<\/span><\/td>\n<\/tr>\n<tr>\n<td><span data-path-to-node=\"12,6,0,0\"><b data-path-to-node=\"12,6,0,0\" data-index-in-node=\"0\">Einf\u00fcged\u00e4mpfung<\/b><\/span><\/td>\n<td><span data-path-to-node=\"12,6,1,0\"><span class=\"math-inline\" data-math=\"\\leq 0.3 \\text{ dB}\" data-index-in-node=\"0\">$\\leq 0,3 \\text{ dB}$<\/span><\/span><\/td>\n<td><span data-path-to-node=\"12,6,2,0\">Effizienter Energiedurchsatz<\/span><\/td>\n<\/tr>\n<tr>\n<td><span data-path-to-node=\"12,7,0,0\"><b data-path-to-node=\"12,7,0,0\" data-index-in-node=\"0\">Jacke<\/b><\/span><\/td>\n<td><span data-path-to-node=\"12,7,1,0\">2,0mm LSZH (Gelb)<\/span><\/td>\n<td><span data-path-to-node=\"12,7,2,0\">Flexibel und brandsicher<\/span><\/td>\n<\/tr>\n<\/tbody>\n<\/table>\n<hr data-path-to-node=\"13\" \/>\n<h3 data-path-to-node=\"14\">Warum sollten Sie sich f\u00fcr diesen speziellen Hybrid-Pullover entscheiden?<\/h3>\n<ul data-path-to-node=\"15\">\n<li>\n<p data-path-to-node=\"15,0,0\"><b data-path-to-node=\"15,0,0\" data-index-in-node=\"0\">Beseitigung von Adaptern:<\/b> Die Verwendung eines Hybrid-Patchkabels ist immer besser als die Verwendung eines einzelnen Adapters. Jeder Adapter f\u00fcgt ein zus\u00e4tzliches \u201cGegenst\u00fcck\u201d hinzu, wodurch sich der Gesamteinf\u00fcgungsverlust erh\u00f6ht. Dieses Kabel bietet eine direkte, verlustarme Verbindung.<\/p>\n<\/li>\n<li>\n<p data-path-to-node=\"15,1,0\"><b data-path-to-node=\"15,1,0\" data-index-in-node=\"0\">High-Density LC Ende:<\/b> Der LC-Stecker ist 50% kleiner als der SC-Stecker und eignet sich daher perfekt f\u00fcr \u00fcberf\u00fcllte Switches und SFP-Ports.<\/p>\n<\/li>\n<li>\n<p data-path-to-node=\"15,2,0\"><b data-path-to-node=\"15,2,0\" data-index-in-node=\"0\">Industrieller Standard SC Ende:<\/b> Das SC-Ende ist mit einer robusten 2,5-mm-Ferrule ausgestattet, die eine stabile Verbindung f\u00fcr Standard-Wandsteckdosen oder ODFs bietet.<\/p>\n<\/li>\n<li>\n<p data-path-to-node=\"15,3,0\"><b data-path-to-node=\"15,3,0\" data-index-in-node=\"0\">LSZH Sicherheitsbewertung:<\/b> Die raucharme, halogenfreie Ummantelung gew\u00e4hrleistet die Einhaltung der baurechtlichen Sicherheitsvorschriften und eignet sich daher sowohl f\u00fcr Rechenzentren von Unternehmen als auch f\u00fcr FTTH in Wohngebieten.<\/p>\n<\/li>\n<\/ul>\n<hr data-path-to-node=\"16\" \/>\n<h3 data-path-to-node=\"17\">Experten-Q&amp;A: Professionelle Einblicke<\/h3>\n<p data-path-to-node=\"18\"><b data-path-to-node=\"18\" data-index-in-node=\"0\">F1: Kann ich das LC\/APC-Ende an einen blauen (UPC) Anschluss anschlie\u00dfen?<\/b><\/p>\n<p data-path-to-node=\"18\"><b data-path-to-node=\"18\" data-index-in-node=\"54\">A:<\/b> <b data-path-to-node=\"18\" data-index-in-node=\"57\">Nein.<\/b> Sie m\u00fcssen die Farben aufeinander abstimmen. Das gr\u00fcne LC\/APC-Ende muss in einen gr\u00fcnen APC-Anschluss und das blaue SC\/UPC-Ende muss in einen blauen UPC-Anschluss gesteckt werden. Wenn Sie sie mischen, entsteht ein gro\u00dfer Luftspalt, der einen massiven Signalverlust verursacht und m\u00f6glicherweise die Faser besch\u00e4digt.<\/p>\n<p data-path-to-node=\"19\"><b data-path-to-node=\"19\" data-index-in-node=\"0\">F2: Warum nicht einfach APC an beiden Enden verwenden?<\/b><\/p>\n<p data-path-to-node=\"19\"><b data-path-to-node=\"19\" data-index-in-node=\"39\">A:<\/b> Im Idealfall schon. Viele bestehende Netze wurden jedoch mit einer UPC-Infrastruktur (blau) aufgebaut. Wenn Ihre Quellger\u00e4te APC ben\u00f6tigen, um korrekt zu funktionieren, Ihr Patchpanel aber UPC ist, ist dieses \u201chybride\u201d Kabel die einzige M\u00f6glichkeit, sie sicher zu verbinden.<\/p>\n<p data-path-to-node=\"20\"><b data-path-to-node=\"20\" data-index-in-node=\"0\">F3: Ist dieses Kabel f\u00fcr 10G SFP+ Module geeignet?<\/b><\/p>\n<p data-path-to-node=\"20\"><b data-path-to-node=\"20\" data-index-in-node=\"49\">A:<\/b> Ja. Single-Mode-OS2-Fasern unterst\u00fctzen problemlos 10G-, 40G- und 100G-Geschwindigkeiten. Der Steckertyp (LC oder SC) begrenzt die Geschwindigkeit nicht, sondern der Faserkern und die Transceiver.<\/p>\n<p data-path-to-node=\"21\"><b data-path-to-node=\"21\" data-index-in-node=\"0\">F4: Wie sollte ich ein Hybridkabel reinigen?<\/b><\/p>\n<p data-path-to-node=\"21\"><b data-path-to-node=\"21\" data-index-in-node=\"39\">A:<\/b> Da die Aderendh\u00fclsen unterschiedlich gro\u00df sind (1,25 mm f\u00fcr LC und 2,5 mm f\u00fcr SC), ben\u00f6tigen Sie ein Reinigungswerkzeug mit zwei Gr\u00f6\u00dfen oder separate \u201cOne-Click\u201d-Reiniger f\u00fcr jedes Ende.<\/p>","protected":false},"excerpt":{"rendered":"<p data-path-to-node=\"4\">Bei vielen Migrationen von Glasfasernetzen m\u00fcssen Sie \u201cgr\u00fcne\u201d (APC) Hardware an \u201cblaue\u201d (UPC) Legacy-Ports anschlie\u00dfen. Die <b data-path-to-node=\"4\" data-index-in-node=\"131\">LC\/APC zu SC\/UPC Single Mode Simplex (SM SX)<\/b> Patch Cord ist die pr\u00e4zise technische L\u00f6sung f\u00fcr genau dieses Szenario.<\/p>\n<p data-path-to-node=\"5\">Dieser Hybrid-Jumper erm\u00f6glicht die Integration von Hochleistungs-Transceivern auf APC-Ebene in Standard-SC\/UPC-Verteilerfelder und bietet eine zuverl\u00e4ssige Br\u00fccke zwischen verschiedenen optischen Standards.<\/p>","protected":false},"featured_media":751,"comment_status":"open","ping_status":"closed","template":"","meta":[],"product_brand":[],"product_cat":[45],"product_tag":[],"class_list":{"0":"post-750","1":"product","2":"type-product","3":"status-publish","4":"has-post-thumbnail","6":"product_cat-single-mode-fiber-optic-patch-cord","8":"first","9":"instock","10":"shipping-taxable","11":"product-type-simple"},"_links":{"self":[{"href":"https:\/\/www.fenxifiber.com\/de\/wp-json\/wp\/v2\/product\/750","targetHints":{"allow":["GET"]}}],"collection":[{"href":"https:\/\/www.fenxifiber.com\/de\/wp-json\/wp\/v2\/product"}],"about":[{"href":"https:\/\/www.fenxifiber.com\/de\/wp-json\/wp\/v2\/types\/product"}],"replies":[{"embeddable":true,"href":"https:\/\/www.fenxifiber.com\/de\/wp-json\/wp\/v2\/comments?post=750"}],"wp:featuredmedia":[{"embeddable":true,"href":"https:\/\/www.fenxifiber.com\/de\/wp-json\/wp\/v2\/media\/751"}],"wp:attachment":[{"href":"https:\/\/www.fenxifiber.com\/de\/wp-json\/wp\/v2\/media?parent=750"}],"wp:term":[{"taxonomy":"product_brand","embeddable":true,"href":"https:\/\/www.fenxifiber.com\/de\/wp-json\/wp\/v2\/product_brand?post=750"},{"taxonomy":"product_cat","embeddable":true,"href":"https:\/\/www.fenxifiber.com\/de\/wp-json\/wp\/v2\/product_cat?post=750"},{"taxonomy":"product_tag","embeddable":true,"href":"https:\/\/www.fenxifiber.com\/de\/wp-json\/wp\/v2\/product_tag?post=750"}],"curies":[{"name":"wp","href":"https:\/\/api.w.org\/{rel}","templated":true}]}}