{"id":755,"date":"2026-02-04T01:04:44","date_gmt":"2026-02-04T01:04:44","guid":{"rendered":"https:\/\/www.fenxifiber.com\/?post_type=product&#038;p=755"},"modified":"2026-02-04T02:09:52","modified_gmt":"2026-02-04T02:09:52","slug":"fc-upc-lc-upc-sm-sx","status":"publish","type":"product","link":"https:\/\/www.fenxifiber.com\/de\/product\/fc-upc-lc-upc-sm-sx\/","title":{"rendered":"\u00dcberbr\u00fcckung der L\u00fccke: Das FC\/UPC zu LC\/UPC SM SX Fiber Patch Cord"},"content":{"rendered":"<p data-path-to-node=\"4\">Ganz gleich, ob Sie mit \u00e4lteren OTDR-Pr\u00fcfger\u00e4ten oder Hochleistungs-Telekommunikations-Switches arbeiten, dieser Hybrid-Jumper sorgt daf\u00fcr, dass verschiedene Generationen von Technik miteinander kommunizieren, ohne dass ein einziges Paket verloren geht.<\/p>\n<h2 data-path-to-node=\"5\">Warum diese Hybridkonfiguration funktioniert<\/h2>\n<p data-path-to-node=\"6\">Die Sch\u00f6nheit der <b data-path-to-node=\"6\" data-index-in-node=\"18\">FC\/UPC zu LC\/UPC<\/b> liegt in seinem Ansatz \u201cdas Beste aus beiden Welten\u201d:<\/p>\n<ul data-path-to-node=\"7\">\n<li>\n<p data-path-to-node=\"7,0,0\"><b data-path-to-node=\"7,0,0\" data-index-in-node=\"0\">Das FC End (Der Tank):<\/b> Der FC (Ferrule Connector) ist auf Stabilit\u00e4t ausgelegt. Sein mit Gewinde versehener Metallk\u00f6rper wird festgeschraubt und ist damit praktisch immun gegen Vibrationen oder versehentliches Ziehen.<\/p>\n<\/li>\n<li>\n<p data-path-to-node=\"7,1,0\"><b data-path-to-node=\"7,1,0\" data-index-in-node=\"0\">Das LC End (Die Pr\u00e4zision):<\/b> Der LC (Lucent Connector) ist der K\u00f6nig des modernen Rechenzentrums. Sein kleiner Formfaktor erm\u00f6glicht eine hohe Patchdichte, und sein \u201cSnap-in\u201d-Riegel gibt Ihnen das befriedigende Klicken einer sicheren Verbindung.<\/p>\n<\/li>\n<li>\n<p data-path-to-node=\"7,2,0\"><b data-path-to-node=\"7,2,0\" data-index-in-node=\"0\">Der UPC Polnisch (Der Standard):<\/b> Durch die Verwendung von Ultra Physical Contact (Blue) an beiden Enden erhalten Sie eine hochgl\u00e4nzende Oberfl\u00e4che, die die R\u00fcckflussd\u00e4mpfung niedrig h\u00e4lt (typischerweise <span class=\"math-inline\" data-math=\"\\geq 50\\text{ dB}\" data-index-in-node=\"155\">$\\geq 50\\text{ dB}$<\/span>) ohne die Komplexit\u00e4t von abgewinkelten Steckern.<\/p>\n<\/li>\n<\/ul>\n<hr data-path-to-node=\"8\" \/>\n<h2 data-path-to-node=\"9\">Aufschl\u00fcsselung der technischen Leistung<\/h2>\n<p data-path-to-node=\"10\">Schauen wir uns die Zahlen an, die f\u00fcr Ihr Link-Budget wirklich wichtig sind:<\/p>\n<table data-path-to-node=\"11\">\n<thead>\n<tr>\n<td><strong>Merkmal<\/strong><\/td>\n<td><strong>Leistungsspezifikation<\/strong><\/td>\n<td><strong>Der \u201cReal World\u201d-Vorteil<\/strong><\/td>\n<\/tr>\n<\/thead>\n<tbody>\n<tr>\n<td><span data-path-to-node=\"11,1,0,0\"><b data-path-to-node=\"11,1,0,0\" data-index-in-node=\"0\">Faser-Typ<\/b><\/span><\/td>\n<td><span data-path-to-node=\"11,1,1,0\">Einzelmodus (OS2) 9\/125\u03bcm<\/span><\/td>\n<td><span data-path-to-node=\"11,1,2,0\">Keine Angst vor der Entfernung bei Langstreckenverbindungen.<\/span><\/td>\n<\/tr>\n<tr>\n<td><span data-path-to-node=\"11,2,0,0\"><b data-path-to-node=\"11,2,0,0\" data-index-in-node=\"0\">Einf\u00fcged\u00e4mpfung<\/b><\/span><\/td>\n<td><span data-path-to-node=\"11,2,1,0\"><span class=\"math-inline\" data-math=\"\\leq 0.3 \\text{ dB}\" data-index-in-node=\"0\">$\\leq 0,3 \\text{ dB}$<\/span><\/span><\/td>\n<td><span data-path-to-node=\"11,2,2,0\">Praktisch unsichtbar f\u00fcr Ihre Lichtquelle.<\/span><\/td>\n<\/tr>\n<tr>\n<td><span data-path-to-node=\"11,3,0,0\"><b data-path-to-node=\"11,3,0,0\" data-index-in-node=\"0\">R\u00fcckflussd\u00e4mpfung<\/b><\/span><\/td>\n<td><span data-path-to-node=\"11,3,1,0\"><span class=\"math-inline\" data-math=\"\\geq 50 \\text{ dB}\" data-index-in-node=\"0\">$\\geq 50 \\text{ dB}$<\/span><\/span><\/td>\n<td><span data-path-to-node=\"11,3,2,0\">Verhindert, dass die Daten durch R\u00fcckreflexion verf\u00e4lscht werden.<\/span><\/td>\n<\/tr>\n<tr>\n<td><span data-path-to-node=\"11,4,0,0\"><b data-path-to-node=\"11,4,0,0\" data-index-in-node=\"0\">Material der Jacke<\/b><\/span><\/td>\n<td><span data-path-to-node=\"11,4,1,0\">LSZH (Gelb)<\/span><\/td>\n<td><span data-path-to-node=\"11,4,2,0\">Baurechtlich konform und sicher f\u00fcr das Regal.<\/span><\/td>\n<\/tr>\n<tr>\n<td><span data-path-to-node=\"11,5,0,0\"><b data-path-to-node=\"11,5,0,0\" data-index-in-node=\"0\">Dauerhaftigkeit<\/b><\/span><\/td>\n<td><span data-path-to-node=\"11,5,1,0\"><span class=\"math-inline\" data-math=\"1000+\" data-index-in-node=\"0\">$1000+$<\/span> Paarungen<\/span><\/td>\n<td><span data-path-to-node=\"11,5,2,0\">Es ist so gebaut, dass man es einstecken, ausstecken und wieder einstecken kann.<\/span><\/td>\n<\/tr>\n<\/tbody>\n<\/table>\n<hr data-path-to-node=\"12\" \/>\n<h2 data-path-to-node=\"13\">Profi-Tipps f\u00fcr die Praxis<\/h2>\n<h3 data-path-to-node=\"14\">1. Sauberkeit ist das A und O... Betriebszeit<\/h3>\n<p data-path-to-node=\"15\">Da Sie zwei verschiedene H\u00fclsengr\u00f6\u00dfen haben (2,5 mm f\u00fcr die FC und 1,25 mm f\u00fcr die LC), sollten Sie nicht versuchen, f\u00fcr beide das gleiche Reinigungswerkzeug zu verwenden. Verwenden Sie einen speziellen \u201cOne-Click\u201d-Reiniger f\u00fcr jedes Ende, um eine Kreuzkontamination zu vermeiden.<\/p>\n<h3 data-path-to-node=\"16\">2. Ziehen Sie den FC nicht zu fest an<\/h3>\n<p data-path-to-node=\"17\">Es ist verlockend, an der FC-Schraubverbindung nach unten zu kurbeln. Tun Sie das nicht. Fingerfestes Anziehen reicht aus, um die Keramikh\u00fclse zu befestigen. Zu festes Anziehen kann den internen Federmechanismus unn\u00f6tig belasten.<\/p>\n<h3 data-path-to-node=\"18\">3. Achte auf das Blau<\/h3>\n<p data-path-to-node=\"19\">Denken Sie daran, dass es sich um eine <b data-path-to-node=\"19\" data-index-in-node=\"20\">UPC (Blau)<\/b> Kabel. Wenn Sie versuchen, das LC\/UPC-Ende an einen gr\u00fcnen LC\/APC-Transceiver anzuschlie\u00dfen, werden Sie einen massiven Signalverlust feststellen. Achten Sie darauf, dass Ihre Farben \u00fcbereinstimmen.<\/p>\n<hr data-path-to-node=\"20\" \/>\n<h2 data-path-to-node=\"21\">Quick-Fire Q&amp;A<\/h2>\n<p data-path-to-node=\"22\"><b data-path-to-node=\"22\" data-index-in-node=\"0\">F: Warum sollte man im Jahr 2026 \u00fcberhaupt FC verwenden?<\/b><\/p>\n<p data-path-to-node=\"22\"><b data-path-to-node=\"22\" data-index-in-node=\"30\">A:<\/b> Vibration. In industriellen Umgebungen, auf See oder in Labors, in denen die Ger\u00e4te h\u00e4ufig bewegt werden, ist der schraubbare FC-Steckverbinder weitaus zuverl\u00e4ssiger als ein Kunststoff-Schnappverschluss.<\/p>\n<p data-path-to-node=\"23\"><b data-path-to-node=\"23\" data-index-in-node=\"0\">F: Kann ich dies f\u00fcr 10G oder 40G verwenden?<\/b><\/p>\n<p data-path-to-node=\"23\"><b data-path-to-node=\"23\" data-index-in-node=\"34\">A:<\/b> Ganz genau. Singlemode-OS2-Glasfaser ist praktisch \u201cgeschwindigkeitsblind\u201d. Solange Ihre Transceiver f\u00fcr die Wellenl\u00e4ngen 1310\/1550 nm geeignet sind, wird das Kabel nicht zum Engpass.<\/p>\n<p data-path-to-node=\"24\"><b data-path-to-node=\"24\" data-index-in-node=\"0\">F: Ist \u201cSimplex\u201d (SX) veraltet?<\/b><\/p>\n<p data-path-to-node=\"24\"><b data-path-to-node=\"24\" data-index-in-node=\"31\">A:<\/b> Ganz und gar nicht. Mit dem Aufkommen von BiDi (bi-direktionalen) Transceivern reicht oft ein einziger Glasfaserstrang (Simplex) aus, um eine Vollduplex-Kommunikation abzuwickeln, wodurch sich die Glasfaserkapazit\u00e4t effektiv verdoppelt.<\/p>","protected":false},"excerpt":{"rendered":"<p data-path-to-node=\"3\">In einer Welt, die von den neuesten LC-zu-LC-Setups mit hoher Dichte besessen ist, ist das <b data-path-to-node=\"3\" data-index-in-node=\"70\">FC\/UPC-LC\/UPC-SM-SX<\/b> bleibt die \u201cGeheimwaffe\u201d f\u00fcr Netzwerktechniker, die mit unterschiedlichen Hardwareumgebungen zu tun haben. Es ist nicht einfach nur ein Kabel, sondern der unverzichtbare \u00dcbersetzer zwischen robusten, industrietauglichen FC-Anschl\u00fcssen und den eleganten, modernen LC-Schnittstellen der heutigen SFP-Module.<\/p>\n<p data-path-to-node=\"4\">","protected":false},"featured_media":756,"comment_status":"open","ping_status":"closed","template":"","meta":[],"product_brand":[],"product_cat":[45],"product_tag":[],"class_list":{"0":"post-755","1":"product","2":"type-product","3":"status-publish","4":"has-post-thumbnail","6":"product_cat-single-mode-fiber-optic-patch-cord","8":"first","9":"instock","10":"shipping-taxable","11":"product-type-simple"},"_links":{"self":[{"href":"https:\/\/www.fenxifiber.com\/de\/wp-json\/wp\/v2\/product\/755","targetHints":{"allow":["GET"]}}],"collection":[{"href":"https:\/\/www.fenxifiber.com\/de\/wp-json\/wp\/v2\/product"}],"about":[{"href":"https:\/\/www.fenxifiber.com\/de\/wp-json\/wp\/v2\/types\/product"}],"replies":[{"embeddable":true,"href":"https:\/\/www.fenxifiber.com\/de\/wp-json\/wp\/v2\/comments?post=755"}],"wp:featuredmedia":[{"embeddable":true,"href":"https:\/\/www.fenxifiber.com\/de\/wp-json\/wp\/v2\/media\/756"}],"wp:attachment":[{"href":"https:\/\/www.fenxifiber.com\/de\/wp-json\/wp\/v2\/media?parent=755"}],"wp:term":[{"taxonomy":"product_brand","embeddable":true,"href":"https:\/\/www.fenxifiber.com\/de\/wp-json\/wp\/v2\/product_brand?post=755"},{"taxonomy":"product_cat","embeddable":true,"href":"https:\/\/www.fenxifiber.com\/de\/wp-json\/wp\/v2\/product_cat?post=755"},{"taxonomy":"product_tag","embeddable":true,"href":"https:\/\/www.fenxifiber.com\/de\/wp-json\/wp\/v2\/product_tag?post=755"}],"curies":[{"name":"wp","href":"https:\/\/api.w.org\/{rel}","templated":true}]}}