{"id":767,"date":"2026-02-04T01:20:47","date_gmt":"2026-02-04T01:20:47","guid":{"rendered":"https:\/\/www.fenxifiber.com\/?post_type=product&#038;p=767"},"modified":"2026-02-04T02:12:09","modified_gmt":"2026-02-04T02:12:09","slug":"fc-upc-fc-apc-sm-sx","status":"publish","type":"product","link":"https:\/\/www.fenxifiber.com\/de\/product\/fc-upc-fc-apc-sm-sx\/","title":{"rendered":"FC\/UPC zu FC\/APC Single Mode Simplex Glasfaser Patchkabel"},"content":{"rendered":"<h2 data-path-to-node=\"5\">Warum der FC-FC Hybrid?<\/h2>\n<p data-path-to-node=\"6\">W\u00e4hrend die Industrie einen Anstieg von Kunststoffsteckverbindern zu verzeichnen hat, ist die <b data-path-to-node=\"6\" data-index-in-node=\"62\">FC (Ferrule Connector)<\/b> bleibt der K\u00f6nig der Stabilit\u00e4t. Die metallische Schraubkupplung sorgt daf\u00fcr, dass die Verbindung praktisch unempfindlich gegen Vibrationen ist und ist damit der Standard f\u00fcr:<\/p>\n<ul data-path-to-node=\"7\">\n<li>\n<p data-path-to-node=\"7,0,0\"><b data-path-to-node=\"7,0,0\" data-index-in-node=\"0\">Pr\u00fcfung und Messung:<\/b> Anschluss von OTDRs an APC-basierte Netzwerke.<\/p>\n<\/li>\n<li>\n<p data-path-to-node=\"7,1,0\"><b data-path-to-node=\"7,1,0\" data-index-in-node=\"0\">Industrielle Automatisierung:<\/b> Umgebungen mit starken Vibrationen, in denen Clips versagen k\u00f6nnen.<\/p>\n<\/li>\n<li>\n<p data-path-to-node=\"7,2,0\"><b data-path-to-node=\"7,2,0\" data-index-in-node=\"0\">Schifffahrt und Luft- und Raumfahrt:<\/b> Wenn eine mechanische Verriegelung eine Sicherheitsanforderung ist.<\/p>\n<\/li>\n<\/ul>\n<hr data-path-to-node=\"8\" \/>\n<h2 data-path-to-node=\"9\">Technische Leistungsdaten<\/h2>\n<p data-path-to-node=\"10\">Dieser OS2-Singlemode-Jumper entspricht dem Industriestandard 2026 und ist auf Pr\u00e4zision ausgelegt.<\/p>\n<table data-path-to-node=\"11\">\n<thead>\n<tr>\n<td><strong>Parameter<\/strong><\/td>\n<td><strong>FC\/UPC-Seite (blau)<\/strong><\/td>\n<td><strong>FC\/APC-Seite (gr\u00fcn)<\/strong><\/td>\n<td><strong>Technischer Nutzen<\/strong><\/td>\n<\/tr>\n<\/thead>\n<tbody>\n<tr>\n<td><span data-path-to-node=\"11,1,0,0\"><b data-path-to-node=\"11,1,0,0\" data-index-in-node=\"0\">Polnischer Typ<\/b><\/span><\/td>\n<td><span data-path-to-node=\"11,1,1,0\">Ultra Physischer Kontakt<\/span><\/td>\n<td><span data-path-to-node=\"11,1,2,0\">8\u00b0 abgewinkelt Physischer Kontakt<\/span><\/td>\n<td><span data-path-to-node=\"11,1,3,0\">\u00dcberbr\u00fcckt Standard- und Hochr\u00fccklaufverlustanschl\u00fcsse<\/span><\/td>\n<\/tr>\n<tr>\n<td><span data-path-to-node=\"11,2,0,0\"><b data-path-to-node=\"11,2,0,0\" data-index-in-node=\"0\">R\u00fcckflussd\u00e4mpfung<\/b><\/span><\/td>\n<td><span data-path-to-node=\"11,2,1,0\"><span class=\"math-inline\" data-math=\"\\geq 50 \\text{ dB}\" data-index-in-node=\"0\">$\\geq 50 \\text{ dB}$<\/span><\/span><\/td>\n<td><span data-path-to-node=\"11,2,2,0\"><span class=\"math-inline\" data-math=\"\\geq 60 \\text{ dB}\" data-index-in-node=\"0\">$\\geq 60 \\text{ dB}$<\/span><\/span><\/td>\n<td><span data-path-to-node=\"11,2,3,0\">Sch\u00fctzt empfindliche Laser vor R\u00fcckreflexion<\/span><\/td>\n<\/tr>\n<tr>\n<td><span data-path-to-node=\"11,3,0,0\"><b data-path-to-node=\"11,3,0,0\" data-index-in-node=\"0\">Einf\u00fcged\u00e4mpfung<\/b><\/span><\/td>\n<td><span data-path-to-node=\"11,3,1,0\"><span class=\"math-inline\" data-math=\"\\leq 0.3 \\text{ dB}\" data-index-in-node=\"0\">$\\leq 0,3 \\text{ dB}$<\/span><\/span><\/td>\n<td><span data-path-to-node=\"11,3,2,0\"><span class=\"math-inline\" data-math=\"\\leq 0.3 \\text{ dB}\" data-index-in-node=\"0\">$\\leq 0,3 \\text{ dB}$<\/span><\/span><\/td>\n<td><span data-path-to-node=\"11,3,3,0\">Sorgt f\u00fcr maximale Signalst\u00e4rke<\/span><\/td>\n<\/tr>\n<tr>\n<td><span data-path-to-node=\"11,4,0,0\"><b data-path-to-node=\"11,4,0,0\" data-index-in-node=\"0\">Faserkern<\/b><\/span><\/td>\n<td><span data-path-to-node=\"11,4,1,0\">9\/125\u03bcm (OS2)<\/span><\/td>\n<td><span data-path-to-node=\"11,4,2,0\">9\/125\u03bcm (OS2)<\/span><\/td>\n<td><span data-path-to-node=\"11,4,3,0\">Konsistente Singlemode-Leistung<\/span><\/td>\n<\/tr>\n<tr>\n<td><span data-path-to-node=\"11,5,0,0\"><b data-path-to-node=\"11,5,0,0\" data-index-in-node=\"0\">Geh\u00e4use<\/b><\/span><\/td>\n<td><span data-path-to-node=\"11,5,1,0\">Vernickeltes Metall<\/span><\/td>\n<td><span data-path-to-node=\"11,5,2,0\">Vernickeltes Metall<\/span><\/td>\n<td><span data-path-to-node=\"11,5,3,0\">Maximale mechanische Haltbarkeit<\/span><\/td>\n<\/tr>\n<tr>\n<td><span data-path-to-node=\"11,6,0,0\"><b data-path-to-node=\"11,6,0,0\" data-index-in-node=\"0\">Jacke<\/b><\/span><\/td>\n<td><span data-path-to-node=\"11,6,1,0\">2,0mm\/3,0mm LSZH<\/span><\/td>\n<td><span data-path-to-node=\"11,6,2,0\">2,0mm\/3,0mm LSZH<\/span><\/td>\n<td><span data-path-to-node=\"11,6,3,0\">Feuersicher und flexibel<\/span><\/td>\n<\/tr>\n<\/tbody>\n<\/table>\n<hr data-path-to-node=\"12\" \/>\n<h2 data-path-to-node=\"13\">Wichtige Produktvorteile<\/h2>\n<h3 data-path-to-node=\"14\">1. Ersch\u00fctterungssichere Sicherheit<\/h3>\n<p data-path-to-node=\"15\">Im Gegensatz zu Push-Pull-Steckern (SC oder LC) sorgt die Gewindemutter des FC f\u00fcr einen konstanten, verriegelten Druck auf die 2,5-mm-Keramikferrule. Dadurch wird sichergestellt, dass der 9-Mikrometer-Faserkern auch in rauen Umgebungen perfekt ausgerichtet bleibt.<\/p>\n<h3 data-path-to-node=\"16\">2. Das \u201cBack-Reflection\u201d-Schild<\/h3>\n<p data-path-to-node=\"17\">Durch die Bereitstellung eines <b data-path-to-node=\"17\" data-index-in-node=\"16\">APC (Gr\u00fcn)<\/b> Ende erm\u00f6glicht dieses Kabel den Anschluss an Hochleistungssender, die ein <span class=\"math-inline\" data-math=\"&gt;60\\text{dB}\" data-index-in-node=\"108\">$&gt;60\\text{dB}$<\/span> R\u00fcckflussd\u00e4mpfung, um Lasersch\u00e4den zu vermeiden, und gleichzeitig eine Schnittstelle mit Standard <b data-path-to-node=\"17\" data-index-in-node=\"196\">UPC (Blau)<\/b> Ger\u00e4te am anderen Ende.<\/p>\n<h3 data-path-to-node=\"18\">3. G.652.D \/ G.657.A1 Faserkern<\/h3>\n<p data-path-to-node=\"19\">Wir verwenden hochwertige Singlemode-Fasern, die alle Standard-Wellenl\u00e4ngen unterst\u00fctzen (<span class=\"math-inline\" data-math=\"1310\\text{nm}\" data-index-in-node=\"73\">$1310\\text{nm}$<\/span>, <span class=\"math-inline\" data-math=\"1490\\text{nm}\" data-index-in-node=\"88\">$1490\\text{nm}$<\/span>, <span class=\"math-inline\" data-math=\"1550\\text{nm}\" data-index-in-node=\"103\">$1550\\text{nm}$<\/span>) und ist damit zukunftssicher f\u00fcr die Hochgeschwindigkeits-Daten- und Video\u00fcbertragung.<\/p>\n<hr data-path-to-node=\"20\" \/>\n<h2 data-path-to-node=\"21\">Professionelle Fragen und Antworten: Einblicke aus der Praxis<\/h2>\n<p data-path-to-node=\"22\"><b data-path-to-node=\"22\" data-index-in-node=\"0\">Q1: Kann ich dieses Kabel verwenden, um mein blaues FC-Patchpanel mit einem gr\u00fcnen FC-Leistungsmesser zu verbinden?<\/b><\/p>\n<p data-path-to-node=\"22\"><b data-path-to-node=\"22\" data-index-in-node=\"86\">A:<\/b> Ja, genau daf\u00fcr ist dieses Kabel gedacht. Es stellt sicher, dass die \u201cblaue\u201d Seite Ihres Netzwerks mit der \u201cgr\u00fcnen\u201d Seite Ihrer Pr\u00fcfger\u00e4te oder hochempfindlichen Hardware kommunizieren kann, ohne dass ein Luftspalt entsteht.<\/p>\n<p data-path-to-node=\"23\"><b data-path-to-node=\"23\" data-index-in-node=\"0\">F2: Was passiert, wenn ich stattdessen ein Standard FC\/UPC-FC\/UPC-Kabel verwende?<\/b><\/p>\n<p data-path-to-node=\"23\"><b data-path-to-node=\"23\" data-index-in-node=\"66\">A:<\/b> Wenn Sie einen UPC (Blau)-Stecker in einen APC (Gr\u00fcn)-Anschluss stecken, trifft die flache Endfl\u00e4che an einem einzigen Punkt auf die gewinkelte Endfl\u00e4che, wodurch ein gro\u00dfer Luftspalt entsteht. Dies f\u00fchrt zu <b data-path-to-node=\"23\" data-index-in-node=\"238\">hohe Einf\u00fcgungsd\u00e4mpfung<\/b> und enorme R\u00fcckreflexionen, die Ihr Signal st\u00f6ren oder die Hardware besch\u00e4digen k\u00f6nnen.<\/p>\n<p data-path-to-node=\"24\"><b data-path-to-node=\"24\" data-index-in-node=\"0\">F3: Ist die \u201cSimplex\u201d-Version (SX) robust genug f\u00fcr den industriellen Einsatz?<\/b><\/p>\n<p data-path-to-node=\"24\"><b data-path-to-node=\"24\" data-index-in-node=\"69\">A:<\/b> Ja, absolut. Da beide Enden metallische FC-Steckverbinder sind und der Mantel typischerweise <b data-path-to-node=\"24\" data-index-in-node=\"155\">3,0 mm LSZH<\/b>, Er ist viel robuster als ein Standard-LC-Duplex-Jumper. Er ist so gebaut, dass er wiederholter Handhabung und mechanischer Belastung standh\u00e4lt.<\/p>\n<p data-path-to-node=\"25\"><b data-path-to-node=\"25\" data-index-in-node=\"0\">F4: Wie pflege ich diese Metallverbindungen?<\/b><\/p>\n<p data-path-to-node=\"25\"><b data-path-to-node=\"25\" data-index-in-node=\"49\">A:<\/b> Da sie aufgeschraubt sind, sollten Sie sie nicht zu fest anziehen. Ein handfestes Anziehen ist ausreichend. Da die FC-H\u00fclsen im ungesteckten Zustand freiliegen, sollten Sie immer die mitgelieferten Staubschutzkappen verwenden, um Kratzer auf den Keramikspitzen zu vermeiden.<\/p>","protected":false},"excerpt":{"rendered":"<p data-path-to-node=\"4\">In der Welt der Hochleistungs-Glasfaser spielen nicht alle \u201cgr\u00fcnen\u201d Ports gut mit den \u201cblauen\u201d zusammen. Die <b data-path-to-node=\"4\" data-index-in-node=\"94\">FC\/UPC-FC\/APC-SM-SX<\/b> ist ein spezielles Konvertierungskabel, das das Problem des \u201cPolish Mismatch\u201d l\u00f6st. Ausgestattet mit einem Gewinde, metallisch <b data-path-to-node=\"4\" data-index-in-node=\"222\">FC\/UPC (Blau)<\/b> Stecker an einem Ende und ein <b data-path-to-node=\"4\" data-index-in-node=\"264\">FC\/APC (Gr\u00fcn)<\/b> Dieser Jumper erm\u00f6glicht eine direkte, verlustarme Verbindung zwischen verschiedenen optischen Standards, ohne dass signalverschlechternde Adapter erforderlich sind.<\/p>\n<h2 data-path-to-node=\"5\"><\/h2>","protected":false},"featured_media":768,"comment_status":"open","ping_status":"closed","template":"","meta":[],"product_brand":[],"product_cat":[45],"product_tag":[],"class_list":{"0":"post-767","1":"product","2":"type-product","3":"status-publish","4":"has-post-thumbnail","6":"product_cat-single-mode-fiber-optic-patch-cord","8":"first","9":"instock","10":"shipping-taxable","11":"product-type-simple"},"_links":{"self":[{"href":"https:\/\/www.fenxifiber.com\/de\/wp-json\/wp\/v2\/product\/767","targetHints":{"allow":["GET"]}}],"collection":[{"href":"https:\/\/www.fenxifiber.com\/de\/wp-json\/wp\/v2\/product"}],"about":[{"href":"https:\/\/www.fenxifiber.com\/de\/wp-json\/wp\/v2\/types\/product"}],"replies":[{"embeddable":true,"href":"https:\/\/www.fenxifiber.com\/de\/wp-json\/wp\/v2\/comments?post=767"}],"wp:featuredmedia":[{"embeddable":true,"href":"https:\/\/www.fenxifiber.com\/de\/wp-json\/wp\/v2\/media\/768"}],"wp:attachment":[{"href":"https:\/\/www.fenxifiber.com\/de\/wp-json\/wp\/v2\/media?parent=767"}],"wp:term":[{"taxonomy":"product_brand","embeddable":true,"href":"https:\/\/www.fenxifiber.com\/de\/wp-json\/wp\/v2\/product_brand?post=767"},{"taxonomy":"product_cat","embeddable":true,"href":"https:\/\/www.fenxifiber.com\/de\/wp-json\/wp\/v2\/product_cat?post=767"},{"taxonomy":"product_tag","embeddable":true,"href":"https:\/\/www.fenxifiber.com\/de\/wp-json\/wp\/v2\/product_tag?post=767"}],"curies":[{"name":"wp","href":"https:\/\/api.w.org\/{rel}","templated":true}]}}