{"id":769,"date":"2026-02-04T01:24:01","date_gmt":"2026-02-04T01:24:01","guid":{"rendered":"https:\/\/www.fenxifiber.com\/?post_type=product&#038;p=769"},"modified":"2026-02-04T02:12:43","modified_gmt":"2026-02-04T02:12:43","slug":"sc-upc-sc-apc-sm-sx","status":"publish","type":"product","link":"https:\/\/www.fenxifiber.com\/de\/product\/sc-upc-sc-apc-sm-sx\/","title":{"rendered":"SC\/UPC auf SC\/APC Einmoden-Simplex-Glasfaser-Patchkabel"},"content":{"rendered":"<h2 data-path-to-node=\"6\">Die Hybrid-Logik: Blau trifft Gr\u00fcn<\/h2>\n<ul data-path-to-node=\"7\">\n<li>\n<p data-path-to-node=\"7,0,0\"><b data-path-to-node=\"7,0,0\" data-index-in-node=\"0\">SC\/UPC (Blau):<\/b> Das \u201cUltra Physical Contact\u201d-Ende. Es ist der Standard f\u00fcr die allgemeine digitale Daten\u00fcbertragung und Unternehmens-LANs, bei denen eine flache, hochpr\u00e4zise Politur ausreicht.<\/p>\n<\/li>\n<li>\n<p data-path-to-node=\"7,1,0\"><b data-path-to-node=\"7,1,0\" data-index-in-node=\"0\">SC\/APC (Gr\u00fcn):<\/b> Das \u201cabgewinkelte physikalische Kontaktende\u201d. Mit einer Neigung von 8 Grad ist es f\u00fcr CATV-, GPON- und hochbitratige Systeme obligatorisch, um R\u00fcckreflexionen zu vermeiden.<\/p>\n<\/li>\n<li>\n<p data-path-to-node=\"7,2,0\"><b data-path-to-node=\"7,2,0\" data-index-in-node=\"0\">SM SX (Single Mode Simplex):<\/b> Ein einziger 9\/125\u03bcm OS2-Glasfaserstrang, der die Kommunikation \u00fcber gro\u00dfe Entfernungen mit nahezu unbegrenzter Bandbreitenkapazit\u00e4t unterst\u00fctzt.<\/p>\n<\/li>\n<\/ul>\n<hr data-path-to-node=\"8\" \/>\n<h2 data-path-to-node=\"9\">Aufschl\u00fcsselung der technischen Leistung<\/h2>\n<p data-path-to-node=\"10\">Um eine zuverl\u00e4ssige Verbindung zu gew\u00e4hrleisten, muss der \u00dcbergang zwischen UPC und APC nahtlos sein. Unsere Kabel erf\u00fcllen die folgenden Industriestandards f\u00fcr 2026:<\/p>\n<table data-path-to-node=\"11\">\n<thead>\n<tr>\n<td><strong>Spezifikation<\/strong><\/td>\n<td><strong>SC\/UPC-Seite<\/strong><\/td>\n<td><strong>SC\/APC-Seite<\/strong><\/td>\n<td><strong>Professioneller Nutzen<\/strong><\/td>\n<\/tr>\n<\/thead>\n<tbody>\n<tr>\n<td><span data-path-to-node=\"11,1,0,0\"><b data-path-to-node=\"11,1,0,0\" data-index-in-node=\"0\">Stecker Farbe<\/b><\/span><\/td>\n<td><span data-path-to-node=\"11,1,1,0\">Blau<\/span><\/td>\n<td><span data-path-to-node=\"11,1,2,0\">Gr\u00fcn<\/span><\/td>\n<td><span data-path-to-node=\"11,1,3,0\">Sofortiger visueller Anschlussabgleich<\/span><\/td>\n<\/tr>\n<tr>\n<td><span data-path-to-node=\"11,2,0,0\"><b data-path-to-node=\"11,2,0,0\" data-index-in-node=\"0\">R\u00fcckflussd\u00e4mpfung<\/b><\/span><\/td>\n<td><span data-path-to-node=\"11,2,1,0\"><span class=\"math-inline\" data-math=\"\\geq 50 \\text{ dB}\" data-index-in-node=\"0\">$\\geq 50 \\text{ dB}$<\/span><\/span><\/td>\n<td><span data-path-to-node=\"11,2,2,0\"><span class=\"math-inline\" data-math=\"\\geq 65 \\text{ dB}\" data-index-in-node=\"0\">$\\geq 65 \\text{ dB}$<\/span><\/span><\/td>\n<td><span data-path-to-node=\"11,2,3,0\">Sch\u00fctzt Quelllaser vor L\u00e4rm<\/span><\/td>\n<\/tr>\n<tr>\n<td><span data-path-to-node=\"11,3,0,0\"><b data-path-to-node=\"11,3,0,0\" data-index-in-node=\"0\">Einf\u00fcged\u00e4mpfung<\/b><\/span><\/td>\n<td><span data-path-to-node=\"11,3,1,0\"><span class=\"math-inline\" data-math=\"\\leq 0.3 \\text{ dB}\" data-index-in-node=\"0\">$\\leq 0,3 \\text{ dB}$<\/span><\/span><\/td>\n<td><span data-path-to-node=\"11,3,2,0\"><span class=\"math-inline\" data-math=\"\\leq 0.3 \\text{ dB}\" data-index-in-node=\"0\">$\\leq 0,3 \\text{ dB}$<\/span><\/span><\/td>\n<td><span data-path-to-node=\"11,3,3,0\">Minimale Abschw\u00e4chung des Lichtsignals<\/span><\/td>\n<\/tr>\n<tr>\n<td><span data-path-to-node=\"11,4,0,0\"><b data-path-to-node=\"11,4,0,0\" data-index-in-node=\"0\">Faserqualit\u00e4t<\/b><\/span><\/td>\n<td><span data-path-to-node=\"11,4,1,0\">OS2 (9\/125\u03bcm)<\/span><\/td>\n<td><span data-path-to-node=\"11,4,2,0\">OS2 (9\/125\u03bcm)<\/span><\/td>\n<td><span data-path-to-node=\"11,4,3,0\">G.652.D\/G.657.A1-konform<\/span><\/td>\n<\/tr>\n<tr>\n<td><span data-path-to-node=\"11,5,0,0\"><b data-path-to-node=\"11,5,0,0\" data-index-in-node=\"0\">Material der Jacke<\/b><\/span><\/td>\n<td><span data-path-to-node=\"11,5,1,0\">LSZH (Gelb)<\/span><\/td>\n<td><span data-path-to-node=\"11,5,2,0\">LSZH (Gelb)<\/span><\/td>\n<td><span data-path-to-node=\"11,5,3,0\">Brandsicher und bauaufsichtlich zugelassen<\/span><\/td>\n<\/tr>\n<tr>\n<td><span data-path-to-node=\"11,6,0,0\"><b data-path-to-node=\"11,6,0,0\" data-index-in-node=\"0\">Paarungszyklen<\/b><\/span><\/td>\n<td><span data-path-to-node=\"11,6,1,0\"><span class=\"math-inline\" data-math=\"&gt;1000\" data-index-in-node=\"0\">$&gt;1000$<\/span> mal<\/span><\/td>\n<td><span data-path-to-node=\"11,6,2,0\"><span class=\"math-inline\" data-math=\"&gt;1000\" data-index-in-node=\"0\">$&gt;1000$<\/span> mal<\/span><\/td>\n<td><span data-path-to-node=\"11,6,3,0\">Langlebig f\u00fcr h\u00e4ufiges Nachbessern<\/span><\/td>\n<\/tr>\n<\/tbody>\n<\/table>\n<hr data-path-to-node=\"12\" \/>\n<h2 data-path-to-node=\"13\">Warum dieser Jumper f\u00fcr moderne Netzwerke unerl\u00e4sslich ist<\/h2>\n<h3 data-path-to-node=\"14\">1. Nahtlose Interoperabilit\u00e4t<\/h3>\n<p data-path-to-node=\"15\">Wenn ISP-Netze auf XGS-PON oder 50G-PON aufger\u00fcstet werden, werden auf der \u201cletzten Meile\u201d h\u00e4ufig APC-Anschl\u00fcsse verwendet. Das bestehende Backbone kann jedoch weiterhin UPC sein. Dieses Kabel bietet den direkten Weg, diese beiden Welten zu verbinden, ohne dass ganze Patchfelder ersetzt werden m\u00fcssen.<\/p>\n<h3 data-path-to-node=\"16\">2. Schutz vor R\u00fcckreflexion<\/h3>\n<p data-path-to-node=\"17\">Durch die Verwendung des <b data-path-to-node=\"17\" data-index-in-node=\"13\">APC (Gr\u00fcn)<\/b> Ende Ihres empfindlichen Senders (z. B. eines CATV-Lasers oder eines EDFA), stellen Sie sicher, dass das reflektierte Licht in den Fasermantel geleitet wird, wodurch eine hohe R\u00fcckflussd\u00e4mpfung von <b data-path-to-node=\"17\" data-index-in-node=\"198\"><span class=\"math-inline\" data-math=\"\\geq 65\\text{dB}\" data-index-in-node=\"198\">$\\geq 65\\text{dB}$<\/span><\/b> auch wenn das andere Ende ein Standard-UPC ist.<\/p>\n<h3 data-path-to-node=\"18\">3. Platzsparendes Simplex-Design<\/h3>\n<p data-path-to-node=\"19\">F\u00fcr <b data-path-to-node=\"19\" data-index-in-node=\"4\">BiDi (bi-direktional)<\/b> Verbindungen, warum zwei Fasern verwenden, wenn eine gen\u00fcgt? Das Simplex-Design (SX) reduziert das Kabelvolumen in den Kabelkan\u00e4len und ist in engen ODF-Schr\u00e4nken (Optical Distribution Frame) einfacher zu handhaben.<\/p>\n<hr data-path-to-node=\"20\" \/>\n<h2 data-path-to-node=\"21\">Experten-Fragen und Antworten: Einblicke in die Praxis<\/h2>\n<p data-path-to-node=\"22\"><b data-path-to-node=\"22\" data-index-in-node=\"0\">F: Kann ich das blaue Ende in einen gr\u00fcnen Anschluss stecken, nur um einen kurzen Test durchzuf\u00fchren?<\/b><\/p>\n<p data-path-to-node=\"22\"><b data-path-to-node=\"22\" data-index-in-node=\"68\">A:<\/b> <b data-path-to-node=\"22\" data-index-in-node=\"71\">Nein.<\/b> Dies ist der schnellste Weg, eine Verbindung zu ruinieren. Ein UPC-Ende ist flach und ein APC-Anschluss ist abgewinkelt. Beim Zusammenstecken entsteht ein physischer \u201cPunktkontakt\u201d, der beide Keramikh\u00fclsen zerkratzen kann und definitiv einen Luftspalt mit massivem Signalverlust verursacht.<\/p>\n<p data-path-to-node=\"23\"><b data-path-to-node=\"23\" data-index-in-node=\"0\">F: Warum ist die R\u00fcckflussd\u00e4mpfung an beiden Enden unterschiedlich?<\/b><\/p>\n<p data-path-to-node=\"23\"><b data-path-to-node=\"23\" data-index-in-node=\"49\">A:<\/b> Die R\u00fcckflussd\u00e4mpfung ist eine Eigenschaft der Politur des Steckers. Der 8-Grad-Winkel auf dem <b data-path-to-node=\"23\" data-index-in-node=\"131\">APC (Gr\u00fcn)<\/b> Ende ist mathematisch so konzipiert, dass es die Reflexion effektiver reduziert als das flache <b data-path-to-node=\"23\" data-index-in-node=\"226\">UPC (Blau)<\/b> Ende, weshalb er eine h\u00f6here Bewertung hat (65 dB gegen\u00fcber 50 dB).<\/p>\n<p data-path-to-node=\"24\"><b data-path-to-node=\"24\" data-index-in-node=\"0\">F: Ist dieses Kabel mit 100G-Geschwindigkeiten kompatibel?<\/b><\/p>\n<p data-path-to-node=\"24\"><b data-path-to-node=\"24\" data-index-in-node=\"46\">A:<\/b> Ganz genau. Die <b data-path-to-node=\"24\" data-index-in-node=\"65\">OS2<\/b> Singlemode-Glasfaserkern ist mehr als f\u00e4hig, 100G, 400G und sogar 800G Datenraten zu verarbeiten, vorausgesetzt, Ihre Transceiver und Netzwerkger\u00e4te sind f\u00fcr diese Geschwindigkeiten ausgelegt.<\/p>\n<p data-path-to-node=\"25\"><b data-path-to-node=\"25\" data-index-in-node=\"0\">F: Wie kann ich dieses Kabel in einem \u00fcberf\u00fcllten Regal identifizieren?<\/b><\/p>\n<p data-path-to-node=\"25\"><b data-path-to-node=\"25\" data-index-in-node=\"51\">A:<\/b> Schauen Sie sich einfach die Stecker und Geh\u00e4use an. Ein Ende wird sein <b data-path-to-node=\"25\" data-index-in-node=\"119\">Blau<\/b> und das andere wird sein <b data-path-to-node=\"25\" data-index-in-node=\"146\">Gr\u00fcn<\/b>. Diese Farbcodierung ist ein internationaler Standard, um zu verhindern, dass Techniker falsche Verbindungen herstellen.<\/p>","protected":false},"excerpt":{"rendered":"<p data-path-to-node=\"4\">Bei vielen Glasfaserinstallationen kommt es zu einem \u201cFarbkonflikt\u201d: Ihr Verteilerfeld ist <b data-path-to-node=\"4\" data-index-in-node=\"90\">Blau (UPC)<\/b>, aber Ihr neues Hochgeschwindigkeitsger\u00e4t erfordert <b data-path-to-node=\"4\" data-index-in-node=\"145\">Gr\u00fcn (APC)<\/b>. Die <b data-path-to-node=\"4\" data-index-in-node=\"162\">SC\/UPC-SC\/APC-SM-SX<\/b> ist die technische L\u00f6sung f\u00fcr dieses Problem.<\/p>\n<p data-path-to-node=\"5\">Dieses Hybrid-Patchkabel verf\u00fcgt \u00fcber einen Standard-SC\/UPC-Stecker an einem Ende und einen pr\u00e4zisionsgewinkelten SC\/APC-Stecker am anderen Ende. Es erm\u00f6glicht Netzwerkingenieuren die Integration \u00e4lterer Singlemode-Infrastrukturen mit moderner, hochempfindlicher Hardware ohne die Signalverschlechterung, die durch Standalone-Adapter verursacht wird.<\/p>","protected":false},"featured_media":772,"comment_status":"open","ping_status":"closed","template":"","meta":[],"product_brand":[],"product_cat":[45],"product_tag":[],"class_list":{"0":"post-769","1":"product","2":"type-product","3":"status-publish","4":"has-post-thumbnail","6":"product_cat-single-mode-fiber-optic-patch-cord","8":"first","9":"instock","10":"shipping-taxable","11":"product-type-simple"},"_links":{"self":[{"href":"https:\/\/www.fenxifiber.com\/de\/wp-json\/wp\/v2\/product\/769","targetHints":{"allow":["GET"]}}],"collection":[{"href":"https:\/\/www.fenxifiber.com\/de\/wp-json\/wp\/v2\/product"}],"about":[{"href":"https:\/\/www.fenxifiber.com\/de\/wp-json\/wp\/v2\/types\/product"}],"replies":[{"embeddable":true,"href":"https:\/\/www.fenxifiber.com\/de\/wp-json\/wp\/v2\/comments?post=769"}],"wp:featuredmedia":[{"embeddable":true,"href":"https:\/\/www.fenxifiber.com\/de\/wp-json\/wp\/v2\/media\/772"}],"wp:attachment":[{"href":"https:\/\/www.fenxifiber.com\/de\/wp-json\/wp\/v2\/media?parent=769"}],"wp:term":[{"taxonomy":"product_brand","embeddable":true,"href":"https:\/\/www.fenxifiber.com\/de\/wp-json\/wp\/v2\/product_brand?post=769"},{"taxonomy":"product_cat","embeddable":true,"href":"https:\/\/www.fenxifiber.com\/de\/wp-json\/wp\/v2\/product_cat?post=769"},{"taxonomy":"product_tag","embeddable":true,"href":"https:\/\/www.fenxifiber.com\/de\/wp-json\/wp\/v2\/product_tag?post=769"}],"curies":[{"name":"wp","href":"https:\/\/api.w.org\/{rel}","templated":true}]}}