{"id":773,"date":"2026-02-04T01:25:28","date_gmt":"2026-02-04T01:25:28","guid":{"rendered":"https:\/\/www.fenxifiber.com\/?post_type=product&#038;p=773"},"modified":"2026-02-04T02:14:30","modified_gmt":"2026-02-04T02:14:30","slug":"sc-upc-sc-upc-sm-sx-2","status":"publish","type":"product","link":"https:\/\/www.fenxifiber.com\/de\/product\/sc-upc-sc-upc-sm-sx-2\/","title":{"rendered":"SC\/UPC auf SC\/UPC Single Mode Simplex Patchkabel"},"content":{"rendered":"<h2 data-path-to-node=\"6\">Leistung, die Netzwerke antreibt<\/h2>\n<p data-path-to-node=\"7\">Pr\u00e4zision ist der Herzschlag der Glasfaseroptik. Unsere SC\/UPC-Jumper werden mit hochwertigen Keramikferrulen hergestellt, um sicherzustellen, dass die 9-Mikrometer-Faserkerne bei jedem Zusammenstecken mit mikroskopischer Genauigkeit ausgerichtet werden.<\/p>\n<table data-path-to-node=\"8\">\n<thead>\n<tr>\n<td><strong>Technische Parameter<\/strong><\/td>\n<td><strong>Spezifikation<\/strong><\/td>\n<td><strong>Professioneller Wert<\/strong><\/td>\n<\/tr>\n<\/thead>\n<tbody>\n<tr>\n<td><span data-path-to-node=\"8,1,0,0\"><b data-path-to-node=\"8,1,0,0\" data-index-in-node=\"0\">Stecker Typ<\/b><\/span><\/td>\n<td><span data-path-to-node=\"8,1,1,0\">SC\/UPC zu SC\/UPC<\/span><\/td>\n<td><span data-path-to-node=\"8,1,2,0\">Universal 2.5mm \u201cPush-Pull\u201d<\/span><\/td>\n<\/tr>\n<tr>\n<td><span data-path-to-node=\"8,2,0,0\"><b data-path-to-node=\"8,2,0,0\" data-index-in-node=\"0\">Faser-Kategorie<\/b><\/span><\/td>\n<td><span data-path-to-node=\"8,2,1,0\">Einzelmodus OS2 (9\/125\u03bcm)<\/span><\/td>\n<td><span data-path-to-node=\"8,2,2,0\">Optimiert f\u00fcr 1310nm\/1550nm<\/span><\/td>\n<\/tr>\n<tr>\n<td><span data-path-to-node=\"8,3,0,0\"><b data-path-to-node=\"8,3,0,0\" data-index-in-node=\"0\">Einf\u00fcged\u00e4mpfung<\/b><\/span><\/td>\n<td><span data-path-to-node=\"8,3,1,0\"><span class=\"math-inline\" data-math=\"\\leq 0.25 \\text{ dB}\" data-index-in-node=\"0\">$\\leq 0,25 \\text{ dB}$<\/span><\/span><\/td>\n<td><span data-path-to-node=\"8,3,2,0\">Hocheffizienter Lichtweg<\/span><\/td>\n<\/tr>\n<tr>\n<td><span data-path-to-node=\"8,4,0,0\"><b data-path-to-node=\"8,4,0,0\" data-index-in-node=\"0\">R\u00fcckflussd\u00e4mpfung<\/b><\/span><\/td>\n<td><span data-path-to-node=\"8,4,1,0\"><span class=\"math-inline\" data-math=\"\\geq 50 \\text{ dB}\" data-index-in-node=\"0\">$\\geq 50 \\text{ dB}$<\/span><\/span><\/td>\n<td><span data-path-to-node=\"8,4,2,0\">Hervorragende digitale Signalreinheit<\/span><\/td>\n<\/tr>\n<tr>\n<td><span data-path-to-node=\"8,5,0,0\"><b data-path-to-node=\"8,5,0,0\" data-index-in-node=\"0\">Material der Jacke<\/b><\/span><\/td>\n<td><span data-path-to-node=\"8,5,1,0\">LSZH (Gelb)<\/span><\/td>\n<td><span data-path-to-node=\"8,5,2,0\">Brandsicher und raucharm<\/span><\/td>\n<\/tr>\n<tr>\n<td><span data-path-to-node=\"8,6,0,0\"><b data-path-to-node=\"8,6,0,0\" data-index-in-node=\"0\">Dauerhaftigkeit<\/b><\/span><\/td>\n<td><span data-path-to-node=\"8,6,1,0\"><span class=\"math-inline\" data-math=\"&gt; 1000\" data-index-in-node=\"0\">$&gt; 1000$<\/span> Paarungen<\/span><\/td>\n<td><span data-path-to-node=\"8,6,2,0\">Langfristige mechanische Lebensdauer<\/span><\/td>\n<\/tr>\n<\/tbody>\n<\/table>\n<hr data-path-to-node=\"9\" \/>\n<h2 data-path-to-node=\"10\">Warum SC\/UPC der Industriestandard bleibt<\/h2>\n<h3 data-path-to-node=\"11\">1. Robuste mechanische Konstruktion<\/h3>\n<p data-path-to-node=\"12\">Der SC-Steckverbinder verf\u00fcgt \u00fcber einen quadratischen Verriegelungsmechanismus mit Einrastfunktion. Seine 2,5-mm-Ferrule ist gr\u00f6\u00dfer und physisch widerstandsf\u00e4higer als kleinere LC-Alternativen, wodurch sie bei h\u00e4ufigem Umstecken in stark frequentierten Verteilern weniger anf\u00e4llig f\u00fcr Besch\u00e4digungen ist.<\/p>\n<h3 data-path-to-node=\"13\">2. Optimiert f\u00fcr Hochgeschwindigkeitsdaten<\/h3>\n<p data-path-to-node=\"14\">W\u00e4hrend APC (Gr\u00fcn)-Anschl\u00fcsse f\u00fcr analoges Video ben\u00f6tigt werden, <b data-path-to-node=\"14\" data-index-in-node=\"61\">UPC (Blau)<\/b> ist der optimierte Standard f\u00fcr digitale Daten. Mit einer R\u00fcckflussd\u00e4mpfung von <b data-path-to-node=\"14\" data-index-in-node=\"138\"><span class=\"math-inline\" data-math=\"\\geq 50\\text{dB}\" data-index-in-node=\"138\">$\\geq 50\\text{dB}$<\/span><\/b>, Es bietet einen kristallklaren Pfad f\u00fcr Gigabit-Ethernet-, 10G- und sogar 100G-Protokolle.<\/p>\n<h3 data-path-to-node=\"15\">3. Zukunftssicherer OS2-Kern<\/h3>\n<p data-path-to-node=\"16\">Das Innere der gelben Jacke ist hochleistungsf\u00e4hig <b data-path-to-node=\"16\" data-index-in-node=\"45\">OS2 Single-Mode-Faser<\/b>. Dieses Glas ist f\u00fcr Entfernungen von bis zu 40 km und mehr ausgelegt (abh\u00e4ngig von den Transceivern) und stellt sicher, dass Ihre Infrastruktur der physikalischen Schicht nicht aufger\u00fcstet werden muss, wenn Sie Ihre Netzwerkgeschwindigkeiten erh\u00f6hen.<\/p>\n<h3 data-path-to-node=\"17\">4. Safety-First LSZH Jacke<\/h3>\n<p data-path-to-node=\"18\">Unsere Patchkabel verwenden <b data-path-to-node=\"18\" data-index-in-node=\"24\">Raucharm und halogenfrei (LSZH)<\/b> Materialien. Im Falle extremer Hitze oder eines Brandes entwickelt der Mantel nur minimalen Rauch und keine giftigen Halogengase und erf\u00fcllt damit die strengsten Sicherheitsvorschriften f\u00fcr moderne Rechenzentren.<\/p>\n<hr data-path-to-node=\"19\" \/>\n<h2 data-path-to-node=\"20\">Technische Fragen und Antworten: Feldtechnik FAQ<\/h2>\n<p data-path-to-node=\"21\"><b data-path-to-node=\"21\" data-index-in-node=\"0\">F: Kann ich dieses SC\/UPC-Kabel (blau) an einen SC\/APC-Anschluss (gr\u00fcn) anschlie\u00dfen?<\/b><\/p>\n<p data-path-to-node=\"21\"><b data-path-to-node=\"21\" data-index-in-node=\"68\">A: Nein.<\/b> Dies ist ein entscheidender Fehler. Ein UPC-Ende ist flach und ein APC-Anschluss ist abgewinkelt. Durch das Zusammendr\u00fccken entsteht ein Luftspalt, der massive Signalverluste verursacht und die Keramikh\u00fclsen dauerhaft zerkratzen kann. Immer zusammenpassen <b data-path-to-node=\"21\" data-index-in-node=\"284\">Blau zu Blau<\/b>.<\/p>\n<p data-path-to-node=\"22\"><b data-path-to-node=\"22\" data-index-in-node=\"0\">F: Was ist der Vorteil der \u201cSimplex\u201d-Konfiguration (SX)?<\/b><\/p>\n<p data-path-to-node=\"22\"><b data-path-to-node=\"22\" data-index-in-node=\"60\">A:<\/b> Simplex-Kabel sind ideal f\u00fcr bi-direktionale (BiDi) Netzwerke. Da BiDi-Transceiver auf einem einzigen Strang senden und empfangen, reduziert die Verwendung eines Simplex-Kabels den Platzbedarf in Ihren Kabeltrassen und vereinfacht Ihr Glasfasermanagement.<\/p>\n<p data-path-to-node=\"23\"><b data-path-to-node=\"23\" data-index-in-node=\"0\">F: Wie verh\u00e4lt sich die LSZH-Jacke bei engen Ecken in einem Regal?<\/b><\/p>\n<p data-path-to-node=\"23\"><b data-path-to-node=\"23\" data-index-in-node=\"60\">A:<\/b> Unsere Kabel verwenden biegeunempfindliche Fasern (G.657.A1), die einen viel engeren Biegeradius als Standardfasern erm\u00f6glichen. Das bedeutet, dass Sie Kabel durch \u00fcberf\u00fcllte Schalttafeln verlegen k\u00f6nnen, ohne sich Gedanken \u00fcber \u201cMikroknick\u201d-Signalverluste zu machen.<\/p>\n<p data-path-to-node=\"24\"><b data-path-to-node=\"24\" data-index-in-node=\"0\">F: Warum ist die Farbe des Steckers blau?<\/b><\/p>\n<p data-path-to-node=\"24\"><b data-path-to-node=\"24\" data-index-in-node=\"36\">A:<\/b> In der internationalen Glasfaserkennzeichnungsnorm steht Blau f\u00fcr eine UPC-Kennzeichnung (Ultra Physical Contact) f\u00fcr Single-Mode-Glasfasern. Dies hilft Technikern, den richtigen Verbindungstyp schnell zu identifizieren, um Hardware-Fehlanpassungen zu vermeiden.<\/p>","protected":false},"excerpt":{"rendered":"<p data-path-to-node=\"4\">In der anspruchsvollen Welt der optischen Daten\u00fcbertragung kommen und gehen auff\u00e4llige neue Steckverbinder, aber die <b data-path-to-node=\"4\" data-index-in-node=\"98\">SC\/UPC zu SC\/UPC Single Mode Simplex (SM SX)<\/b> bleibt das zuverl\u00e4ssigste Arbeitspferd der Branche. Auch im Jahr 2026 wird dieser \u201cBlue-to-Blue\u201d-Jumper weiterhin das R\u00fcckgrat von Unternehmens-LANs und unternehmensgerechten Rechenzentren sein.<\/p>\n<p data-path-to-node=\"5\">W\u00e4hrend auf der Switch-Seite LC-Stecker mit hoher Dichte dominieren, wird der SC-Stecker (Subscriber Connector) aufgrund seiner physischen Robustheit und einfachen Verwendung in <b data-path-to-node=\"5\" data-index-in-node=\"152\">Optische Verteilerk\u00e4sten (ODF)<\/b>.<\/p>","protected":false},"featured_media":775,"comment_status":"open","ping_status":"closed","template":"","meta":[],"product_brand":[],"product_cat":[45],"product_tag":[],"class_list":{"0":"post-773","1":"product","2":"type-product","3":"status-publish","4":"has-post-thumbnail","6":"product_cat-single-mode-fiber-optic-patch-cord","8":"first","9":"instock","10":"shipping-taxable","11":"product-type-simple"},"_links":{"self":[{"href":"https:\/\/www.fenxifiber.com\/de\/wp-json\/wp\/v2\/product\/773","targetHints":{"allow":["GET"]}}],"collection":[{"href":"https:\/\/www.fenxifiber.com\/de\/wp-json\/wp\/v2\/product"}],"about":[{"href":"https:\/\/www.fenxifiber.com\/de\/wp-json\/wp\/v2\/types\/product"}],"replies":[{"embeddable":true,"href":"https:\/\/www.fenxifiber.com\/de\/wp-json\/wp\/v2\/comments?post=773"}],"wp:featuredmedia":[{"embeddable":true,"href":"https:\/\/www.fenxifiber.com\/de\/wp-json\/wp\/v2\/media\/775"}],"wp:attachment":[{"href":"https:\/\/www.fenxifiber.com\/de\/wp-json\/wp\/v2\/media?parent=773"}],"wp:term":[{"taxonomy":"product_brand","embeddable":true,"href":"https:\/\/www.fenxifiber.com\/de\/wp-json\/wp\/v2\/product_brand?post=773"},{"taxonomy":"product_cat","embeddable":true,"href":"https:\/\/www.fenxifiber.com\/de\/wp-json\/wp\/v2\/product_cat?post=773"},{"taxonomy":"product_tag","embeddable":true,"href":"https:\/\/www.fenxifiber.com\/de\/wp-json\/wp\/v2\/product_tag?post=773"}],"curies":[{"name":"wp","href":"https:\/\/api.w.org\/{rel}","templated":true}]}}