{"id":781,"date":"2026-02-04T01:30:07","date_gmt":"2026-02-04T01:30:07","guid":{"rendered":"https:\/\/www.fenxifiber.com\/?post_type=product&#038;p=781"},"modified":"2026-02-04T02:17:28","modified_gmt":"2026-02-04T02:17:28","slug":"st-upc-lc-upc-sm-sx","status":"publish","type":"product","link":"https:\/\/www.fenxifiber.com\/de\/product\/st-upc-lc-upc-sm-sx\/","title":{"rendered":"Professionelles ST\/UPC auf LC\/UPC Single Mode Simplex Glasfaser Patchkabel"},"content":{"rendered":"<h2 data-path-to-node=\"6\">Datengest\u00fctzte Leistungsspezifikationen<\/h2>\n<p data-path-to-node=\"7\">Jedes Patchkabel wird unter strenger Einhaltung der folgenden technischen Parameter hergestellt:<\/p>\n<table data-path-to-node=\"8\">\n<thead>\n<tr>\n<td><strong>Merkmal<\/strong><\/td>\n<td><strong>Technische Spezifikation<\/strong><\/td>\n<td><strong>B2B-Beschaffungsvorteil<\/strong><\/td>\n<\/tr>\n<\/thead>\n<tbody>\n<tr>\n<td><span data-path-to-node=\"8,1,0,0\"><b data-path-to-node=\"8,1,0,0\" data-index-in-node=\"0\">Stecker Typ<\/b><\/span><\/td>\n<td><span data-path-to-node=\"8,1,1,0\">ST\/UPC zu LC\/UPC<\/span><\/td>\n<td><span data-path-to-node=\"8,1,2,0\">Umwandlung von Industrie in High Density<\/span><\/td>\n<\/tr>\n<tr>\n<td><span data-path-to-node=\"8,2,0,0\"><b data-path-to-node=\"8,2,0,0\" data-index-in-node=\"0\">Faser-Kategorie<\/b><\/span><\/td>\n<td><span data-path-to-node=\"8,2,1,0\">Einzelmodus (SM\/SX)<\/span><\/td>\n<td><span data-path-to-node=\"8,2,2,0\">Optimiert f\u00fcr Langstrecken-OS2-Verbindungen<\/span><\/td>\n<\/tr>\n<tr>\n<td><span data-path-to-node=\"8,3,0,0\"><b data-path-to-node=\"8,3,0,0\" data-index-in-node=\"0\">Einf\u00fcged\u00e4mpfung<\/b><\/span><\/td>\n<td><span data-path-to-node=\"8,3,1,0\"><span class=\"math-inline\" data-math=\"&lt; 0.3 \\text{ dB}\" data-index-in-node=\"0\">$&lt; 0,3 \\text{ dB}$<\/span><\/span><\/td>\n<td><span data-path-to-node=\"8,3,2,0\">Hocheffizienter Signaldurchsatz<\/span><\/td>\n<\/tr>\n<tr>\n<td><span data-path-to-node=\"8,4,0,0\"><b data-path-to-node=\"8,4,0,0\" data-index-in-node=\"0\">R\u00fcckflussd\u00e4mpfung<\/b><\/span><\/td>\n<td><span data-path-to-node=\"8,4,1,0\"><span class=\"math-inline\" data-math=\"\\geq 50 \\text{ dB}\" data-index-in-node=\"0\">$\\geq 50 \\text{ dB}$<\/span> (UPC)<\/span><\/td>\n<td><span data-path-to-node=\"8,4,2,0\">Minimierte R\u00fcckreflexion f\u00fcr digitale Daten<\/span><\/td>\n<\/tr>\n<tr>\n<td><span data-path-to-node=\"8,5,0,0\"><b data-path-to-node=\"8,5,0,0\" data-index-in-node=\"0\">Wellenl\u00e4nge<\/b><\/span><\/td>\n<td><span data-path-to-node=\"8,5,1,0\">1310nm \/ 1490nm \/ 1550nm<\/span><\/td>\n<td><span data-path-to-node=\"8,5,2,0\">Volle Kompatibilit\u00e4t mit Standard-SM-Optiken<\/span><\/td>\n<\/tr>\n<tr>\n<td><span data-path-to-node=\"8,6,0,0\"><b data-path-to-node=\"8,6,0,0\" data-index-in-node=\"0\">Bandbreite<\/b><\/span><\/td>\n<td><span data-path-to-node=\"8,6,1,0\"><span class=\"math-inline\" data-math=\"\\pm 40\\text{nm}\" data-index-in-node=\"0\">$\\pm 40\\text{nm}$<\/span><\/span><\/td>\n<td><span data-path-to-node=\"8,6,2,0\">Stabile Leistung \u00fcber verschiedene Spektralbereiche<\/span><\/td>\n<\/tr>\n<tr>\n<td><span data-path-to-node=\"8,7,0,0\"><b data-path-to-node=\"8,7,0,0\" data-index-in-node=\"0\">Zugfestigkeit<\/b><\/span><\/td>\n<td><span data-path-to-node=\"8,7,1,0\"><span class=\"math-inline\" data-math=\"\\geq 200 \\text{ N}\" data-index-in-node=\"0\">$\\geq 200 \\text{ N}$<\/span><\/span><\/td>\n<td><span data-path-to-node=\"8,7,2,0\">Hohe mechanische Best\u00e4ndigkeit bei der Installation<\/span><\/td>\n<\/tr>\n<tr>\n<td><span data-path-to-node=\"8,8,0,0\"><b data-path-to-node=\"8,8,0,0\" data-index-in-node=\"0\">Dauerhaftigkeit<\/b><\/span><\/td>\n<td><span data-path-to-node=\"8,8,1,0\"><span class=\"math-inline\" data-math=\"\\geq 1000\" data-index-in-node=\"0\">$\\geq 1000$<\/span> mal<\/span><\/td>\n<td><span data-path-to-node=\"8,8,2,0\">Zuverl\u00e4ssig bei h\u00e4ufigem Re-Patching der Hardware<\/span><\/td>\n<\/tr>\n<tr>\n<td><span data-path-to-node=\"8,9,0,0\"><b data-path-to-node=\"8,9,0,0\" data-index-in-node=\"0\">Material<\/b><\/span><\/td>\n<td><span data-path-to-node=\"8,9,1,0\">LSZH (Gelb)<\/span><\/td>\n<td><span data-path-to-node=\"8,9,2,0\">Feuersicherer, raucharmer, halogenfreier Mantel<\/span><\/td>\n<\/tr>\n<\/tbody>\n<\/table>\n<hr data-path-to-node=\"9\" \/>\n<h2 data-path-to-node=\"10\">Warum diese Hybridkonfiguration unerl\u00e4sslich ist<\/h2>\n<h3 data-path-to-node=\"11\">1. Robuste mechanische Stabilit\u00e4t<\/h3>\n<p data-path-to-node=\"12\">Die <b data-path-to-node=\"12\" data-index-in-node=\"4\">ST\/UPC<\/b> Das Ende ist mit einem vernickelten metallischen Bajonettverschluss ausgestattet, der eine vibrationsfeste Verbindung gew\u00e4hrleistet. Gepaart ist dies mit dem modernen <b data-path-to-node=\"12\" data-index-in-node=\"145\">LC\/UPC<\/b> Ende, das eine RJ45-\u00e4hnliche Verriegelung f\u00fcr einen schnellen und sicheren Anschluss an Switches mit hoher Packungsdichte bietet.<\/p>\n<h3 data-path-to-node=\"13\">2. Branchenf\u00fchrende optische Integrit\u00e4t<\/h3>\n<p data-path-to-node=\"14\">Mit einer Einf\u00fcged\u00e4mpfung von weniger als <b data-path-to-node=\"14\" data-index-in-node=\"36\">0,3dB<\/b> und einer R\u00fcckflussd\u00e4mpfung von mehr als <b data-path-to-node=\"14\" data-index-in-node=\"70\">50dB<\/b>, minimiert dieses Kabel die Signalverschlechterung. Diese Metriken sind entscheidend f\u00fcr die Aufrechterhaltung des Leistungsbudgets in kritischen Faserpfaden.<\/p>\n<h3 data-path-to-node=\"15\">3. Sicherheit und Einhaltung der Vorschriften<\/h3>\n<p data-path-to-node=\"16\">F\u00fcr moderne Sicherheitsstandards im Bauwesen konzipiert, ist die <b data-path-to-node=\"16\" data-index-in-node=\"51\">LSZH (raucharm und halogenfrei)<\/b> Ummantelung sorgt daf\u00fcr, dass das Kabel im Brandfall nur wenig Rauch und keine giftigen Halogengase entwickelt. Dies macht es zu einer obligatorischen Wahl f\u00fcr Rechenzentren und kommerzielle B\u00fcror\u00e4ume.<\/p>\n<h3 data-path-to-node=\"17\">4. Robuste Leistung<\/h3>\n<p data-path-to-node=\"18\">Mit einer Zugfestigkeit von <b data-path-to-node=\"18\" data-index-in-node=\"27\"><span class=\"math-inline\" data-math=\"\\geq 200\\text{N}\" data-index-in-node=\"27\">$\\geq 200\\text{N}$<\/span><\/b>, Diese Jumper sind so konstruiert, dass sie den physischen Belastungen bei der Verlegung durch dichte Kabeltrassen und vertikale Kabelkan\u00e4le standhalten, ohne den Faserkern zu beeintr\u00e4chtigen.<\/p>\n<hr data-path-to-node=\"19\" \/>\n<h2 data-path-to-node=\"20\">B2B-Beschaffung &amp; Unterst\u00fctzung<\/h2>\n<p data-path-to-node=\"21\"><b data-path-to-node=\"21\" data-index-in-node=\"0\">F: Sind diese Kabel f\u00fcr industrielle Umgebungen mit hohen Vibrationen geeignet?<\/b> <b data-path-to-node=\"21\" data-index-in-node=\"69\">A:<\/b> Ja. Der metallische Drehverschluss des ST-Steckers wurde speziell f\u00fcr Umgebungen entwickelt, in denen Standard-Kunststoffverschl\u00fcsse aufgrund von mechanischen Vibrationen versagen k\u00f6nnten.<\/p>\n<p data-path-to-node=\"22\"><b data-path-to-node=\"22\" data-index-in-node=\"0\">F: Welche Vorteile bietet das \u201cSimplex\u201d-Design f\u00fcr Unternehmensanwender?<\/b> <b data-path-to-node=\"22\" data-index-in-node=\"69\">A:<\/b> Simplex (SX) ist der Standard f\u00fcr bidirektionale (BiDi) Netzwerke. Durch die Verwendung eines einzigen Strangs f\u00fcr TX und RX k\u00f6nnen Sie die Kapazit\u00e4t Ihrer Glasfaseranlage verdoppeln und gleichzeitig das Kabelvolumen in Verteilern reduzieren.<\/p>\n<p data-path-to-node=\"23\"><b data-path-to-node=\"23\" data-index-in-node=\"0\">F: Bieten Sie Massenpr\u00fcfberichte f\u00fcr gro\u00dfe Bestellungen an?<\/b> <b data-path-to-node=\"23\" data-index-in-node=\"55\">A:<\/b> Jedes einzelne Patchkabel wird im Werk 100% auf IL und RL gepr\u00fcft. Als professioneller B2B-Partner k\u00f6nnen wir detaillierte Pr\u00fcfprotokolle und 3D-Interferometrie-Berichte f\u00fcr Gro\u00dfhandelslieferungen in hohen St\u00fcckzahlen zur Verf\u00fcgung stellen, um eine umfassende Qualit\u00e4tssicherung zu gew\u00e4hrleisten.<\/p>","protected":false},"excerpt":{"rendered":"<p data-path-to-node=\"4\">Die <b data-path-to-node=\"4\" data-index-in-node=\"4\">ST\/UPC zu LC\/UPC Single Mode Simplex (SM SX)<\/b> Patchkabel ist eine wichtige Hybridl\u00f6sung f\u00fcr Unternehmensnetzwerke. Es \u00fcberbr\u00fcckt die L\u00fccke zwischen robusten, industriellen ST-Standard-Ports und den Small Form Factor (SFF) LC-Schnittstellen, die in modernen SFP\/SFP+-Transceivern zu finden sind.<\/p>\n<p data-path-to-node=\"5\">Dieser Jumper wurde f\u00fcr die Infrastruktur des Jahres 2026 entwickelt und bietet eine sichere, verlustarme Verbindung f\u00fcr die Daten\u00fcbertragung \u00fcber lange Strecken in der Telekommunikation, der industriellen Automatisierung und in Campus-Backbones.<\/p>","protected":false},"featured_media":782,"comment_status":"open","ping_status":"closed","template":"","meta":[],"product_brand":[],"product_cat":[45],"product_tag":[],"class_list":{"0":"post-781","1":"product","2":"type-product","3":"status-publish","4":"has-post-thumbnail","6":"product_cat-single-mode-fiber-optic-patch-cord","8":"first","9":"instock","10":"shipping-taxable","11":"product-type-simple"},"_links":{"self":[{"href":"https:\/\/www.fenxifiber.com\/de\/wp-json\/wp\/v2\/product\/781","targetHints":{"allow":["GET"]}}],"collection":[{"href":"https:\/\/www.fenxifiber.com\/de\/wp-json\/wp\/v2\/product"}],"about":[{"href":"https:\/\/www.fenxifiber.com\/de\/wp-json\/wp\/v2\/types\/product"}],"replies":[{"embeddable":true,"href":"https:\/\/www.fenxifiber.com\/de\/wp-json\/wp\/v2\/comments?post=781"}],"wp:featuredmedia":[{"embeddable":true,"href":"https:\/\/www.fenxifiber.com\/de\/wp-json\/wp\/v2\/media\/782"}],"wp:attachment":[{"href":"https:\/\/www.fenxifiber.com\/de\/wp-json\/wp\/v2\/media?parent=781"}],"wp:term":[{"taxonomy":"product_brand","embeddable":true,"href":"https:\/\/www.fenxifiber.com\/de\/wp-json\/wp\/v2\/product_brand?post=781"},{"taxonomy":"product_cat","embeddable":true,"href":"https:\/\/www.fenxifiber.com\/de\/wp-json\/wp\/v2\/product_cat?post=781"},{"taxonomy":"product_tag","embeddable":true,"href":"https:\/\/www.fenxifiber.com\/de\/wp-json\/wp\/v2\/product_tag?post=781"}],"curies":[{"name":"wp","href":"https:\/\/api.w.org\/{rel}","templated":true}]}}