{"id":788,"date":"2026-02-04T01:34:58","date_gmt":"2026-02-04T01:34:58","guid":{"rendered":"https:\/\/www.fenxifiber.com\/?post_type=product&#038;p=788"},"modified":"2026-02-04T02:20:17","modified_gmt":"2026-02-04T02:20:17","slug":"sc-apc-fc-apc-sm-sx","status":"publish","type":"product","link":"https:\/\/www.fenxifiber.com\/de\/product\/sc-apc-fc-apc-sm-sx\/","title":{"rendered":"Hochpr\u00e4zise SC\/APC zu FC\/APC Single Mode Simplex Fiber Jumper"},"content":{"rendered":"<p data-path-to-node=\"5\">Dieses Kabel wurde f\u00fcr Telekommunikations- und Laborstandards auf 2026-Niveau entwickelt und ist ein Grundnahrungsmittel f\u00fcr <b data-path-to-node=\"5\" data-index-in-node=\"98\">GPON, XGS-PON, CATV<\/b>, und Pr\u00e4zisionssensorik-Anwendungen.<\/p>\n<h2 data-path-to-node=\"6\">Technische Spezifikationen (B2B Compliance Standard)<\/h2>\n<p data-path-to-node=\"7\">Alle Steckbr\u00fccken werden in staubfreien Umgebungen hergestellt und einer 100% 3D-Interferometriepr\u00fcfung unterzogen, um die folgenden Parameter zu gew\u00e4hrleisten:<\/p>\n<table data-path-to-node=\"8\">\n<thead>\n<tr>\n<td><strong>Metrisch<\/strong><\/td>\n<td><strong>Spezifikation<\/strong><\/td>\n<td><strong>B2B-Wert<\/strong><\/td>\n<\/tr>\n<\/thead>\n<tbody>\n<tr>\n<td><span data-path-to-node=\"8,1,0,0\"><b data-path-to-node=\"8,1,0,0\" data-index-in-node=\"0\">Stecker Typ<\/b><\/span><\/td>\n<td><span data-path-to-node=\"8,1,1,0\">SC\/APC an FC\/APC<\/span><\/td>\n<td><span data-path-to-node=\"8,1,2,0\">Hybride Push-Pull- und Schraubverriegelung<\/span><\/td>\n<\/tr>\n<tr>\n<td><span data-path-to-node=\"8,2,0,0\"><b data-path-to-node=\"8,2,0,0\" data-index-in-node=\"0\">Faser-Kategorie<\/b><\/span><\/td>\n<td><span data-path-to-node=\"8,2,1,0\">Single-Mode (SM\/SX)<\/span><\/td>\n<td><span data-path-to-node=\"8,2,2,0\">Optimiert f\u00fcr OS2-Langstreckenverbindungen<\/span><\/td>\n<\/tr>\n<tr>\n<td><span data-path-to-node=\"8,3,0,0\"><b data-path-to-node=\"8,3,0,0\" data-index-in-node=\"0\">Einf\u00fcged\u00e4mpfung<\/b><\/span><\/td>\n<td><span data-path-to-node=\"8,3,1,0\"><b data-path-to-node=\"8,3,1,0\" data-index-in-node=\"0\"><span class=\"math-inline\" data-math=\"&lt; 0.3 \\text{ dB}\" data-index-in-node=\"0\">$&lt; 0,3 \\text{ dB}$<\/span><\/b><\/span><\/td>\n<td><span data-path-to-node=\"8,3,2,0\">Minimale Leistungsabschw\u00e4chung<\/span><\/td>\n<\/tr>\n<tr>\n<td><span data-path-to-node=\"8,4,0,0\"><b data-path-to-node=\"8,4,0,0\" data-index-in-node=\"0\">R\u00fcckflussd\u00e4mpfung<\/b><\/span><\/td>\n<td><span data-path-to-node=\"8,4,1,0\"><b data-path-to-node=\"8,4,1,0\" data-index-in-node=\"0\"><span class=\"math-inline\" data-math=\"\\geq 60 \\text{ dB}\" data-index-in-node=\"0\">$\\geq 60 \\text{ dB}$<\/span> (APC)<\/b><\/span><\/td>\n<td><span data-path-to-node=\"8,4,2,0\">\u00dcberlegenes Reflexionsmanagement<\/span><\/td>\n<\/tr>\n<tr>\n<td><span data-path-to-node=\"8,5,0,0\"><b data-path-to-node=\"8,5,0,0\" data-index-in-node=\"0\">Arbeits-Wellenl\u00e4nge<\/b><\/span><\/td>\n<td><span data-path-to-node=\"8,5,1,0\">1310nm \/ 1490nm \/ 1550nm<\/span><\/td>\n<td><span data-path-to-node=\"8,5,2,0\">Vollst\u00e4ndige SM-Kompatibilit\u00e4t<\/span><\/td>\n<\/tr>\n<tr>\n<td><span data-path-to-node=\"8,6,0,0\"><b data-path-to-node=\"8,6,0,0\" data-index-in-node=\"0\">Zugfestigkeit<\/b><\/span><\/td>\n<td><span data-path-to-node=\"8,6,1,0\"><b data-path-to-node=\"8,6,1,0\" data-index-in-node=\"0\"><span class=\"math-inline\" data-math=\"\\geq 200 \\text{ N}\" data-index-in-node=\"0\">$\\geq 200 \\text{ N}$<\/span><\/b><\/span><\/td>\n<td><span data-path-to-node=\"8,6,2,0\">Robuste Ausf\u00fchrung f\u00fcr vertikale Verlegung<\/span><\/td>\n<\/tr>\n<tr>\n<td><span data-path-to-node=\"8,7,0,0\"><b data-path-to-node=\"8,7,0,0\" data-index-in-node=\"0\">Dauerhaftigkeit<\/b><\/span><\/td>\n<td><span data-path-to-node=\"8,7,1,0\"><span class=\"math-inline\" data-math=\"\\geq 1000\" data-index-in-node=\"0\">$\\geq 1000$<\/span> mal<\/span><\/td>\n<td><span data-path-to-node=\"8,7,2,0\">Hochpr\u00e4zise Keramikh\u00fclsen<\/span><\/td>\n<\/tr>\n<tr>\n<td><span data-path-to-node=\"8,8,0,0\"><b data-path-to-node=\"8,8,0,0\" data-index-in-node=\"0\">Bandbreite<\/b><\/span><\/td>\n<td><span data-path-to-node=\"8,8,1,0\"><span class=\"math-inline\" data-math=\"\\pm 40\\text{nm}\" data-index-in-node=\"0\">$\\pm 40\\text{nm}$<\/span><\/span><\/td>\n<td><span data-path-to-node=\"8,8,2,0\">Stabil in schwankenden Umgebungen<\/span><\/td>\n<\/tr>\n<tr>\n<td><span data-path-to-node=\"8,9,0,0\"><b data-path-to-node=\"8,9,0,0\" data-index-in-node=\"0\">Material der Jacke<\/b><\/span><\/td>\n<td><span data-path-to-node=\"8,9,1,0\"><b data-path-to-node=\"8,9,1,0\" data-index-in-node=\"0\">LSZH (Gelb)<\/b><\/span><\/td>\n<td><span data-path-to-node=\"8,9,2,0\">Raucharm, halogenfrei und sicher<\/span><\/td>\n<\/tr>\n<\/tbody>\n<\/table>\n<hr data-path-to-node=\"9\" \/>\n<h2 data-path-to-node=\"10\">Warum dieser APC Hybrid Jumper die erste Wahl f\u00fcr Profis ist<\/h2>\n<h3 data-path-to-node=\"11\">1. Elite-Reflexionsmanagement (<span class=\"math-inline\" data-math=\"\\geq 60\\text{dB}\" data-index-in-node=\"32\">$\\geq 60\\text{dB}$<\/span>)<\/h3>\n<p data-path-to-node=\"12\">Die \u201cgr\u00fcnen\u201d APC-Stecker sind mit einem 8-Grad-Winkel poliert. Dieses Design reflektiert das Licht in die Faserummantelung und nicht zur\u00fcck zum Sender. F\u00fcr B2B-Kunden im Bereich <b data-path-to-node=\"12\" data-index-in-node=\"177\">CATV oder Hochgeschwindigkeitsdatensektoren<\/b>, Dies ist zwingend erforderlich, um Signalrauschen und Lasersch\u00e4den zu vermeiden.<\/p>\n<h3 data-path-to-node=\"13\">2. Spezialisierte Konnektivit\u00e4ts-Rollen<\/h3>\n<ul data-path-to-node=\"14\">\n<li>\n<p data-path-to-node=\"14,0,0\"><b data-path-to-node=\"14,0,0\" data-index-in-node=\"0\">FC\/APC Ende:<\/b> Der vernickelte Schraubsteckverbinder aus Metall bietet einen konstanten physischen Kontakt und ist daher die bevorzugte Wahl f\u00fcr industrielle Umgebungen mit hohen Vibrationen und Pr\u00fcfger\u00e4ten.<\/p>\n<\/li>\n<li>\n<p data-path-to-node=\"14,1,0\"><b data-path-to-node=\"14,1,0\" data-index-in-node=\"0\">SC\/APC Ende:<\/b> Das quadratische Push-Pull-Design erm\u00f6glicht einen schnellen Einsatz mit hoher Dichte in standardm\u00e4\u00dfigen optischen Verteilerrahmen (ODF).<\/p>\n<\/li>\n<\/ul>\n<h3 data-path-to-node=\"15\">3. Technische Zugfestigkeit<\/h3>\n<p data-path-to-node=\"16\">Mit einem Spannungswert von <b data-path-to-node=\"16\" data-index-in-node=\"25\"><span class=\"math-inline\" data-math=\"\\geq 200\\text{N}\" data-index-in-node=\"25\">$\\geq 200\\text{N}$<\/span><\/b>, Diese Kabel sind so konstruiert, dass sie den physischen Belastungen beim Ziehen durch dichte Rohre und vertikale Sch\u00e4chte standhalten und der innere Glaskern bei der Installation unbesch\u00e4digt bleibt.<\/p>\n<h3 data-path-to-node=\"17\">4. Globale Sicherheitskonformit\u00e4t (LSZH)<\/h3>\n<p data-path-to-node=\"18\">Sicherheit ist eine Grundvoraussetzung f\u00fcr Unternehmensprojekte. Die <b data-path-to-node=\"18\" data-index-in-node=\"58\">LSZH<\/b> Ummantelung gew\u00e4hrleistet, dass das Kabel im Brandfall keine giftigen Halogengase oder starken Rauch abgibt und somit die internationalen Brandschutzvorschriften f\u00fcr gewerbliche Geb\u00e4ude und Rechenzentren erf\u00fcllt.<\/p>\n<hr data-path-to-node=\"19\" \/>\n<h2 data-path-to-node=\"20\">FAQ zur B2B-Beschaffung<\/h2>\n<ul data-path-to-node=\"21\">\n<li>\n<p data-path-to-node=\"21,0,0\"><b data-path-to-node=\"21,0,0\" data-index-in-node=\"0\">F: Warum w\u00e4hlen Sie <span class=\"math-inline\" data-math=\"\\geq 60\\text{dB}\" data-index-in-node=\"14\">$\\geq 60\\text{dB}$<\/span> R\u00fcckflussd\u00e4mpfung?<\/b><\/p>\n<ul data-path-to-node=\"21,0,1\">\n<li>\n<p data-path-to-node=\"21,0,1,0,0\"><b data-path-to-node=\"21,0,1,0,0\" data-index-in-node=\"0\">A:<\/b> Optische Hochleistungssysteme sind empfindlich gegen\u00fcber R\u00fcckreflexionen. Unsere APC-Politur gew\u00e4hrleistet das h\u00f6chste Signal-Rausch-Verh\u00e4ltnis und sch\u00fctzt Ihre Infrastrukturinvestitionen.<\/p>\n<\/li>\n<\/ul>\n<\/li>\n<li>\n<p data-path-to-node=\"21,1,0\"><b data-path-to-node=\"21,1,0\" data-index-in-node=\"0\">F: Bieten Sie kundenspezifische L\u00e4ngen und Durchmesser an?<\/b><\/p>\n<ul data-path-to-node=\"21,1,1\">\n<li>\n<p data-path-to-node=\"21,1,1,0,0\"><b data-path-to-node=\"21,1,1,0,0\" data-index-in-node=\"0\">A:<\/b> Ja. Als B2B-Lieferant bieten wir kundenspezifische L\u00e4ngen (0,5 m bis 100 m+) und Mantelst\u00e4rken (2,0 mm oder 3,0 mm) an, damit sie in Ihren spezifischen Schrank passen.<\/p>\n<\/li>\n<\/ul>\n<\/li>\n<li>\n<p data-path-to-node=\"21,2,0\"><b data-path-to-node=\"21,2,0\" data-index-in-node=\"0\">F: Sind bei Gro\u00dfhandelslieferungen Pr\u00fcfberichte enthalten?<\/b><\/p>\n<ul data-path-to-node=\"21,2,1\">\n<li>\n<p data-path-to-node=\"21,2,1,0,0\"><b data-path-to-node=\"21,2,1,0,0\" data-index-in-node=\"0\">A:<\/b> Jede Charge umfasst eine detaillierte Pr\u00fcfung der Einf\u00fcged\u00e4mpfung (IL) und der R\u00fcckflussd\u00e4mpfung (RL). 3D-Interferometrieberichte sind auf Anfrage zur Qualit\u00e4tssicherung erh\u00e4ltlich.<\/p>\n<\/li>\n<\/ul>\n<\/li>\n<\/ul>","protected":false},"excerpt":{"rendered":"<p data-path-to-node=\"4\"><span class=\"\">In modernen optischen Hochgeschwindigkeitsnetzen,<\/span><span class=\"\"> Die Beherrschung der R\u00fcckreflexion ist entscheidend f\u00fcr den Schutz teurer Laserquellen.<\/span><span class=\"\"> Die <\/span><b class=\"\" data-path-to-node=\"4\" data-index-in-node=\"123\">SC\/APC zu FC\/APC Single Mode Simplex (SM SX)<\/b><span class=\"\"> Patchkabel ist eine spezielle L\u00f6sung mit einem um 8 Grad abgewinkelten physischen Kontakt (APC) an beiden Enden.<\/span><span class=\"\"> Dieser Hybrid-Jumper schlie\u00dft die L\u00fccke zwischen leicht zug\u00e4nglichen SC-Ports und hoher Stabilit\u00e4t,<\/span><span class=\"\"> FC-Schnittstellen mit Gewinde.<\/span><\/p>\n<p data-path-to-node=\"5\">","protected":false},"featured_media":789,"comment_status":"open","ping_status":"closed","template":"","meta":[],"product_brand":[],"product_cat":[45],"product_tag":[],"class_list":{"0":"post-788","1":"product","2":"type-product","3":"status-publish","4":"has-post-thumbnail","6":"product_cat-single-mode-fiber-optic-patch-cord","8":"first","9":"instock","10":"shipping-taxable","11":"product-type-simple"},"_links":{"self":[{"href":"https:\/\/www.fenxifiber.com\/de\/wp-json\/wp\/v2\/product\/788","targetHints":{"allow":["GET"]}}],"collection":[{"href":"https:\/\/www.fenxifiber.com\/de\/wp-json\/wp\/v2\/product"}],"about":[{"href":"https:\/\/www.fenxifiber.com\/de\/wp-json\/wp\/v2\/types\/product"}],"replies":[{"embeddable":true,"href":"https:\/\/www.fenxifiber.com\/de\/wp-json\/wp\/v2\/comments?post=788"}],"wp:featuredmedia":[{"embeddable":true,"href":"https:\/\/www.fenxifiber.com\/de\/wp-json\/wp\/v2\/media\/789"}],"wp:attachment":[{"href":"https:\/\/www.fenxifiber.com\/de\/wp-json\/wp\/v2\/media?parent=788"}],"wp:term":[{"taxonomy":"product_brand","embeddable":true,"href":"https:\/\/www.fenxifiber.com\/de\/wp-json\/wp\/v2\/product_brand?post=788"},{"taxonomy":"product_cat","embeddable":true,"href":"https:\/\/www.fenxifiber.com\/de\/wp-json\/wp\/v2\/product_cat?post=788"},{"taxonomy":"product_tag","embeddable":true,"href":"https:\/\/www.fenxifiber.com\/de\/wp-json\/wp\/v2\/product_tag?post=788"}],"curies":[{"name":"wp","href":"https:\/\/api.w.org\/{rel}","templated":true}]}}