{"id":794,"date":"2026-02-04T01:40:45","date_gmt":"2026-02-04T01:40:45","guid":{"rendered":"https:\/\/www.fenxifiber.com\/?post_type=product&#038;p=794"},"modified":"2026-02-04T02:23:15","modified_gmt":"2026-02-04T02:23:15","slug":"fc-upc-st-upc-sm-dx","status":"publish","type":"product","link":"https:\/\/www.fenxifiber.com\/de\/product\/fc-upc-st-upc-sm-dx\/","title":{"rendered":"FC\/UPC auf ST\/UPC Single Mode Duplex (SM DX) Patchkabel"},"content":{"rendered":"<p data-path-to-node=\"5\">Dieses auf Pr\u00e4zision und Langlebigkeit ausgelegte \u201cBlue-to-Blue\u201d-Duplexkabel gew\u00e4hrleistet eine hochpr\u00e4zise Ausrichtung und robuste physische Sicherheit f\u00fcr die unternehmenskritische bidirektionale Daten\u00fcbertragung.<\/p>\n<h2 data-path-to-node=\"6\">Technische Leistungsmatrix<\/h2>\n<p data-path-to-node=\"7\">Unsere Produktion h\u00e4lt sich an die folgenden strengen technischen Standards, um die Konsistenz bei gro\u00df angelegten Projekten zu gew\u00e4hrleisten:<\/p>\n<table data-path-to-node=\"8\">\n<thead>\n<tr>\n<td><strong>Metrisch<\/strong><\/td>\n<td><strong>Professionelle Spezifikation<\/strong><\/td>\n<td><strong>Technischer Vorteil<\/strong><\/td>\n<\/tr>\n<\/thead>\n<tbody>\n<tr>\n<td><span data-path-to-node=\"8,1,0,0\"><b data-path-to-node=\"8,1,0,0\" data-index-in-node=\"0\">Stecker Typ<\/b><\/span><\/td>\n<td><span data-path-to-node=\"8,1,1,0\">FC\/UPC zu ST\/UPC<\/span><\/td>\n<td><span data-path-to-node=\"8,1,2,0\">Metall-Metall-Hybridkupplung<\/span><\/td>\n<\/tr>\n<tr>\n<td><span data-path-to-node=\"8,2,0,0\"><b data-path-to-node=\"8,2,0,0\" data-index-in-node=\"0\">Faser-Kategorie<\/b><\/span><\/td>\n<td><span data-path-to-node=\"8,2,1,0\">Einmoden-Duplex (SM DX)<\/span><\/td>\n<td><span data-path-to-node=\"8,2,2,0\">Unterst\u00fctzt gleichzeitige Dual-Strang-Daten<\/span><\/td>\n<\/tr>\n<tr>\n<td><span data-path-to-node=\"8,3,0,0\"><b data-path-to-node=\"8,3,0,0\" data-index-in-node=\"0\">Einf\u00fcged\u00e4mpfung<\/b><\/span><\/td>\n<td><span data-path-to-node=\"8,3,1,0\"><b data-path-to-node=\"8,3,1,0\" data-index-in-node=\"0\"><span class=\"math-inline\" data-math=\"&lt; 0.3 \\text{ dB}\" data-index-in-node=\"0\">$&lt; 0,3 \\text{ dB}$<\/span><\/b><\/span><\/td>\n<td><span data-path-to-node=\"8,3,2,0\">Optimiert das gesamte Leistungsbudget der Verbindung<\/span><\/td>\n<\/tr>\n<tr>\n<td><span data-path-to-node=\"8,4,0,0\"><b data-path-to-node=\"8,4,0,0\" data-index-in-node=\"0\">R\u00fcckflussd\u00e4mpfung<\/b><\/span><\/td>\n<td><span data-path-to-node=\"8,4,1,0\"><b data-path-to-node=\"8,4,1,0\" data-index-in-node=\"0\"><span class=\"math-inline\" data-math=\"\\geq 50 \\text{ dB}\" data-index-in-node=\"0\">$\\geq 50 \\text{ dB}$<\/span> (UPC)<\/b><\/span><\/td>\n<td><span data-path-to-node=\"8,4,2,0\">Erh\u00e4lt eine hervorragende digitale Signalreinheit<\/span><\/td>\n<\/tr>\n<tr>\n<td><span data-path-to-node=\"8,5,0,0\"><b data-path-to-node=\"8,5,0,0\" data-index-in-node=\"0\">Wellenl\u00e4nge<\/b><\/span><\/td>\n<td><span data-path-to-node=\"8,5,1,0\">1310nm \/ 1490nm \/ 1550nm<\/span><\/td>\n<td><span data-path-to-node=\"8,5,2,0\">Universelle SM-Wellenl\u00e4ngenkompatibilit\u00e4t<\/span><\/td>\n<\/tr>\n<tr>\n<td><span data-path-to-node=\"8,6,0,0\"><b data-path-to-node=\"8,6,0,0\" data-index-in-node=\"0\">Bandbreite<\/b><\/span><\/td>\n<td><span data-path-to-node=\"8,6,1,0\"><span class=\"math-inline\" data-math=\"\\pm 40\\text{nm}\" data-index-in-node=\"0\">$\\pm 40\\text{nm}$<\/span><\/span><\/td>\n<td><span data-path-to-node=\"8,6,2,0\">Stabile Leistung \u00fcber Spektralverschiebungen hinweg<\/span><\/td>\n<\/tr>\n<tr>\n<td><span data-path-to-node=\"8,7,0,0\"><b data-path-to-node=\"8,7,0,0\" data-index-in-node=\"0\">Zugfestigkeit<\/b><\/span><\/td>\n<td><span data-path-to-node=\"8,7,1,0\"><b data-path-to-node=\"8,7,1,0\" data-index-in-node=\"0\"><span class=\"math-inline\" data-math=\"\\geq 200 \\text{ N}\" data-index-in-node=\"0\">$\\geq 200 \\text{ N}$<\/span><\/b><\/span><\/td>\n<td><span data-path-to-node=\"8,7,2,0\">Robuste Ausf\u00fchrung f\u00fcr intensive Leitungsf\u00fchrung<\/span><\/td>\n<\/tr>\n<tr>\n<td><span data-path-to-node=\"8,8,0,0\"><b data-path-to-node=\"8,8,0,0\" data-index-in-node=\"0\">Dauerhaftigkeit<\/b><\/span><\/td>\n<td><span data-path-to-node=\"8,8,1,0\"><span class=\"math-inline\" data-math=\"\\geq 1000\" data-index-in-node=\"0\">$\\geq 1000$<\/span> mal<\/span><\/td>\n<td><span data-path-to-node=\"8,8,2,0\">Hochpr\u00e4zise keramische Ferrule Langlebigkeit<\/span><\/td>\n<\/tr>\n<tr>\n<td><span data-path-to-node=\"8,9,0,0\"><b data-path-to-node=\"8,9,0,0\" data-index-in-node=\"0\">Material der Jacke<\/b><\/span><\/td>\n<td><span data-path-to-node=\"8,9,1,0\"><b data-path-to-node=\"8,9,1,0\" data-index-in-node=\"0\">LSZH (Gelb)<\/b><\/span><\/td>\n<td><span data-path-to-node=\"8,9,2,0\">Brandsicher, raucharm, halogenfrei und sicher<\/span><\/td>\n<\/tr>\n<\/tbody>\n<\/table>\n<hr data-path-to-node=\"9\" \/>\n<h2 data-path-to-node=\"10\">Leistungsvorteile f\u00fcr Infrastrukturprojekte<\/h2>\n<h3 data-path-to-node=\"11\">1. Dual-Metallischer Verriegelungsmechanismus<\/h3>\n<ul data-path-to-node=\"12\">\n<li>\n<p data-path-to-node=\"12,0,0\">Sowohl die <b data-path-to-node=\"12,0,0\" data-index-in-node=\"9\">FC<\/b> und <b data-path-to-node=\"12,0,0\" data-index-in-node=\"16\">ST<\/b> Bei den Steckverbindern werden vernickelte Metallgeh\u00e4use anstelle von Kunststoffverschl\u00fcssen verwendet.<\/p>\n<\/li>\n<li>\n<p data-path-to-node=\"12,1,0\">Die FC-Gewindeschraube und die federbelastete ST-Bajonettbefestigung sorgen f\u00fcr eine vibrationsfeste Verbindung.<\/p>\n<\/li>\n<li>\n<p data-path-to-node=\"12,2,0\">Dieses Design ist ideal f\u00fcr <b data-path-to-node=\"12,2,0\" data-index-in-node=\"25\">industrielle Umgebungen und Schr\u00e4nke f\u00fcr den Au\u00dfenbereich<\/b> mechanischer Beanspruchung ausgesetzt sind.<\/p>\n<\/li>\n<\/ul>\n<h3 data-path-to-node=\"13\">2. Hocheffizientes Duplex-Design (DX)<\/h3>\n<ul data-path-to-node=\"14\">\n<li>\n<p data-path-to-node=\"14,0,0\">Die <b data-path-to-node=\"14,0,0\" data-index-in-node=\"4\">Duplex (DX)<\/b> Konfiguration erm\u00f6glicht unabh\u00e4ngige Sende- (TX) und Empfangswege (RX) auf zwei getrennten Faserstr\u00e4ngen.<\/p>\n<\/li>\n<li>\n<p data-path-to-node=\"14,1,0\">Dies ist wichtig f\u00fcr Unternehmensnetzwerke, die Vollduplex-Kommunikation \u00fcber lange Strecken erfordern. <b data-path-to-node=\"14,1,0\" data-index-in-node=\"112\">OS2 Single-Mode-Faser<\/b>.<\/p>\n<\/li>\n<\/ul>\n<h3 data-path-to-node=\"15\">3. Technische Zuverl\u00e4ssigkeit bei Zugversuchen<\/h3>\n<ul data-path-to-node=\"16\">\n<li>\n<p data-path-to-node=\"16,0,0\">Ausgelegt f\u00fcr eine Zugfestigkeit von <b data-path-to-node=\"16,0,0\" data-index-in-node=\"31\"><span class=\"math-inline\" data-math=\"\\geq 200\\text{N}\" data-index-in-node=\"31\">$\\geq 200\\text{N}$<\/span><\/b>, Diese Steckbr\u00fccken sind so konstruiert, dass sie den physischen Strapazen der Installation standhalten.<\/p>\n<\/li>\n<li>\n<p data-path-to-node=\"16,1,0\">Dieser hohe Schwellenwert sorgt daf\u00fcr, dass der Glaskern beim intensiven Ziehen durch dichte Kabeltrassen und vertikale Sch\u00e4chte gesch\u00fctzt bleibt.<\/p>\n<\/li>\n<\/ul>\n<h3 data-path-to-node=\"17\">4. Globale Einhaltung und Sicherheit<\/h3>\n<ul data-path-to-node=\"18\">\n<li>\n<p data-path-to-node=\"18,0,0\">Unsere gelben Jacken werden hergestellt aus <b data-path-to-node=\"18,0,0\" data-index-in-node=\"41\">Raucharm und halogenfrei (LSZH)<\/b> Material.<\/p>\n<\/li>\n<li>\n<p data-path-to-node=\"18,1,0\">Dies entspricht den internationalen Sicherheitsvorschriften f\u00fcr Geb\u00e4ude und stellt sicher, dass im Falle extremer Hitze keine giftigen Halogengase freigesetzt werden.<\/p>\n<\/li>\n<\/ul>\n<hr data-path-to-node=\"19\" \/>\n<h2 data-path-to-node=\"20\">Unterst\u00fctzung f\u00fcr Beschaffung und Gro\u00dfhandel<\/h2>\n<ul data-path-to-node=\"21\">\n<li>\n<p data-path-to-node=\"21,0,0\"><b data-path-to-node=\"21,0,0\" data-index-in-node=\"0\">Qualit\u00e4tssicherung<\/b>: Jedes Patchkabel wird im Werk 100% auf Einf\u00fcged\u00e4mpfung (IL) und R\u00fcckflussd\u00e4mpfung (RL) gepr\u00fcft, um die Zuverl\u00e4ssigkeit des Projekts zu gew\u00e4hrleisten.<\/p>\n<\/li>\n<li>\n<p data-path-to-node=\"21,1,0\"><b data-path-to-node=\"21,1,0\" data-index-in-node=\"0\">Projektdokumentation<\/b>: Wir bieten individuelle Pr\u00fcfberichte und 3D-Interferometrie-Verifizierung, um die strengen <b data-path-to-node=\"21,1,0\" data-index-in-node=\"108\">Compliance-Anforderungen<\/b>.<\/p>\n<\/li>\n<li>\n<p data-path-to-node=\"21,2,0\"><b data-path-to-node=\"21,2,0\" data-index-in-node=\"0\">Skalierbarkeit f\u00fcr Gro\u00dfh\u00e4ndler<\/b>: Wir unterhalten einen konstanten Bestand an Standardl\u00e4ngen, um schnelle Lieferzeiten f\u00fcr <b data-path-to-node=\"21,2,0\" data-index-in-node=\"107\">gro\u00dfvolumige Beschaffung<\/b>.<\/p>\n<\/li>\n<li>\n<p data-path-to-node=\"21,3,0\"><b data-path-to-node=\"21,3,0\" data-index-in-node=\"0\">Benutzerdefinierte Konfiguration<\/b>: Flexible Fertigung ist m\u00f6glich f\u00fcr kundenspezifische L\u00e4ngen, spezielle Beschriftungen und unterschiedliche Manteldurchmesser (2,0mm\/3,0mm).<\/p>\n<\/li>\n<\/ul>","protected":false},"excerpt":{"rendered":"<p data-path-to-node=\"4\"><span class=\"\">Die <\/span><b class=\"\" data-path-to-node=\"4\" data-index-in-node=\"4\">FC\/UPC zu ST\/UPC Single Mode Duplex (SM DX)<\/b><span class=\"\"> ist eine Hochleistungsverbindung f\u00fcr Zweifasersysteme, die maximale mechanische Stabilit\u00e4t erfordern.<\/span><span class=\"\"> Dieser Hybrid-Jumper \u00fcberbr\u00fcckt die L\u00fccke zwischen FC-Schnittstellen mit Gewinde und ST-Ports mit Bajonettverschluss,<\/span><span class=\"\"> Bereitstellung eines zuverl\u00e4ssigen Vollduplexpfads f\u00fcr <\/span><b class=\"\" data-path-to-node=\"4\" data-index-in-node=\"291\">Industrieautomatisierung, Campus-Backbones und Aufr\u00fcstung bestehender Telekommunikationsanlagen<\/b><span class=\"\">.<\/span><\/p>\n<p data-path-to-node=\"5\">","protected":false},"featured_media":795,"comment_status":"open","ping_status":"closed","template":"","meta":[],"product_brand":[],"product_cat":[45],"product_tag":[],"class_list":{"0":"post-794","1":"product","2":"type-product","3":"status-publish","4":"has-post-thumbnail","6":"product_cat-single-mode-fiber-optic-patch-cord","8":"first","9":"instock","10":"shipping-taxable","11":"product-type-simple"},"_links":{"self":[{"href":"https:\/\/www.fenxifiber.com\/de\/wp-json\/wp\/v2\/product\/794","targetHints":{"allow":["GET"]}}],"collection":[{"href":"https:\/\/www.fenxifiber.com\/de\/wp-json\/wp\/v2\/product"}],"about":[{"href":"https:\/\/www.fenxifiber.com\/de\/wp-json\/wp\/v2\/types\/product"}],"replies":[{"embeddable":true,"href":"https:\/\/www.fenxifiber.com\/de\/wp-json\/wp\/v2\/comments?post=794"}],"wp:featuredmedia":[{"embeddable":true,"href":"https:\/\/www.fenxifiber.com\/de\/wp-json\/wp\/v2\/media\/795"}],"wp:attachment":[{"href":"https:\/\/www.fenxifiber.com\/de\/wp-json\/wp\/v2\/media?parent=794"}],"wp:term":[{"taxonomy":"product_brand","embeddable":true,"href":"https:\/\/www.fenxifiber.com\/de\/wp-json\/wp\/v2\/product_brand?post=794"},{"taxonomy":"product_cat","embeddable":true,"href":"https:\/\/www.fenxifiber.com\/de\/wp-json\/wp\/v2\/product_cat?post=794"},{"taxonomy":"product_tag","embeddable":true,"href":"https:\/\/www.fenxifiber.com\/de\/wp-json\/wp\/v2\/product_tag?post=794"}],"curies":[{"name":"wp","href":"https:\/\/api.w.org\/{rel}","templated":true}]}}