{"id":796,"date":"2026-02-04T01:42:04","date_gmt":"2026-02-04T01:42:04","guid":{"rendered":"https:\/\/www.fenxifiber.com\/?post_type=product&#038;p=796"},"modified":"2026-02-04T02:23:46","modified_gmt":"2026-02-04T02:23:46","slug":"lc-apc-lc-apc-sm-dx","status":"publish","type":"product","link":"https:\/\/www.fenxifiber.com\/de\/product\/lc-apc-lc-apc-sm-dx\/","title":{"rendered":"LC\/APC auf LC\/APC Single Mode Duplex (SM DX) Patchkabel"},"content":{"rendered":"<h2 data-path-to-node=\"3\">Technische Leistungsmatrix<\/h2>\n<p data-path-to-node=\"4\">Unsere Produktion h\u00e4lt sich an die folgenden strengen technischen Standards, um eine konsistente Leistung f\u00fcr gro\u00df angelegte Netzwerkimplementierungen zu gew\u00e4hrleisten:<\/p>\n<table data-path-to-node=\"5\">\n<thead>\n<tr>\n<td><strong>Metrisch<\/strong><\/td>\n<td><strong>Professionelle Spezifikation<\/strong><\/td>\n<td><strong>Technischer Vorteil<\/strong><\/td>\n<\/tr>\n<\/thead>\n<tbody>\n<tr>\n<td><span data-path-to-node=\"5,1,0,0\"><b data-path-to-node=\"5,1,0,0\" data-index-in-node=\"0\">Stecker Typ<\/b><\/span><\/td>\n<td><span data-path-to-node=\"5,1,1,0\">LC\/APC zu LC\/APC<\/span><\/td>\n<td><span data-path-to-node=\"5,1,2,0\">SFF (Small Form Factor) mit hoher Speicherdichte<\/span><\/td>\n<\/tr>\n<tr>\n<td><span data-path-to-node=\"5,2,0,0\"><b data-path-to-node=\"5,2,0,0\" data-index-in-node=\"0\">Faser-Kategorie<\/b><\/span><\/td>\n<td><span data-path-to-node=\"5,2,1,0\">Einmoden-Duplex (SM\/DX)<\/span><\/td>\n<td><span data-path-to-node=\"5,2,2,0\">Unterst\u00fctzt gleichzeitige Dual-Strang-Daten<\/span><\/td>\n<\/tr>\n<tr>\n<td><span data-path-to-node=\"5,3,0,0\"><b data-path-to-node=\"5,3,0,0\" data-index-in-node=\"0\">Einf\u00fcged\u00e4mpfung<\/b><\/span><\/td>\n<td><span data-path-to-node=\"5,3,1,0\"><b data-path-to-node=\"5,3,1,0\" data-index-in-node=\"0\"><span class=\"math-inline\" data-math=\"&lt; 0.3 \\text{ dB}\" data-index-in-node=\"0\">$&lt; 0,3 \\text{ dB}$<\/span><\/b><\/span><\/td>\n<td><span data-path-to-node=\"5,3,2,0\">Optimiert das gesamte Leistungsbudget der Verbindung<\/span><\/td>\n<\/tr>\n<tr>\n<td><span data-path-to-node=\"5,4,0,0\"><b data-path-to-node=\"5,4,0,0\" data-index-in-node=\"0\">R\u00fcckflussd\u00e4mpfung<\/b><\/span><\/td>\n<td><span data-path-to-node=\"5,4,1,0\"><b data-path-to-node=\"5,4,1,0\" data-index-in-node=\"0\"><span class=\"math-inline\" data-math=\"\\geq 60 \\text{ dB}\" data-index-in-node=\"0\">$\\geq 60 \\text{ dB}$<\/span> (APC)<\/b><\/span><\/td>\n<td><span data-path-to-node=\"5,4,2,0\">Hervorragende Unterdr\u00fcckung von R\u00fcckreflexionen<\/span><\/td>\n<\/tr>\n<tr>\n<td><span data-path-to-node=\"5,5,0,0\"><b data-path-to-node=\"5,5,0,0\" data-index-in-node=\"0\">Wellenl\u00e4nge<\/b><\/span><\/td>\n<td><span data-path-to-node=\"5,5,1,0\">1310nm \/ 1490nm \/ 1550nm<\/span><\/td>\n<td><span data-path-to-node=\"5,5,2,0\">Universelle SM-Wellenl\u00e4ngenkompatibilit\u00e4t<\/span><\/td>\n<\/tr>\n<tr>\n<td><span data-path-to-node=\"5,6,0,0\"><b data-path-to-node=\"5,6,0,0\" data-index-in-node=\"0\">Bandbreite<\/b><\/span><\/td>\n<td><span data-path-to-node=\"5,6,1,0\"><span class=\"math-inline\" data-math=\"\\pm 40\\text{nm}\" data-index-in-node=\"0\">$\\pm 40\\text{nm}$<\/span><\/span><\/td>\n<td><span data-path-to-node=\"5,6,2,0\">Stabile Leistung \u00fcber Spektralverschiebungen hinweg<\/span><\/td>\n<\/tr>\n<tr>\n<td><span data-path-to-node=\"5,7,0,0\"><b data-path-to-node=\"5,7,0,0\" data-index-in-node=\"0\">Zugfestigkeit<\/b><\/span><\/td>\n<td><span data-path-to-node=\"5,7,1,0\"><b data-path-to-node=\"5,7,1,0\" data-index-in-node=\"0\"><span class=\"math-inline\" data-math=\"\\geq 200 \\text{ N}\" data-index-in-node=\"0\">$\\geq 200 \\text{ N}$<\/span><\/b><\/span><\/td>\n<td><span data-path-to-node=\"5,7,2,0\">Robuste Ausf\u00fchrung f\u00fcr intensive Leitungsf\u00fchrung<\/span><\/td>\n<\/tr>\n<tr>\n<td><span data-path-to-node=\"5,8,0,0\"><b data-path-to-node=\"5,8,0,0\" data-index-in-node=\"0\">Dauerhaftigkeit<\/b><\/span><\/td>\n<td><span data-path-to-node=\"5,8,1,0\"><span class=\"math-inline\" data-math=\"\\geq 1000\" data-index-in-node=\"0\">$\\geq 1000$<\/span> mal<\/span><\/td>\n<td><span data-path-to-node=\"5,8,2,0\">Hochpr\u00e4zise keramische Ferrule Langlebigkeit<\/span><\/td>\n<\/tr>\n<tr>\n<td><span data-path-to-node=\"5,9,0,0\"><b data-path-to-node=\"5,9,0,0\" data-index-in-node=\"0\">Material der Jacke<\/b><\/span><\/td>\n<td><span data-path-to-node=\"5,9,1,0\"><b data-path-to-node=\"5,9,1,0\" data-index-in-node=\"0\">LSZH (Gelb)<\/b><\/span><\/td>\n<td><span data-path-to-node=\"5,9,2,0\">Brandsicher, raucharm, halogenfrei und sicher<\/span><\/td>\n<\/tr>\n<\/tbody>\n<\/table>\n<hr data-path-to-node=\"6\" \/>\n<h2 data-path-to-node=\"7\">Leistungsvorteile f\u00fcr Infrastrukturprojekte<\/h2>\n<h3 data-path-to-node=\"8\">1. SFF-Design mit hoher Packungsdichte<\/h3>\n<ul data-path-to-node=\"9\">\n<li>\n<p data-path-to-node=\"9,0,0\">Die kompakte 1,25-mm-Ferrule des LC-Steckers erm\u00f6glicht im Vergleich zu SC-Steckern eine doppelt so hohe Faserdichte in Standard-1U-Rangierfeldern.<\/p>\n<\/li>\n<li>\n<p data-path-to-node=\"9,1,0\">Dieser Small Form Factor (SFF) ist unverzichtbar f\u00fcr die Maximierung des Platzes im Rack in unternehmensgerechten Rechenzentren.<\/p>\n<\/li>\n<\/ul>\n<h3 data-path-to-node=\"10\">2. Elite-Reflexionsmanagement (APC Polnisch)<\/h3>\n<ul data-path-to-node=\"11\">\n<li>\n<p data-path-to-node=\"11,0,0\">Der um 8 Grad abgewinkelte physikalische Kontakt (APC) gew\u00e4hrleistet eine R\u00fcckflussd\u00e4mpfung von <b data-path-to-node=\"11,0,0\" data-index-in-node=\"68\"><span class=\"math-inline\" data-math=\"\\geq 60\\text{dB}\" data-index-in-node=\"68\">$\\geq 60\\text{dB}$<\/span><\/b>.<\/p>\n<\/li>\n<li>\n<p data-path-to-node=\"11,1,0\">Dies minimiert die R\u00fcckreflexion, sch\u00fctzt Hochleistungslaserquellen und erh\u00e4lt die Signalintegrit\u00e4t in empfindlichen <b data-path-to-node=\"11,1,0\" data-index-in-node=\"114\">CATV und PON<\/b> Netzwerke.<\/p>\n<\/li>\n<\/ul>\n<h3 data-path-to-node=\"12\">3. Technische Zuverl\u00e4ssigkeit bei Zugversuchen<\/h3>\n<ul data-path-to-node=\"13\">\n<li>\n<p data-path-to-node=\"13,0,0\">Ausgelegt f\u00fcr eine Zugfestigkeit von <b data-path-to-node=\"13,0,0\" data-index-in-node=\"31\"><span class=\"math-inline\" data-math=\"\\geq 200\\text{N}\" data-index-in-node=\"31\">$\\geq 200\\text{N}$<\/span><\/b>, Diese Jumper sind so konstruiert, dass sie den physischen Strapazen der Installation in dichten Umgebungen standhalten.<\/p>\n<\/li>\n<li>\n<p data-path-to-node=\"13,1,0\">Dies gew\u00e4hrleistet langfristige Zuverl\u00e4ssigkeit, selbst wenn die Kabel durch \u00fcberf\u00fcllte Trassen oder vertikale Sch\u00e4chte gef\u00fchrt werden.<\/p>\n<\/li>\n<\/ul>\n<h3 data-path-to-node=\"14\">4. Globale Einhaltung und Sicherheit<\/h3>\n<ul data-path-to-node=\"15\">\n<li>\n<p data-path-to-node=\"15,0,0\">Unsere gelben Jacken werden hergestellt aus <b data-path-to-node=\"15,0,0\" data-index-in-node=\"41\">Raucharm und halogenfrei (LSZH)<\/b> Material.<\/p>\n<\/li>\n<li>\n<p data-path-to-node=\"15,1,0\">Dies entspricht den internationalen Sicherheitsvorschriften f\u00fcr Geb\u00e4ude und gew\u00e4hrleistet, dass im Brandfall nur minimale Rauch- und keine giftigen Halogenemissionen entstehen.<\/p>\n<\/li>\n<\/ul>\n<hr data-path-to-node=\"16\" \/>\n<h2 data-path-to-node=\"17\">Unterst\u00fctzung f\u00fcr Beschaffung und Gro\u00dfhandel<\/h2>\n<ul data-path-to-node=\"18\">\n<li>\n<p data-path-to-node=\"18,0,0\"><b data-path-to-node=\"18,0,0\" data-index-in-node=\"0\">Qualit\u00e4tssicherung<\/b>: Jedes Patchkabel wird im Werk 100% auf Einf\u00fcged\u00e4mpfung (IL) und R\u00fcckflussd\u00e4mpfung (RL) gepr\u00fcft, um die Zuverl\u00e4ssigkeit des Projekts zu gew\u00e4hrleisten.<\/p>\n<\/li>\n<li>\n<p data-path-to-node=\"18,1,0\"><b data-path-to-node=\"18,1,0\" data-index-in-node=\"0\">Projektdokumentation<\/b>: Wir bieten individuelle Pr\u00fcfberichte und 3D-Interferometrie-Verifizierung, um die strengen <b data-path-to-node=\"18,1,0\" data-index-in-node=\"108\">Compliance-Anforderungen<\/b>.<\/p>\n<\/li>\n<li>\n<p data-path-to-node=\"18,2,0\"><b data-path-to-node=\"18,2,0\" data-index-in-node=\"0\">Skalierbarkeit f\u00fcr Gro\u00dfh\u00e4ndler<\/b>: Wir unterhalten einen konstanten Bestand an Standardl\u00e4ngen, um schnelle Lieferzeiten f\u00fcr <b data-path-to-node=\"18,2,0\" data-index-in-node=\"107\">gro\u00dfvolumige Beschaffung<\/b>.<\/p>\n<\/li>\n<li>\n<p data-path-to-node=\"18,3,0\"><b data-path-to-node=\"18,3,0\" data-index-in-node=\"0\">Benutzerdefinierte Konfiguration<\/b>: Flexible Fertigung ist m\u00f6glich f\u00fcr kundenspezifische L\u00e4ngen, spezielle Beschriftungen und unterschiedliche Manteldurchmesser (2,0mm\/3,0mm).<\/p>\n<\/li>\n<\/ul>","protected":false},"excerpt":{"rendered":"<p data-path-to-node=\"0\">Die <b data-path-to-node=\"0\" data-index-in-node=\"4\">LC\/APC zu LC\/APC Single Mode Duplex (SM DX)<\/b> Patchkabel ist eine High-Density-L\u00f6sung, die f\u00fcr moderne Netzwerkarchitekturen entwickelt wurde, die sowohl eine hohe Portdichte als auch ein hervorragendes Reflexionsmanagement erfordern. Ausgestattet mit der \u201cGreen-to-Green\u201d APC (Angled Physical Contact) Politur, ist dieser Duplex-Jumper eine wichtige Komponente f\u00fcr <b data-path-to-node=\"0\" data-index-in-node=\"315\">FTTH, PON und Hochgeschwindigkeits-Rechenzentren<\/b> Umgebungen, in denen Signalreinheit von gr\u00f6\u00dfter Bedeutung ist.<\/p>\n<p data-path-to-node=\"1\">Dieses Zweifaserkabel wurde f\u00fcr eine leistungsstarke bidirektionale Daten\u00fcbertragung entwickelt und gew\u00e4hrleistet maximale Effizienz in \u00fcberlasteten Verkabelungsumgebungen.<\/p>","protected":false},"featured_media":797,"comment_status":"open","ping_status":"closed","template":"","meta":[],"product_brand":[],"product_cat":[45],"product_tag":[],"class_list":{"0":"post-796","1":"product","2":"type-product","3":"status-publish","4":"has-post-thumbnail","6":"product_cat-single-mode-fiber-optic-patch-cord","8":"first","9":"instock","10":"shipping-taxable","11":"product-type-simple"},"_links":{"self":[{"href":"https:\/\/www.fenxifiber.com\/de\/wp-json\/wp\/v2\/product\/796","targetHints":{"allow":["GET"]}}],"collection":[{"href":"https:\/\/www.fenxifiber.com\/de\/wp-json\/wp\/v2\/product"}],"about":[{"href":"https:\/\/www.fenxifiber.com\/de\/wp-json\/wp\/v2\/types\/product"}],"replies":[{"embeddable":true,"href":"https:\/\/www.fenxifiber.com\/de\/wp-json\/wp\/v2\/comments?post=796"}],"wp:featuredmedia":[{"embeddable":true,"href":"https:\/\/www.fenxifiber.com\/de\/wp-json\/wp\/v2\/media\/797"}],"wp:attachment":[{"href":"https:\/\/www.fenxifiber.com\/de\/wp-json\/wp\/v2\/media?parent=796"}],"wp:term":[{"taxonomy":"product_brand","embeddable":true,"href":"https:\/\/www.fenxifiber.com\/de\/wp-json\/wp\/v2\/product_brand?post=796"},{"taxonomy":"product_cat","embeddable":true,"href":"https:\/\/www.fenxifiber.com\/de\/wp-json\/wp\/v2\/product_cat?post=796"},{"taxonomy":"product_tag","embeddable":true,"href":"https:\/\/www.fenxifiber.com\/de\/wp-json\/wp\/v2\/product_tag?post=796"}],"curies":[{"name":"wp","href":"https:\/\/api.w.org\/{rel}","templated":true}]}}