{"id":798,"date":"2026-02-04T01:43:43","date_gmt":"2026-02-04T01:43:43","guid":{"rendered":"https:\/\/www.fenxifiber.com\/?post_type=product&#038;p=798"},"modified":"2026-02-04T02:24:23","modified_gmt":"2026-02-04T02:24:23","slug":"sc-apc-lc-apc-sm-dx","status":"publish","type":"product","link":"https:\/\/www.fenxifiber.com\/de\/product\/sc-apc-lc-apc-sm-dx\/","title":{"rendered":"Gro\u00dfhandel SC\/APC zu LC\/APC Single Mode Duplex Fiber Patch Cord | High-Density OS2 Jumper"},"content":{"rendered":"<h2 data-path-to-node=\"6\">Technische Leistungsmatrix (Project-Grade)<\/h2>\n<p data-path-to-node=\"7\">Unsere Produktion folgt strengen Qualit\u00e4tsstandards, um sicherzustellen, dass jedes Ger\u00e4t die folgenden Anforderungen erf\u00fcllt:<\/p>\n<table data-path-to-node=\"8\">\n<thead>\n<tr>\n<td><strong>Metrisch<\/strong><\/td>\n<td><strong>Professionelle Spezifikation<\/strong><\/td>\n<td><strong>Technischer Vorteil<\/strong><\/td>\n<\/tr>\n<\/thead>\n<tbody>\n<tr>\n<td><span data-path-to-node=\"8,1,0,0\"><b data-path-to-node=\"8,1,0,0\" data-index-in-node=\"0\">Stecker Typ<\/b><\/span><\/td>\n<td><span data-path-to-node=\"8,1,1,0\">SC\/APC zu LC\/APC<\/span><\/td>\n<td><span data-path-to-node=\"8,1,2,0\">Hybride SFF-zu-Standard-Schnittstelle<\/span><\/td>\n<\/tr>\n<tr>\n<td><span data-path-to-node=\"8,2,0,0\"><b data-path-to-node=\"8,2,0,0\" data-index-in-node=\"0\">Faser-Kategorie<\/b><\/span><\/td>\n<td><span data-path-to-node=\"8,2,1,0\">Einmoden-Duplex (SM\/DX)<\/span><\/td>\n<td><span data-path-to-node=\"8,2,2,0\">Unterst\u00fctzt gleichzeitige Dual-Strang-Daten<\/span><\/td>\n<\/tr>\n<tr>\n<td><span data-path-to-node=\"8,3,0,0\"><b data-path-to-node=\"8,3,0,0\" data-index-in-node=\"0\">Einf\u00fcged\u00e4mpfung<\/b><\/span><\/td>\n<td><span data-path-to-node=\"8,3,1,0\"><b data-path-to-node=\"8,3,1,0\" data-index-in-node=\"0\"><span class=\"math-inline\" data-math=\"&lt; 0.3 \\text{ dB}\" data-index-in-node=\"0\">$&lt; 0,3 \\text{ dB}$<\/span><\/b><\/span><\/td>\n<td><span data-path-to-node=\"8,3,2,0\">Optimiert das gesamte Leistungsbudget der Verbindung<\/span><\/td>\n<\/tr>\n<tr>\n<td><span data-path-to-node=\"8,4,0,0\"><b data-path-to-node=\"8,4,0,0\" data-index-in-node=\"0\">R\u00fcckflussd\u00e4mpfung<\/b><\/span><\/td>\n<td><span data-path-to-node=\"8,4,1,0\"><b data-path-to-node=\"8,4,1,0\" data-index-in-node=\"0\"><span class=\"math-inline\" data-math=\"\\geq 60 \\text{ dB}\" data-index-in-node=\"0\">$\\geq 60 \\text{ dB}$<\/span> (APC)<\/b><\/span><\/td>\n<td><span data-path-to-node=\"8,4,2,0\">Hervorragende Unterdr\u00fcckung von R\u00fcckreflexionen<\/span><\/td>\n<\/tr>\n<tr>\n<td><span data-path-to-node=\"8,5,0,0\"><b data-path-to-node=\"8,5,0,0\" data-index-in-node=\"0\">Wellenl\u00e4nge<\/b><\/span><\/td>\n<td><span data-path-to-node=\"8,5,1,0\">1310nm \/ 1490nm \/ 1550nm<\/span><\/td>\n<td><span data-path-to-node=\"8,5,2,0\">Universelle SM-Wellenl\u00e4ngenkompatibilit\u00e4t<\/span><\/td>\n<\/tr>\n<tr>\n<td><span data-path-to-node=\"8,6,0,0\"><b data-path-to-node=\"8,6,0,0\" data-index-in-node=\"0\">Bandbreite<\/b><\/span><\/td>\n<td><span data-path-to-node=\"8,6,1,0\"><span class=\"math-inline\" data-math=\"\\pm 40\\text{nm}\" data-index-in-node=\"0\">$\\pm 40\\text{nm}$<\/span><\/span><\/td>\n<td><span data-path-to-node=\"8,6,2,0\">Stabile Leistung \u00fcber Spektralverschiebungen hinweg<\/span><\/td>\n<\/tr>\n<tr>\n<td><span data-path-to-node=\"8,7,0,0\"><b data-path-to-node=\"8,7,0,0\" data-index-in-node=\"0\">Zugfestigkeit<\/b><\/span><\/td>\n<td><span data-path-to-node=\"8,7,1,0\"><b data-path-to-node=\"8,7,1,0\" data-index-in-node=\"0\"><span class=\"math-inline\" data-math=\"\\geq 200 \\text{ N}\" data-index-in-node=\"0\">$\\geq 200 \\text{ N}$<\/span><\/b><\/span><\/td>\n<td><span data-path-to-node=\"8,7,2,0\">Robuste Ausf\u00fchrung f\u00fcr intensive Leitungsf\u00fchrung<\/span><\/td>\n<\/tr>\n<tr>\n<td><span data-path-to-node=\"8,8,0,0\"><b data-path-to-node=\"8,8,0,0\" data-index-in-node=\"0\">Dauerhaftigkeit<\/b><\/span><\/td>\n<td><span data-path-to-node=\"8,8,1,0\"><span class=\"math-inline\" data-math=\"\\geq 1000\" data-index-in-node=\"0\">$\\geq 1000$<\/span> mal<\/span><\/td>\n<td><span data-path-to-node=\"8,8,2,0\">Hochpr\u00e4zise keramische Ferrule Langlebigkeit<\/span><\/td>\n<\/tr>\n<tr>\n<td><span data-path-to-node=\"8,9,0,0\"><b data-path-to-node=\"8,9,0,0\" data-index-in-node=\"0\">Material der Jacke<\/b><\/span><\/td>\n<td><span data-path-to-node=\"8,9,1,0\"><b data-path-to-node=\"8,9,1,0\" data-index-in-node=\"0\">LSZH (Gelb)<\/b><\/span><\/td>\n<td><span data-path-to-node=\"8,9,2,0\">Brandsicher, raucharm, halogenfrei und sicher<\/span><\/td>\n<\/tr>\n<\/tbody>\n<\/table>\n<hr data-path-to-node=\"9\" \/>\n<h2 data-path-to-node=\"10\">Strategische Vorteile f\u00fcr die Bereitstellung von Infrastruktur<\/h2>\n<h3 data-path-to-node=\"11\">1. \u00dcbergang zur hybriden Konnektivit\u00e4t<\/h3>\n<ul data-path-to-node=\"12\">\n<li>\n<p data-path-to-node=\"12,0,0\">Die <b data-path-to-node=\"12,0,0\" data-index-in-node=\"4\">SC\/APC<\/b> end bietet eine sichere, bew\u00e4hrte Schnittstelle f\u00fcr ODFs und Wandterminals.<\/p>\n<\/li>\n<li>\n<p data-path-to-node=\"12,1,0\">Die <b data-path-to-node=\"12,1,0\" data-index-in-node=\"4\">LC\/APC<\/b> end nutzt ein Small Form Factor (SFF)-Design, um die Port-Dichte in Hochgeschwindigkeits-Switches und Transceivern zu maximieren.<\/p>\n<\/li>\n<li>\n<p data-path-to-node=\"12,2,0\">Diese Hybridkonfiguration ist ideal f\u00fcr Projekte, die einen \u00dcbergang zwischen verschiedenen Generationen von Netzwerkhardware erfordern.<\/p>\n<\/li>\n<\/ul>\n<h3 data-path-to-node=\"13\">2. Branchenf\u00fchrende Reflexionskontrolle (APC)<\/h3>\n<ul data-path-to-node=\"14\">\n<li>\n<p data-path-to-node=\"14,0,0\">Beide Steckverbinder sind um 8 Grad abgewinkelt, um eine R\u00fcckflussd\u00e4mpfung von <b data-path-to-node=\"14,0,0\" data-index-in-node=\"77\"><span class=\"math-inline\" data-math=\"\\geq 60\\text{dB}\" data-index-in-node=\"77\">$\\geq 60\\text{dB}$<\/span><\/b>.<\/p>\n<\/li>\n<li>\n<p data-path-to-node=\"14,1,0\">Dadurch wird verhindert, dass die R\u00fcckreflexion empfindliche Laserquellen st\u00f6rt, was f\u00fcr folgende Anwendungen entscheidend ist <b data-path-to-node=\"14,1,0\" data-index-in-node=\"99\">GPON, XGS-PON und CATV<\/b> Anwendungen.<\/p>\n<\/li>\n<\/ul>\n<h3 data-path-to-node=\"15\">3. Mechanische Zuverl\u00e4ssigkeit auf Ingenieursniveau<\/h3>\n<ul data-path-to-node=\"16\">\n<li>\n<p data-path-to-node=\"16,0,0\">Mit einer Zugfestigkeit von <b data-path-to-node=\"16,0,0\" data-index-in-node=\"34\"><span class=\"math-inline\" data-math=\"\\geq 200\\text{N}\" data-index-in-node=\"34\">$\\geq 200\\text{N}$<\/span><\/b>, Diese Steckbr\u00fccken sind so konstruiert, dass sie den physischen Belastungen bei der Installation in \u00fcberf\u00fcllten Kabelkan\u00e4len standhalten.<\/p>\n<\/li>\n<li>\n<p data-path-to-node=\"16,1,0\">Das Dual-Core-Design (Duplex) gew\u00e4hrleistet einen effizienten bidirektionalen Datenfluss, ohne dass separate Simplex-Kabel erforderlich sind.<\/p>\n<\/li>\n<\/ul>\n<h3 data-path-to-node=\"17\">4. Zertifizierte Sicherheit und Konformit\u00e4t<\/h3>\n<ul data-path-to-node=\"18\">\n<li>\n<p data-path-to-node=\"18,0,0\">Die <b data-path-to-node=\"18,0,0\" data-index-in-node=\"4\">LSZH<\/b> Die Ummantelung gew\u00e4hrleistet, dass die Kabel die internationalen Brandschutzvorschriften f\u00fcr Innenr\u00e4ume und gewerbliche Umgebungen erf\u00fcllen.<\/p>\n<\/li>\n<li>\n<p data-path-to-node=\"18,1,0\">Im Falle eines Brandes gibt die Jacke nur minimalen Rauch und keine giftigen Halogengase ab und sch\u00fctzt so kritische Infrastrukturen und Personal.<\/p>\n<\/li>\n<\/ul>\n<hr data-path-to-node=\"19\" \/>\n<h2 data-path-to-node=\"20\">Unterst\u00fctzung bei Beschaffung und Projektangeboten<\/h2>\n<ul data-path-to-node=\"21\">\n<li>\n<p data-path-to-node=\"21,0,0\"><b data-path-to-node=\"21,0,0\" data-index-in-node=\"0\">Qualit\u00e4tssicherung<\/b>: Jedes Patchkabel wird im Werk 100% auf Einf\u00fcged\u00e4mpfung (IL) und R\u00fcckflussd\u00e4mpfung (RL) gepr\u00fcft.<\/p>\n<\/li>\n<li>\n<p data-path-to-node=\"21,1,0\"><b data-path-to-node=\"21,1,0\" data-index-in-node=\"0\">Dokumentation zur Einhaltung der Vorschriften<\/b>: Wir bieten individuelle Pr\u00fcfberichte und 3D-Interferometrie-Nachweise zur Unterst\u00fctzung Ihrer <b data-path-to-node=\"21,1,0\" data-index-in-node=\"112\">Anforderungen an die Einhaltung der Projektvorschriften<\/b>.<\/p>\n<\/li>\n<li>\n<p data-path-to-node=\"21,2,0\"><b data-path-to-node=\"21,2,0\" data-index-in-node=\"0\">Gro\u00dfvolumige Lieferung<\/b>: Wir unterhalten einen konstanten Lagerbestand an Standardl\u00e4ngen, um schnelle Lieferzeiten f\u00fcr <b data-path-to-node=\"21,2,0\" data-index-in-node=\"111\">Gro\u00dfbeschaffung<\/b>.<\/p>\n<\/li>\n<li>\n<p data-path-to-node=\"21,3,0\"><b data-path-to-node=\"21,3,0\" data-index-in-node=\"0\">Kundenspezifischer OEM-Service<\/b>: Flexible Fertigung ist m\u00f6glich f\u00fcr kundenspezifische L\u00e4ngen, spezielle Beschriftungen und unterschiedliche Manteldurchmesser (2,0mm\/3,0mm).<\/p>\n<\/li>\n<\/ul>","protected":false},"excerpt":{"rendered":"<p data-path-to-node=\"4\"><span class=\"\">Die <\/span><b class=\"\" data-path-to-node=\"4\" data-index-in-node=\"4\">SC\/APC zu LC\/APC Single Mode Duplex (SM DX)<\/b><span class=\"\"> Patchkabel ist ein hochleistungsf\u00e4higes hybrides Verbindungskabel, das f\u00fcr die \u00dcberbr\u00fcckung von Schnittstellen mit unterschiedlichen Formfaktoren entwickelt wurde und dabei eine maximale Signalreinheit gew\u00e4hrleistet.<\/span><span class=\"\"> Dieser \u201cGr\u00fcn-zu-Gr\u00fcn\u201d-Jumper verf\u00fcgt \u00fcber einen um 8 Grad abgewinkelten physischen Kontakt (APC) an beiden Enden,<\/span><span class=\"\"> was es zur professionellen Wahl f\u00fcr <\/span><b class=\"\" data-path-to-node=\"4\" data-index-in-node=\"326\">FTTH-Netze, Telekommunikations-COs und Hochgeschwindigkeits-Datenzentren<\/b><span class=\"\"> die eine \u00dcbertragung \u00fcber zwei Fasern (Duplex) erfordern.<\/span><\/p>\n<p data-path-to-node=\"5\"><span class=\"\">Durch die Kombination der robusten Verriegelung des SC-Steckverbinders mit dem hochdichten Footprint des LC-Steckverbinders,<\/span><span class=\"\"> Dieses Modell bietet die Vielseitigkeit, die f\u00fcr komplexe Netzwerkmigrationen und Patching mit hoher Kapazit\u00e4t erforderlich ist.<\/span><\/p>","protected":false},"featured_media":799,"comment_status":"open","ping_status":"closed","template":"","meta":[],"product_brand":[],"product_cat":[45],"product_tag":[],"class_list":{"0":"post-798","1":"product","2":"type-product","3":"status-publish","4":"has-post-thumbnail","6":"product_cat-single-mode-fiber-optic-patch-cord","8":"first","9":"instock","10":"shipping-taxable","11":"product-type-simple"},"_links":{"self":[{"href":"https:\/\/www.fenxifiber.com\/de\/wp-json\/wp\/v2\/product\/798","targetHints":{"allow":["GET"]}}],"collection":[{"href":"https:\/\/www.fenxifiber.com\/de\/wp-json\/wp\/v2\/product"}],"about":[{"href":"https:\/\/www.fenxifiber.com\/de\/wp-json\/wp\/v2\/types\/product"}],"replies":[{"embeddable":true,"href":"https:\/\/www.fenxifiber.com\/de\/wp-json\/wp\/v2\/comments?post=798"}],"wp:featuredmedia":[{"embeddable":true,"href":"https:\/\/www.fenxifiber.com\/de\/wp-json\/wp\/v2\/media\/799"}],"wp:attachment":[{"href":"https:\/\/www.fenxifiber.com\/de\/wp-json\/wp\/v2\/media?parent=798"}],"wp:term":[{"taxonomy":"product_brand","embeddable":true,"href":"https:\/\/www.fenxifiber.com\/de\/wp-json\/wp\/v2\/product_brand?post=798"},{"taxonomy":"product_cat","embeddable":true,"href":"https:\/\/www.fenxifiber.com\/de\/wp-json\/wp\/v2\/product_cat?post=798"},{"taxonomy":"product_tag","embeddable":true,"href":"https:\/\/www.fenxifiber.com\/de\/wp-json\/wp\/v2\/product_tag?post=798"}],"curies":[{"name":"wp","href":"https:\/\/api.w.org\/{rel}","templated":true}]}}