{"id":802,"date":"2026-02-04T01:47:23","date_gmt":"2026-02-04T01:47:23","guid":{"rendered":"https:\/\/www.fenxifiber.com\/?post_type=product&#038;p=802"},"modified":"2026-02-04T02:38:39","modified_gmt":"2026-02-04T02:38:39","slug":"lc-upc-lc-upc-sm-dx","status":"publish","type":"product","link":"https:\/\/www.fenxifiber.com\/de\/product\/lc-upc-lc-upc-sm-dx\/","title":{"rendered":"LC\/UPC auf LC\/UPC Single Mode Duplex Glasfaser Patchkabel | Premium Hersteller Direkt"},"content":{"rendered":"<h2 data-path-to-node=\"4\">Technische Leistungsmatrix (Internationale Normen)<\/h2>\n<table style=\"width: 100%; border-collapse: collapse; margin: 20px 0; font-family: Arial, sans-serif; border: 1px solid #ddd; font-size: 14px;\">\n<thead>\n<tr style=\"background-color: #f8f9fa; text-align: left;\">\n<th style=\"padding: 12px; border: 1px solid #ddd; color: #333;\">Technische Metrik<\/th>\n<th style=\"padding: 12px; border: 1px solid #ddd; color: #333;\">Professionelle Spezifikation<\/th>\n<th style=\"padding: 12px; border: 1px solid #ddd; color: #333;\">Einhaltung der Vorschriften und Pr\u00fcfung<\/th>\n<\/tr>\n<\/thead>\n<tbody>\n<tr>\n<td style=\"padding: 12px; border: 1px solid #ddd;\"><strong>Stecker Typ<\/strong><\/td>\n<td style=\"padding: 12px; border: 1px solid #ddd;\">LC\/UPC zu LC\/UPC<\/td>\n<td style=\"padding: 12px; border: 1px solid #ddd;\">IEC 61754-20 Norm<\/td>\n<\/tr>\n<tr style=\"background-color: #fdfdfd;\">\n<td style=\"padding: 12px; border: 1px solid #ddd;\"><strong>Faser-Typ<\/strong><\/td>\n<td style=\"padding: 12px; border: 1px solid #ddd;\">Einzelmodus-Duplex (OS2)<\/td>\n<td style=\"padding: 12px; border: 1px solid #ddd;\">ITU-T G.652.D \/ G.657.A1<\/td>\n<\/tr>\n<tr>\n<td style=\"padding: 12px; border: 1px solid #ddd;\"><strong>Einf\u00fcged\u00e4mpfung<\/strong><\/td>\n<td style=\"padding: 12px; border: 1px solid #ddd;\">\u2264 0,25 dB (typisch)<\/td>\n<td style=\"padding: 12px; border: 1px solid #ddd;\">100% Fabrik IL Gepr\u00fcft<\/td>\n<\/tr>\n<tr style=\"background-color: #fdfdfd;\">\n<td style=\"padding: 12px; border: 1px solid #ddd;\"><strong>R\u00fcckflussd\u00e4mpfung<\/strong><\/td>\n<td style=\"padding: 12px; border: 1px solid #ddd;\">\u2265 50 dB<\/td>\n<td style=\"padding: 12px; border: 1px solid #ddd;\">3D-Interferometrie im Test<\/td>\n<\/tr>\n<tr>\n<td style=\"padding: 12px; border: 1px solid #ddd;\"><strong>Bewertung der Jacke<\/strong><\/td>\n<td style=\"padding: 12px; border: 1px solid #ddd;\">LSZH (raucharm und halogenfrei)<\/td>\n<td style=\"padding: 12px; border: 1px solid #ddd;\">RoHS-, REACH- und CPR-konform<\/td>\n<\/tr>\n<tr style=\"background-color: #fdfdfd;\">\n<td style=\"padding: 12px; border: 1px solid #ddd;\"><strong>Mechanische Lebensdauer<\/strong><\/td>\n<td style=\"padding: 12px; border: 1px solid #ddd;\">&gt; 1000 Paarungen<\/td>\n<td style=\"padding: 12px; border: 1px solid #ddd;\">Pr\u00e4zisions-Zirkoniumdioxid-H\u00fclse<\/td>\n<\/tr>\n<\/tbody>\n<\/table>\n<h2 data-path-to-node=\"8\">Vorteile der Direktfertigung<\/h2>\n<h3 data-path-to-node=\"9\">1. High-Density-SFF-Technik<\/h3>\n<p data-path-to-node=\"10\">Die kompakte 1,25-mm-Ferrule des LC-Steckverbinders verdoppelt die Dichte von 1U-Rackpl\u00e4tzen im Vergleich zu SC-Steckverbindern. Dies ist wichtig f\u00fcr <b data-path-to-node=\"10\" data-index-in-node=\"139\">Tier-1-Rechenzentren<\/b> wo die Raumoptimierung direkt zu niedrigeren Betriebskosten f\u00fchrt.<\/p>\n<h3 data-path-to-node=\"11\">2. Qualit\u00e4tskontrolle zwischen Werk und Kunde<\/h3>\n<p data-path-to-node=\"12\">Durch die direkte Beschaffung bei den <b data-path-to-node=\"12\" data-index-in-node=\"28\">Hersteller<\/b>, Umgehen Sie die Variabilit\u00e4t der H\u00e4ndler auf dem mittleren Markt. Jeder Jumper ist serialisiert und wird mit modernsten Diagnoseger\u00e4ten 100% optischen Tests (Einf\u00fcged\u00e4mpfung und R\u00fcckflussd\u00e4mpfung) unterzogen, um eine sofortige Zuverl\u00e4ssigkeit zu gew\u00e4hrleisten.<\/p>\n<h3 data-path-to-node=\"13\">3. Safety-First LSZH Konstruktion<\/h3>\n<p data-path-to-node=\"14\">Unsere gelben Au\u00dfenjacken werden aus hochwertigen Materialien extrudiert. <b data-path-to-node=\"14\" data-index-in-node=\"55\">Raucharm und halogenfrei<\/b> Materialien. Im Falle von extremer Hitze oder Feuer setzen unsere Kabel keine korrosiven Halogengase und nur minimalen Rauch frei und sch\u00fctzen so sowohl Ihr Personal als auch empfindliche elektronische Ger\u00e4te in engen Serverr\u00e4umen.<\/p>\n<h3 data-path-to-node=\"15\">4. Zertifizierte globale Konformit\u00e4t<\/h3>\n<p data-path-to-node=\"16\">Wir stellen sicher, dass jede Charge vollst\u00e4ndig konform ist mit <b data-path-to-node=\"16\" data-index-in-node=\"51\">RoHS<\/b> (Beschr\u00e4nkung von gef\u00e4hrlichen Stoffen) und <b data-path-to-node=\"16\" data-index-in-node=\"98\">REACH<\/b> Normen. Dies garantiert, dass Ihr <b data-path-to-node=\"16\" data-index-in-node=\"141\">Gro\u00dfbestellungen<\/b> werden nahtlos durch den internationalen Zoll geleitet und unterst\u00fctzen Ihre globalen Lieferkettenanforderungen.<\/p>\n<hr data-path-to-node=\"17\" \/>\n<h2 data-path-to-node=\"18\">Gro\u00dfhandel &amp; Projektunterst\u00fctzung<\/h2>\n<ul data-path-to-node=\"19\">\n<li>\n<p data-path-to-node=\"19,0,0\"><b data-path-to-node=\"19,0,0\" data-index-in-node=\"0\">Flexible Anpassung<\/b>: Als Direkthersteller bieten wir OEM-Dienstleistungen an, einschlie\u00dflich kundenspezifischer L\u00e4ngen (0,5 m bis 100 m+), spezieller Mantelfarben und privater Etikettierung f\u00fcr gro\u00dfe <b data-path-to-node=\"19,0,0\" data-index-in-node=\"173\">Integratoren<\/b>.<\/p>\n<\/li>\n<li>\n<p data-path-to-node=\"19,1,0\"><b data-path-to-node=\"19,1,0\" data-index-in-node=\"0\">Schnelle Erf\u00fcllung<\/b>: Wir verf\u00fcgen \u00fcber einen gro\u00dfen Bestand an Standard-OS2-LC-Duplex-Jumpern, um Lieferzeiten zu gew\u00e4hrleisten, die die der Konkurrenz \u00fcbertreffen.<\/p>\n<\/li>\n<li>\n<p data-path-to-node=\"19,2,0\"><b data-path-to-node=\"19,2,0\" data-index-in-node=\"0\">Audit-Transparenz<\/b>: Vollst\u00e4ndige technische Datenbl\u00e4tter und 3D-Interferometrieberichte sind auf Anfrage f\u00fcr alle <b data-path-to-node=\"19,2,0\" data-index-in-node=\"112\">Agent<\/b> oder <b data-path-to-node=\"19,2,0\" data-index-in-node=\"121\">Beschaffung<\/b> Offizier.<\/p>\n<\/li>\n<\/ul>","protected":false},"excerpt":{"rendered":"<p data-path-to-node=\"1\"><span class=\"\">Die <\/span><b class=\"\" data-path-to-node=\"1\" data-index-in-node=\"4\">LC\/UPC zu LC\/UPC Single Mode Duplex (SM DX)<\/b><span class=\"\"> ist die wichtigste Verbindung in modernen High-Density-Netzwerken.<\/span><span class=\"\"> Die Nutzung der Pr\u00e4zision 1.<\/span><span class=\"\">25-mm-Keramikh\u00fclse im Small Form Factor (SFF)-Design,<\/span><span class=\"\"> dieser \u201cBlue-to-Blue\u201d-Springer ist der weltweite Ma\u00dfstab f\u00fcr <\/span><b class=\"\" data-path-to-node=\"1\" data-index-in-node=\"258\">Hochgeschwindigkeits-Transceiver (SFP\/SFP+), ultra-dichte Patch-Panels und 5G-Fronthaul\/Backhaul-Infrastruktur<\/b><span class=\"\">.<\/span><\/p>\n<p data-path-to-node=\"2\"><span class=\"\">Als <\/span><b class=\"\" data-path-to-node=\"2\" data-index-in-node=\"5\">Hersteller direkt<\/b><span class=\"\"> Produkt,<\/span><span class=\"\"> Wir legen Wert auf die optische Reinheit des OS2-Glaskerns und die mechanische Best\u00e4ndigkeit des Verriegelungsgeh\u00e4uses,<\/span><span class=\"\"> So wird sichergestellt, dass Ihr Netzwerk auch nach Tausenden von Steckzyklen seine Spitzenleistung beibeh\u00e4lt.<\/span><\/p>","protected":false},"featured_media":803,"comment_status":"open","ping_status":"closed","template":"","meta":[],"product_brand":[],"product_cat":[45],"product_tag":[],"class_list":{"0":"post-802","1":"product","2":"type-product","3":"status-publish","4":"has-post-thumbnail","6":"product_cat-single-mode-fiber-optic-patch-cord","8":"first","9":"instock","10":"shipping-taxable","11":"product-type-simple"},"_links":{"self":[{"href":"https:\/\/www.fenxifiber.com\/de\/wp-json\/wp\/v2\/product\/802","targetHints":{"allow":["GET"]}}],"collection":[{"href":"https:\/\/www.fenxifiber.com\/de\/wp-json\/wp\/v2\/product"}],"about":[{"href":"https:\/\/www.fenxifiber.com\/de\/wp-json\/wp\/v2\/types\/product"}],"replies":[{"embeddable":true,"href":"https:\/\/www.fenxifiber.com\/de\/wp-json\/wp\/v2\/comments?post=802"}],"wp:featuredmedia":[{"embeddable":true,"href":"https:\/\/www.fenxifiber.com\/de\/wp-json\/wp\/v2\/media\/803"}],"wp:attachment":[{"href":"https:\/\/www.fenxifiber.com\/de\/wp-json\/wp\/v2\/media?parent=802"}],"wp:term":[{"taxonomy":"product_brand","embeddable":true,"href":"https:\/\/www.fenxifiber.com\/de\/wp-json\/wp\/v2\/product_brand?post=802"},{"taxonomy":"product_cat","embeddable":true,"href":"https:\/\/www.fenxifiber.com\/de\/wp-json\/wp\/v2\/product_cat?post=802"},{"taxonomy":"product_tag","embeddable":true,"href":"https:\/\/www.fenxifiber.com\/de\/wp-json\/wp\/v2\/product_tag?post=802"}],"curies":[{"name":"wp","href":"https:\/\/api.w.org\/{rel}","templated":true}]}}