{"id":804,"date":"2026-02-04T01:48:56","date_gmt":"2026-02-04T01:48:56","guid":{"rendered":"https:\/\/www.fenxifiber.com\/?post_type=product&#038;p=804"},"modified":"2026-02-04T02:26:22","modified_gmt":"2026-02-04T02:26:22","slug":"sc-upc-lc-upc-sm-dx","status":"publish","type":"product","link":"https:\/\/www.fenxifiber.com\/de\/product\/sc-upc-lc-upc-sm-dx\/","title":{"rendered":"SC\/UPC auf LC\/UPC Single Mode Duplex Glasfaser Patchkabel | OEM\\ODM L\u00f6sungen"},"content":{"rendered":"<h2 class=\"\" data-path-to-node=\"4\">Technische Leistungsmatrix<\/h2>\n<p data-path-to-node=\"5\"><span class=\"\">Jedes Ger\u00e4t wird im Rahmen eines strengen Qualit\u00e4tskontrollverfahrens hergestellt, um die Einhaltung der folgenden technischen Standards zu gew\u00e4hrleisten:<\/span><\/p>\n<table data-path-to-node=\"6\">\n<thead>\n<tr>\n<td><strong>Parameter<\/strong><\/td>\n<td><strong>Professionelle Spezifikation<\/strong><\/td>\n<td><strong>Technischer Vorteil<\/strong><\/td>\n<\/tr>\n<\/thead>\n<tbody>\n<tr>\n<td><span data-path-to-node=\"6,1,0,0\"><b data-path-to-node=\"6,1,0,0\" data-index-in-node=\"0\">Stecker Typ<\/b><\/span><\/td>\n<td><span data-path-to-node=\"6,1,1,0\">SC\/UPC zu LC\/UPC<\/span><\/td>\n<td><span data-path-to-node=\"6,1,2,0\">Hybride SFF-zu-Standard-Schnittstelle<\/span><\/td>\n<\/tr>\n<tr>\n<td><span data-path-to-node=\"6,2,0,0\"><b data-path-to-node=\"6,2,0,0\" data-index-in-node=\"0\">Faser-Kategorie<\/b><\/span><\/td>\n<td><span data-path-to-node=\"6,2,1,0\">Einmoden-Duplex (SM\/DX)<\/span><\/td>\n<td><span data-path-to-node=\"6,2,2,0\">Bidirektionaler Datenpfad mit zwei Fasern<\/span><\/td>\n<\/tr>\n<tr>\n<td><span data-path-to-node=\"6,3,0,0\"><b data-path-to-node=\"6,3,0,0\" data-index-in-node=\"0\">Einf\u00fcged\u00e4mpfung<\/b><\/span><\/td>\n<td><span data-path-to-node=\"6,3,1,0\"><b data-path-to-node=\"6,3,1,0\" data-index-in-node=\"0\"><span class=\"math-inline\" data-math=\"&lt; 0.3 \\text{ dB}\" data-index-in-node=\"0\">$&lt; 0,3 \\text{ dB}$<\/span><\/b><\/span><\/td>\n<td><span data-path-to-node=\"6,3,2,0\">Optimiert das gesamte Leistungsbudget der Verbindung<\/span><\/td>\n<\/tr>\n<tr>\n<td><span data-path-to-node=\"6,4,0,0\"><b data-path-to-node=\"6,4,0,0\" data-index-in-node=\"0\">R\u00fcckflussd\u00e4mpfung<\/b><\/span><\/td>\n<td><span data-path-to-node=\"6,4,1,0\"><b data-path-to-node=\"6,4,1,0\" data-index-in-node=\"0\"><span class=\"math-inline\" data-math=\"\\geq 50 \\text{ dB}\" data-index-in-node=\"0\">$\\geq 50 \\text{ dB}$<\/span> (UPC)<\/b><\/span><\/td>\n<td><span data-path-to-node=\"6,4,2,0\">Erh\u00e4lt eine hervorragende digitale Signalreinheit<\/span><\/td>\n<\/tr>\n<tr>\n<td><span data-path-to-node=\"6,5,0,0\"><b data-path-to-node=\"6,5,0,0\" data-index-in-node=\"0\">Wellenl\u00e4nge<\/b><\/span><\/td>\n<td><span data-path-to-node=\"6,5,1,0\">1310nm \/ 1490nm \/ 1550nm<\/span><\/td>\n<td><span data-path-to-node=\"6,5,2,0\">Universelle OS2-Single-Mode-Kompatibilit\u00e4t<\/span><\/td>\n<\/tr>\n<tr>\n<td><span data-path-to-node=\"6,6,0,0\"><b data-path-to-node=\"6,6,0,0\" data-index-in-node=\"0\">Bandbreite<\/b><\/span><\/td>\n<td><span data-path-to-node=\"6,6,1,0\"><span class=\"math-inline\" data-math=\"\\pm 40\\text{nm}\" data-index-in-node=\"0\">$\\pm 40\\text{nm}$<\/span><\/span><\/td>\n<td><span data-path-to-node=\"6,6,2,0\">Stabile Leistung \u00fcber Spektralverschiebungen hinweg<\/span><\/td>\n<\/tr>\n<tr>\n<td><span data-path-to-node=\"6,7,0,0\"><b data-path-to-node=\"6,7,0,0\" data-index-in-node=\"0\">Zugfestigkeit<\/b><\/span><\/td>\n<td><span data-path-to-node=\"6,7,1,0\"><b data-path-to-node=\"6,7,1,0\" data-index-in-node=\"0\"><span class=\"math-inline\" data-math=\"\\geq 200 \\text{ N}\" data-index-in-node=\"0\">$\\geq 200 \\text{ N}$<\/span><\/b><\/span><\/td>\n<td><span data-path-to-node=\"6,7,2,0\">Robuste Ausf\u00fchrung f\u00fcr hochbelastete Installationen<\/span><\/td>\n<\/tr>\n<tr>\n<td><span data-path-to-node=\"6,8,0,0\"><b data-path-to-node=\"6,8,0,0\" data-index-in-node=\"0\">Dauerhaftigkeit<\/b><\/span><\/td>\n<td><span data-path-to-node=\"6,8,1,0\"><span class=\"math-inline\" data-math=\"\\geq 1000\" data-index-in-node=\"0\">$\\geq 1000$<\/span> mal<\/span><\/td>\n<td><span data-path-to-node=\"6,8,2,0\">Hochpr\u00e4zise keramische Ferrule Langlebigkeit<\/span><\/td>\n<\/tr>\n<tr>\n<td><span data-path-to-node=\"6,9,0,0\"><b data-path-to-node=\"6,9,0,0\" data-index-in-node=\"0\">Material der Jacke<\/b><\/span><\/td>\n<td><span data-path-to-node=\"6,9,1,0\"><b data-path-to-node=\"6,9,1,0\" data-index-in-node=\"0\">LSZH (Gelb)<\/b><\/span><\/td>\n<td><span data-path-to-node=\"6,9,2,0\">Feuersicher, raucharm und halogenfrei<\/span><\/td>\n<\/tr>\n<\/tbody>\n<\/table>\n<hr class=\"\" data-path-to-node=\"7\" \/>\n<h2 class=\"\" data-path-to-node=\"8\">Strategische Vorteile f\u00fcr die Systemeinf\u00fchrung<\/h2>\n<h3 class=\"\" data-path-to-node=\"9\">1. Hybride Schnittstelle Vielseitigkeit<\/h3>\n<p data-path-to-node=\"10\"><span class=\"\">Dieser Jumper \u00fcberbr\u00fcckt die L\u00fccke zwischen dem robusten <\/span><b class=\"\" data-path-to-node=\"10\" data-index-in-node=\"47\">SC<\/b><span class=\"\"> Steckverbinder, der wegen seines stabilen Push-Pull-Mechanismus in Endger\u00e4ten beliebt ist, und der <\/span><b class=\"\" data-path-to-node=\"10\" data-index-in-node=\"133\">Kleiner Formfaktor (SFF) LC<\/b><span class=\"\"> Anschluss,<\/span><span class=\"\"> was f\u00fcr die Maximierung der Portdichte in modernen Hochgeschwindigkeits-Switches und -Routern unerl\u00e4sslich ist.<\/span><\/p>\n<h3 class=\"\" data-path-to-node=\"11\">2. Voll-Duplex-Konnektivit\u00e4t<\/h3>\n<p data-path-to-node=\"12\"><span class=\"\">Die <\/span><b class=\"\" data-path-to-node=\"12\" data-index-in-node=\"4\">Duplex (DX)<\/b><span class=\"\"> Architektur bietet zwei dedizierte Faserstr\u00e4nge,<\/span><span class=\"\"> die eine gleichzeitige Kommunikation in beide Richtungen erm\u00f6glichen.<\/span><span class=\"\"> Dies ist entscheidend f\u00fcr Unternehmens-Ethernet-Netzwerke, die synchronisierte Sende- (TX) und Empfangswege (RX) f\u00fcr einen 10G- und 40G-Durchsatz ben\u00f6tigen.<\/span><\/p>\n<h3 class=\"\" data-path-to-node=\"13\">3. Zuverl\u00e4ssige Zugfestigkeit in Industriequalit\u00e4t<\/h3>\n<p data-path-to-node=\"14\"><span class=\"\">Ausgelegt f\u00fcr eine Zugfestigkeit von <\/span><b class=\"\" data-path-to-node=\"14\" data-index-in-node=\"31\"><span class=\"math-inline\" data-math=\"\\geq 200\\text{N}\" data-index-in-node=\"31\">$\\geq 200\\text{N}$<\/span><\/b><span class=\"\">,<\/span><span class=\"\"> Diese Kabel sind so gebaut, dass sie den physischen Belastungen bei der Verlegung durch verstopfte Leitungen und vertikale Sch\u00e4chte standhalten.<\/span><span class=\"\"> Diese Langlebigkeit verringert das Risiko von Faserbr\u00fcchen bei der Einf\u00fchrung gro\u00dfer Netzwerke.<\/span><\/p>\n<h3 class=\"\" data-path-to-node=\"15\">4. Zertifizierte Sicherheitskonformit\u00e4t<\/h3>\n<p data-path-to-node=\"16\"><span class=\"\">Die <\/span><b class=\"\" data-path-to-node=\"16\" data-index-in-node=\"4\">LSZH (raucharm und halogenfrei)<\/b><span class=\"\"> Jacke ist der professionelle Standard f\u00fcr Inneninstallationen.<\/span><span class=\"\"> Im Falle eines Brandes,<\/span><span class=\"\"> Es gew\u00e4hrleistet eine minimale Rauchdichte und keine giftigen Halogenemissionen,<\/span><span class=\"\"> Schutz kritischer Hardware und Mitarbeiter in Rechenzentrumsumgebungen.<\/span><\/p>\n<hr class=\"\" data-path-to-node=\"17\" \/>\n<h2 class=\"\" data-path-to-node=\"18\">Auftragsabwicklung und technische Unterst\u00fctzung<\/h2>\n<ul data-path-to-node=\"19\">\n<li>\n<p data-path-to-node=\"19,0,0\"><b class=\"\" data-path-to-node=\"19,0,0\" data-index-in-node=\"0\">100% Werks\u00fcberpr\u00fcfung<\/b><span class=\"\">:<\/span><span class=\"\"> Jedes Patchkabel wird vor dem Versand einzeln auf Einf\u00fcged\u00e4mpfung (IL) und R\u00fcckflussd\u00e4mpfung (RL) getestet, um eine fehlerfreie Lieferung zu gew\u00e4hrleisten.<\/span><\/p>\n<\/li>\n<li>\n<p data-path-to-node=\"19,1,0\"><b class=\"\" data-path-to-node=\"19,1,0\" data-index-in-node=\"0\">Verf\u00fcgbarkeit im Gro\u00dfhandel<\/b>: Wir verf\u00fcgen \u00fcber einen soliden Bestand an Standardl\u00e4ngen (1m, 2m, 3m, 5m, 10m) f\u00fcr <b data-path-to-node=\"19,1,0\" data-index-in-node=\"101\">Gro\u00dfbestellungen<\/b> und schnelle Projektabwicklung.<\/p>\n<\/li>\n<li>\n<p data-path-to-node=\"19,2,0\"><b data-path-to-node=\"19,2,0\" data-index-in-node=\"0\">Flexible Anpassung<\/b>: Durch unser <b data-path-to-node=\"19,2,0\" data-index-in-node=\"36\">OEM\\ODM<\/b> Dienstleistungen bieten wir kundenspezifische Kabell\u00e4ngen, spezielle Beschriftungen und unterschiedliche Manteldurchmesser (2,0 mm\/3,0 mm), um spezifische Projektspezifikationen zu erf\u00fcllen.<\/p>\n<\/li>\n<li>\n<p data-path-to-node=\"19,3,0\"><b data-path-to-node=\"19,3,0\" data-index-in-node=\"0\">Dokumentation zur Einhaltung der Vorschriften<\/b>: Detaillierte Pr\u00fcfberichte und 3D-Interferometrie-Verifizierung stehen zur Verf\u00fcgung, um Sie zu unterst\u00fctzen <b data-path-to-node=\"19,3,0\" data-index-in-node=\"113\">Beschaffung<\/b> und Pr\u00fcfungsanforderungen.<\/p>\n<\/li>\n<\/ul>","protected":false},"excerpt":{"rendered":"<p data-path-to-node=\"1\"><span class=\"\">Die <\/span><b class=\"\" data-path-to-node=\"1\" data-index-in-node=\"4\">SC\/UPC zu LC\/UPC Single Mode Duplex (SM DX)<\/b><span class=\"\"> ist ein hochleistungsf\u00e4higer Hybrid-Jumper, der nahtlose \u00dcberg\u00e4nge zwischen Standard-SC-basierten Infrastrukturen und LC-Netzwerkger\u00e4ten mit hoher Dichte erm\u00f6glicht.<\/span><span class=\"\"> Dieses \u201cBlue-to-Blue\u201d-Zweileiterkabel ist die branchen\u00fcbliche L\u00f6sung f\u00fcr die Verbindung von <\/span><b class=\"\" data-path-to-node=\"1\" data-index-in-node=\"296\">SFP\/SFP+-Transceiver<\/b><span class=\"\"> zu <\/span><b class=\"\" data-path-to-node=\"1\" data-index-in-node=\"321\">Optische Verteilerk\u00e4sten (ODF)<\/b><span class=\"\"> und Kernschalter.<\/span><\/p>\n<p data-path-to-node=\"2\"><span class=\"\">Optimiert f\u00fcr OS2 Singlemode-Leistung,<\/span><span class=\"\"> Dieses Hybridkabel gew\u00e4hrleistet minimale Signald\u00e4mpfung und maximale mechanische Zuverl\u00e4ssigkeit f\u00fcr unternehmenskritische Datenwege.<\/span><\/p>","protected":false},"featured_media":805,"comment_status":"open","ping_status":"closed","template":"","meta":[],"product_brand":[],"product_cat":[45],"product_tag":[],"class_list":{"0":"post-804","1":"product","2":"type-product","3":"status-publish","4":"has-post-thumbnail","6":"product_cat-single-mode-fiber-optic-patch-cord","8":"first","9":"instock","10":"shipping-taxable","11":"product-type-simple"},"_links":{"self":[{"href":"https:\/\/www.fenxifiber.com\/de\/wp-json\/wp\/v2\/product\/804","targetHints":{"allow":["GET"]}}],"collection":[{"href":"https:\/\/www.fenxifiber.com\/de\/wp-json\/wp\/v2\/product"}],"about":[{"href":"https:\/\/www.fenxifiber.com\/de\/wp-json\/wp\/v2\/types\/product"}],"replies":[{"embeddable":true,"href":"https:\/\/www.fenxifiber.com\/de\/wp-json\/wp\/v2\/comments?post=804"}],"wp:featuredmedia":[{"embeddable":true,"href":"https:\/\/www.fenxifiber.com\/de\/wp-json\/wp\/v2\/media\/805"}],"wp:attachment":[{"href":"https:\/\/www.fenxifiber.com\/de\/wp-json\/wp\/v2\/media?parent=804"}],"wp:term":[{"taxonomy":"product_brand","embeddable":true,"href":"https:\/\/www.fenxifiber.com\/de\/wp-json\/wp\/v2\/product_brand?post=804"},{"taxonomy":"product_cat","embeddable":true,"href":"https:\/\/www.fenxifiber.com\/de\/wp-json\/wp\/v2\/product_cat?post=804"},{"taxonomy":"product_tag","embeddable":true,"href":"https:\/\/www.fenxifiber.com\/de\/wp-json\/wp\/v2\/product_tag?post=804"}],"curies":[{"name":"wp","href":"https:\/\/api.w.org\/{rel}","templated":true}]}}