{"id":808,"date":"2026-02-04T01:52:32","date_gmt":"2026-02-04T01:52:32","guid":{"rendered":"https:\/\/www.fenxifiber.com\/?post_type=product&#038;p=808"},"modified":"2026-02-04T02:28:44","modified_gmt":"2026-02-04T02:28:44","slug":"sc-apc-sc-apc-sm-dx","status":"publish","type":"product","link":"https:\/\/www.fenxifiber.com\/de\/product\/sc-apc-sc-apc-sm-dx\/","title":{"rendered":"Gro\u00dfhandel SC\/APC zu SC\/APC Single Mode Duplex Fiber Patch Cord | Sourcing Hub"},"content":{"rendered":"<h2 data-path-to-node=\"4\">Technische Leistungsmatrix<\/h2>\n<table style=\"width: 100%; border-collapse: collapse; margin: 20px 0; font-family: Arial, sans-serif; border: 1px solid #ddd; font-size: 14px;\">\n<thead>\n<tr style=\"background-color: #f8f9fa; text-align: left;\">\n<th style=\"padding: 12px; border: 1px solid #ddd; color: #333;\">Technische Metrik<\/th>\n<th style=\"padding: 12px; border: 1px solid #ddd; color: #333;\">Standard-Spezifikation<\/th>\n<th style=\"padding: 12px; border: 1px solid #ddd; color: #333;\">Projektvorteil<\/th>\n<\/tr>\n<\/thead>\n<tbody>\n<tr>\n<td style=\"padding: 12px; border: 1px solid #ddd;\"><strong>Stecker Typ<\/strong><\/td>\n<td style=\"padding: 12px; border: 1px solid #ddd;\">SC\/APC an SC\/APC<\/td>\n<td style=\"padding: 12px; border: 1px solid #ddd;\">Standardisierte Push-Pull-Verriegelung<\/td>\n<\/tr>\n<tr style=\"background-color: #fdfdfd;\">\n<td style=\"padding: 12px; border: 1px solid #ddd;\"><strong>Faser-Modus<\/strong><\/td>\n<td style=\"padding: 12px; border: 1px solid #ddd;\">Einzelmodus-Duplex (SM DX)<\/td>\n<td style=\"padding: 12px; border: 1px solid #ddd;\">Dual-Core bidirektionale Daten<\/td>\n<\/tr>\n<tr>\n<td style=\"padding: 12px; border: 1px solid #ddd;\"><strong>Einf\u00fcged\u00e4mpfung<\/strong><\/td>\n<td style=\"padding: 12px; border: 1px solid #ddd;\">\u2264 0,3 dB<\/td>\n<td style=\"padding: 12px; border: 1px solid #ddd;\">Minimale Leistungsabschw\u00e4chung<\/td>\n<\/tr>\n<tr style=\"background-color: #fdfdfd;\">\n<td style=\"padding: 12px; border: 1px solid #ddd;\"><strong>R\u00fcckflussd\u00e4mpfung<\/strong><\/td>\n<td style=\"padding: 12px; border: 1px solid #ddd;\">\u2265 60 dB<\/td>\n<td style=\"padding: 12px; border: 1px solid #ddd;\">\u00dcberlegener Schutz der Laserquelle<\/td>\n<\/tr>\n<tr>\n<td style=\"padding: 12px; border: 1px solid #ddd;\"><strong>Wellenl\u00e4nge<\/strong><\/td>\n<td style=\"padding: 12px; border: 1px solid #ddd;\">1310nm \/ 1490nm \/ 1550nm<\/td>\n<td style=\"padding: 12px; border: 1px solid #ddd;\">Volle Unterst\u00fctzung des OS2-Spektrums<\/td>\n<\/tr>\n<tr style=\"background-color: #fdfdfd;\">\n<td style=\"padding: 12px; border: 1px solid #ddd;\"><strong>Zugfestigkeit<\/strong><\/td>\n<td style=\"padding: 12px; border: 1px solid #ddd;\">\u2265 200 N<\/td>\n<td style=\"padding: 12px; border: 1px solid #ddd;\">Robuste Ausf\u00fchrung f\u00fcr Kabelkan\u00e4le<\/td>\n<\/tr>\n<tr>\n<td style=\"padding: 12px; border: 1px solid #ddd;\"><strong>Material der Jacke<\/strong><\/td>\n<td style=\"padding: 12px; border: 1px solid #ddd;\">LSZH (raucharm und halogenfrei)<\/td>\n<td style=\"padding: 12px; border: 1px solid #ddd;\">Globale Einhaltung der Brandschutzvorschriften<\/td>\n<\/tr>\n<\/tbody>\n<\/table>\n<h2 data-path-to-node=\"8\">Hauptvorteile f\u00fcr den gro\u00dffl\u00e4chigen Einsatz<\/h2>\n<h3 data-path-to-node=\"9\">1. Optimiertes APC-Reflexionsmanagement<\/h3>\n<p data-path-to-node=\"10\">Die 8-Grad-Winkelpolitur (APC) sorgt f\u00fcr eine R\u00fcckflussd\u00e4mpfung von <b data-path-to-node=\"10\" data-index-in-node=\"58\">\u2265 60dB<\/b>. Dies ist f\u00fcr Hochgeschwindigkeitsnetze und leistungsstarke Videosignale von entscheidender Bedeutung, da es die R\u00fcckreflexion in die Ummantelung umleitet und so Signalrauschen und Hardwaresch\u00e4den an empfindlichen Sendern verhindert.<\/p>\n<h3 data-path-to-node=\"11\">2. Hochkapazit\u00e4ts-Duplex (DX)-Design<\/h3>\n<p data-path-to-node=\"12\">Durch die Integration von zwei Glasfaserstr\u00e4ngen in einem Kabel vereinfacht dieser Jumper das Management von Glasfasern mit hoher Dichte in <b data-path-to-node=\"12\" data-index-in-node=\"105\">Optische Verteilerk\u00e4sten (ODF)<\/b>. Er bietet dedizierte Sende- und Empfangspfade, die f\u00fcr Standard-Vollduplex-Ethernet-Architekturen unerl\u00e4sslich sind.<\/p>\n<h3 data-path-to-node=\"13\">3. Langlebigkeit nach technischen Ma\u00dfst\u00e4ben<\/h3>\n<p data-path-to-node=\"14\">Mit einer Zugfestigkeit von <b data-path-to-node=\"14\" data-index-in-node=\"27\">\u2265 200N<\/b> und hochpr\u00e4zisen keramischen Aderendh\u00fclsen sind diese Kabel so konstruiert, dass sie den physischen Belastungen bei der Installation standhalten und gleichzeitig eine stabile optische Leistung \u00fcber Tausende von Steckzyklen hinweg beibehalten.<\/p>\n<h3 data-path-to-node=\"15\">4. Zertifizierte Sicherheitsstandards<\/h3>\n<p data-path-to-node=\"16\">Die gelbe <b data-path-to-node=\"16\" data-index-in-node=\"11\">LSZH<\/b> Ummantelung ist f\u00fcr Innenr\u00e4ume und Rechenzentren konzipiert. Er ist feuerhemmend und gew\u00e4hrleistet, dass bei extremer Hitze keine giftigen Halogengase freigesetzt werden, und erf\u00fcllt die internationalen Sicherheitsvorschriften f\u00fcr kommerzielle und staatliche Projekte.<\/p>\n<hr data-path-to-node=\"17\" \/>\n<h2 data-path-to-node=\"18\">Versorgung und logistische Unterst\u00fctzung<\/h2>\n<ul data-path-to-node=\"19\">\n<li>\n<p data-path-to-node=\"19,0,0\"><b data-path-to-node=\"19,0,0\" data-index-in-node=\"0\">100% Qualit\u00e4tsgepr\u00fcft<\/b>: Jedes Patchkabel wird einzeln auf Einf\u00fcgungsd\u00e4mpfung und R\u00fcckflussd\u00e4mpfung getestet.<\/p>\n<\/li>\n<li>\n<p data-path-to-node=\"19,1,0\"><b data-path-to-node=\"19,1,0\" data-index-in-node=\"0\">Unterst\u00fctzung der Dokumentation<\/b>: Individuelle Pr\u00fcfberichte und 3D-Interferometriedaten sind verf\u00fcgbar f\u00fcr <b data-path-to-node=\"19,1,0\" data-index-in-node=\"92\">Projekt-Einhaltung<\/b>.<\/p>\n<\/li>\n<li>\n<p data-path-to-node=\"19,2,0\"><b data-path-to-node=\"19,2,0\" data-index-in-node=\"0\">Abwicklung von Gro\u00dfauftr\u00e4gen<\/b>: Wir halten einen hohen Lagerbestand f\u00fcr Standardl\u00e4ngen (1m, 3m, 5m, 10m) vor, um schnelle Lieferzeiten zu gew\u00e4hrleisten.<\/p>\n<\/li>\n<li>\n<p data-path-to-node=\"19,3,0\"><b data-path-to-node=\"19,3,0\" data-index-in-node=\"0\">Kundenspezifischer OEM-Service<\/b>: Wir bieten eine flexible Fertigung f\u00fcr ma\u00dfgeschneiderte L\u00e4ngen, spezielle Beschriftungen und unterschiedliche Manteldurchmesser (2,0 mm\/3,0 mm), um spezifische Anforderungen zu erf\u00fcllen. <b data-path-to-node=\"19,3,0\" data-index-in-node=\"155\">Integrator<\/b> Anforderungen.<\/p>\n<\/li>\n<\/ul>","protected":false},"excerpt":{"rendered":"<p data-path-to-node=\"1\"><span class=\"\">Die <\/span><b class=\"\" data-path-to-node=\"1\" data-index-in-node=\"4\">SC\/APC zu SC\/APC Single Mode Duplex (SM DX)<\/b><span class=\"\"> ist ein hochleistungsf\u00e4higer LWL-Jumper, der f\u00fcr die moderne Telekommunikation und Hochgeschwindigkeitsdaten\u00fcbertragung entwickelt wurde.<\/span><span class=\"\"> Mit dem charakteristischen Gr\u00fcn <\/span><b class=\"\" data-path-to-node=\"1\" data-index-in-node=\"192\">Angewinkelter physischer Kontakt (APC)<\/b><span class=\"\"> Anschl\u00fcsse an beiden Enden,<\/span><span class=\"\"> Dieses Kabel wurde speziell entwickelt, um die R\u00fcckreflexion zu minimieren,<\/span><span class=\"\"> und ist damit die erste Wahl f\u00fcr <\/span><b class=\"\" data-path-to-node=\"1\" data-index-in-node=\"347\">GPON, FTTX und CATV<\/b><span class=\"\"> Infrastruktur.<\/span><\/p>\n<p data-path-to-node=\"2\"><span class=\"\">Bei einer Konfiguration mit zwei Fasern (Duplex),<\/span><span class=\"\"> dieses Patchkabel unterst\u00fctzt den gleichzeitigen bidirektionalen Datenfluss,<\/span><span class=\"\"> Sie bieten die Zuverl\u00e4ssigkeit und Signalintegrit\u00e4t, die f\u00fcr unternehmenskritische Netzeins\u00e4tze erforderlich sind.<\/span><\/p>","protected":false},"featured_media":810,"comment_status":"open","ping_status":"closed","template":"","meta":[],"product_brand":[],"product_cat":[45],"product_tag":[],"class_list":{"0":"post-808","1":"product","2":"type-product","3":"status-publish","4":"has-post-thumbnail","6":"product_cat-single-mode-fiber-optic-patch-cord","8":"first","9":"instock","10":"shipping-taxable","11":"product-type-simple"},"_links":{"self":[{"href":"https:\/\/www.fenxifiber.com\/de\/wp-json\/wp\/v2\/product\/808","targetHints":{"allow":["GET"]}}],"collection":[{"href":"https:\/\/www.fenxifiber.com\/de\/wp-json\/wp\/v2\/product"}],"about":[{"href":"https:\/\/www.fenxifiber.com\/de\/wp-json\/wp\/v2\/types\/product"}],"replies":[{"embeddable":true,"href":"https:\/\/www.fenxifiber.com\/de\/wp-json\/wp\/v2\/comments?post=808"}],"wp:featuredmedia":[{"embeddable":true,"href":"https:\/\/www.fenxifiber.com\/de\/wp-json\/wp\/v2\/media\/810"}],"wp:attachment":[{"href":"https:\/\/www.fenxifiber.com\/de\/wp-json\/wp\/v2\/media?parent=808"}],"wp:term":[{"taxonomy":"product_brand","embeddable":true,"href":"https:\/\/www.fenxifiber.com\/de\/wp-json\/wp\/v2\/product_brand?post=808"},{"taxonomy":"product_cat","embeddable":true,"href":"https:\/\/www.fenxifiber.com\/de\/wp-json\/wp\/v2\/product_cat?post=808"},{"taxonomy":"product_tag","embeddable":true,"href":"https:\/\/www.fenxifiber.com\/de\/wp-json\/wp\/v2\/product_tag?post=808"}],"curies":[{"name":"wp","href":"https:\/\/api.w.org\/{rel}","templated":true}]}}