{"id":815,"date":"2026-02-04T01:57:14","date_gmt":"2026-02-04T01:57:14","guid":{"rendered":"https:\/\/www.fenxifiber.com\/?post_type=product&#038;p=815"},"modified":"2026-02-04T02:37:20","modified_gmt":"2026-02-04T02:37:20","slug":"st-upc-st-upc-sm-dx","status":"publish","type":"product","link":"https:\/\/www.fenxifiber.com\/de\/product\/st-upc-st-upc-sm-dx\/","title":{"rendered":"ST\/UPC auf ST\/UPC Einzelmode-Duplex-Glasfaserverbindungskabel | Global Exporter Grade"},"content":{"rendered":"<h2 data-path-to-node=\"4\">Technische Leistungsmatrix<\/h2>\n<table style=\"width: 100%; border-collapse: collapse; margin: 20px 0; font-family: Arial, sans-serif; border: 1px solid #ddd; font-size: 14px;\">\n<thead>\n<tr style=\"background-color: #f8f9fa; text-align: left;\">\n<th style=\"padding: 12px; border: 1px solid #ddd; color: #333;\">Technische Metrik<\/th>\n<th style=\"padding: 12px; border: 1px solid #ddd; color: #333;\">Standard-Spezifikation<\/th>\n<th style=\"padding: 12px; border: 1px solid #ddd; color: #333;\">Engineering Nutzen<\/th>\n<\/tr>\n<\/thead>\n<tbody>\n<tr>\n<td style=\"padding: 12px; border: 1px solid #ddd;\"><strong>Stecker Typ<\/strong><\/td>\n<td style=\"padding: 12px; border: 1px solid #ddd;\">ST\/UPC zu ST\/UPC<\/td>\n<td style=\"padding: 12px; border: 1px solid #ddd;\">Metallischer Bajonettverschluss mit Drehverschluss<\/td>\n<\/tr>\n<tr style=\"background-color: #fdfdfd;\">\n<td style=\"padding: 12px; border: 1px solid #ddd;\"><strong>Faser-Kategorie<\/strong><\/td>\n<td style=\"padding: 12px; border: 1px solid #ddd;\">Einzelmodus-Duplex (SM DX)<\/td>\n<td style=\"padding: 12px; border: 1px solid #ddd;\">Bidirektionaler Datenpfad mit zwei Kernen<\/td>\n<\/tr>\n<tr>\n<td style=\"padding: 12px; border: 1px solid #ddd;\"><strong>Einf\u00fcged\u00e4mpfung<\/strong><\/td>\n<td style=\"padding: 12px; border: 1px solid #ddd;\">\u2264 0,3 dB<\/td>\n<td style=\"padding: 12px; border: 1px solid #ddd;\">Minimaler Leistungsverlust \u00fcber lange Strecken<\/td>\n<\/tr>\n<tr style=\"background-color: #fdfdfd;\">\n<td style=\"padding: 12px; border: 1px solid #ddd;\"><strong>R\u00fcckflussd\u00e4mpfung<\/strong><\/td>\n<td style=\"padding: 12px; border: 1px solid #ddd;\">\u2265 50 dB (UPC)<\/td>\n<td style=\"padding: 12px; border: 1px solid #ddd;\">Hoher Signal-Rausch-Abstand<\/td>\n<\/tr>\n<tr>\n<td style=\"padding: 12px; border: 1px solid #ddd;\"><strong>Betriebswellenl\u00e4nge<\/strong><\/td>\n<td style=\"padding: 12px; border: 1px solid #ddd;\">1310nm \/ 1490nm \/ 1550nm<\/td>\n<td style=\"padding: 12px; border: 1px solid #ddd;\">Universelle OS2-Spektrum-Unterst\u00fctzung<\/td>\n<\/tr>\n<tr style=\"background-color: #fdfdfd;\">\n<td style=\"padding: 12px; border: 1px solid #ddd;\"><strong>Zugfestigkeit<\/strong><\/td>\n<td style=\"padding: 12px; border: 1px solid #ddd;\">\u2265 200 N<\/td>\n<td style=\"padding: 12px; border: 1px solid #ddd;\">Robuste Ausf\u00fchrung f\u00fcr raue Umgebungen<\/td>\n<\/tr>\n<tr>\n<td style=\"padding: 12px; border: 1px solid #ddd;\"><strong>Material der Jacke<\/strong><\/td>\n<td style=\"padding: 12px; border: 1px solid #ddd;\">LSZH (Gelb)<\/td>\n<td style=\"padding: 12px; border: 1px solid #ddd;\">Raucharme, halogenfreie Sicherheit<\/td>\n<\/tr>\n<\/tbody>\n<\/table>\n<h2 data-path-to-node=\"11\">Strategische Exportvorteile<\/h2>\n<h3 data-path-to-node=\"12\">1. Multiregionale Konformit\u00e4t (RoHS, REACH, CPR)<\/h3>\n<p data-path-to-node=\"13\">Unsere Produkte sind vollst\u00e4ndig konform mit <b data-path-to-node=\"13\" data-index-in-node=\"38\">RoHS (Beschr\u00e4nkung der Verwendung bestimmter gef\u00e4hrlicher Stoffe)<\/b> und <b data-path-to-node=\"13\" data-index-in-node=\"85\">REACH<\/b> Vorschriften, die eine reibungslose Zollabfertigung in der Europ\u00e4ischen Union, Nordamerika und anderen regulierten M\u00e4rkten erm\u00f6glichen. Die Website <b data-path-to-node=\"13\" data-index-in-node=\"213\">LSZH<\/b> Jacke trifft europ\u00e4ische <b data-path-to-node=\"13\" data-index-in-node=\"240\">CPR (Bauproduktenverordnung)<\/b> Sicherheitsebenen f\u00fcr die Innenverkabelung.<\/p>\n<h3 data-path-to-node=\"14\">2. Standardisiertes Metallisches Bajonettgeh\u00e4use<\/h3>\n<p data-path-to-node=\"15\">Die ST-Steckverbinder bestehen aus einem vernickelten Metallgeh\u00e4use, das eine sichere \u201cTwist-and-Lock\u201d-Verbindung erm\u00f6glicht. Dieses universelle Design ist ideal f\u00fcr <b data-path-to-node=\"15\" data-index-in-node=\"153\">globale industrielle Automatisierung<\/b> und \u00e4ltere Telekommunikations-Upgrades, um eine vibrationsfeste Schnittstelle zu gew\u00e4hrleisten, die den weltweiten Normen f\u00fcr mechanische Belastungen entspricht.<\/p>\n<h3 data-path-to-node=\"16\">3. Voll-Duplex-Effizienz f\u00fcr Langstreckenverbindungen<\/h3>\n<p data-path-to-node=\"17\">Die Duplex-Konfiguration (DX) unterst\u00fctzt den f\u00fcr 1G\/10G-Ethernet-Anwendungen erforderlichen bidirektionalen Datenfluss. Durch die Verwendung von hochwertigen OS2-Singlemode-Glaskernen gew\u00e4hrleisten wir die Signalintegrit\u00e4t \u00fcber die langen Entfernungen, die h\u00e4ufig in <b data-path-to-node=\"17\" data-index-in-node=\"229\">grenz\u00fcberschreitende Infrastruktur und campusweite Netze<\/b>.<\/p>\n<h3 data-path-to-node=\"18\">4. Spezialisierte Exportverpackung und Schutz<\/h3>\n<p data-path-to-node=\"19\">Um Sch\u00e4den beim See- oder Lufttransport zu vermeiden, wird jedes Patchkabel einzeln in feuchtigkeitsdichten antistatischen Beuteln versiegelt. Jede Sendung ist mit einem einscannbaren Etikett versehen <b data-path-to-node=\"19\" data-index-in-node=\"161\">Barcodes und Testergebnisse<\/b> (IL\/RL) zur Rationalisierung des Empfangsverfahrens f\u00fcr <b data-path-to-node=\"19\" data-index-in-node=\"235\">Internationale Vertriebsh\u00e4ndler und Agenten<\/b>.<\/p>\n<hr data-path-to-node=\"20\" \/>\n<h2 data-path-to-node=\"21\">Globale Unterst\u00fctzung bei Beschaffung und Fulfillment<\/h2>\n<ul data-path-to-node=\"22\">\n<li>\n<p data-path-to-node=\"22,0,0\"><b data-path-to-node=\"22,0,0\" data-index-in-node=\"0\">100% Werks\u00fcberpr\u00fcfung<\/b>: Jedes einzelne Patchkabel wird einer 3D-Interferometrie und optischen Tests unterzogen, bevor es f\u00fcr den Export freigegeben wird.<\/p>\n<\/li>\n<li>\n<p data-path-to-node=\"22,1,0\"><b data-path-to-node=\"22,1,0\" data-index-in-node=\"0\">Pr\u00fcfungsreife Dokumentation<\/b>: Wir bieten vollst\u00e4ndige technische Datenbl\u00e4tter, COA (Certificate of Analysis) und individuelle Pr\u00fcfberichte zur Unterst\u00fctzung <b data-path-to-node=\"22,1,0\" data-index-in-node=\"136\">Beschaffung<\/b> und staatliche Ausschreibungen.<\/p>\n<\/li>\n<li>\n<p data-path-to-node=\"22,2,0\"><b data-path-to-node=\"22,2,0\" data-index-in-node=\"0\">Gro\u00dfauftragslogistik<\/b>: Wir verf\u00fcgen \u00fcber einen gro\u00dfen Bestand an Standardl\u00e4ngen (1m bis 30m), um schnelle Lieferzeiten f\u00fcr <b data-path-to-node=\"22,2,0\" data-index-in-node=\"118\">Gro\u00df angelegte Beschaffung<\/b>.<\/p>\n<\/li>\n<li>\n<p data-path-to-node=\"22,3,0\"><b data-path-to-node=\"22,3,0\" data-index-in-node=\"0\">OEM-Anpassung<\/b>: Wir bieten ma\u00dfgeschneiderte Kabelfarben, individuell bedruckte Etiketten und spezifische Manteldurchmesser (2,0 mm\/3,0 mm), um Ihren lokalen Marktanforderungen gerecht zu werden.<\/p>\n<\/li>\n<\/ul>","protected":false},"excerpt":{"rendered":"<p data-path-to-node=\"1\">Die <b data-path-to-node=\"1\" data-index-in-node=\"4\">ST\/UPC zu ST\/UPC Single Mode Duplex (SM DX)<\/b> ist eine robuste Glasfaserverbindung, die f\u00fcr Umgebungen entwickelt wurde, die eine hohe mechanische Festigkeit erfordern. Durch die Verwendung eines metallischen, federbelasteten Bajonett-Kupplungsmechanismus ist dieser \u201cBlue-to-Blue\u201d-Dual-Fiber-Jumper der Industriestandard f\u00fcr <b data-path-to-node=\"1\" data-index-in-node=\"285\">Industrieautomatisierung, Campus-Backbones und Kommunikationssysteme f\u00fcr milit\u00e4rische Zwecke<\/b> wo die Vibrationsfestigkeit entscheidend ist.<\/p>\n<p data-path-to-node=\"2\">Diese f\u00fcr die OS2-Singlemode-Leistung optimierte Duplex-Baugruppe bietet eine sichere \u201cTwist-and-Lock\u201d-Verbindung, die einen kontinuierlichen bidirektionalen Datenfluss auch unter schwierigen physikalischen Bedingungen gew\u00e4hrleistet.<\/p>","protected":false},"featured_media":816,"comment_status":"open","ping_status":"closed","template":"","meta":[],"product_brand":[],"product_cat":[45],"product_tag":[],"class_list":{"0":"post-815","1":"product","2":"type-product","3":"status-publish","4":"has-post-thumbnail","6":"product_cat-single-mode-fiber-optic-patch-cord","8":"first","9":"instock","10":"shipping-taxable","11":"product-type-simple"},"_links":{"self":[{"href":"https:\/\/www.fenxifiber.com\/de\/wp-json\/wp\/v2\/product\/815","targetHints":{"allow":["GET"]}}],"collection":[{"href":"https:\/\/www.fenxifiber.com\/de\/wp-json\/wp\/v2\/product"}],"about":[{"href":"https:\/\/www.fenxifiber.com\/de\/wp-json\/wp\/v2\/types\/product"}],"replies":[{"embeddable":true,"href":"https:\/\/www.fenxifiber.com\/de\/wp-json\/wp\/v2\/comments?post=815"}],"wp:featuredmedia":[{"embeddable":true,"href":"https:\/\/www.fenxifiber.com\/de\/wp-json\/wp\/v2\/media\/816"}],"wp:attachment":[{"href":"https:\/\/www.fenxifiber.com\/de\/wp-json\/wp\/v2\/media?parent=815"}],"wp:term":[{"taxonomy":"product_brand","embeddable":true,"href":"https:\/\/www.fenxifiber.com\/de\/wp-json\/wp\/v2\/product_brand?post=815"},{"taxonomy":"product_cat","embeddable":true,"href":"https:\/\/www.fenxifiber.com\/de\/wp-json\/wp\/v2\/product_cat?post=815"},{"taxonomy":"product_tag","embeddable":true,"href":"https:\/\/www.fenxifiber.com\/de\/wp-json\/wp\/v2\/product_tag?post=815"}],"curies":[{"name":"wp","href":"https:\/\/api.w.org\/{rel}","templated":true}]}}