{"id":817,"date":"2026-02-04T02:06:19","date_gmt":"2026-02-04T02:06:19","guid":{"rendered":"https:\/\/www.fenxifiber.com\/?post_type=product&#038;p=817"},"modified":"2026-02-04T02:40:57","modified_gmt":"2026-02-04T02:40:57","slug":"st-mit-geschlossenem-ende-0-9mm-lose-komponenten","status":"publish","type":"product","link":"https:\/\/www.fenxifiber.com\/de\/product\/st-closed-ended-0-9mm-bulk-components\/","title":{"rendered":"ST Closed-Ended 0,9mm Bulk-Komponenten | Tier-1-Lieferantenpreise"},"content":{"rendered":"<h2 class=\"\" data-path-to-node=\"7\">Technische Leistungsmatrix (Engineering Grade)<\/h2>\n<table style=\"width: 100%; border-collapse: collapse; margin: 20px 0; font-family: Arial, sans-serif; border: 1px solid #ddd; font-size: 14px;\">\n<thead>\n<tr style=\"background-color: #f8f9fa; text-align: left;\">\n<th style=\"padding: 12px; border: 1px solid #ddd; color: #333;\">Komponente Metrik<\/th>\n<th style=\"padding: 12px; border: 1px solid #ddd; color: #333;\">Standard-Spezifikation<\/th>\n<th style=\"padding: 12px; border: 1px solid #ddd; color: #333;\">Globale Einhaltung<\/th>\n<\/tr>\n<\/thead>\n<tbody>\n<tr>\n<td style=\"padding: 12px; border: 1px solid #ddd;\"><strong>Steckverbinder-Architektur<\/strong><\/td>\n<td style=\"padding: 12px; border: 1px solid #ddd;\">ST Geschlossener Typ<\/td>\n<td style=\"padding: 12px; border: 1px solid #ddd;\">IEC 61754-2 \/ TIA-604-2<\/td>\n<\/tr>\n<tr style=\"background-color: #fdfdfd;\">\n<td style=\"padding: 12px; border: 1px solid #ddd;\"><strong>Faser-Kompatibilit\u00e4t<\/strong><\/td>\n<td style=\"padding: 12px; border: 1px solid #ddd;\">0,9 mm dichte Pufferfaser<\/td>\n<td style=\"padding: 12px; border: 1px solid #ddd;\">Ideal f\u00fcr kompaktes Routing<\/td>\n<\/tr>\n<tr>\n<td style=\"padding: 12px; border: 1px solid #ddd;\"><strong>Material der Aderendh\u00fclse<\/strong><\/td>\n<td style=\"padding: 12px; border: 1px solid #ddd;\">Zirkoniumdioxid-Keramik<\/td>\n<td style=\"padding: 12px; border: 1px solid #ddd;\">\u2264 0,5\u03bcm Rundlaufgenauigkeit<\/td>\n<\/tr>\n<tr style=\"background-color: #fdfdfd;\">\n<td style=\"padding: 12px; border: 1px solid #ddd;\"><strong>Material des Geh\u00e4uses<\/strong><\/td>\n<td style=\"padding: 12px; border: 1px solid #ddd;\">Vernickelte Zink-Legierung<\/td>\n<td style=\"padding: 12px; border: 1px solid #ddd;\">Korrosionsbest\u00e4ndig (Salzspr\u00fchnebel)<\/td>\n<\/tr>\n<tr>\n<td style=\"padding: 12px; border: 1px solid #ddd;\"><strong>Einf\u00fcged\u00e4mpfung<\/strong><\/td>\n<td style=\"padding: 12px; border: 1px solid #ddd;\">\u2264 0,2 dB (typisch)<\/td>\n<td style=\"padding: 12px; border: 1px solid #ddd;\">Hocheffiziente Kupplung<\/td>\n<\/tr>\n<tr style=\"background-color: #fdfdfd;\">\n<td style=\"padding: 12px; border: 1px solid #ddd;\"><strong>Umweltstandards<\/strong><\/td>\n<td style=\"padding: 12px; border: 1px solid #ddd;\">LSZH-Stiefel \/ RoHS<\/td>\n<td style=\"padding: 12px; border: 1px solid #ddd;\">REACH \/ CE zertifiziert<\/td>\n<\/tr>\n<\/tbody>\n<\/table>\n<h2 data-path-to-node=\"11\">Strategische Vorteile f\u00fcr die Beschaffung von Masseng\u00fctern<\/h2>\n<ul data-path-to-node=\"12\">\n<li>\n<p data-path-to-node=\"12,0,0\"><b data-path-to-node=\"12,0,0\" data-index-in-node=\"0\">Pr\u00e4zisionsausrichtung<\/b>: Unsere Zirkoniumdioxid-Aderendh\u00fclsen sind auf einen extrem niedrigen Konzentrizit\u00e4tsfehler ausgelegt, so dass Ihre feldkonfektionierten Kabel eine Leistung auf Werksniveau erreichen.<\/p>\n<\/li>\n<li>\n<p data-path-to-node=\"12,1,0\"><b data-path-to-node=\"12,1,0\" data-index-in-node=\"0\">Robustes Bajonettschloss<\/b>: Der Dreh- und Verriegelungsmechanismus sorgt f\u00fcr einen konstanten, unter Druck stehenden physischen Kontakt, der sehr widerstandsf\u00e4hig gegen mechanische Vibrationen und St\u00f6\u00dfe ist.<\/p>\n<\/li>\n<li>\n<p data-path-to-node=\"12,2,0\"><b data-path-to-node=\"12,2,0\" data-index-in-node=\"0\">Optimiert f\u00fcr 0,9 mm Faser<\/b>: Die Manschette und das interne Crimpgeh\u00e4use sind speziell daf\u00fcr ausgelegt, 0,9-mm-Puffer zu greifen, ohne Mikroknicke oder Signalverluste zu verursachen.<\/p>\n<\/li>\n<li>\n<p data-path-to-node=\"12,3,0\"><b data-path-to-node=\"12,3,0\" data-index-in-node=\"0\">Kosteneffiziente Verpackung<\/b>: Erh\u00e4ltlich in Gro\u00dfpackungen (z. B. 100 St\u00fcck\/Set oder 1000 St\u00fcck\/Beutel), wodurch der Verpackungsm\u00fcll reduziert und die Kosten pro Einheit gesenkt werden k\u00f6nnen. <b data-path-to-node=\"12,3,0\" data-index-in-node=\"145\">OEM-Hersteller<\/b>.<\/p>\n<\/li>\n<\/ul>\n<hr data-path-to-node=\"13\" \/>\n<h2 data-path-to-node=\"14\">FAQ (H\u00e4ufig gestellte Fragen)<\/h2>\n<p data-path-to-node=\"15\"><b data-path-to-node=\"15\" data-index-in-node=\"0\">Q1: Was ist der Unterschied zwischen \u201cClosed-Ended\u201d- und Standard-ST-Steckern?<\/b> <b data-path-to-node=\"15\" data-index-in-node=\"78\">A:<\/b> Das Closed-Ended-Design zeichnet sich durch ein st\u00e4rker integriertes Geh\u00e4use aus, das die interne Feder und die Ferrule w\u00e4hrend des Montageprozesses besser sch\u00fctzt und einen stabileren mechanischen Sitz nach dem Zusammenstecken in Umgebungen mit starken Vibrationen gew\u00e4hrleistet.<\/p>\n<p data-path-to-node=\"16\"><b data-path-to-node=\"16\" data-index-in-node=\"0\">F2: Sind diese Komponenten mit Multimode-Fasern kompatibel?<\/b> <b data-path-to-node=\"16\" data-index-in-node=\"58\">A:<\/b> Obwohl dieses Modell f\u00fcr Single-Mode-Anwendungen optimiert ist (aufgrund der hochpr\u00e4zisen Ferrule-Toleranzen), bieten wir auch multimodespezifische Komponenten an. Bitte geben Sie Ihren Fasertyp an, wenn Sie eine <b data-path-to-node=\"16\" data-index-in-node=\"268\">Sammelbestellung<\/b>.<\/p>\n<p data-path-to-node=\"17\"><b data-path-to-node=\"17\" data-index-in-node=\"0\">F3: Bietet Ihr Werk die Montagewerkzeuge f\u00fcr diese ST-Komponenten an?<\/b> <b data-path-to-node=\"17\" data-index-in-node=\"74\">A:<\/b> Ja, als ein f\u00fchrender <b data-path-to-node=\"17\" data-index-in-node=\"95\">Hersteller<\/b>, Wir bieten ein komplettes Sortiment an Crimpwerkzeugen, Poliers\u00e4tzen und Aush\u00e4rte\u00f6fen, die speziell f\u00fcr unsere ST-Komponentens\u00e4tze entwickelt wurden.<\/p>\n<p data-path-to-node=\"18\"><b data-path-to-node=\"18\" data-index-in-node=\"0\">F4: Kann ich benutzerdefinierte Boot-Farben f\u00fcr die Farbcodierung meines Netzwerks anfordern?<\/b> <b data-path-to-node=\"18\" data-index-in-node=\"66\">A:<\/b> Ja, absolut. Wir unterst\u00fctzen <b data-path-to-node=\"18\" data-index-in-node=\"92\">OEM-Anpassung<\/b>. Gelb ist die Standardfarbe f\u00fcr Singlemode-Kabel, aber wir k\u00f6nnen Stiefel in verschiedenen Farben liefern, um die Identifikationsanforderungen Ihres Projekts zu erf\u00fcllen.<\/p>\n<p data-path-to-node=\"19\"><b data-path-to-node=\"19\" data-index-in-node=\"0\">F5: Was ist die Standardvorlaufzeit f\u00fcr eine Gro\u00dfbestellung?<\/b> <b data-path-to-node=\"19\" data-index-in-node=\"53\">A:<\/b> F\u00fcr ST-Standardkomponenten halten wir einen gro\u00dfen Lagerbestand vor. Normalerweise sind Bestellungen innerhalb von 3-5 Werktagen versandfertig.<\/p>","protected":false},"excerpt":{"rendered":"<p data-path-to-node=\"1\">Die <b data-path-to-node=\"1\" data-index-in-node=\"4\">ST Closed-Ended 0.9mm Bulk-Komponenten<\/b> sind f\u00fcr die hochpr\u00e4zise Montage vor Ort und die werksseitigen Abschl\u00fcsse konzipiert. Speziell entwickelt f\u00fcr <b data-path-to-node=\"1\" data-index-in-node=\"149\">0,9 mm dichte Pufferfasern<\/b>, Diese Komponenten verf\u00fcgen \u00fcber ein robustes Metallgeh\u00e4use mit Bajonettverschluss, das eine sichere, vibrationsfeste \u201cTwist-and-Lock\u201d-Verbindung gew\u00e4hrleistet. Die \u201cClosed-Ended\u201d-Konstruktion bietet einen hervorragenden Schutz f\u00fcr die interne Keramikh\u00fclse und ist damit die ideale Wahl f\u00fcr <b data-path-to-node=\"1\" data-index-in-node=\"432\">industrielle Sensoren, milit\u00e4rische Kommunikationsverbindungen und hochstabile Telekommunikations-ODFs<\/b>.<\/p>\n<p data-path-to-node=\"2\">Als spezialisiertes Massenangebot sind diese Komponenten f\u00fcr Integratoren mit hohen St\u00fcckzahlen optimiert, die konstante mechanische Toleranzen und eine einfache Montage vor Ort ben\u00f6tigen.<\/p>","protected":false},"featured_media":818,"comment_status":"open","ping_status":"closed","template":"","meta":[],"product_brand":[],"product_cat":[29],"product_tag":[],"class_list":{"0":"post-817","1":"product","2":"type-product","3":"status-publish","4":"has-post-thumbnail","6":"product_cat-st-connector","8":"first","9":"instock","10":"shipping-taxable","11":"product-type-simple"},"_links":{"self":[{"href":"https:\/\/www.fenxifiber.com\/de\/wp-json\/wp\/v2\/product\/817","targetHints":{"allow":["GET"]}}],"collection":[{"href":"https:\/\/www.fenxifiber.com\/de\/wp-json\/wp\/v2\/product"}],"about":[{"href":"https:\/\/www.fenxifiber.com\/de\/wp-json\/wp\/v2\/types\/product"}],"replies":[{"embeddable":true,"href":"https:\/\/www.fenxifiber.com\/de\/wp-json\/wp\/v2\/comments?post=817"}],"wp:featuredmedia":[{"embeddable":true,"href":"https:\/\/www.fenxifiber.com\/de\/wp-json\/wp\/v2\/media\/818"}],"wp:attachment":[{"href":"https:\/\/www.fenxifiber.com\/de\/wp-json\/wp\/v2\/media?parent=817"}],"wp:term":[{"taxonomy":"product_brand","embeddable":true,"href":"https:\/\/www.fenxifiber.com\/de\/wp-json\/wp\/v2\/product_brand?post=817"},{"taxonomy":"product_cat","embeddable":true,"href":"https:\/\/www.fenxifiber.com\/de\/wp-json\/wp\/v2\/product_cat?post=817"},{"taxonomy":"product_tag","embeddable":true,"href":"https:\/\/www.fenxifiber.com\/de\/wp-json\/wp\/v2\/product_tag?post=817"}],"curies":[{"name":"wp","href":"https:\/\/api.w.org\/{rel}","templated":true}]}}