{"id":819,"date":"2026-02-04T02:07:44","date_gmt":"2026-02-04T02:07:44","guid":{"rendered":"https:\/\/www.fenxifiber.com\/?post_type=product&#038;p=819"},"modified":"2026-02-04T02:42:06","modified_gmt":"2026-02-04T02:42:06","slug":"st-mit-geschlossenem-ende-2-0mm-lose-komponenten","status":"publish","type":"product","link":"https:\/\/www.fenxifiber.com\/de\/product\/st-closed-ended-2-0mm-bulk-components\/","title":{"rendered":"ST Closed-Ended 2.0mm Bulk Components | F\u00fchrende Lieferantenl\u00f6sungen"},"content":{"rendered":"<h2 data-path-to-node=\"4\">Technische Leistungsmatrix (Projektnote)<\/h2>\n<table style=\"width: 100%; border-collapse: collapse; margin: 20px 0; font-family: Arial, sans-serif; border: 1px solid #ddd; font-size: 14px;\">\n<thead>\n<tr style=\"background-color: #f8f9fa; text-align: left;\">\n<th style=\"padding: 12px; border: 1px solid #ddd; color: #333;\">Komponente Metrik<\/th>\n<th style=\"padding: 12px; border: 1px solid #ddd; color: #333;\">Standard-Spezifikation<\/th>\n<th style=\"padding: 12px; border: 1px solid #ddd; color: #333;\">Technischer Vorteil<\/th>\n<\/tr>\n<\/thead>\n<tbody>\n<tr>\n<td style=\"padding: 12px; border: 1px solid #ddd;\"><strong>Anschlussart<\/strong><\/td>\n<td style=\"padding: 12px; border: 1px solid #ddd;\">ST (Abgeschlossen)<\/td>\n<td style=\"padding: 12px; border: 1px solid #ddd;\">Vibrationsfeste Bajonettkupplung<\/td>\n<\/tr>\n<tr style=\"background-color: #fdfdfd;\">\n<td style=\"padding: 12px; border: 1px solid #ddd;\"><strong>Kabel-Kompatibilit\u00e4t<\/strong><\/td>\n<td style=\"padding: 12px; border: 1px solid #ddd;\">2.0mm Simplex\/Duplex Kabel<\/td>\n<td style=\"padding: 12px; border: 1px solid #ddd;\">Sicherer Halt f\u00fcr ummantelte Fasern<\/td>\n<\/tr>\n<tr>\n<td style=\"padding: 12px; border: 1px solid #ddd;\"><strong>Aderendh\u00fclsen-Technologie<\/strong><\/td>\n<td style=\"padding: 12px; border: 1px solid #ddd;\">Hochpr\u00e4zise Zirkoniumdioxid-Keramik<\/td>\n<td style=\"padding: 12px; border: 1px solid #ddd;\">\u2264 0,5\u03bcm Konzentrizit\u00e4tsfehler<\/td>\n<\/tr>\n<tr style=\"background-color: #fdfdfd;\">\n<td style=\"padding: 12px; border: 1px solid #ddd;\"><strong>Material des Geh\u00e4uses<\/strong><\/td>\n<td style=\"padding: 12px; border: 1px solid #ddd;\">Vernickeltes Zink\/Messing<\/td>\n<td style=\"padding: 12px; border: 1px solid #ddd;\">Hervorragende Korrosionsbest\u00e4ndigkeit<\/td>\n<\/tr>\n<tr>\n<td style=\"padding: 12px; border: 1px solid #ddd;\"><strong>Dauerhaftigkeit der Paarung<\/strong><\/td>\n<td style=\"padding: 12px; border: 1px solid #ddd;\">&gt; 1000 Zyklen<\/td>\n<td style=\"padding: 12px; border: 1px solid #ddd;\">Beh\u00e4lt die IL\/RL \u00fcber die Zeit stabil bei<\/td>\n<\/tr>\n<tr style=\"background-color: #fdfdfd;\">\n<td style=\"padding: 12px; border: 1px solid #ddd;\"><strong>Einhaltung der Sicherheitsvorschriften<\/strong><\/td>\n<td style=\"padding: 12px; border: 1px solid #ddd;\">RoHS- und REACH-konform<\/td>\n<td style=\"padding: 12px; border: 1px solid #ddd;\">Globale Umweltstandards<\/td>\n<\/tr>\n<\/tbody>\n<\/table>\n<h2 data-path-to-node=\"8\">Strategische Vorteile f\u00fcr industrielle Integratoren<\/h2>\n<h3 data-path-to-node=\"9\">1. Robuste 2,0-mm-St\u00fctze<\/h3>\n<p data-path-to-node=\"10\">Der Crimpring und die Manschette wurden speziell f\u00fcr 2,0-mm-Kabel entwickelt, bieten eine hervorragende Zugentlastung und verhindern die Migration des Kerns unter mechanischer Spannung. Dadurch sind die Komponenten ideal f\u00fcr stark frequentierte Patching-Bereiche.<\/p>\n<h3 data-path-to-node=\"11\">2. Hochleistungsf\u00e4hige Zirkoniumdioxid-Ferrules<\/h3>\n<p data-path-to-node=\"12\">Unsere Aderendh\u00fclsen werden aufgrund ihrer extrem glatten Oberfl\u00e4chenbeschaffenheit und ihrer hochpr\u00e4zisen Innendurchmesser ausgew\u00e4hlt. Dadurch wird sichergestellt, dass jeder feldkonfektionierte Steckverbinder ein niedriges Einf\u00fcgungsd\u00e4mpfungsprofil aufweist, das die Qualit\u00e4t von werkseitig vorkonfektionierten Steckverbindern widerspiegelt.<\/p>\n<h3 data-path-to-node=\"13\">3. Metallgeh\u00e4use in Industriequalit\u00e4t<\/h3>\n<p data-path-to-node=\"14\">Das vernickelte Geh\u00e4use ist so konzipiert, dass es rauer Handhabung und korrosiven Atmosph\u00e4ren standh\u00e4lt. Das \u201cClosed-Ended\u201d-Design sorgt daf\u00fcr, dass der interne Federmechanismus w\u00e4hrend des Crimp- und Anschlussvorgangs vor Staub und Schmutz gesch\u00fctzt ist.<\/p>\n<hr data-path-to-node=\"15\" \/>\n<h2 data-path-to-node=\"16\">FAQ (H\u00e4ufig gestellte Fragen)<\/h2>\n<p data-path-to-node=\"17\"><b data-path-to-node=\"17\" data-index-in-node=\"0\">F1: Was sind die Vorteile des 2,0-mm-Stiefels gegen\u00fcber der 3,0-mm-Version?<\/b> <b data-path-to-node=\"17\" data-index-in-node=\"68\">A:<\/b> Die 2,0-mm-Tasche ist f\u00fcr Umgebungen mit hoher Patchdichte konzipiert, in denen 3,0-mm-Kabel zu sperrig w\u00e4ren. Sie bietet ein ideales Gleichgewicht zwischen Flexibilit\u00e4t und mechanischem Schutz.<\/p>\n<p data-path-to-node=\"18\"><b data-path-to-node=\"18\" data-index-in-node=\"0\">F2: K\u00f6nnen diese ST-Komponenten sowohl f\u00fcr Singlemode als auch f\u00fcr Multimode verwendet werden?<\/b> <b data-path-to-node=\"18\" data-index-in-node=\"72\">A:<\/b> Ja. W\u00e4hrend die hochpr\u00e4zise Zirkoniumdioxid-Ferrule Standard f\u00fcr Single-Mode-Anwendungen ist, sind diese Komponenten vollst\u00e4ndig kompatibel mit Multimode-Anwendungen. F\u00fcr <b data-path-to-node=\"18\" data-index-in-node=\"222\">Gro\u00dfbestellungen<\/b>, Bitte geben Sie an, ob Sie bestimmte farblich gekennzeichnete Stiefel ben\u00f6tigen.<\/p>\n<p data-path-to-node=\"19\"><b data-path-to-node=\"19\" data-index-in-node=\"0\">F3: Sind die Aderendh\u00fclsen im Geh\u00e4use vorinstalliert?<\/b> <b data-path-to-node=\"19\" data-index-in-node=\"51\">A:<\/b> Als <b data-path-to-node=\"19\" data-index-in-node=\"59\">Anbieter<\/b> von Massenkomponenten k\u00f6nnen wir sie entweder vormontiert oder als Einzelteile (H\u00fclse, Geh\u00e4use, Feder, Manschette) liefern, um sie an Ihren spezifischen Fabrikautomatisierungs- oder manuellen Montageprozess anzupassen.<\/p>\n<p data-path-to-node=\"20\"><b data-path-to-node=\"20\" data-index-in-node=\"0\">F4: Bieten Sie kundenspezifische Faltenbalgmaterialien wie Plenum-rated oder LSZH an?<\/b> <b data-path-to-node=\"20\" data-index-in-node=\"66\">A:<\/b> Ja, unsere Standardstiefel sind aus LSZH. Wir k\u00f6nnen auch spezielle Materialien f\u00fcr Hochtemperatur- oder feuerbest\u00e4ndige Anwendungen \u00fcber unser <b data-path-to-node=\"20\" data-index-in-node=\"205\">OEM\/ODM<\/b> Dienstleistung.<\/p>\n<p data-path-to-node=\"21\"><b data-path-to-node=\"21\" data-index-in-node=\"0\">F5: Wie ist die Verpackung f\u00fcr Massensendungen?<\/b> <b data-path-to-node=\"21\" data-index-in-node=\"46\">A:<\/b> Die Komponenten werden in der Regel in S\u00e4tzen von 100 oder 500 St\u00fcck in antistatischen Beuteln verpackt, um sicherzustellen, dass sie sauber und bereit f\u00fcr die sofortige Montage ankommen.<\/p>","protected":false},"excerpt":{"rendered":"<p data-path-to-node=\"1\">Die <b data-path-to-node=\"1\" data-index-in-node=\"4\">ST Geschlossene 2,0-mm-Massekomponenten<\/b> sind f\u00fcr hochleistungsf\u00e4hige Kabelkonfektionierung und robuste Feldabschl\u00fcsse konzipiert. Speziell entwickelt f\u00fcr <b data-path-to-node=\"1\" data-index-in-node=\"154\">2,0 mm ummantelte Faser<\/b>, Diese Komponenten verf\u00fcgen \u00fcber ein hochbelastbares, vernickeltes Metallgeh\u00e4use mit einem federbelasteten Bajonettmechanismus. Die \u201cClosed-Ended\u201d-Architektur bietet eine verbesserte strukturelle Integrit\u00e4t und sch\u00fctzt die interne Zirkoniumdioxid-Ferrule, was sie zur definitiven Wahl f\u00fcr <b data-path-to-node=\"1\" data-index-in-node=\"437\">Rundfunknetze, industrielles Ethernet und Telekommunikationsverteiler<\/b>.<\/p>\n<p data-path-to-node=\"2\">Als spezialisierte <b data-path-to-node=\"2\" data-index-in-node=\"17\">Anbieter<\/b> Wir bieten diese Kits Integratoren und Montagefirmen an, die enge mechanische Toleranzen und konsistente \u201cTwist-and-Lock\u201d-Zuverl\u00e4ssigkeit in vibrationsintensiven Umgebungen verlangen.<\/p>","protected":false},"featured_media":820,"comment_status":"open","ping_status":"closed","template":"","meta":[],"product_brand":[],"product_cat":[29],"product_tag":[],"class_list":{"0":"post-819","1":"product","2":"type-product","3":"status-publish","4":"has-post-thumbnail","6":"product_cat-st-connector","8":"first","9":"instock","10":"shipping-taxable","11":"product-type-simple"},"_links":{"self":[{"href":"https:\/\/www.fenxifiber.com\/de\/wp-json\/wp\/v2\/product\/819","targetHints":{"allow":["GET"]}}],"collection":[{"href":"https:\/\/www.fenxifiber.com\/de\/wp-json\/wp\/v2\/product"}],"about":[{"href":"https:\/\/www.fenxifiber.com\/de\/wp-json\/wp\/v2\/types\/product"}],"replies":[{"embeddable":true,"href":"https:\/\/www.fenxifiber.com\/de\/wp-json\/wp\/v2\/comments?post=819"}],"wp:featuredmedia":[{"embeddable":true,"href":"https:\/\/www.fenxifiber.com\/de\/wp-json\/wp\/v2\/media\/820"}],"wp:attachment":[{"href":"https:\/\/www.fenxifiber.com\/de\/wp-json\/wp\/v2\/media?parent=819"}],"wp:term":[{"taxonomy":"product_brand","embeddable":true,"href":"https:\/\/www.fenxifiber.com\/de\/wp-json\/wp\/v2\/product_brand?post=819"},{"taxonomy":"product_cat","embeddable":true,"href":"https:\/\/www.fenxifiber.com\/de\/wp-json\/wp\/v2\/product_cat?post=819"},{"taxonomy":"product_tag","embeddable":true,"href":"https:\/\/www.fenxifiber.com\/de\/wp-json\/wp\/v2\/product_tag?post=819"}],"curies":[{"name":"wp","href":"https:\/\/api.w.org\/{rel}","templated":true}]}}