{"id":836,"date":"2026-02-04T02:25:08","date_gmt":"2026-02-04T02:25:08","guid":{"rendered":"https:\/\/www.fenxifiber.com\/?post_type=product&#038;p=836"},"modified":"2026-02-04T02:46:29","modified_gmt":"2026-02-04T02:46:29","slug":"sc-duplex-2-0-3-0mm-upc-apc-hybrid-multimode","status":"publish","type":"product","link":"https:\/\/www.fenxifiber.com\/de\/product\/sc-duplex-2-0-3-0mm-upc-apc-hybrid-multimode\/","title":{"rendered":"SC Duplex 2.0\/3.0mm UPC\/APC Hybrid Multimode"},"content":{"rendered":"<h2 data-path-to-node=\"8\">\ud83d\udcca Technische Leistungsmatrix<\/h2>\n<table style=\"width: 100%; border-collapse: separate; border-spacing: 0; margin: 20px 0; border: 1px solid #e1e1e1; border-radius: 8px; overflow: hidden; font-family: 'Segoe UI', Arial, sans-serif;\">\n<thead style=\"background-color: #2c3e50; color: white;\">\n<tr>\n<th style=\"padding: 15px; text-align: left;\">Parameter<\/th>\n<th style=\"padding: 15px; text-align: left;\">Einmodenbetrieb (UPC\/APC)<\/th>\n<th style=\"padding: 12px; text-align: left;\">Multimode (OM1-OM4)<\/th>\n<\/tr>\n<\/thead>\n<tbody>\n<tr style=\"background-color: #ffffff;\">\n<td style=\"padding: 12px; border-bottom: 1px solid #eee;\"><strong>Einf\u00fcgungsd\u00e4mpfung (IL)<\/strong><\/td>\n<td style=\"padding: 12px; border-bottom: 1px solid #eee;\">\u2264 0,20 dB (typisch)<\/td>\n<td style=\"padding: 12px; border-bottom: 1px solid #eee;\">\u2264 0,25 dB (typisch)<\/td>\n<\/tr>\n<tr style=\"background-color: #fcfcfc;\">\n<td style=\"padding: 12px; border-bottom: 1px solid #eee;\"><strong>R\u00fcckflussd\u00e4mpfung (RL)<\/strong><\/td>\n<td style=\"padding: 12px; border-bottom: 1px solid #eee;\">UPC \u2265 50dB | APC \u2265 60dB<\/td>\n<td style=\"padding: 12px; border-bottom: 1px solid #eee;\">\u2265 35 dB<\/td>\n<\/tr>\n<tr style=\"background-color: #ffffff;\">\n<td style=\"padding: 12px; border-bottom: 1px solid #eee;\"><strong>Dauerhaftigkeit<\/strong><\/td>\n<td style=\"padding: 12px; border-bottom: 1px solid #eee;\">&gt; 1000 Paarungszyklen<\/td>\n<td style=\"padding: 12px; border-bottom: 1px solid #eee;\">&gt; 1000 Paarungszyklen<\/td>\n<\/tr>\n<tr style=\"background-color: #fcfcfc;\">\n<td style=\"padding: 12px; border-bottom: 1px solid #eee;\"><strong>Zugfestigkeit<\/strong><\/td>\n<td style=\"padding: 12px; border-bottom: 1px solid #eee;\">\u2265 100N (2,0\/3,0mm)<\/td>\n<td style=\"padding: 12px; border-bottom: 1px solid #eee;\">\u2265 100N (2,0\/3,0mm)<\/td>\n<\/tr>\n<tr style=\"background-color: #ffffff;\">\n<td style=\"padding: 12px;\"><strong>Betriebstemperatur<\/strong><\/td>\n<td style=\"padding: 12px;\">-40\u00b0C bis +85\u00b0C<\/td>\n<td style=\"padding: 12px;\">-40\u00b0C bis +75\u00b0C<\/td>\n<\/tr>\n<\/tbody>\n<\/table>\n<h2 data-path-to-node=\"12\">\ud83d\udca1 Einblicke in die Anwendung &amp; FAQ<\/h2>\n<p data-path-to-node=\"13\"><b data-path-to-node=\"13\" data-index-in-node=\"0\">F: Wie stimmen die Farbcodes mit den Fasertypen \u00fcberein?<\/b> <b data-path-to-node=\"13\" data-index-in-node=\"57\">A:<\/b> Wir folgen den internationalen TIA-Normen:<\/p>\n<ul data-path-to-node=\"14\">\n<li>\n<p data-path-to-node=\"14,0,0\"><b data-path-to-node=\"14,0,0\" data-index-in-node=\"0\">Blau:<\/b> Einmoden-UPC (OS2)<\/p>\n<\/li>\n<li>\n<p data-path-to-node=\"14,1,0\"><b data-path-to-node=\"14,1,0\" data-index-in-node=\"0\">Gr\u00fcn:<\/b> Einmoden-APC (OS2)<\/p>\n<\/li>\n<li>\n<p data-path-to-node=\"14,2,0\"><b data-path-to-node=\"14,2,0\" data-index-in-node=\"0\">Beige:<\/b> Multimode (OM1\/OM2)<\/p>\n<\/li>\n<li>\n<p data-path-to-node=\"14,3,0\"><b data-path-to-node=\"14,3,0\" data-index-in-node=\"0\">Aqua:<\/b> Multimode (OM3\/OM4 10G)<\/p>\n<\/li>\n<li>\n<p data-path-to-node=\"14,4,0\"><b data-path-to-node=\"14,4,0\" data-index-in-node=\"0\">Magenta:<\/b> Multimode (OM4 hohe Bandbreite)<\/p>\n<\/li>\n<\/ul>\n<p data-path-to-node=\"15\"><b data-path-to-node=\"15\" data-index-in-node=\"0\">F: K\u00f6nnen diese Steckverbinder f\u00fcr hybride Multimode-APC-Konfigurationen verwendet werden?<\/b> <b data-path-to-node=\"15\" data-index-in-node=\"65\">A:<\/b> W\u00e4hrend APC f\u00fcr Single-Mode Standard ist, k\u00f6nnen wir <b data-path-to-node=\"15\" data-index-in-node=\"122\">Multimode-APC<\/b> Steckverbinder f\u00fcr spezifische medizinische und sensorische Anwendungen. Diese werden in der Regel auf Bestellung \u00fcber unser <b data-path-to-node=\"15\" data-index-in-node=\"241\">Hersteller direkt<\/b> Dienstleistung.<\/p>\n<p data-path-to-node=\"16\"><b data-path-to-node=\"16\" data-index-in-node=\"0\">F: Ist der Duplex-Clip abnehmbar?<\/b> <b data-path-to-node=\"16\" data-index-in-node=\"33\">A:<\/b> Ja. Unsere SC-Duplex-Steckverbinder verf\u00fcgen \u00fcber einen abnehmbaren Hochspannungs-Clip, so dass die Steckverbinder bei Bedarf einzeln als Simplex-Steckverbinder verwendet oder zur Polarit\u00e4tskorrektur neu ausgerichtet werden k\u00f6nnen.<\/p>\n<p data-path-to-node=\"17\"><b data-path-to-node=\"17\" data-index-in-node=\"0\">F: Welchen Vorteil bietet der 3,0-mm-Stiefel gegen\u00fcber dem 2,0-mm-Stiefel?<\/b> <b data-path-to-node=\"17\" data-index-in-node=\"62\">A:<\/b> Die 3,0-mm-Manschette wurde f\u00fcr dickere, ummantelte Patchkabel entwickelt, die in rauen Umgebungen oder in vertikalen Anstiegen verwendet werden, wo eine h\u00f6here Zugspannung und ein Knickschutz erforderlich sind. Die 2,0-mm-Manschette ist f\u00fcr das Patchen mit hoher Dichte in ODFs optimiert.<\/p>","protected":false},"excerpt":{"rendered":"<p data-path-to-node=\"1\"><span class=\"\">Die <\/span><b class=\"\" data-path-to-node=\"1\" data-index-in-node=\"4\">SC-Duplex-Stecker<\/b><span class=\"\"> Serie ist eine vielseitige,<\/span><span class=\"\"> Small-Form-Factor-L\u00f6sung, die sowohl f\u00fcr Singlemode- (OS2) als auch f\u00fcr Multimode-Anwendungen (OM1\/OM2\/OM3\/OM4) geeignet ist.<\/span><span class=\"\"> Unterst\u00fctzung f\u00fcr beide <\/span><b class=\"\" data-path-to-node=\"1\" data-index-in-node=\"172\">2,0 mm und 3,0 mm<\/b><span class=\"\"> Kabeldurchmesser,<\/span><span class=\"\"> Diese Steckverbinder nutzen einen Push-Pull-Kopplungsmechanismus f\u00fcr eine schnelle Bereitstellung und ein hochdichtes Fasermanagement.<\/span><\/p>\n<p data-path-to-node=\"2\"><span class=\"\">Verf\u00fcgbar in <\/span><b class=\"\" data-path-to-node=\"2\" data-index-in-node=\"13\">UPC (Ultra Physical Contact)<\/b><span class=\"\"> und <\/span><b class=\"\" data-path-to-node=\"2\" data-index-in-node=\"46\">APC (Angled Physical Contact)<\/b><span class=\"\"> Polierarten,<\/span><span class=\"\"> Unsere SC-Duplex-Steckverbinder sind nach internationalen Standards farbkodiert (Blau,<\/span><span class=\"\"> Gr\u00fcn,<\/span><span class=\"\"> Aqua,<\/span><span class=\"\"> Beige,<\/span><span class=\"\"> und Magenta), um ein fehlerfreies Patching in komplexen Netzwerkumgebungen zu gew\u00e4hrleisten.<\/span><\/p>","protected":false},"featured_media":838,"comment_status":"open","ping_status":"closed","template":"","meta":[],"product_brand":[],"product_cat":[47],"product_tag":[],"class_list":{"0":"post-836","1":"product","2":"type-product","3":"status-publish","4":"has-post-thumbnail","6":"product_cat-sc-duplex-connector-single-mode-multimode","8":"first","9":"instock","10":"shipping-taxable","11":"product-type-simple"},"_links":{"self":[{"href":"https:\/\/www.fenxifiber.com\/de\/wp-json\/wp\/v2\/product\/836","targetHints":{"allow":["GET"]}}],"collection":[{"href":"https:\/\/www.fenxifiber.com\/de\/wp-json\/wp\/v2\/product"}],"about":[{"href":"https:\/\/www.fenxifiber.com\/de\/wp-json\/wp\/v2\/types\/product"}],"replies":[{"embeddable":true,"href":"https:\/\/www.fenxifiber.com\/de\/wp-json\/wp\/v2\/comments?post=836"}],"wp:featuredmedia":[{"embeddable":true,"href":"https:\/\/www.fenxifiber.com\/de\/wp-json\/wp\/v2\/media\/838"}],"wp:attachment":[{"href":"https:\/\/www.fenxifiber.com\/de\/wp-json\/wp\/v2\/media?parent=836"}],"wp:term":[{"taxonomy":"product_brand","embeddable":true,"href":"https:\/\/www.fenxifiber.com\/de\/wp-json\/wp\/v2\/product_brand?post=836"},{"taxonomy":"product_cat","embeddable":true,"href":"https:\/\/www.fenxifiber.com\/de\/wp-json\/wp\/v2\/product_cat?post=836"},{"taxonomy":"product_tag","embeddable":true,"href":"https:\/\/www.fenxifiber.com\/de\/wp-json\/wp\/v2\/product_tag?post=836"}],"curies":[{"name":"wp","href":"https:\/\/api.w.org\/{rel}","templated":true}]}}