{"id":842,"date":"2026-02-04T02:29:49","date_gmt":"2026-02-04T02:29:49","guid":{"rendered":"https:\/\/www.fenxifiber.com\/?post_type=product&#038;p=842"},"modified":"2026-02-04T02:59:09","modified_gmt":"2026-02-04T02:59:09","slug":"sc-apc-0-9mm-alle-kunststoff","status":"publish","type":"product","link":"https:\/\/www.fenxifiber.com\/de\/product\/sc-apc-0-9mm-all-plastic\/","title":{"rendered":"SC APC 0,9mm Vollkunststoff | feldkonfektionierter Pigtail Serie"},"content":{"rendered":"<h2 data-path-to-node=\"4\">\ud83d\udee0 Materialwissenschaft &amp; Design Architektur<\/h2>\n<p data-path-to-node=\"5\">Bei 0,9-mm-Pigtail-Anwendungen, bei denen das Kabelgewicht und der Platzbedarf f\u00fcr das Kabelmanagement im Vordergrund stehen, bietet das Vollkunststoffdesign mehrere strategische technische Vorteile:<\/p>\n<ul data-path-to-node=\"6\">\n<li>\n<p data-path-to-node=\"6,0,0\"><b data-path-to-node=\"6,0,0\" data-index-in-node=\"0\">Raumeffizienz:<\/b> Durch den Verzicht auf sperrige Metallanschl\u00e4ge werden das Gesamtgewicht und der Platzbedarf reduziert. Dies ist entscheidend f\u00fcr <b data-path-to-node=\"6,0,0\" data-index-in-node=\"118\">ODFs mit hoher Packungsdichte<\/b> wo Tausende von Abschl\u00fcssen in engen Radien verwaltet werden.<\/p>\n<\/li>\n<li>\n<p data-path-to-node=\"6,1,0\"><b data-path-to-node=\"6,1,0\" data-index-in-node=\"0\">Umwelttr\u00e4gheit:<\/b> Das Geh\u00e4use aus Hochleistungspolymer ist <b data-path-to-node=\"6,1,0\" data-index-in-node=\"65\">Unempfindlich gegen EMI<\/b> (Elektromagnetische Interferenz) und chemische Korrosion, was die Stabilit\u00e4t in k\u00fcstennahen oder industriellen Umgebungen gew\u00e4hrleistet.<\/p>\n<\/li>\n<li>\n<p data-path-to-node=\"6,2,0\"><b data-path-to-node=\"6,2,0\" data-index-in-node=\"0\">Pr\u00e4zisions-Spritzgie\u00dfen:<\/b> Die internen Retentionsclips sind mit Toleranzen im Mikrometerbereich gegossen und fixieren die Zirkoniumdioxid-Ferrule in einer festen axialen Position, um ein \u201cPumping\u201d bei Temperaturschwankungen zu verhindern.<\/p>\n<\/li>\n<li>\n<p data-path-to-node=\"6,3,0\"><b data-path-to-node=\"6,3,0\" data-index-in-node=\"0\">8\u00b0 abgewinkelter physischer Kontakt (APC):<\/b> Das gr\u00fcn kodierte Geh\u00e4use weist auf einen 8-Grad-Winkel hin, der das reflektierte Licht in den Fasermantel zwingt, um eine R\u00fcckflussd\u00e4mpfung von <b data-path-to-node=\"6,3,0\" data-index-in-node=\"176\">\u226560dB<\/b>.<\/p>\n<\/li>\n<li>\n<p data-path-to-node=\"6,4,0\"><b data-path-to-node=\"6,4,0\" data-index-in-node=\"0\">Zirkoniumdioxid-Keramik-Ferrule:<\/b> Verf\u00fcgt \u00fcber eine hochkonzentrische 125\/126\u00b5m Bohrung f\u00fcr Single-Mode-Fasern, die eine durchschnittliche Einf\u00fcged\u00e4mpfung von <b data-path-to-node=\"6,4,0\" data-index-in-node=\"132\">\u22640,20dB<\/b>.<\/p>\n<\/li>\n<li>\n<p data-path-to-node=\"6,5,0\"><b data-path-to-node=\"6,5,0\" data-index-in-node=\"0\">0,9 mm Mini-Boot:<\/b> Eine spezielle Kurzprofilmanschette bietet eine wirksame Zugentlastung f\u00fcr eng gepufferte Fasern, ohne die Steckerbaugruppe unn\u00f6tig zu verl\u00e4ngern.<\/p>\n<\/li>\n<\/ul>\n<hr data-path-to-node=\"7\" \/>\n<h2 data-path-to-node=\"8\">\ud83d\udcc9 Technische Leistungsdaten<\/h2>\n<p data-path-to-node=\"9\">Diese Daten repr\u00e4sentieren unsere <b data-path-to-node=\"9\" data-index-in-node=\"25\">Carrier-Grade-Qualit\u00e4tsstandard<\/b>, die f\u00fcr internationale Telekommunikationsinfrastrukturen geeignet sind:<\/p>\n<table data-path-to-node=\"10\">\n<thead>\n<tr>\n<td><strong>Technische Metrik<\/strong><\/td>\n<td><strong>Anforderung<\/strong><\/td>\n<td><strong>Einhaltung der Normen<\/strong><\/td>\n<\/tr>\n<\/thead>\n<tbody>\n<tr>\n<td><span data-path-to-node=\"10,1,0,0\"><b data-path-to-node=\"10,1,0,0\" data-index-in-node=\"0\">Einf\u00fcgungsd\u00e4mpfung (IL)<\/b><\/span><\/td>\n<td><span data-path-to-node=\"10,1,1,0\">Avg \u2264 0,20 dB | Max \u2264 0,30 dB<\/span><\/td>\n<td><span data-path-to-node=\"10,1,2,0\">IEC 61300-3-4<\/span><\/td>\n<\/tr>\n<tr>\n<td><span data-path-to-node=\"10,2,0,0\"><b data-path-to-node=\"10,2,0,0\" data-index-in-node=\"0\">R\u00fcckflussd\u00e4mpfung (RL)<\/b><\/span><\/td>\n<td><span data-path-to-node=\"10,2,1,0\">\u2265 60 dB (APC)<\/span><\/td>\n<td><span data-path-to-node=\"10,2,2,0\">IEC 61300-3-6<\/span><\/td>\n<\/tr>\n<tr>\n<td><span data-path-to-node=\"10,3,0,0\"><b data-path-to-node=\"10,3,0,0\" data-index-in-node=\"0\">Dauerhaftigkeit der Paarung<\/b><\/span><\/td>\n<td><span data-path-to-node=\"10,3,1,0\">&gt; 1000 Zyklen<\/span><\/td>\n<td><span data-path-to-node=\"10,3,2,0\">TIA\/EIA-568-B.3<\/span><\/td>\n<\/tr>\n<tr>\n<td><span data-path-to-node=\"10,4,0,0\"><b data-path-to-node=\"10,4,0,0\" data-index-in-node=\"0\">Betriebstemperatur<\/b><\/span><\/td>\n<td><span data-path-to-node=\"10,4,1,0\">-40\u00b0C bis +75\u00b0C<\/span><\/td>\n<td><span data-path-to-node=\"10,4,2,0\">Bellcore GR-326<\/span><\/td>\n<\/tr>\n<tr>\n<td><span data-path-to-node=\"10,5,0,0\"><b data-path-to-node=\"10,5,0,0\" data-index-in-node=\"0\">Schwerentflammbarkeit<\/b><\/span><\/td>\n<td><span data-path-to-node=\"10,5,1,0\">UL 94V-0 bewertet<\/span><\/td>\n<td><span data-path-to-node=\"10,5,2,0\">Globale Sicherheitsstandards<\/span><\/td>\n<\/tr>\n<\/tbody>\n<\/table>\n<hr data-path-to-node=\"11\" \/>\n<h2 data-path-to-node=\"12\">\ud83d\udca1 H\u00e4ufig gestellte Fragen zur Feldmontage und Beschaffung<\/h2>\n<p data-path-to-node=\"13\"><b data-path-to-node=\"13\" data-index-in-node=\"0\">F: Warum sollte man sich f\u00fcr 0,9 mm Vollkunststoff und nicht f\u00fcr die Metallstopp-Version entscheiden?<\/b><\/p>\n<p data-path-to-node=\"13\"><b data-path-to-node=\"13\" data-index-in-node=\"61\">A:<\/b> Die 0,9-mm-Vollkunststoffversion ist speziell f\u00fcr die interne Verlegung in gesch\u00fctzten Geh\u00e4usen (wie ODFs oder Splitterboxen) optimiert. W\u00e4hrend die Metallstopp-Versionen eine h\u00f6here Zugfestigkeit f\u00fcr schwere 3,0-mm-M\u00e4ntel bieten, ist die Vollkunststoff-Pigtail-Version wirtschaftlicher, leichter und platzsparender f\u00fcr empfindliche 0,9-mm-Pufferfasern.<\/p>\n<p data-path-to-node=\"14\"><b data-path-to-node=\"14\" data-index-in-node=\"0\">F: Ist f\u00fcr die 0,9-mm-Version ein Crimpwerkzeug erforderlich?<\/b><\/p>\n<p data-path-to-node=\"14\"><b data-path-to-node=\"14\" data-index-in-node=\"54\">A:<\/b> Typischerweise sind 0,9-mm-Steckverbinder \u201ccrimpfrei\u201d oder verwenden eine spezielle Kunststoffh\u00fclse anstelle eines schweren Metallsechskant-Crimps. Da 0,9-mm-Fasern keinen dicken Au\u00dfenmantel oder Kevlar-Festigkeitselemente zur Verankerung haben, konzentriert sich die Montage auf die Befestigung des festen Puffers direkt in den internen Geh\u00e4useklemmen.<\/p>\n<p data-path-to-node=\"15\"><b data-path-to-node=\"15\" data-index-in-node=\"0\">F: Sind diese f\u00fcr Hochgeschwindigkeits-GPON\/XGS-PON-Pigtails geeignet?<\/b><\/p>\n<p data-path-to-node=\"15\"><b data-path-to-node=\"15\" data-index-in-node=\"60\">A:<\/b> Ganz genau. Sie sind der Industriestandard f\u00fcr das Splei\u00dfen an den Enden der ankommenden Glasfaserkabel. Die APC-Schnittstelle ist f\u00fcr PON-Netze vorgeschrieben, um R\u00fcckreflexionen zu unterdr\u00fccken, die digitale Hochgeschwindigkeitssignale st\u00f6ren k\u00f6nnen.<\/p>\n<p data-path-to-node=\"16\"><b data-path-to-node=\"16\" data-index-in-node=\"0\">F: Kann ich individuelle Schuhfarben oder LSZH-Materialien anfordern?<\/b><\/p>\n<p data-path-to-node=\"16\"><b data-path-to-node=\"16\" data-index-in-node=\"55\">A:<\/b> Als <b data-path-to-node=\"16\" data-index-in-node=\"63\">Hersteller direkt<\/b> Quelle bieten wir standardm\u00e4\u00dfig gr\u00fcne Kabelschuhe f\u00fcr APC an, aber benutzerdefinierte Farben f\u00fcr die Farbcodierung (z. B. Eingangs- und Ausgangsfasern in einem Splitter) sind erh\u00e4ltlich f\u00fcr <b data-path-to-node=\"16\" data-index-in-node=\"236\">Gro\u00dfbestellungen<\/b>. Alle Komponenten sind standardm\u00e4\u00dfig LSZH- und RoHS-konform.<\/p>","protected":false},"excerpt":{"rendered":"<p data-path-to-node=\"1\">Die <b data-path-to-node=\"1\" data-index-in-node=\"4\">SC APC 0,9mm Vollplastik<\/b> Steckverbinder ist eine pr\u00e4zisionsgefertigte L\u00f6sung, die f\u00fcr das Management von Glasfasern mit hoher Dichte und in Umgebungen mit geringem Platzangebot entwickelt wurde. Optimiert speziell f\u00fcr <b data-path-to-node=\"1\" data-index-in-node=\"180\">0,9 mm eng gepufferte Faser<\/b>, Bei dieser \u201cAll-Plastic\u201d-Architektur werden hochfeste technische Polymere verwendet, um einen leichten, korrosionsbest\u00e4ndigen und kosteng\u00fcnstigen Abschluss f\u00fcr <b data-path-to-node=\"1\" data-index-in-node=\"358\">FTTH (Fiber to the Home), interne ODF-Verkabelung und optische Splittermodule<\/b>.<\/p>\n<p data-path-to-node=\"2\">Durch die Entfernung von Metallkomponenten aus der internen Struktur bietet dieses Modell einen rationalisierten Montageprozess, der eine ausgezeichnete optische Leistung beibeh\u00e4lt und gleichzeitig die hohe R\u00fcckflussd\u00e4mpfung bietet, die f\u00fcr moderne CATV- und GPON-Netzwerke erforderlich ist.<\/p>","protected":false},"featured_media":843,"comment_status":"open","ping_status":"closed","template":"","meta":[],"product_brand":[],"product_cat":[48],"product_tag":[],"class_list":{"0":"post-842","1":"product","2":"type-product","3":"status-publish","4":"has-post-thumbnail","6":"product_cat-sc-simplex-connector-single-mode-multimode","8":"first","9":"instock","10":"shipping-taxable","11":"product-type-simple"},"_links":{"self":[{"href":"https:\/\/www.fenxifiber.com\/de\/wp-json\/wp\/v2\/product\/842","targetHints":{"allow":["GET"]}}],"collection":[{"href":"https:\/\/www.fenxifiber.com\/de\/wp-json\/wp\/v2\/product"}],"about":[{"href":"https:\/\/www.fenxifiber.com\/de\/wp-json\/wp\/v2\/types\/product"}],"replies":[{"embeddable":true,"href":"https:\/\/www.fenxifiber.com\/de\/wp-json\/wp\/v2\/comments?post=842"}],"wp:featuredmedia":[{"embeddable":true,"href":"https:\/\/www.fenxifiber.com\/de\/wp-json\/wp\/v2\/media\/843"}],"wp:attachment":[{"href":"https:\/\/www.fenxifiber.com\/de\/wp-json\/wp\/v2\/media?parent=842"}],"wp:term":[{"taxonomy":"product_brand","embeddable":true,"href":"https:\/\/www.fenxifiber.com\/de\/wp-json\/wp\/v2\/product_brand?post=842"},{"taxonomy":"product_cat","embeddable":true,"href":"https:\/\/www.fenxifiber.com\/de\/wp-json\/wp\/v2\/product_cat?post=842"},{"taxonomy":"product_tag","embeddable":true,"href":"https:\/\/www.fenxifiber.com\/de\/wp-json\/wp\/v2\/product_tag?post=842"}],"curies":[{"name":"wp","href":"https:\/\/api.w.org\/{rel}","templated":true}]}}