{"id":844,"date":"2026-02-04T02:31:44","date_gmt":"2026-02-04T02:31:44","guid":{"rendered":"https:\/\/www.fenxifiber.com\/?post_type=product&#038;p=844"},"modified":"2026-02-04T02:59:42","modified_gmt":"2026-02-04T02:59:42","slug":"sc-apc-0-9mm-mit-anschlag-aus-zinklegierung","status":"publish","type":"product","link":"https:\/\/www.fenxifiber.com\/de\/product\/sc-apc-0-9mm-with-zinc-alloy-stop\/","title":{"rendered":"SC APC 0,9mm mit Zinklegierungsanschlag | Hochstabile Pigtailkomponenten"},"content":{"rendered":"<h2 data-path-to-node=\"4\">\ud83c\udfd7 Die wichtigsten technischen Merkmale<\/h2>\n<ul data-path-to-node=\"5\">\n<li>\n<p data-path-to-node=\"5,0,0\"><b data-path-to-node=\"5,0,0\" data-index-in-node=\"0\">Zinklegierung Interner Anschlag:<\/b> Der gegossene Metallanschlag bietet einen nicht verformbaren Ankerpunkt f\u00fcr die Zirkoniumdioxid-Ferrule, so dass diese auch bei Temperaturschwankungen oder starker Beanspruchung perfekt sitzen bleibt.<\/p>\n<\/li>\n<li>\n<p data-path-to-node=\"5,1,0\"><b data-path-to-node=\"5,1,0\" data-index-in-node=\"0\">Pr\u00e4zision 8\u00b0 APC Polish:<\/b> Das gr\u00fcn kodierte Geh\u00e4use steht f\u00fcr eine um 8 Grad abgewinkelte physikalische Kontaktfl\u00e4che, die einen R\u00fcckflussverlust von <b data-path-to-node=\"5,1,0\" data-index-in-node=\"132\">\u226560dB<\/b> zum Schutz empfindlicher Hochleistungslaserger\u00e4te.<\/p>\n<\/li>\n<li>\n<p data-path-to-node=\"5,2,0\"><b data-path-to-node=\"5,2,0\" data-index-in-node=\"0\">Erweiterte Anti-Pistoning-Funktion:<\/b> Die metallische Innenstruktur verhindert, dass sich der Faserkern nach vorne oder hinten verschiebt (Kolbenbildung), eine h\u00e4ufige Ursache f\u00fcr intermittierenden Signalverlust in reinen Kunststoff-Pigtails.<\/p>\n<\/li>\n<li>\n<p data-path-to-node=\"5,3,0\"><b data-path-to-node=\"5,3,0\" data-index-in-node=\"0\">0,9 mm Ma\u00dfgeschneiderte Ergonomie:<\/b> Mit einem schlanken Mini-Stiefel und internen Clips, die speziell kalibriert sind, um 0,9 mm dichte Fasern zu greifen, ohne die empfindliche Glasummantelung zu zerdr\u00fccken.<\/p>\n<\/li>\n<li>\n<p data-path-to-node=\"5,4,0\"><b data-path-to-node=\"5,4,0\" data-index-in-node=\"0\">Hochbelastbare Au\u00dfenh\u00fclle:<\/b> Hergestellt aus flammhemmendem Polymer nach UL 94V-0, das eine dauerhafte und sichere Au\u00dfenh\u00fclle f\u00fcr dichte Patchpanel-Installationen bietet.<\/p>\n<\/li>\n<\/ul>\n<hr data-path-to-node=\"6\" \/>\n<h2 data-path-to-node=\"7\">\ud83d\udcca Technische Leistungsdaten<\/h2>\n<table data-path-to-node=\"8\">\n<thead>\n<tr>\n<td><strong>Leistungsmetrik<\/strong><\/td>\n<td><strong>Spezifikation Detail<\/strong><\/td>\n<td><strong>Operativer Vorteil<\/strong><\/td>\n<\/tr>\n<\/thead>\n<tbody>\n<tr>\n<td><span data-path-to-node=\"8,1,0,0\"><b data-path-to-node=\"8,1,0,0\" data-index-in-node=\"0\">Anschluss Schnittstelle<\/b><\/span><\/td>\n<td><span data-path-to-node=\"8,1,1,0\">SC\/APC Simplex<\/span><\/td>\n<td><span data-path-to-node=\"8,1,2,0\">Globale Standard Push-Pull-Verriegelung<\/span><\/td>\n<\/tr>\n<tr>\n<td><span data-path-to-node=\"8,2,0,0\"><b data-path-to-node=\"8,2,0,0\" data-index-in-node=\"0\">Internes Anschlagmaterial<\/b><\/span><\/td>\n<td><span data-path-to-node=\"8,2,1,0\">Zink-Legierung<\/span><\/td>\n<td><span data-path-to-node=\"8,2,2,0\">Hervorragende mechanische Festigkeit und Lebensdauer<\/span><\/td>\n<\/tr>\n<tr>\n<td><span data-path-to-node=\"8,3,0,0\"><b data-path-to-node=\"8,3,0,0\" data-index-in-node=\"0\">Faser-Kompatibilit\u00e4t<\/b><\/span><\/td>\n<td><span data-path-to-node=\"8,3,1,0\">0,9 mm eng gepuffert (OS2)<\/span><\/td>\n<td><span data-path-to-node=\"8,3,2,0\">Ideal f\u00fcr Splei\u00dfmulden mit hoher Dichte<\/span><\/td>\n<\/tr>\n<tr>\n<td><span data-path-to-node=\"8,4,0,0\"><b data-path-to-node=\"8,4,0,0\" data-index-in-node=\"0\">Einf\u00fcgungsd\u00e4mpfung (IL)<\/b><\/span><\/td>\n<td><span data-path-to-node=\"8,4,1,0\">Typisch \u2264 0,15 dB | Max \u2264 0,30 dB<\/span><\/td>\n<td><span data-path-to-node=\"8,4,2,0\">Verlustarme Signal\u00fcbertragung<\/span><\/td>\n<\/tr>\n<tr>\n<td><span data-path-to-node=\"8,5,0,0\"><b data-path-to-node=\"8,5,0,0\" data-index-in-node=\"0\">R\u00fcckflussd\u00e4mpfung (RL)<\/b><\/span><\/td>\n<td><span data-path-to-node=\"8,5,1,0\">\u2265 60 dB<\/span><\/td>\n<td><span data-path-to-node=\"8,5,2,0\">Hohe Unterdr\u00fcckung der R\u00fcckreflexion<\/span><\/td>\n<\/tr>\n<tr>\n<td><span data-path-to-node=\"8,6,0,0\"><b data-path-to-node=\"8,6,0,0\" data-index-in-node=\"0\">Dauerhaftigkeit der Paarung<\/b><\/span><\/td>\n<td><span data-path-to-node=\"8,6,1,0\">&gt; 1000 Zyklen<\/span><\/td>\n<td><span data-path-to-node=\"8,6,2,0\">Konsistente Leistung im Laufe der Zeit<\/span><\/td>\n<\/tr>\n<tr>\n<td><span data-path-to-node=\"8,7,0,0\"><b data-path-to-node=\"8,7,0,0\" data-index-in-node=\"0\">Einhaltung der Vorschriften<\/b><\/span><\/td>\n<td><span data-path-to-node=\"8,7,1,0\">RoHS, REACH, IEC 61754-4<\/span><\/td>\n<td><span data-path-to-node=\"8,7,2,0\">Erf\u00fcllt internationale Qualit\u00e4tsvorgaben<\/span><\/td>\n<\/tr>\n<\/tbody>\n<\/table>\n<hr data-path-to-node=\"9\" \/>\n<h2 data-path-to-node=\"10\">\ud83d\udca1 Professionelle FAQ<\/h2>\n<p data-path-to-node=\"11\"><b data-path-to-node=\"11\" data-index-in-node=\"0\">F: Warum sollte ein Zinklegierungsanschlag f\u00fcr einen 0,9 mm Pigtail anstelle von Vollkunststoff verwendet werden?<\/b><\/p>\n<p data-path-to-node=\"11\"><b data-path-to-node=\"11\" data-index-in-node=\"73\">A:<\/b> Obwohl 0,9-mm-Fasern leicht sind, werden sie h\u00e4ufig in Umgebungen eingesetzt, in denen Temperaturschwankungen dazu f\u00fchren k\u00f6nnen, dass sich Kunststoffteile ausdehnen oder zusammenziehen. Die <b data-path-to-node=\"11\" data-index-in-node=\"235\">Anschlag aus Zinklegierung<\/b> bietet eine thermisch stabile und starre Trennwand, die sicherstellt, dass der optische Kontakt konstant bleibt, wodurch ein \u201cJitter\u201d oder ein Signalverlust verhindert wird.<\/p>\n<p data-path-to-node=\"12\"><b data-path-to-node=\"12\" data-index-in-node=\"0\">F: Ist dieser Steckverbinder f\u00fcr ODFs mit 144 Kernen und hoher Dichte geeignet?<\/b><\/p>\n<p data-path-to-node=\"12\"><b data-path-to-node=\"12\" data-index-in-node=\"62\">A:<\/b> Ja. Das 0,9-mm-Boot-Design wurde speziell entwickelt, um \u201cKabelsalat\u201d in dichten Rahmen zu minimieren. Der zus\u00e4tzliche Metallanschlag sorgt daf\u00fcr, dass selbst in einem \u00fcberf\u00fcllten Fach, in dem die Fasern leicht gezogen oder verschoben werden k\u00f6nnten, die interne Verbindung sicher bleibt.<\/p>\n<p data-path-to-node=\"13\"><b data-path-to-node=\"13\" data-index-in-node=\"0\">F: Erh\u00f6ht der Metallanschlag das Gewicht des Steckers erheblich?<\/b><\/p>\n<p data-path-to-node=\"13\"><b data-path-to-node=\"13\" data-index-in-node=\"64\">A:<\/b> Nein. Der Zinklegierungsanschlag ist eine Mikrokomponente, die in das Geh\u00e4use integriert ist. Er sorgt f\u00fcr eine massive Erh\u00f6hung der strukturellen Festigkeit bei vernachl\u00e4ssigbarer Auswirkung auf das Gesamtgewicht, wobei die leichten Vorteile der 0,9-mm-Verkabelung erhalten bleiben.<\/p>\n<p data-path-to-node=\"14\"><b data-path-to-node=\"14\" data-index-in-node=\"0\">F: Was ist der Vorteil von Zinklegierungen gegen\u00fcber Messing oder Aluminium?<\/b><\/p>\n<p data-path-to-node=\"14\"><b data-path-to-node=\"14\" data-index-in-node=\"61\">A:<\/b> Die Zinklegierung bietet ein hervorragendes Gleichgewicht zwischen Pr\u00e4zisionsguss (was engere Toleranzen im Inneren des Steckverbinders erm\u00f6glicht) und Korrosionsbest\u00e4ndigkeit, wodurch sie kosteng\u00fcnstiger als Messing und gleichzeitig haltbarer als Standard-Aluminiumkomponenten ist.<\/p>","protected":false},"excerpt":{"rendered":"<p data-path-to-node=\"1\">Die <b data-path-to-node=\"1\" data-index-in-node=\"4\">SC APC 0,9 mm mit Anschlag aus Zinklegierung<\/b> ist eine erstklassige Anschlussl\u00f6sung, die f\u00fcr Umgebungen entwickelt wurde, die eine hervorragende mechanische Stabilit\u00e4t bei einer kompakten Grundfl\u00e4che von 0,9 mm erfordern. Im Gegensatz zu Standard-Vollkunststoff-Pigtails verf\u00fcgt dieses Modell \u00fcber eine <b data-path-to-node=\"1\" data-index-in-node=\"234\">pr\u00e4zisionsgegossener Innenanschlag aus Zinklegierung<\/b> das die Kernarchitektur des Steckverbinders verst\u00e4rkt. Diese \u201cZinc-Stop\u201d-Konstruktion ist die erste Wahl in der Industrie f\u00fcr <b data-path-to-node=\"1\" data-index-in-node=\"376\">ODFs der Carrier-Grade-Klasse, hochvibrationsf\u00e4hige Industriesensoren und einsatzkritische FTTH-Verteilerknoten<\/b>.<\/p>\n<p data-path-to-node=\"2\">Diese Komponenten schlie\u00dfen die L\u00fccke zwischen leichten Pigtails und hochbelastbaren ummantelten Steckern und bieten die verbesserte \u201cAnti-Pistoning\u201d-Zuverl\u00e4ssigkeit eines Metall-Backbones bei gleichzeitiger Beibehaltung des schlanken Profils, das f\u00fcr das 0,9 mm Tight-Buffer-Fasermanagement erforderlich ist.<\/p>","protected":false},"featured_media":845,"comment_status":"open","ping_status":"closed","template":"","meta":[],"product_brand":[],"product_cat":[48],"product_tag":[],"class_list":{"0":"post-844","1":"product","2":"type-product","3":"status-publish","4":"has-post-thumbnail","6":"product_cat-sc-simplex-connector-single-mode-multimode","8":"first","9":"instock","10":"shipping-taxable","11":"product-type-simple"},"_links":{"self":[{"href":"https:\/\/www.fenxifiber.com\/de\/wp-json\/wp\/v2\/product\/844","targetHints":{"allow":["GET"]}}],"collection":[{"href":"https:\/\/www.fenxifiber.com\/de\/wp-json\/wp\/v2\/product"}],"about":[{"href":"https:\/\/www.fenxifiber.com\/de\/wp-json\/wp\/v2\/types\/product"}],"replies":[{"embeddable":true,"href":"https:\/\/www.fenxifiber.com\/de\/wp-json\/wp\/v2\/comments?post=844"}],"wp:featuredmedia":[{"embeddable":true,"href":"https:\/\/www.fenxifiber.com\/de\/wp-json\/wp\/v2\/media\/845"}],"wp:attachment":[{"href":"https:\/\/www.fenxifiber.com\/de\/wp-json\/wp\/v2\/media?parent=844"}],"wp:term":[{"taxonomy":"product_brand","embeddable":true,"href":"https:\/\/www.fenxifiber.com\/de\/wp-json\/wp\/v2\/product_brand?post=844"},{"taxonomy":"product_cat","embeddable":true,"href":"https:\/\/www.fenxifiber.com\/de\/wp-json\/wp\/v2\/product_cat?post=844"},{"taxonomy":"product_tag","embeddable":true,"href":"https:\/\/www.fenxifiber.com\/de\/wp-json\/wp\/v2\/product_tag?post=844"}],"curies":[{"name":"wp","href":"https:\/\/api.w.org\/{rel}","templated":true}]}}