{"id":846,"date":"2026-02-04T02:33:45","date_gmt":"2026-02-04T02:33:45","guid":{"rendered":"https:\/\/www.fenxifiber.com\/?post_type=product&#038;p=846"},"modified":"2026-02-04T03:00:39","modified_gmt":"2026-02-04T03:00:39","slug":"sc-apc-2-0-3-0mm-alle-kunststoff","status":"publish","type":"product","link":"https:\/\/www.fenxifiber.com\/de\/product\/sc-apc-2-0-3-0mm-all-plastic\/","title":{"rendered":"SC APC 2.0\/3.0mm Vollkunststoff-Lichtwellenleiter-Jumper-Kits | Next-Gen Network Solutions"},"content":{"rendered":"<h2 data-path-to-node=\"4\">\ud83d\ude80 Die wichtigsten Vorteile f\u00fcr eine moderne Infrastruktur<\/h2>\n<ul data-path-to-node=\"5\">\n<li>\n<p data-path-to-node=\"5,0,0\"><b data-path-to-node=\"5,0,0\" data-index-in-node=\"0\">Gewichtsoptimierte Konstruktion:<\/b> Das leichte Polymer-Geh\u00e4use reduziert die mechanische Beanspruchung von ODF-Ports mit hoher Dichte und verhindert ein Durchh\u00e4ngen der Ports bei Langzeiteins\u00e4tzen.<\/p>\n<\/li>\n<li>\n<p data-path-to-node=\"5,1,0\"><b data-path-to-node=\"5,1,0\" data-index-in-node=\"0\">EMI\/RFI-Immunit\u00e4t:<\/b> Das interne R\u00fcckhaltesystem aus Vollkunststoff ist vollst\u00e4ndig nicht leitend und damit die sicherste Wahl f\u00fcr Umgebungen in der N\u00e4he von Hochspannungsleitungen oder empfindlichen Industrieanlagen.<\/p>\n<\/li>\n<li>\n<p data-path-to-node=\"5,2,0\"><b data-path-to-node=\"5,2,0\" data-index-in-node=\"0\">Pr\u00e4zision 8\u00b0 APC Geometrie:<\/b> Jede Einheit ist so konstruiert, dass sie die Zirkoniumdioxid-Ferrule in einem pr\u00e4zisen Winkel von 8 Grad h\u00e4lt, wodurch R\u00fcckreflexionen in die Ummantelung gezwungen werden und eine <b data-path-to-node=\"5,2,0\" data-index-in-node=\"165\">R\u00fcckflussd\u00e4mpfung von \u226560dB<\/b>.<\/p>\n<\/li>\n<li>\n<p data-path-to-node=\"5,3,0\"><b data-path-to-node=\"5,3,0\" data-index-in-node=\"0\">Snap-Lock-Zuverl\u00e4ssigkeit:<\/b> Die hochfesten Kunststoffklammern im Innern sorgen bei der Montage f\u00fcr ein h\u00f6rbares \u201cKlicken\u201d, das best\u00e4tigt, dass die Klemmh\u00fclse sicher an der inneren Feder anliegt und einen konstanten physischen Kontakt hat.<\/p>\n<\/li>\n<li>\n<p data-path-to-node=\"5,4,0\"><b data-path-to-node=\"5,4,0\" data-index-in-node=\"0\">Klimaresistente Materialien:<\/b> Durch die Verwendung von Thermoplasten in technischer Qualit\u00e4t, die nicht spr\u00f6de werden, behalten diese Steckverbinder ihre Verriegelungsfestigkeit \u00fcber ein breites Temperaturspektrum von <b data-path-to-node=\"5,4,0\" data-index-in-node=\"187\">-40\u00b0C bis +75\u00b0C<\/b>.<\/p>\n<\/li>\n<\/ul>\n<hr data-path-to-node=\"6\" \/>\n<h2 data-path-to-node=\"7\">\ud83d\udcc9 Zentrale Leistungskennzahlen<\/h2>\n<table data-path-to-node=\"8\">\n<thead>\n<tr>\n<td><strong>S\u00e4ule Leistung<\/strong><\/td>\n<td><strong>Industriestandard<\/strong><\/td>\n<td><strong>Unsere Spezifikation<\/strong><\/td>\n<\/tr>\n<\/thead>\n<tbody>\n<tr>\n<td><span data-path-to-node=\"8,1,0,0\"><b data-path-to-node=\"8,1,0,0\" data-index-in-node=\"0\">Faser-Kategorie<\/b><\/span><\/td>\n<td><span data-path-to-node=\"8,1,1,0\">Monomode (G.652.D \/ G.657.A)<\/span><\/td>\n<td><span data-path-to-node=\"8,1,2,0\">Optimiert f\u00fcr OS2<\/span><\/td>\n<\/tr>\n<tr>\n<td><span data-path-to-node=\"8,2,0,0\"><b data-path-to-node=\"8,2,0,0\" data-index-in-node=\"0\">Art des Abschlusses<\/b><\/span><\/td>\n<td><span data-path-to-node=\"8,2,1,0\">Vollplastik-Crimp<\/span><\/td>\n<td><span data-path-to-node=\"8,2,2,0\">Jacke + Kevlar Integration<\/span><\/td>\n<\/tr>\n<tr>\n<td><span data-path-to-node=\"8,3,0,0\"><b data-path-to-node=\"8,3,0,0\" data-index-in-node=\"0\">Typischer Verlust<\/b><\/span><\/td>\n<td><span data-path-to-node=\"8,3,1,0\">\u2264 0,30 dB<\/span><\/td>\n<td><span data-path-to-node=\"8,3,2,0\"><b data-path-to-node=\"8,3,2,0\" data-index-in-node=\"0\">\u2264 0,20 dB<\/b><\/span><\/td>\n<\/tr>\n<tr>\n<td><span data-path-to-node=\"8,4,0,0\"><b data-path-to-node=\"8,4,0,0\" data-index-in-node=\"0\">Unterdr\u00fcckung von Reflexionen<\/b><\/span><\/td>\n<td><span data-path-to-node=\"8,4,1,0\">\u2265 55 dB<\/span><\/td>\n<td><span data-path-to-node=\"8,4,2,0\"><b data-path-to-node=\"8,4,2,0\" data-index-in-node=\"0\">\u2265 60 dB<\/b><\/span><\/td>\n<\/tr>\n<tr>\n<td><span data-path-to-node=\"8,5,0,0\"><b data-path-to-node=\"8,5,0,0\" data-index-in-node=\"0\">Zugwiderstand<\/b><\/span><\/td>\n<td><span data-path-to-node=\"8,5,1,0\">\u2265 70N<\/span><\/td>\n<td><span data-path-to-node=\"8,5,2,0\"><b data-path-to-node=\"8,5,2,0\" data-index-in-node=\"0\">\u2265 100N (3,0mm)<\/b><\/span><\/td>\n<\/tr>\n<tr>\n<td><span data-path-to-node=\"8,6,0,0\"><b data-path-to-node=\"8,6,0,0\" data-index-in-node=\"0\">Einhaltung der Sicherheitsvorschriften<\/b><\/span><\/td>\n<td><span data-path-to-node=\"8,6,1,0\">UL 94V-0<\/span><\/td>\n<td><span data-path-to-node=\"8,6,2,0\">RoHS- und REACH-gepr\u00fcft<\/span><\/td>\n<\/tr>\n<\/tbody>\n<\/table>\n<hr data-path-to-node=\"9\" \/>\n<h2 data-path-to-node=\"10\">\ud83d\udca1 Praktische Anwendung und Einblicke in die Montage<\/h2>\n<p data-path-to-node=\"11\"><b data-path-to-node=\"11\" data-index-in-node=\"0\">F: In welchen spezifischen Szenarien sind \u201cAll-Plastic\u201d-Modelle besser als \u201cMetal Stop\u201d-Modelle?<\/b><\/p>\n<p data-path-to-node=\"11\"><b data-path-to-node=\"11\" data-index-in-node=\"80\">A:<\/b> Vollkunststoff ist die beste Wahl f\u00fcr K\u00fcstenregionen mit hoher Luftfeuchtigkeit, wo Salzspritzer im Laufe der Zeit selbst beschichtete Metalle korrodieren k\u00f6nnen. Es ist auch die bevorzugte \u201cStandardausf\u00fchrung\u201d f\u00fcr FTTH-Drop-Cables, bei denen die Kosten pro Teilnehmer ein prim\u00e4rer Projekt-KPI sind.<\/p>\n<p data-path-to-node=\"12\"><b data-path-to-node=\"12\" data-index-in-node=\"0\">F: Wie bew\u00e4ltigt dieser Bausatz den \u00dcbergang zwischen 2,0 mm und 3,0 mm Kabeln?<\/b><\/p>\n<p data-path-to-node=\"12\"><b data-path-to-node=\"12\" data-index-in-node=\"75\">A:<\/b> Wir bieten eine <b data-path-to-node=\"12\" data-index-in-node=\"91\">zweistufiger konischer Stiefel<\/b>. Der Innendurchmesser der Manschette ist so konzipiert, dass sie 2,0-mm-Leitungen fest umschlie\u00dft, aber gleichzeitig ausreichend elastisch ist, um sich auszudehnen und den vollen Biegeradius f\u00fcr dickere 3,0-mm-ummantelte Kabel zu bieten.<\/p>\n<p data-path-to-node=\"13\"><b data-path-to-node=\"13\" data-index-in-node=\"0\">F: K\u00f6nnen diese mit automatischen Poliermaschinen verwendet werden?<\/b><\/p>\n<p data-path-to-node=\"13\"><b data-path-to-node=\"13\" data-index-in-node=\"56\">A:<\/b> Unbedingt. Die Au\u00dfenabmessungen und der Vorsprung der H\u00fclse werden mit Toleranzen im Mikrometerbereich gefertigt, so dass sie mit allen Standard-SC-Poliervorrichtungen f\u00fcr die Hochgeschwindigkeitsproduktion in der Fabrik voll kompatibel sind.<\/p>\n<p data-path-to-node=\"14\"><b data-path-to-node=\"14\" data-index-in-node=\"0\">F: Ist die innere Feder auch aus Kunststoff?<\/b><\/p>\n<p data-path-to-node=\"14\"><b data-path-to-node=\"14\" data-index-in-node=\"40\">A:<\/b> Nein. W\u00e4hrend das Geh\u00e4use und die Halteklammern aus Kunststoff sind, verwenden wir ein <b data-path-to-node=\"14\" data-index-in-node=\"111\">Feder aus rostfreiem Stahl mit hohem Kohlenstoffgehalt<\/b> um sicherzustellen, dass die f\u00fcr einen stabilen physischen Kontakt erforderliche Steckkraft von 1,2 kg w\u00e4hrend der Lebensdauer des Steckverbinders von mehr als 1.000 Zyklen nicht nachl\u00e4sst.<\/p>","protected":false},"excerpt":{"rendered":"<p data-path-to-node=\"1\">Die <b data-path-to-node=\"1\" data-index-in-node=\"4\">SC APC 2.0\/3.0mm Vollkunststoff<\/b> Serie definiert die Kosteneffizienz beim Einsatz moderner Glasfasern neu, ohne Kompromisse bei der Signalintegrit\u00e4t einzugehen. Diese Variante wurde speziell entwickelt f\u00fcr <b data-path-to-node=\"1\" data-index-in-node=\"179\">Gro\u00dfvolumige FTTH (Fiber to the Home) und passive optische Netze (PON)<\/b>, wo leichte Materialien und eine schnelle Installation entscheidend sind. Durch den Verzicht auf metalllastige Innenstrukturen bietet diese Vollkunststoff-Architektur einen nicht leitenden, korrosionsbest\u00e4ndigen Anschluss, der sich sowohl f\u00fcr Innenanschl\u00fcsse als auch f\u00fcr gesch\u00fctzte Au\u00dfenschr\u00e4nke eignet.<\/p>\n<p data-path-to-node=\"2\">Als <b data-path-to-node=\"2\" data-index-in-node=\"5\">Hersteller direkt<\/b> Diese Kits bieten einen optimierten Montagepfad f\u00fcr 2,0 mm und 3,0 mm ummantelte Kabel und stellen sicher, dass jeder Feldabschluss die strengen R\u00fcckflussd\u00e4mpfungsanforderungen moderner Hochleistungs-Video- und Datendienste erf\u00fcllt.<\/p>","protected":false},"featured_media":847,"comment_status":"open","ping_status":"closed","template":"","meta":[],"product_brand":[],"product_cat":[48],"product_tag":[],"class_list":{"0":"post-846","1":"product","2":"type-product","3":"status-publish","4":"has-post-thumbnail","6":"product_cat-sc-simplex-connector-single-mode-multimode","8":"first","9":"instock","10":"shipping-taxable","11":"product-type-simple"},"_links":{"self":[{"href":"https:\/\/www.fenxifiber.com\/de\/wp-json\/wp\/v2\/product\/846","targetHints":{"allow":["GET"]}}],"collection":[{"href":"https:\/\/www.fenxifiber.com\/de\/wp-json\/wp\/v2\/product"}],"about":[{"href":"https:\/\/www.fenxifiber.com\/de\/wp-json\/wp\/v2\/types\/product"}],"replies":[{"embeddable":true,"href":"https:\/\/www.fenxifiber.com\/de\/wp-json\/wp\/v2\/comments?post=846"}],"wp:featuredmedia":[{"embeddable":true,"href":"https:\/\/www.fenxifiber.com\/de\/wp-json\/wp\/v2\/media\/847"}],"wp:attachment":[{"href":"https:\/\/www.fenxifiber.com\/de\/wp-json\/wp\/v2\/media?parent=846"}],"wp:term":[{"taxonomy":"product_brand","embeddable":true,"href":"https:\/\/www.fenxifiber.com\/de\/wp-json\/wp\/v2\/product_brand?post=846"},{"taxonomy":"product_cat","embeddable":true,"href":"https:\/\/www.fenxifiber.com\/de\/wp-json\/wp\/v2\/product_cat?post=846"},{"taxonomy":"product_tag","embeddable":true,"href":"https:\/\/www.fenxifiber.com\/de\/wp-json\/wp\/v2\/product_tag?post=846"}],"curies":[{"name":"wp","href":"https:\/\/api.w.org\/{rel}","templated":true}]}}