{"id":848,"date":"2026-02-04T02:35:27","date_gmt":"2026-02-04T02:35:27","guid":{"rendered":"https:\/\/www.fenxifiber.com\/?post_type=product&#038;p=848"},"modified":"2026-02-04T03:01:04","modified_gmt":"2026-02-04T03:01:04","slug":"sc-apc-2-0-3-0mm-mit-anschlag-aus-zinklegierung","status":"publish","type":"product","link":"https:\/\/www.fenxifiber.com\/de\/product\/sc-apc-2-0-3-0mm-with-zinc-alloy-stop\/","title":{"rendered":"SC APC 2.0\/3.0mm Zinklegierungsanschlag | Hoch-Retentions-Anschlusssystem"},"content":{"rendered":"<h2 data-path-to-node=\"4\">\ud83d\udc8e Entwickelt f\u00fcr extreme Stabilit\u00e4t<\/h2>\n<p data-path-to-node=\"5\">Durch die Verwendung eines Metallanschlags wird der interne Lastpfad des Steckverbinders ver\u00e4ndert, was deutliche Vorteile gegen\u00fcber Alternativen aus Vollkunststoff bietet:<\/p>\n<ul data-path-to-node=\"6\">\n<li>\n<p data-path-to-node=\"6,0,0\"><b data-path-to-node=\"6,0,0\" data-index-in-node=\"0\">Metallischer Tragwerksanker:<\/b> Der Anschlag aus Zinklegierung bietet eine nicht verformbare Basis f\u00fcr die interne Feder und gew\u00e4hrleistet einen konstanten, um 8\u00b0 abgewinkelten physischen Kontakt (APC) auch bei hoher axialer Spannung.<\/p>\n<\/li>\n<li>\n<p data-path-to-node=\"6,1,0\"><b data-path-to-node=\"6,1,0\" data-index-in-node=\"0\">High-Tension-Crimp-Schnittstelle:<\/b> Ausgelegt f\u00fcr eine Zugfestigkeit von <b data-path-to-node=\"6,1,0\" data-index-in-node=\"71\">\u2265100N<\/b>, Der innere Metallk\u00f6rper erm\u00f6glicht eine aggressivere Kr\u00e4uselung des Aramidgarns (Kevlar) von 2,0 mm und 3,0 mm Mantel.<\/p>\n<\/li>\n<li>\n<p data-path-to-node=\"6,2,0\"><b data-path-to-node=\"6,2,0\" data-index-in-node=\"0\">Anti-Pistonen-Design:<\/b> Der starre Metallanschlag verhindert, dass sich die H\u00fclse w\u00e4hrend der Temperaturzyklen zur\u00fcckzieht, und sorgt so f\u00fcr eine stabile <b data-path-to-node=\"6,2,0\" data-index-in-node=\"129\">R\u00fcckflussd\u00e4mpfung von \u226560dB<\/b>.<\/p>\n<\/li>\n<li>\n<p data-path-to-node=\"6,3,0\"><b data-path-to-node=\"6,3,0\" data-index-in-node=\"0\">Verbesserte W\u00e4rmeableitung:<\/b> Metallische Komponenten tragen zur Stabilisierung der internen Kerntemperatur bei Hochleistungslaseranwendungen (z. B. CATV) bei und verhindern eine thermische Sch\u00e4digung des Faserepoxids.<\/p>\n<\/li>\n<li>\n<p data-path-to-node=\"6,4,0\"><b data-path-to-node=\"6,4,0\" data-index-in-node=\"0\">Langlebigkeit in Tr\u00e4gerqualit\u00e4t:<\/b> Gepr\u00fcft f\u00fcr \u00fcber <b data-path-to-node=\"6,4,0\" data-index-in-node=\"42\">1.000 Steckzyklen<\/b>, Die Komponenten aus einer Zinklegierung sorgen daf\u00fcr, dass der Verriegelungsmechanismus fest sitzt und die Ausrichtung der Zwinge w\u00e4hrend der gesamten Lebensdauer des Netzes pr\u00e4zise bleibt.<\/p>\n<\/li>\n<\/ul>\n<hr data-path-to-node=\"7\" \/>\n<h2 data-path-to-node=\"8\">\ud83d\udccb Matrix der technischen Parameter<\/h2>\n<table data-path-to-node=\"9\">\n<thead>\n<tr>\n<td><strong>Parameter<\/strong><\/td>\n<td><strong>Spezifikation<\/strong><\/td>\n<td><strong>Einhaltung der Industrievorschriften<\/strong><\/td>\n<\/tr>\n<\/thead>\n<tbody>\n<tr>\n<td><span data-path-to-node=\"9,1,0,0\"><b data-path-to-node=\"9,1,0,0\" data-index-in-node=\"0\">Anschluss Schnittstelle<\/b><\/span><\/td>\n<td><span data-path-to-node=\"9,1,1,0\">SC\/APC (Gr\u00fcn)<\/span><\/td>\n<td><span data-path-to-node=\"9,1,2,0\">IEC 61754-4<\/span><\/td>\n<\/tr>\n<tr>\n<td><span data-path-to-node=\"9,2,0,0\"><b data-path-to-node=\"9,2,0,0\" data-index-in-node=\"0\">Interne Verst\u00e4rkung<\/b><\/span><\/td>\n<td><span data-path-to-node=\"9,2,1,0\">Pr\u00e4zisionsanschlag aus Zinklegierung<\/span><\/td>\n<td><span data-path-to-node=\"9,2,2,0\">GR-326 Kern<\/span><\/td>\n<\/tr>\n<tr>\n<td><span data-path-to-node=\"9,3,0,0\"><b data-path-to-node=\"9,3,0,0\" data-index-in-node=\"0\">Kabel-Kompatibilit\u00e4t<\/b><\/span><\/td>\n<td><span data-path-to-node=\"9,3,1,0\">2,0mm &amp; 3,0mm ummantelt<\/span><\/td>\n<td><span data-path-to-node=\"9,3,2,0\">Universelle Passform<\/span><\/td>\n<\/tr>\n<tr>\n<td><span data-path-to-node=\"9,4,0,0\"><b data-path-to-node=\"9,4,0,0\" data-index-in-node=\"0\">Einf\u00fcgungsd\u00e4mpfung (IL)<\/b><\/span><\/td>\n<td><span data-path-to-node=\"9,4,1,0\">Typisch \u2264 0,15 dB | Max \u2264 0,30 dB<\/span><\/td>\n<td><span data-path-to-node=\"9,4,2,0\">IEC 61300-3-4<\/span><\/td>\n<\/tr>\n<tr>\n<td><span data-path-to-node=\"9,5,0,0\"><b data-path-to-node=\"9,5,0,0\" data-index-in-node=\"0\">R\u00fcckflussd\u00e4mpfung (RL)<\/b><\/span><\/td>\n<td><span data-path-to-node=\"9,5,1,0\">\u2265 60 dB (APC Polnisch)<\/span><\/td>\n<td><span data-path-to-node=\"9,5,2,0\">IEC 61300-3-6<\/span><\/td>\n<\/tr>\n<tr>\n<td><span data-path-to-node=\"9,6,0,0\"><b data-path-to-node=\"9,6,0,0\" data-index-in-node=\"0\">Zugfestigkeit<\/b><\/span><\/td>\n<td><span data-path-to-node=\"9,6,1,0\">\u2265 100N (22.5 lbs)<\/span><\/td>\n<td><span data-path-to-node=\"9,6,2,0\">TIA\/EIA-568-B.3<\/span><\/td>\n<\/tr>\n<tr>\n<td><span data-path-to-node=\"9,7,0,0\"><b data-path-to-node=\"9,7,0,0\" data-index-in-node=\"0\">Materielle Sicherheit<\/b><\/span><\/td>\n<td><span data-path-to-node=\"9,7,1,0\">UL 94V-0 flammhemmend<\/span><\/td>\n<td><span data-path-to-node=\"9,7,2,0\">RoHS und REACH<\/span><\/td>\n<\/tr>\n<\/tbody>\n<\/table>\n<hr data-path-to-node=\"10\" \/>\n<h2 data-path-to-node=\"11\">\ud83d\udca1 H\u00e4ufig gestellte Fragen zur Expertenbeschaffung und Installation<\/h2>\n<p data-path-to-node=\"12\"><b data-path-to-node=\"12\" data-index-in-node=\"0\">F: Wann ist es zwingend erforderlich, den Anschlag aus Zinklegierung anstelle eines Vollkunststoffmodells zu verwenden?<\/b><\/p>\n<p data-path-to-node=\"12\"><b data-path-to-node=\"12\" data-index-in-node=\"84\">A:<\/b> Sie sollten den Zinklegierungsanschlag f\u00fcr alle Installationen mit 3,0-mm-Kabeln in vertikalen Aufstiegen, weit gespannten Trays oder industriellen Umgebungen spezifizieren. Der Metallanschlag verhindert, dass das Gewicht des schweren Kabels den Faserkern aus der Ausrichtung rei\u00dft, was ein h\u00e4ufiger Fehlerpunkt bei Vollkunststoffsteckern ist.<\/p>\n<p data-path-to-node=\"13\"><b data-path-to-node=\"13\" data-index-in-node=\"0\">F: Unterst\u00fctzt dieses Modell sowohl UPC- als auch APC-Polieren?<\/b><\/p>\n<p data-path-to-node=\"13\"><b data-path-to-node=\"13\" data-index-in-node=\"55\">A:<\/b> W\u00e4hrend die Zink-Stopp-Architektur f\u00fcr beide verf\u00fcgbar ist, ist diese spezielle <b data-path-to-node=\"13\" data-index-in-node=\"128\">Gr\u00fcnes Haus<\/b> Das Modell widmet sich <b data-path-to-node=\"13\" data-index-in-node=\"163\">APC (Angled Physical Contact)<\/b>. Der interne Metallanschlag ist f\u00fcr APC von entscheidender Bedeutung, da er daf\u00fcr sorgt, dass der 8-Grad-Winkel perfekt an der Gegenh\u00fclse ausgerichtet bleibt.<\/p>\n<p data-path-to-node=\"14\"><b data-path-to-node=\"14\" data-index-in-node=\"0\">F: Unterscheidet sich der Montageprozess bei Steckverbindern mit Metallanschlag?<\/b><\/p>\n<p data-path-to-node=\"14\"><b data-path-to-node=\"14\" data-index-in-node=\"64\">A:<\/b> Die Montagelogik ist identisch mit der von Standard-SC-Steckverbindern, aber der Metallanschlag sorgt f\u00fcr ein deutlicheres Gef\u00fchl beim Crimpen. Dadurch erhalten die Techniker eine bessere R\u00fcckmeldung, was zu einer h\u00f6heren Ausbeute beim ersten Durchlauf in der Produktionsumgebung f\u00fchrt.<\/p>\n<p data-path-to-node=\"15\"><b data-path-to-node=\"15\" data-index-in-node=\"0\">F: Was ist in einem standardm\u00e4\u00dfigen Gro\u00dfpackungssatz enthalten?<\/b><\/p>\n<p data-path-to-node=\"15\"><b data-path-to-node=\"15\" data-index-in-node=\"38\">A:<\/b> Jedes Kit ist eine komplette 5-teilige Baugruppe: Das gr\u00fcne SC-Geh\u00e4use, die Zirkoniumdioxid-Ferrule mit Zinklegierungsanschlag, die Hochspannungsfeder, die Metall-Crimph\u00fclse und die universelle 2,0\/3,0-mm-Manschette.<\/p>","protected":false},"excerpt":{"rendered":"<p data-path-to-node=\"1\"><span class=\"\">Die <\/span><b class=\"\" data-path-to-node=\"1\" data-index-in-node=\"4\">SC APC 2.0\/3.0mm mit Zinklegierungsanschlag<\/b><span class=\"\"> ist eine erstklassige Verbindungsl\u00f6sung, die f\u00fcr Netzwerke entwickelt wurde, die eine maximale mechanische Belastbarkeit erfordern.<\/span><span class=\"\"> Im Gegensatz zu Standard-Steckverbindern f\u00fcr leichte Anwendungen,<\/span><span class=\"\"> dieses Modell integriert eine <\/span><b class=\"\" data-path-to-node=\"1\" data-index-in-node=\"210\">Pr\u00e4zisionsgefertigter Innenanschlag aus Zinklegierung<\/b><span class=\"\"> die als starres Strukturschott dient.<\/span><span class=\"\"> Diese Architektur wurde speziell entwickelt f\u00fcr <\/span><b class=\"\" data-path-to-node=\"1\" data-index-in-node=\"337\">Hochleistungs-Patchkabel, Querverbindungen f\u00fcr Schaltschr\u00e4nke im Freien und industrielle Umgebungen<\/b><span class=\"\"> wo Kabel h\u00e4ufig gehandhabt oder physisch belastet werden.<\/span><\/p>\n<p data-path-to-node=\"2\"><span class=\"\">Durch Einrasten der hochpr\u00e4zisen Zirkoniumdioxid-Ferrule in einen Metallrahmen,<\/span><span class=\"\"> Dieses System eliminiert praktisch alle Signalschwankungen, die durch \u201cKolbenbildung\u201d oder temperaturbedingte Materialausdehnung verursacht werden.<\/span><\/p>","protected":false},"featured_media":849,"comment_status":"open","ping_status":"closed","template":"","meta":[],"product_brand":[],"product_cat":[48],"product_tag":[],"class_list":{"0":"post-848","1":"product","2":"type-product","3":"status-publish","4":"has-post-thumbnail","6":"product_cat-sc-simplex-connector-single-mode-multimode","8":"first","9":"instock","10":"shipping-taxable","11":"product-type-simple"},"_links":{"self":[{"href":"https:\/\/www.fenxifiber.com\/de\/wp-json\/wp\/v2\/product\/848","targetHints":{"allow":["GET"]}}],"collection":[{"href":"https:\/\/www.fenxifiber.com\/de\/wp-json\/wp\/v2\/product"}],"about":[{"href":"https:\/\/www.fenxifiber.com\/de\/wp-json\/wp\/v2\/types\/product"}],"replies":[{"embeddable":true,"href":"https:\/\/www.fenxifiber.com\/de\/wp-json\/wp\/v2\/comments?post=848"}],"wp:featuredmedia":[{"embeddable":true,"href":"https:\/\/www.fenxifiber.com\/de\/wp-json\/wp\/v2\/media\/849"}],"wp:attachment":[{"href":"https:\/\/www.fenxifiber.com\/de\/wp-json\/wp\/v2\/media?parent=848"}],"wp:term":[{"taxonomy":"product_brand","embeddable":true,"href":"https:\/\/www.fenxifiber.com\/de\/wp-json\/wp\/v2\/product_brand?post=848"},{"taxonomy":"product_cat","embeddable":true,"href":"https:\/\/www.fenxifiber.com\/de\/wp-json\/wp\/v2\/product_cat?post=848"},{"taxonomy":"product_tag","embeddable":true,"href":"https:\/\/www.fenxifiber.com\/de\/wp-json\/wp\/v2\/product_tag?post=848"}],"curies":[{"name":"wp","href":"https:\/\/api.w.org\/{rel}","templated":true}]}}