{"id":850,"date":"2026-02-04T02:36:57","date_gmt":"2026-02-04T02:36:57","guid":{"rendered":"https:\/\/www.fenxifiber.com\/?post_type=product&#038;p=850"},"modified":"2026-02-04T03:01:30","modified_gmt":"2026-02-04T03:01:30","slug":"sc-upc-0-9mm-multimode-alle-kunststoff","status":"publish","type":"product","link":"https:\/\/www.fenxifiber.com\/de\/product\/sc-upc-0-9mm-multimode-all-plastic\/","title":{"rendered":"SC UPC 0.9mm Multimode Vollkunststoff | Interne Verbindungen mit hoher Packungsdichte"},"content":{"rendered":"<h1 data-path-to-node=\"0\">SC UPC 0.9mm Multimode Vollkunststoff | Interne Verbindungen mit hoher Packungsdichte<\/h1>\n<p data-path-to-node=\"1\">Die <b data-path-to-node=\"1\" data-index-in-node=\"4\">SC UPC 0,9mm Multimode Vollkunststoff<\/b> Serie ist eine ultraleichte, platzsparende Anschlussl\u00f6sung, die auf das interne Fasermanagement zugeschnitten ist. Speziell entwickelt f\u00fcr <b data-path-to-node=\"1\" data-index-in-node=\"172\">0,9 mm dichte Pufferfasern<\/b>, Bei diesem Steckverbinder wird durch die Verwendung einer Hochleistungspolymerarchitektur unn\u00f6tige Masse vermieden. Er ist die erste Wahl f\u00fcr <b data-path-to-node=\"1\" data-index-in-node=\"323\">optische Verteilermodule, MPO-zu-SC-Fan-out-Kits und kompakte Patchpanels<\/b> wo Hunderte von Fasern innerhalb eines begrenzten Raums verlegt werden m\u00fcssen.<\/p>\n<p data-path-to-node=\"2\">Entwickelt f\u00fcr die Hochgeschwindigkeitsanforderungen von <b data-path-to-node=\"2\" data-index-in-node=\"39\">Unternehmens-LANs und Rechenzentren<\/b>, Diese Komponenten unterst\u00fctzen das gesamte Spektrum an Multimode-Fasern (OM1\/OM2\/OM3\/OM4) und bieten eine zuverl\u00e4ssige Schnappverschluss-Schnittstelle, die die interne Verkabelung vereinfacht.<\/p>\n<hr data-path-to-node=\"3\" \/>\n<h2 data-path-to-node=\"4\">\ud83c\udfd7\ufe0f Design-Innovation: Leichte Pr\u00e4zision<\/h2>\n<p data-path-to-node=\"5\">Bei 0,9-mm-Anwendungen besteht das Ziel darin, die Dichte zu maximieren, ohne die empfindliche Natur der gepufferten Faser zu beeintr\u00e4chtigen. Das All-Plastic-Design erf\u00fcllt diese Anforderungen:<\/p>\n<ul data-path-to-node=\"6\">\n<li>\n<p data-path-to-node=\"6,0,0\"><b data-path-to-node=\"6,0,0\" data-index-in-node=\"0\">Miniaturisierter Fu\u00dfabdruck:<\/b> Durch den Wegfall der metallischen Anschl\u00e4ge erreicht der Steckverbinder ein geringeres Gewichtsprofil, wodurch das kumulative Gewicht auf den empfindlichen internen Trays reduziert und ein Durchh\u00e4ngen\u201c der Fasern in ODFs mit hoher Dichte verhindert wird.<\/p>\n<\/li>\n<li>\n<p data-path-to-node=\"6,1,0\"><b data-path-to-node=\"6,1,0\" data-index-in-node=\"0\">Anpassung an die thermische Ausdehnung:<\/b> Die Verwendung von Thermoplasten in technischer Qualit\u00e4t, die die Ausdehnungsraten von Faserpuffermaterialien widerspiegeln, gew\u00e4hrleistet, dass die <b data-path-to-node=\"6,1,0\" data-index-in-node=\"139\">Ultraphysikalischer Kontakt (UPC)<\/b> bleibt bei unterschiedlichen Serverraumtemperaturen stabil.<\/p>\n<\/li>\n<li>\n<p data-path-to-node=\"6,2,0\"><b data-path-to-node=\"6,2,0\" data-index-in-node=\"0\">Snap-and-Go-Montage:<\/b> Der Vollkunststoff-Innenrahmen ist f\u00fcr eine schnelle werkseitige Konfektionierung optimiert und verf\u00fcgt \u00fcber ein hochpr\u00e4zises Clipsystem, das die Zirkoniumdioxid-Ferrule sicher aufnimmt, ohne dass komplexe Metallwerkzeuge erforderlich sind.<\/p>\n<\/li>\n<li>\n<p data-path-to-node=\"6,3,0\"><b data-path-to-node=\"6,3,0\" data-index-in-node=\"0\">EMI\/RFI-Neutralit\u00e4t:<\/b> Die nicht-metallische Konstruktion des 100% macht diese Steckverbinder ideal f\u00fcr den Einsatz in Umgebungen mit starken elektromagnetischen St\u00f6rungen, wie z. B. in medizinischen Bildgebungsr\u00e4umen oder in Kontrollr\u00e4umen von Umspannwerken.<\/p>\n<\/li>\n<\/ul>\n<hr data-path-to-node=\"7\" \/>\n<h2 data-path-to-node=\"8\">\ud83d\udcc8 Technische Leistungsdaten<\/h2>\n<p data-path-to-node=\"9\">Diese Serie \u00fcbertrifft die Standard-Multimode-Benchmarks und sorgt daf\u00fcr, dass Ihre 10G- und 40G-Verbindungen fehlerfrei bleiben:<\/p>\n<table data-path-to-node=\"10\">\n<thead>\n<tr>\n<td><strong>Leistungsmerkmal<\/strong><\/td>\n<td><strong>Spezifikation<\/strong><\/td>\n<td><strong>Engineering Nutzen<\/strong><\/td>\n<\/tr>\n<\/thead>\n<tbody>\n<tr>\n<td><span data-path-to-node=\"10,1,0,0\"><b data-path-to-node=\"10,1,0,0\" data-index-in-node=\"0\">Faser-Kompatibilit\u00e4t<\/b><\/span><\/td>\n<td><span data-path-to-node=\"10,1,1,0\">Multimode (OM1, OM2, OM3, OM4)<\/span><\/td>\n<td><span data-path-to-node=\"10,1,2,0\">Universelle Legacy- und High-Speed-Unterst\u00fctzung<\/span><\/td>\n<\/tr>\n<tr>\n<td><span data-path-to-node=\"10,2,0,0\"><b data-path-to-node=\"10,2,0,0\" data-index-in-node=\"0\">Polnischer Typ<\/b><\/span><\/td>\n<td><span data-path-to-node=\"10,2,1,0\">UPC (Ultra Physical Contact)<\/span><\/td>\n<td><span data-path-to-node=\"10,2,2,0\">Geringe Signald\u00e4mpfung f\u00fcr Datenverbindungen<\/span><\/td>\n<\/tr>\n<tr>\n<td><span data-path-to-node=\"10,3,0,0\"><b data-path-to-node=\"10,3,0,0\" data-index-in-node=\"0\">Einf\u00fcgungsd\u00e4mpfung (IL)<\/b><\/span><\/td>\n<td><span data-path-to-node=\"10,3,1,0\">Typisch \u2264 0,15 dB<\/span><\/td>\n<td><span data-path-to-node=\"10,3,2,0\">Maximieren Sie Ihr Budget f\u00fcr optische Leistung<\/span><\/td>\n<\/tr>\n<tr>\n<td><span data-path-to-node=\"10,4,0,0\"><b data-path-to-node=\"10,4,0,0\" data-index-in-node=\"0\">R\u00fcckflussd\u00e4mpfung (RL)<\/b><\/span><\/td>\n<td><span data-path-to-node=\"10,4,1,0\">\u2265 35 dB<\/span><\/td>\n<td><span data-path-to-node=\"10,4,2,0\">Unterdr\u00fcckt Jitter in Hochgeschwindigkeits-Transceivern<\/span><\/td>\n<\/tr>\n<tr>\n<td><span data-path-to-node=\"10,5,0,0\"><b data-path-to-node=\"10,5,0,0\" data-index-in-node=\"0\">Geh\u00e4usefarbe<\/b><\/span><\/td>\n<td><span data-path-to-node=\"10,5,1,0\">Beige (OM1\/2) oder Aqua (OM3\/4)<\/span><\/td>\n<td><span data-path-to-node=\"10,5,2,0\">Sofortige visuelle Netzwerkidentifikation<\/span><\/td>\n<\/tr>\n<tr>\n<td><span data-path-to-node=\"10,6,0,0\"><b data-path-to-node=\"10,6,0,0\" data-index-in-node=\"0\">Dauerhaftigkeit<\/b><\/span><\/td>\n<td><span data-path-to-node=\"10,6,1,0\">&gt; 1000 Paarungszyklen<\/span><\/td>\n<td><span data-path-to-node=\"10,6,2,0\">Langfristige Zuverl\u00e4ssigkeit in aktiven Racks<\/span><\/td>\n<\/tr>\n<tr>\n<td><span data-path-to-node=\"10,7,0,0\"><b data-path-to-node=\"10,7,0,0\" data-index-in-node=\"0\">Umwelt<\/b><\/span><\/td>\n<td><span data-path-to-node=\"10,7,1,0\">RoHS- und REACH-konform<\/span><\/td>\n<td><span data-path-to-node=\"10,7,2,0\">Sicher f\u00fcr globale Infrastrukturprojekte<\/span><\/td>\n<\/tr>\n<\/tbody>\n<\/table>\n<hr data-path-to-node=\"11\" \/>\n<h2 data-path-to-node=\"12\">\ud83d\udca1 Multi-Faser-Routing &amp; FAQ<\/h2>\n<p data-path-to-node=\"13\"><b data-path-to-node=\"13\" data-index-in-node=\"0\">F: Warum All-Plastic f\u00fcr Multimode 0,9 mm anstelle von Zinc oder Metal-Stop verwenden?<\/b><\/p>\n<p data-path-to-node=\"13\"><b data-path-to-node=\"13\" data-index-in-node=\"74\">A:<\/b> Bei 0,9-mm-Fasern fehlt der schwere Au\u00dfenmantel und das Kevlar, das in 3,0-mm-Kabeln zu finden ist. Ein Metallstopp ist bei diesen leichten Fasern oft \u201cover-engineering\u201d. Die <b data-path-to-node=\"13\" data-index-in-node=\"227\">Vollplastik<\/b> Version bietet genau das Ma\u00df an Spannung, das erforderlich ist, um den optischen Kontakt aufrechtzuerhalten, w\u00e4hrend die Kosten und das Gewicht pro Anschluss auf ein Minimum reduziert werden.<\/p>\n<p data-path-to-node=\"14\"><b data-path-to-node=\"14\" data-index-in-node=\"0\">F: Sind diese Steckverbinder mit OM4 40G\/100G Ethernet kompatibel?<\/b><\/p>\n<p data-path-to-node=\"14\"><b data-path-to-node=\"14\" data-index-in-node=\"63\">A:<\/b> Ja. W\u00e4hrend das Geh\u00e4use aus Kunststoff besteht, ist das Herzst\u00fcck des Steckers ein <b data-path-to-node=\"14\" data-index-in-node=\"133\">Premium-Zirkoniumdioxid-H\u00fclse<\/b>. Wir verwenden hochpr\u00e4zise Bohrungen, die sicherstellen, dass der Lichtkern von OM3- und OM4-Fasern f\u00fcr die VCSEL-basierte Hochgeschwindigkeits\u00fcbertragung perfekt ausgerichtet ist.<\/p>\n<p data-path-to-node=\"15\"><b data-path-to-node=\"15\" data-index-in-node=\"0\">F: Wie unterscheidet sich der 0,9-mm-Stiefel von Standardstiefeln?<\/b><\/p>\n<p data-path-to-node=\"15\"><b data-path-to-node=\"15\" data-index-in-node=\"55\">A:<\/b> Die 0,9-mm-Tasche ist ein \u201cKurzmantel\u201d-Design. Sie bietet einen ausreichenden Biegeradiusschutz, um Mikroknicke an der Steckereingangsstelle zu verhindern, ist aber kurz genug, um die Faser eng in kleinen Splei\u00dfkassetten oder Kassettenmodulen zu wickeln.<\/p>\n<p data-path-to-node=\"16\"><b data-path-to-node=\"16\" data-index-in-node=\"0\">F: Unterst\u00fctzt dieser Bausatz anaerobe \u201cfeldtaugliche\u201d Klebstoffe?<\/b><\/p>\n<p data-path-to-node=\"16\"><b data-path-to-node=\"16\" data-index-in-node=\"59\">A:<\/b> Unbedingt. Der interne Kunststoffrahmen ist sowohl mit herk\u00f6mmlichen hitzeh\u00e4rtenden Epoxiden als auch mit schnell aush\u00e4rtenden anaeroben Klebstoffen kompatibel, was ihn zu einer vielseitigen Wahl sowohl f\u00fcr Werksmontagelinien als auch f\u00fcr Reparaturkits vor Ort macht.<\/p>","protected":false},"excerpt":{"rendered":"<p data-path-to-node=\"1\"><span class=\"\">Die <\/span><b class=\"\" data-path-to-node=\"1\" data-index-in-node=\"4\">SC UPC 0,9mm Multimode Vollkunststoff<\/b><span class=\"\"> Serie ist ein Ultraleichtgewicht,<\/span><span class=\"\"> platzsparende Abschlussl\u00f6sung, die auf das interne Fasermanagement zugeschnitten ist.<\/span><span class=\"\"> Speziell entwickelt f\u00fcr <\/span><b class=\"\" data-path-to-node=\"1\" data-index-in-node=\"172\">0,9 mm dichte Pufferfasern<\/b><span class=\"\">,<\/span><span class=\"\"> Bei diesem Steckverbinder wird durch die Verwendung einer leistungsstarken Polymerarchitektur unn\u00f6tige Masse vermieden.<\/span><span class=\"\"> Es ist die erste Wahl f\u00fcr <\/span><b class=\"\" data-path-to-node=\"1\" data-index-in-node=\"323\">optische Verteilermodule, MPO-zu-SC-Fan-out-Kits und kompakte Patchpanels<\/b><span class=\"\"> wo Hunderte von Fasern innerhalb eines begrenzten Raums verlegt werden m\u00fcssen.<\/span><\/p>\n<p data-path-to-node=\"2\"><span class=\"\">Entwickelt f\u00fcr die Hochgeschwindigkeitsanforderungen von <\/span><b class=\"\" data-path-to-node=\"2\" data-index-in-node=\"39\">Unternehmens-LANs und Rechenzentren<\/b><span class=\"\">,<\/span><span class=\"\"> Diese Komponenten unterst\u00fctzen die gesamte Palette der Multimode-Fasern (OM1\/OM2\/OM3\/OM4),<\/span><span class=\"\"> eine zuverl\u00e4ssige,<\/span><span class=\"\"> Snap-Lock-Schnittstelle, die die Komplexit\u00e4t der internen Verkabelung vereinfacht.<\/span><\/p>","protected":false},"featured_media":851,"comment_status":"open","ping_status":"closed","template":"","meta":[],"product_brand":[],"product_cat":[48],"product_tag":[],"class_list":{"0":"post-850","1":"product","2":"type-product","3":"status-publish","4":"has-post-thumbnail","6":"product_cat-sc-simplex-connector-single-mode-multimode","8":"first","9":"instock","10":"shipping-taxable","11":"product-type-simple"},"_links":{"self":[{"href":"https:\/\/www.fenxifiber.com\/de\/wp-json\/wp\/v2\/product\/850","targetHints":{"allow":["GET"]}}],"collection":[{"href":"https:\/\/www.fenxifiber.com\/de\/wp-json\/wp\/v2\/product"}],"about":[{"href":"https:\/\/www.fenxifiber.com\/de\/wp-json\/wp\/v2\/types\/product"}],"replies":[{"embeddable":true,"href":"https:\/\/www.fenxifiber.com\/de\/wp-json\/wp\/v2\/comments?post=850"}],"wp:featuredmedia":[{"embeddable":true,"href":"https:\/\/www.fenxifiber.com\/de\/wp-json\/wp\/v2\/media\/851"}],"wp:attachment":[{"href":"https:\/\/www.fenxifiber.com\/de\/wp-json\/wp\/v2\/media?parent=850"}],"wp:term":[{"taxonomy":"product_brand","embeddable":true,"href":"https:\/\/www.fenxifiber.com\/de\/wp-json\/wp\/v2\/product_brand?post=850"},{"taxonomy":"product_cat","embeddable":true,"href":"https:\/\/www.fenxifiber.com\/de\/wp-json\/wp\/v2\/product_cat?post=850"},{"taxonomy":"product_tag","embeddable":true,"href":"https:\/\/www.fenxifiber.com\/de\/wp-json\/wp\/v2\/product_tag?post=850"}],"curies":[{"name":"wp","href":"https:\/\/api.w.org\/{rel}","templated":true}]}}