{"id":853,"date":"2026-02-04T02:39:06","date_gmt":"2026-02-04T02:39:06","guid":{"rendered":"https:\/\/www.fenxifiber.com\/?post_type=product&#038;p=853"},"modified":"2026-02-04T03:01:54","modified_gmt":"2026-02-04T03:01:54","slug":"sc-upc-0-9mm-alle-kunststoff","status":"publish","type":"product","link":"https:\/\/www.fenxifiber.com\/de\/product\/sc-upc-0-9mm-all-plastic\/","title":{"rendered":"SC UPC 0.9mm Vollkunststoffanschluss Serie | High-Density Pigtail L\u00f6sung"},"content":{"rendered":"<h2 data-path-to-node=\"4\">\ud83c\udfd7\ufe0f Design-Fokus: Kompakte Effizienz<\/h2>\n<p data-path-to-node=\"5\">In der Welt der 0,9-mm-Pigtails ist \u201cweniger mehr\u201d. Das Design dieser Vollkunststoffserie konzentriert sich auf drei zentrale technische S\u00e4ulen:<\/p>\n<ul data-path-to-node=\"6\">\n<li>\n<p data-path-to-node=\"6,0,0\"><b data-path-to-node=\"6,0,0\" data-index-in-node=\"0\">Technik zur Massenreduzierung:<\/b> Das Fehlen von Metallstopps und schweren Crimpringen erm\u00f6glicht einen \u201cfederleichten\u201d Stecker. Dies verhindert eine Belastung der empfindlichen 0,9-mm-Fasern, wenn sie in gro\u00dfen Mengen in einem einzigen Splei\u00dfbeh\u00e4lter oder ODF geb\u00fcndelt werden.<\/p>\n<\/li>\n<li>\n<p data-path-to-node=\"6,1,0\"><b data-path-to-node=\"6,1,0\" data-index-in-node=\"0\">Nicht-leitende Sicherheit:<\/b> Die 100%-Polymerkonstruktion gew\u00e4hrleistet Null-Leitf\u00e4higkeit. Dies ist eine wichtige Voraussetzung f\u00fcr \u201cFiber to the Antenna\u201d (FTTA) oder industrielle Umgebungen, in denen Blitzschutz und elektrische Isolierung zwingend erforderlich sind.<\/p>\n<\/li>\n<li>\n<p data-path-to-node=\"6,2,0\"><b data-path-to-node=\"6,2,0\" data-index-in-node=\"0\">Stromlinienf\u00f6rmiges 0,9 mm Booten:<\/b> Der spezielle Mini-Boot ist so konzipiert, dass er einen maximalen Biegeradiusschutz auf k\u00fcrzestem Weg bietet, so dass die Glasfaser sicher in enge Spulen in Wanddosen mit kleinem Formfaktor \u00fcbergehen kann.<\/p>\n<\/li>\n<li>\n<p data-path-to-node=\"6,3,0\"><b data-path-to-node=\"6,3,0\" data-index-in-node=\"0\">Ultra Physical Contact (UPC):<\/b> Die Zirkoniumdioxid-Ferrule ist f\u00fcr eine sph\u00e4rische UPC-Politur optimiert und gew\u00e4hrleistet eine stabile <b data-path-to-node=\"6,3,0\" data-index-in-node=\"110\">R\u00fcckflussd\u00e4mpfung von \u226550dB<\/b>, die den Goldstandard f\u00fcr digitale Telekommunikations- und Hochgeschwindigkeits-Internetdienste darstellt.<\/p>\n<\/li>\n<\/ul>\n<hr data-path-to-node=\"7\" \/>\n<h2 data-path-to-node=\"8\">\ud83d\udcc9 Optische und mechanische Benchmarks<\/h2>\n<p data-path-to-node=\"9\">Das Geh\u00e4use ist zwar leicht, aber die Leistung ist streng auf die Anforderungen von Tr\u00e4gern abgestimmt. Wir verwenden die gleichen hochwertigen Aderendh\u00fclsen wie in unserer Industriemetall-Serie:<\/p>\n<table data-path-to-node=\"10\">\n<thead>\n<tr>\n<td><strong>Metrisch<\/strong><\/td>\n<td><strong>Leistungsniveau<\/strong><\/td>\n<td><strong>Standard-Referenz<\/strong><\/td>\n<\/tr>\n<\/thead>\n<tbody>\n<tr>\n<td><span data-path-to-node=\"10,1,0,0\"><b data-path-to-node=\"10,1,0,0\" data-index-in-node=\"0\">Faser-Durchmesser<\/b><\/span><\/td>\n<td><span data-path-to-node=\"10,1,1,0\">0,9mm Tight-Buffer<\/span><\/td>\n<td><span data-path-to-node=\"10,1,2,0\">G.652.D \/ G.657.A1<\/span><\/td>\n<\/tr>\n<tr>\n<td><span data-path-to-node=\"10,2,0,0\"><b data-path-to-node=\"10,2,0,0\" data-index-in-node=\"0\">Material des Geh\u00e4uses<\/b><\/span><\/td>\n<td><span data-path-to-node=\"10,2,1,0\">UL 94V-0 Hochschlagz\u00e4hes Polymer<\/span><\/td>\n<td><span data-path-to-node=\"10,2,2,0\">Flammhemmend<\/span><\/td>\n<\/tr>\n<tr>\n<td><span data-path-to-node=\"10,3,0,0\"><b data-path-to-node=\"10,3,0,0\" data-index-in-node=\"0\">Einf\u00fcgungsd\u00e4mpfung (IL)<\/b><\/span><\/td>\n<td><span data-path-to-node=\"10,3,1,0\">Typisch \u2264 0,15 dB | Max \u2264 0,30 dB<\/span><\/td>\n<td><span data-path-to-node=\"10,3,2,0\">IEC 61300-3-4<\/span><\/td>\n<\/tr>\n<tr>\n<td><span data-path-to-node=\"10,4,0,0\"><b data-path-to-node=\"10,4,0,0\" data-index-in-node=\"0\">R\u00fcckflussd\u00e4mpfung (RL)<\/b><\/span><\/td>\n<td><span data-path-to-node=\"10,4,1,0\">\u2265 50 dB (UPC)<\/span><\/td>\n<td><span data-path-to-node=\"10,4,2,0\">IEC 61300-3-6<\/span><\/td>\n<\/tr>\n<tr>\n<td><span data-path-to-node=\"10,5,0,0\"><b data-path-to-node=\"10,5,0,0\" data-index-in-node=\"0\">Betriebstemperatur<\/b><\/span><\/td>\n<td><span data-path-to-node=\"10,5,1,0\">-40\u00b0C bis +85\u00b0C<\/span><\/td>\n<td><span data-path-to-node=\"10,5,2,0\">Bellcore GR-326<\/span><\/td>\n<\/tr>\n<tr>\n<td><span data-path-to-node=\"10,6,0,0\"><b data-path-to-node=\"10,6,0,0\" data-index-in-node=\"0\">Vibrationsbest\u00e4ndigkeit<\/b><\/span><\/td>\n<td><span data-path-to-node=\"10,6,1,0\">&lt; 0,1 dB \u00c4nderung<\/span><\/td>\n<td><span data-path-to-node=\"10,6,2,0\">MIL-STD-202<\/span><\/td>\n<\/tr>\n<\/tbody>\n<\/table>\n<hr data-path-to-node=\"11\" \/>\n<h2 data-path-to-node=\"12\">\ud83d\udca1 Praktische Einblicke f\u00fcr Eink\u00e4ufer und Ingenieure<\/h2>\n<p data-path-to-node=\"13\"><b data-path-to-node=\"13\" data-index-in-node=\"0\">F: Warum All-Plastic f\u00fcr 0,9-mm-Pigtails anstelle eines Zinc-Stops verwenden?<\/b><\/p>\n<p data-path-to-node=\"13\"><b data-path-to-node=\"13\" data-index-in-node=\"66\">A:<\/b> 0,9-mm-Fasern enthalten nicht das Aramidgarn (Kevlar), das in 2,0-\/3,0-mm-Kabeln zu finden ist, so dass kein schwerer Metall-Crimpstopp erforderlich ist. Die <b data-path-to-node=\"13\" data-index-in-node=\"208\">Vollplastik<\/b> Architektur bietet ein perfektes Gleichgewicht zwischen R\u00fcckhalteverm\u00f6gen und Wirtschaftlichkeit f\u00fcr die interne Verkabelung, bei der ein mechanisches Ziehen von au\u00dfen keine Rolle spielt.<\/p>\n<p data-path-to-node=\"14\"><b data-path-to-node=\"14\" data-index-in-node=\"0\">F: Ist dieser Stecker sowohl mit Singlemode- als auch mit Multimode-Fasern kompatibel?<\/b><\/p>\n<p data-path-to-node=\"14\"><b data-path-to-node=\"14\" data-index-in-node=\"75\">A:<\/b> W\u00e4hrend diese spezifische <b data-path-to-node=\"14\" data-index-in-node=\"98\">Blaugeh\u00e4use<\/b> Modell ist der Standard f\u00fcr Singlemode (OS2) UPC, der mechanische Vollkunststoffk\u00f6rper ist f\u00fcr Multimode-Versionen identisch. Der einzige Unterschied ist der innere Bohrungsdurchmesser der Zirkoniumdioxid-Ferrule (125\u00b5m f\u00fcr SM vs. 127\u00b5m f\u00fcr MM).<\/p>\n<p data-path-to-node=\"15\"><b data-path-to-node=\"15\" data-index-in-node=\"0\">F: K\u00f6nnen diese f\u00fcr das Splei\u00dfen vor Ort verwendet werden?<\/b><\/p>\n<p data-path-to-node=\"15\"><b data-path-to-node=\"15\" data-index-in-node=\"41\">A:<\/b> Ja. Diese werden am h\u00e4ufigsten verwendet, um <b data-path-to-node=\"15\" data-index-in-node=\"88\">Feldgesplei\u00dfte Z\u00f6pfe<\/b>. Die Techniker splei\u00dfen die 0,9-mm-Glasfaserleitung an das ankommende Kabel, und der SC-Vollkunststoffstecker bildet die endg\u00fcltige Schnittstelle f\u00fcr das Patchpanel oder den ONT des Kunden.<\/p>\n<p data-path-to-node=\"16\"><b data-path-to-node=\"16\" data-index-in-node=\"0\">F: Was ist der Verpackungsstandard f\u00fcr Gro\u00dfbestellungen?<\/b><\/p>\n<p data-path-to-node=\"16\"><b data-path-to-node=\"16\" data-index-in-node=\"51\">A:<\/b> Als Hersteller bieten wir diese als <b data-path-to-node=\"16\" data-index-in-node=\"93\">Komplettpakete f\u00fcr Gro\u00dfpackungen<\/b>. Jedes Kit enth\u00e4lt das blaue SC-Geh\u00e4use, eine Zirkoniumdioxid-Ferrule, eine Hochspannungsfeder, einen internen Kunststoffrahmen und den blauen 0,9-mm-Mini-Boot, der in modularen Trays geliefert wird, um eine Kontamination der Ferrule zu verhindern.<\/p>","protected":false},"excerpt":{"rendered":"<p data-path-to-node=\"1\"><span class=\"\">Die <\/span><b class=\"\" data-path-to-node=\"1\" data-index-in-node=\"4\">SC UPC 0,9mm Vollplastik<\/b><span class=\"\"> Stecker ist der Industriestandard f\u00fcr High-Density,<\/span><span class=\"\"> nur interne Faserabschl\u00fcsse.<\/span><span class=\"\"> Speziell entwickelt f\u00fcr <\/span><b class=\"\" data-path-to-node=\"1\" data-index-in-node=\"144\">0,9 mm eng gepufferte Faser<\/b><span class=\"\">,<\/span><span class=\"\"> Dieses Modell verzichtet auf unn\u00f6tige Metallteile, um ein geringes Gewicht zu erreichen,<\/span><span class=\"\"> platzsparende Schnittstelle.<\/span><span class=\"\"> Es ist die erste Wahl f\u00fcr <\/span><b class=\"\" data-path-to-node=\"1\" data-index-in-node=\"316\">FTTH-Teilnehmerdosen, PLC-Splitterabschl\u00fcsse und MPO-zu-SC-Breakout-Kassetten mit hoher Dichte<\/b><span class=\"\"> wo jeder Millimeter Platz f\u00fcr die Verlegung entscheidend ist.<\/span><\/p>\n<p data-path-to-node=\"2\"><span class=\"\">Durch die Verwendung eines hochfesten Polymer-Innenrahmens,<\/span><span class=\"\"> Dieser Steckverbinder bietet die Pr\u00e4zision einer werkseitigen Verarbeitung mit den wirtschaftlichen Vorteilen einer Vollkunststoffarchitektur,<\/span><span class=\"\"> und ist damit die kosteneffizienteste L\u00f6sung f\u00fcr gro\u00df angelegte Glasfaserausbauten.<\/span><\/p>","protected":false},"featured_media":854,"comment_status":"open","ping_status":"closed","template":"","meta":[],"product_brand":[],"product_cat":[48],"product_tag":[],"class_list":{"0":"post-853","1":"product","2":"type-product","3":"status-publish","4":"has-post-thumbnail","6":"product_cat-sc-simplex-connector-single-mode-multimode","8":"first","9":"instock","10":"shipping-taxable","11":"product-type-simple"},"_links":{"self":[{"href":"https:\/\/www.fenxifiber.com\/de\/wp-json\/wp\/v2\/product\/853","targetHints":{"allow":["GET"]}}],"collection":[{"href":"https:\/\/www.fenxifiber.com\/de\/wp-json\/wp\/v2\/product"}],"about":[{"href":"https:\/\/www.fenxifiber.com\/de\/wp-json\/wp\/v2\/types\/product"}],"replies":[{"embeddable":true,"href":"https:\/\/www.fenxifiber.com\/de\/wp-json\/wp\/v2\/comments?post=853"}],"wp:featuredmedia":[{"embeddable":true,"href":"https:\/\/www.fenxifiber.com\/de\/wp-json\/wp\/v2\/media\/854"}],"wp:attachment":[{"href":"https:\/\/www.fenxifiber.com\/de\/wp-json\/wp\/v2\/media?parent=853"}],"wp:term":[{"taxonomy":"product_brand","embeddable":true,"href":"https:\/\/www.fenxifiber.com\/de\/wp-json\/wp\/v2\/product_brand?post=853"},{"taxonomy":"product_cat","embeddable":true,"href":"https:\/\/www.fenxifiber.com\/de\/wp-json\/wp\/v2\/product_cat?post=853"},{"taxonomy":"product_tag","embeddable":true,"href":"https:\/\/www.fenxifiber.com\/de\/wp-json\/wp\/v2\/product_tag?post=853"}],"curies":[{"name":"wp","href":"https:\/\/api.w.org\/{rel}","templated":true}]}}