{"id":855,"date":"2026-02-04T02:40:34","date_gmt":"2026-02-04T02:40:34","guid":{"rendered":"https:\/\/www.fenxifiber.com\/?post_type=product&#038;p=855"},"modified":"2026-02-04T03:02:26","modified_gmt":"2026-02-04T03:02:26","slug":"sc-upc-0-9mm-mit-anschlag-aus-zinklegierung","status":"publish","type":"product","link":"https:\/\/www.fenxifiber.com\/de\/product\/sc-upc-0-9mm-with-zinc-alloy-stop\/","title":{"rendered":"SC UPC 0,9 mm Zinklegierungsanschlag | Interne Verbindungen in Profiqualit\u00e4t"},"content":{"rendered":"<h2 data-path-to-node=\"3\">\ud83c\udfd7\ufe0f Strukturelle Integrit\u00e4t und metallische Bewehrung<\/h2>\n<p data-path-to-node=\"4\">Die Kerninnovation dieses Steckverbinders liegt in seinem inneren Metallger\u00fcst. Durch das Ersetzen des Standard-Kunststoffrahmens durch ein <b data-path-to-node=\"4\" data-index-in-node=\"125\">Anschlag aus Zinklegierung<\/b>, erreicht der Steckverbinder einen Grad an axialer Stabilit\u00e4t, der normalerweise nur f\u00fcr hochbelastbare 3,0 mm ummantelte Kabel gilt.<\/p>\n<ul data-path-to-node=\"5\">\n<li>\n<p data-path-to-node=\"5,0,0\"><b data-path-to-node=\"5,0,0\" data-index-in-node=\"0\">Anti-Pistonier-Matrix:<\/b> In Umgebungen mit schwankenden Temperaturen k\u00f6nnen sich 0,9-mm-Puffer ausdehnen und zusammenziehen, was zu einer Verschiebung der Ferrule f\u00fchrt (pistoning). Der Anschlag aus Zinklegierung fungiert als dauerhafte thermische und mechanische Sperre und h\u00e4lt die Zirkoniumdioxid-Ferrule in ihrer optimalen physischen Kontaktposition fest.<\/p>\n<\/li>\n<li>\n<p data-path-to-node=\"5,1,0\"><b data-path-to-node=\"5,1,0\" data-index-in-node=\"0\">Mechanische Erdung:<\/b> Der Metallanschlag bietet eine feste Oberfl\u00e4che, gegen die die interne Feder dr\u00fccken kann. Dies f\u00fchrt zu einer gleichm\u00e4\u00dfigeren Steckkraft (ca. 1,2 kg), die f\u00fcr die Aufrechterhaltung einer stabilen Verbindung unerl\u00e4sslich ist. <b data-path-to-node=\"5,1,0\" data-index-in-node=\"212\">R\u00fcckflussd\u00e4mpfung von \u226550dB<\/b> \u00fcber Tausende von Paarungszyklen.<\/p>\n<\/li>\n<li>\n<p data-path-to-node=\"5,2,0\"><b data-path-to-node=\"5,2,0\" data-index-in-node=\"0\">Axiale Pr\u00e4zisionsausrichtung:<\/b> Im Gegensatz zu Kunststoffkomponenten, bei denen es zu leichten Formabweichungen kommen kann, werden die Komponenten aus Zinklegierung mit Toleranzen im Submikrometerbereich bearbeitet, wodurch sichergestellt wird, dass die Ferrule perfekt konzentrisch mit dem Au\u00dfengeh\u00e4use bleibt.<\/p>\n<\/li>\n<\/ul>\n<hr data-path-to-node=\"6\" \/>\n<h2 data-path-to-node=\"7\">\ud83c\udf0d Anwendungsszenarien: Mehr als Basis-Patching<\/h2>\n<p data-path-to-node=\"8\">Die SC UPC Zinc-Stop-Serie wurde f\u00fcr unternehmenskritische Anwendungen entwickelt, bei denen ein Ausfall der Verbindung nicht in Frage kommt:<\/p>\n<h3 data-path-to-node=\"9\">1. High-Density ODF &amp; Zentralb\u00fcro<\/h3>\n<p data-path-to-node=\"10\">In zentralen B\u00fcroumgebungen werden 0,9-mm-Pigtails oft geb\u00fcndelt und durch enge Kan\u00e4le verlegt. Der Metallanschlag stellt sicher, dass die interne Ausrichtung nicht beeintr\u00e4chtigt wird, selbst wenn ein Pigtail versehentlich eingeklemmt oder w\u00e4hrend der Wartung einer leichten Spannung ausgesetzt wird.<\/p>\n<h3 data-path-to-node=\"11\">2. PLC-Splitter und Modul-Integration<\/h3>\n<p data-path-to-node=\"12\">F\u00fcr Hersteller von 1xN- oder 2xN-SPS-Splittern bieten diese Steckverbinder die erforderliche strukturelle Steifigkeit, um dem Verguss- und Montageprozess standzuhalten. Der Rahmen aus einer Zinklegierung sch\u00fctzt die Verbindung zwischen Faser und H\u00fclse vor den Belastungen der thermischen Aush\u00e4rtung.<\/p>\n<h3 data-path-to-node=\"13\">3. Sensoren f\u00fcr Industrie und Raumfahrt<\/h3>\n<p data-path-to-node=\"14\">In Umgebungen, die st\u00e4ndigen Vibrationen oder G-Kr\u00e4ften ausgesetzt sind, k\u00f6nnen interne Kunststoffklammern erm\u00fcden oder versagen. Das metallische Grundger\u00fcst des Zinklegierungsanschlags bietet die erforderliche Vibrationsfestigkeit, um die Signalkontinuit\u00e4t in hochbelasteten \u00dcberwachungssystemen aufrechtzuerhalten.<\/p>\n<hr data-path-to-node=\"15\" \/>\n<h2 data-path-to-node=\"16\">\ud83d\udcc9 Technische Leistung &amp; Materialmatrix<\/h2>\n<p data-path-to-node=\"17\">Diese Serie wurde entwickelt, um die Anforderungen von Standardtr\u00e4gern zu \u00fcbertreffen, wobei der Schwerpunkt auf langfristiger Signalflachheit\u201c und Haltbarkeit liegt.<\/p>\n<table data-path-to-node=\"18\">\n<thead>\n<tr>\n<td><strong>S\u00e4ule Leistung<\/strong><\/td>\n<td><strong>Technisches Detail<\/strong><\/td>\n<td><strong>Strategischer Nutzen<\/strong><\/td>\n<\/tr>\n<\/thead>\n<tbody>\n<tr>\n<td><span data-path-to-node=\"18,1,0,0\"><b data-path-to-node=\"18,1,0,0\" data-index-in-node=\"0\">Interne Architektur<\/b><\/span><\/td>\n<td><span data-path-to-node=\"18,1,1,0\">Pr\u00e4zisionsgegossener Anschlag aus Zinklegierung<\/span><\/td>\n<td><span data-path-to-node=\"18,1,2,0\">Maximale mechanische Steifigkeit<\/span><\/td>\n<\/tr>\n<tr>\n<td><span data-path-to-node=\"18,2,0,0\"><b data-path-to-node=\"18,2,0,0\" data-index-in-node=\"0\">Endfl\u00e4chengeometrie<\/b><\/span><\/td>\n<td><span data-path-to-node=\"18,2,1,0\">Sph\u00e4rische UPC-Politur<\/span><\/td>\n<td><span data-path-to-node=\"18,2,2,0\">Optimiert f\u00fcr digitale OS2-Verbindungen<\/span><\/td>\n<\/tr>\n<tr>\n<td><span data-path-to-node=\"18,3,0,0\"><b data-path-to-node=\"18,3,0,0\" data-index-in-node=\"0\">Einf\u00fcgungsd\u00e4mpfung (IL)<\/b><\/span><\/td>\n<td><span data-path-to-node=\"18,3,1,0\"><b data-path-to-node=\"18,3,1,0\" data-index-in-node=\"0\">Typisch: \u2264 0,12 dB<\/b> \/ Max: \u2264 0,30 dB<\/span><\/td>\n<td><span data-path-to-node=\"18,3,2,0\">Bewahrt optische Leistungsbudgets<\/span><\/td>\n<\/tr>\n<tr>\n<td><span data-path-to-node=\"18,4,0,0\"><b data-path-to-node=\"18,4,0,0\" data-index-in-node=\"0\">R\u00fcckflussd\u00e4mpfung (RL)<\/b><\/span><\/td>\n<td><span data-path-to-node=\"18,4,1,0\"><b data-path-to-node=\"18,4,1,0\" data-index-in-node=\"0\">\u2265 55 dB<\/b><\/span><\/td>\n<td><span data-path-to-node=\"18,4,2,0\">Minimiert Transceiver-Jitter<\/span><\/td>\n<\/tr>\n<tr>\n<td><span data-path-to-node=\"18,5,0,0\"><b data-path-to-node=\"18,5,0,0\" data-index-in-node=\"0\">Zugkraft<\/b><\/span><\/td>\n<td><span data-path-to-node=\"18,5,1,0\">\u2265 9,8N (0,9mm Puffergrenze)<\/span><\/td>\n<td><span data-path-to-node=\"18,5,2,0\">Sch\u00fctzt die Fasern vor Stress bei der Handhabung<\/span><\/td>\n<\/tr>\n<tr>\n<td><span data-path-to-node=\"18,6,0,0\"><b data-path-to-node=\"18,6,0,0\" data-index-in-node=\"0\">Materielle Sicherheit<\/b><\/span><\/td>\n<td><span data-path-to-node=\"18,6,1,0\">UL 94V-0 Hochschlagz\u00e4hes Polymer<\/span><\/td>\n<td><span data-path-to-node=\"18,6,2,0\">Feuersicher f\u00fcr die Infrastruktur in Innenr\u00e4umen<\/span><\/td>\n<\/tr>\n<tr>\n<td><span data-path-to-node=\"18,7,0,0\"><b data-path-to-node=\"18,7,0,0\" data-index-in-node=\"0\">Arbeitsbereich<\/b><\/span><\/td>\n<td><span data-path-to-node=\"18,7,1,0\">-40\u00b0C bis +85\u00b0C<\/span><\/td>\n<td><span data-path-to-node=\"18,7,2,0\">Stabil bei extremen Klimabedingungen<\/span><\/td>\n<\/tr>\n<\/tbody>\n<\/table>\n<hr data-path-to-node=\"19\" \/>\n<h2 data-path-to-node=\"20\">\ud83d\udce6 Fertigung &amp; Logistik Anpassung<\/h2>\n<p data-path-to-node=\"21\">Als direkter Hersteller bieten wir spezielle Konfigurationsoptionen f\u00fcr die Zinc-Stop-Serie, um verschiedene technische Standards zu erf\u00fcllen:<\/p>\n<ul data-path-to-node=\"22\">\n<li>\n<p data-path-to-node=\"22,0,0\"><b data-path-to-node=\"22,0,0\" data-index-in-node=\"0\">Farbkodiertes Geh\u00e4use und Stiefel:<\/b> Neben der Standardfarbe Blau (UPC) bieten wir eine kundenspezifische Farbkennzeichnung f\u00fcr bestimmte interne Verlegepfade (Rot, Schwarz oder Gelb), um das komplexe Kabelmanagement zu vereinfachen.<\/p>\n<\/li>\n<li>\n<p data-path-to-node=\"22,1,0\"><b data-path-to-node=\"22,1,0\" data-index-in-node=\"0\">Auswahl der Aderendh\u00fclse:<\/b> W\u00e4hlen Sie zwischen Standard-Zirkoniumdioxid- oder Premium-Low-Loss\u201c-H\u00fclsen mit engeren Rundlauftoleranzen f\u00fcr Ultrakurzschluss-Hochgeschwindigkeits-Datenanwendungen.<\/p>\n<\/li>\n<li>\n<p data-path-to-node=\"22,2,0\"><b data-path-to-node=\"22,2,0\" data-index-in-node=\"0\">Bauteilkits vs. Vormontagen:<\/b> Wir liefern sie als lose Baus\u00e4tze f\u00fcr Montagebetriebe oder als vollst\u00e4ndig abgeschlossene, interferometrisch gepr\u00fcfte 100%-Pigtails, die sofort vor Ort gesplei\u00dft werden k\u00f6nnen.<\/p>\n<\/li>\n<li>\n<p data-path-to-node=\"22,3,0\"><b data-path-to-node=\"22,3,0\" data-index-in-node=\"0\">Puffer-Unterst\u00fctzung:<\/b> Der interne Clip und der 0,9-mm-Ministiefel sind kompatibel mit PVC, Hytrel und LSZH 900\u00b5m dichten Puffermaterialien.<\/p>\n<\/li>\n<\/ul>","protected":false},"excerpt":{"rendered":"<p data-path-to-node=\"1\"><span class=\"\">Die <\/span><b class=\"\" data-path-to-node=\"1\" data-index-in-node=\"4\">SC UPC 0.9mm mit Zinklegierungsanschlag<\/b><span class=\"\"> stellt die Spitze der strukturellen Integrit\u00e4t f\u00fcr Pigtail-Abschl\u00fcsse mit hoher Dichte dar.<\/span><span class=\"\"> W\u00e4hrend Standard-Pigtail-Steckverbinder mit internen Kunststoffklemmen ausgestattet sind,<\/span><span class=\"\"> diese Premium-Serie integriert eine <\/span><b class=\"\" data-path-to-node=\"1\" data-index-in-node=\"224\">Innenschott aus Zinklegierung im Pr\u00e4zisionsgussverfahren<\/b><span class=\"\">.<\/span><span class=\"\"> Dieser metallische \u201cAnschlag\u201d wurde speziell entwickelt, um die mechanischen Schwachstellen zu beseitigen, die h\u00e4ufig bei 0.<\/span><span class=\"\">9 mm dichte Pufferanschl\u00fcsse,<\/span><span class=\"\"> Bereitstellung eines starren,<\/span><span class=\"\"> nicht verformbarer Anker, der die L\u00fccke zwischen empfindlicher interner Verdrahtung und industrieller Widerstandsf\u00e4higkeit schlie\u00dft.<\/span><\/p>","protected":false},"featured_media":856,"comment_status":"open","ping_status":"closed","template":"","meta":[],"product_brand":[],"product_cat":[48],"product_tag":[],"class_list":{"0":"post-855","1":"product","2":"type-product","3":"status-publish","4":"has-post-thumbnail","6":"product_cat-sc-simplex-connector-single-mode-multimode","8":"first","9":"instock","10":"shipping-taxable","11":"product-type-simple"},"_links":{"self":[{"href":"https:\/\/www.fenxifiber.com\/de\/wp-json\/wp\/v2\/product\/855","targetHints":{"allow":["GET"]}}],"collection":[{"href":"https:\/\/www.fenxifiber.com\/de\/wp-json\/wp\/v2\/product"}],"about":[{"href":"https:\/\/www.fenxifiber.com\/de\/wp-json\/wp\/v2\/types\/product"}],"replies":[{"embeddable":true,"href":"https:\/\/www.fenxifiber.com\/de\/wp-json\/wp\/v2\/comments?post=855"}],"wp:featuredmedia":[{"embeddable":true,"href":"https:\/\/www.fenxifiber.com\/de\/wp-json\/wp\/v2\/media\/856"}],"wp:attachment":[{"href":"https:\/\/www.fenxifiber.com\/de\/wp-json\/wp\/v2\/media?parent=855"}],"wp:term":[{"taxonomy":"product_brand","embeddable":true,"href":"https:\/\/www.fenxifiber.com\/de\/wp-json\/wp\/v2\/product_brand?post=855"},{"taxonomy":"product_cat","embeddable":true,"href":"https:\/\/www.fenxifiber.com\/de\/wp-json\/wp\/v2\/product_cat?post=855"},{"taxonomy":"product_tag","embeddable":true,"href":"https:\/\/www.fenxifiber.com\/de\/wp-json\/wp\/v2\/product_tag?post=855"}],"curies":[{"name":"wp","href":"https:\/\/api.w.org\/{rel}","templated":true}]}}