{"id":857,"date":"2026-02-04T02:42:12","date_gmt":"2026-02-04T02:42:12","guid":{"rendered":"https:\/\/www.fenxifiber.com\/?post_type=product&#038;p=857"},"modified":"2026-02-04T03:03:09","modified_gmt":"2026-02-04T03:03:09","slug":"sc-upc-2-0-3-0mm-multimode-alle-kunststoff","status":"publish","type":"product","link":"https:\/\/www.fenxifiber.com\/de\/product\/sc-upc-2-0-3-0mm-multimode-all-plastic\/","title":{"rendered":"SC UPC 2.0\/3.0mm Multimode Vollkunststoff | Enterprise-Grade Local Area Network Serie"},"content":{"rendered":"<h2 data-path-to-node=\"4\">\ud83d\udd2c Materialinnovation und strukturelles Design<\/h2>\n<p data-path-to-node=\"5\">Die Bezeichnung \u201cAll-Plastic\u201d bezieht sich auf den Innenrahmen aus hochfestem Polymer. Dieses Design spiegelt moderne technische Trends wider, die sich auf Materialeffizienz und Umweltvertr\u00e4glichkeit konzentrieren.<\/p>\n<ul data-path-to-node=\"6\">\n<li>\n<p data-path-to-node=\"6,0,0\"><b data-path-to-node=\"6,0,0\" data-index-in-node=\"0\">Nichtleitende dielektrische Ausf\u00fchrung:<\/b> Durch die Verwendung eines 100%-Polymer-R\u00fcckhaltesystems sind diese Steckverbinder von Natur aus sicher f\u00fcr den Einsatz in Bereichen mit hoher elektromagnetischer Interferenz (EMI) oder in der N\u00e4he von Stromversorgungssystemen, da sie keinerlei elektrische Leitf\u00e4higkeit entlang des Faserpfades gew\u00e4hrleisten.<\/p>\n<\/li>\n<li>\n<p data-path-to-node=\"6,1,0\"><b data-path-to-node=\"6,1,0\" data-index-in-node=\"0\">Korrosionssichere Langlebigkeit:<\/b> Im Gegensatz zu metallbasierten Komponenten, die in feuchten oder \u201cHot-Gang\u201d-Umgebungen in Rechenzentren oxidieren k\u00f6nnen, bleiben die technischen Kunststoffe inert und stellen sicher, dass der Verriegelungsmechanismus nicht br\u00fcchig wird oder festsitzt.<\/p>\n<\/li>\n<li>\n<p data-path-to-node=\"6,2,0\"><b data-path-to-node=\"6,2,0\" data-index-in-node=\"0\">Thermal Matching Technologie:<\/b> Der Innenrahmen ist aus einem thermoplastischen Kunststoff mit einem W\u00e4rmeausdehnungskoeffizienten geformt, der dem der Zirkoniumdioxid-Ferrule entspricht. <b data-path-to-node=\"6,2,0\" data-index-in-node=\"171\">Ultraphysikalischer Kontakt (UPC)<\/b> Stabilit\u00e4t bei Temperaturspitzen in aktiven Ger\u00e4teschr\u00e4nken.<\/p>\n<\/li>\n<li>\n<p data-path-to-node=\"6,3,0\"><b data-path-to-node=\"6,3,0\" data-index-in-node=\"0\">Optimierte 2.0\/3.0mm Crimpzone:<\/b> Der Kunststoff-Innenk\u00f6rper weist eine strukturierte Oberfl\u00e4che auf, die beim Zusammendr\u00fccken mit der Metall-Crimph\u00fclse eine reibschl\u00fcssige Verbindung mit dem Aramidgarn (Kevlar) herstellt und so eine Zugfestigkeit von <b data-path-to-node=\"6,3,0\" data-index-in-node=\"229\">\u2265100N<\/b>.<\/p>\n<\/li>\n<\/ul>\n<hr data-path-to-node=\"7\" \/>\n<h2 data-path-to-node=\"8\">\ud83d\udce1 Strategische Anwendungsszenarien<\/h2>\n<p data-path-to-node=\"9\">Die SC UPC Multimode All-Plastic Serie eignet sich hervorragend f\u00fcr verschiedene Netzwerkarchitekturen:<\/p>\n<h3 data-path-to-node=\"10\">1. Hochgeschwindigkeits-Rechenzentren mit 10G\/40G<\/h3>\n<p data-path-to-node=\"11\">In OM3- und OM4-Umgebungen mit 10 Gbps ist die Einf\u00fcged\u00e4mpfung der gr\u00f6\u00dfte Feind. <span class=\"citation-1\">Unsere Steckverbinder verwenden hochwertige <\/span><b data-path-to-node=\"11\" data-index-in-node=\"104\"><span class=\"citation-1\">Zirkoniumdioxid-Keramik-Ferrules<\/span><\/b><span class=\"citation-1 citation-end-1\"> mit einer etwas breiteren Bohrung (127\u00b5m) speziell f\u00fcr Multimode-Fasern, die sicherstellt, dass der lichtf\u00fchrende Kern perfekt ausgerichtet ist, um die modale Dispersion zu minimieren.<\/span><\/p>\n<div class=\"source-inline-chip-container ng-star-inserted\"><\/div>\n<p>&nbsp;<\/p>\n<h3 data-path-to-node=\"12\">2. Unternehmens-Backbone und horizontale Verkabelung<\/h3>\n<p data-path-to-node=\"13\">Durch ihr geringes Gewicht sind diese Steckverbinder ideal f\u00fcr die Einf\u00fchrung in gro\u00dfen B\u00fcros. Sie reduzieren die gesamte mechanische Belastung von ODFs und Patchpanels und verhindern so das langfristige \u201cDurchh\u00e4ngen\u201d von Anschl\u00fcssen, das in Racks mit Tausenden von Verbindungen auftreten kann.<\/p>\n<h3 data-path-to-node=\"14\">3. Industrielle Automatisierung und medizinische Bildgebung<\/h3>\n<p data-path-to-node=\"15\">In Umgebungen, in denen eine elektrische Isolierung erforderlich ist, wie z. B. in medizinischen MRT-Suiten oder industriellen SPS-Steuerschr\u00e4nken, bietet die nicht-metallische Innenstruktur des All-Plastic SC-Steckverbinders eine zus\u00e4tzliche Sicherheitsschicht und Signalreinheit.<\/p>\n<hr data-path-to-node=\"16\" \/>\n<h2 data-path-to-node=\"17\">\ud83d\udcc8 Technische Leistungsvergleiche<\/h2>\n<table data-path-to-node=\"18\">\n<thead>\n<tr>\n<td><strong>Leistungsmetrik<\/strong><\/td>\n<td><strong>Spezifikationsebene<\/strong><\/td>\n<td><strong>Operativer Vorteil<\/strong><\/td>\n<\/tr>\n<\/thead>\n<tbody>\n<tr>\n<td><span data-path-to-node=\"18,1,0,0\"><b data-path-to-node=\"18,1,0,0\" data-index-in-node=\"0\">Faser-Kompatibilit\u00e4t<\/b><\/span><\/td>\n<td><span data-path-to-node=\"18,1,1,0\">Multimode 50\/125\u00b5m oder 62,5\/125\u00b5m<\/span><\/td>\n<td><span data-path-to-node=\"18,1,2,0\">Unterst\u00fctzt OM1, OM2, OM3, OM4<\/span><\/td>\n<\/tr>\n<tr>\n<td><span data-path-to-node=\"18,2,0,0\"><b data-path-to-node=\"18,2,0,0\" data-index-in-node=\"0\">Geh\u00e4usefarbe<\/b><\/span><\/td>\n<td><span data-path-to-node=\"18,2,1,0\">Aqua (OM3\/4) \/ Beige (OM1\/2)<\/span><\/td>\n<td><span data-path-to-node=\"18,2,2,0\">Schnelle visuelle Netzidentifizierung<\/span><\/td>\n<\/tr>\n<tr>\n<td><span data-path-to-node=\"18,3,0,0\"><b data-path-to-node=\"18,3,0,0\" data-index-in-node=\"0\">Einf\u00fcgungsd\u00e4mpfung (IL)<\/b><\/span><\/td>\n<td><span data-path-to-node=\"18,3,1,0\"><b data-path-to-node=\"18,3,1,0\" data-index-in-node=\"0\">Typisch: \u2264 0,15 dB<\/b> \/ Max: \u2264 0,25 dB<\/span><\/td>\n<td><span data-path-to-node=\"18,3,2,0\">Erh\u00e4lt das Signal f\u00fcr lange Strecken<\/span><\/td>\n<\/tr>\n<tr>\n<td><span data-path-to-node=\"18,4,0,0\"><b data-path-to-node=\"18,4,0,0\" data-index-in-node=\"0\">R\u00fcckflussd\u00e4mpfung (RL)<\/b><\/span><\/td>\n<td><span data-path-to-node=\"18,4,1,0\">\u2265 30 dB (UPC)<\/span><\/td>\n<td><span data-path-to-node=\"18,4,2,0\">Reduziert Jitter bei Hochgeschwindigkeitsverbindungen<\/span><\/td>\n<\/tr>\n<tr>\n<td><span data-path-to-node=\"18,5,0,0\"><b data-path-to-node=\"18,5,0,0\" data-index-in-node=\"0\">R\u00fcckhaltekraft<\/b><\/span><\/td>\n<td><span data-path-to-node=\"18,5,1,0\">\u2265 100N (22.5 lbs)<\/span><\/td>\n<td><span data-path-to-node=\"18,5,2,0\">Sicher gegen versehentliches Ausrei\u00dfen<\/span><\/td>\n<\/tr>\n<tr>\n<td><span data-path-to-node=\"18,6,0,0\"><b data-path-to-node=\"18,6,0,0\" data-index-in-node=\"0\">Paarungszyklen<\/b><\/span><\/td>\n<td><span data-path-to-node=\"18,6,1,0\">&gt; 1000 Mal<\/span><\/td>\n<td><span data-path-to-node=\"18,6,2,0\">Zuverl\u00e4ssig bei h\u00e4ufigem Patching<\/span><\/td>\n<\/tr>\n<tr>\n<td><span data-path-to-node=\"18,7,0,0\"><b data-path-to-node=\"18,7,0,0\" data-index-in-node=\"0\">Einhaltung der Sicherheitsvorschriften<\/b><\/span><\/td>\n<td><span data-path-to-node=\"18,7,1,0\">UL 94V-0 \/ RoHS \/ REACH<\/span><\/td>\n<td><span data-path-to-node=\"18,7,2,0\">Globale Umweltstandards<\/span><\/td>\n<\/tr>\n<\/tbody>\n<\/table>\n<hr data-path-to-node=\"19\" \/>\n<h2 data-path-to-node=\"20\">\ud83d\udee0 Herstellung und Qualit\u00e4tsanpassung<\/h2>\n<p data-path-to-node=\"21\">Als direkter Fertigungspartner bieten wir diese Steckverbinder mit verschiedenen Mehrwertoptionen f\u00fcr Montagebetriebe an:<\/p>\n<ul data-path-to-node=\"22\">\n<li>\n<p data-path-to-node=\"22,0,0\"><b data-path-to-node=\"22,0,0\" data-index-in-node=\"0\">Modulare Boot-Optionen:<\/b> Die Kits enthalten spezielle Manschetten, die entweder f\u00fcr 2,0- oder 3,0-mm-M\u00e4ntel geeignet sind und ein \u201cLong-Taper\u201d-Design aufweisen, um Mikrobiegungen an der Kabeleinf\u00fchrung zu verhindern.<\/p>\n<\/li>\n<li>\n<p data-path-to-node=\"22,1,0\"><b data-path-to-node=\"22,1,0\" data-index-in-node=\"0\">Aderendh\u00fclse Pr\u00e4zisionsabstufung:<\/b> Wir bieten Aderendh\u00fclsen in Standardqualit\u00e4t f\u00fcr allgemeine Vernetzungszwecke und \u201cMaster Grade\u201d-Aderendh\u00fclsen mit extrem hoher Konzentrizit\u00e4t f\u00fcr hochpr\u00e4zise Labortests.<\/p>\n<\/li>\n<li>\n<p data-path-to-node=\"22,2,0\"><b data-path-to-node=\"22,2,0\" data-index-in-node=\"0\">Crimph\u00fclsen-Varianten:<\/b> W\u00e4hlen Sie zwischen Standard-Crimph\u00fclsen aus Aluminium oder verst\u00e4rktem Kupfer, um Ihre spezifischen Anforderungen an Produktionswerkzeuge und Spannungen zu erf\u00fcllen.<\/p>\n<\/li>\n<li>\n<p data-path-to-node=\"22,3,0\"><b data-path-to-node=\"22,3,0\" data-index-in-node=\"0\">Individuelle Logopr\u00e4gung:<\/b> F\u00fcr Gro\u00dfh\u00e4ndler und Erstausr\u00fcster bieten wir kundenspezifische Geh\u00e4useformteile mit Markenkennzeichnung oder spezifischer Seriennummerierung an.<\/p>\n<\/li>\n<\/ul>","protected":false},"excerpt":{"rendered":"<p data-path-to-node=\"1\"><span class=\"\">Die <\/span><b class=\"\" data-path-to-node=\"1\" data-index-in-node=\"4\">SC UPC 2.0\/3.0mm Multimode Vollplastik<\/b><span class=\"\"> Stecker ist die endg\u00fcltige Wahl f\u00fcr kostenoptimierte,<\/span><span class=\"\"> Multimode-Glasfasern mit hoher Dichte eingesetzt werden.<\/span><span class=\"\"> Speziell entwickelt f\u00fcr <\/span><b class=\"\" data-path-to-node=\"1\" data-index-in-node=\"168\">OM1, OM2, OM3 und OM4<\/b><span class=\"\"> Infrastrukturen,<\/span><span class=\"\"> Durch diese \u201cAll-Plastic\u201d-Architektur entfallen das Gewicht und die Kosten f\u00fcr metallische Komponenten, ohne dass die f\u00fcr die VCSEL-basierte Hochgeschwindigkeits-Daten\u00fcbertragung erforderliche Pr\u00e4zision beeintr\u00e4chtigt wird.<\/span><\/p>\n<p data-path-to-node=\"2\"><span class=\"\">Ma\u00dfgeschneidert f\u00fcr <\/span><b class=\"\" data-path-to-node=\"2\" data-index-in-node=\"13\">2,0 mm und 3,0 mm ummantelte Kabel<\/b><span class=\"\">,<\/span><span class=\"\"> Diese Steckverbinder bieten eine dauerhafte Verbindung,<\/span><\/p>","protected":false},"featured_media":859,"comment_status":"open","ping_status":"closed","template":"","meta":[],"product_brand":[],"product_cat":[48],"product_tag":[],"class_list":{"0":"post-857","1":"product","2":"type-product","3":"status-publish","4":"has-post-thumbnail","6":"product_cat-sc-simplex-connector-single-mode-multimode","8":"first","9":"instock","10":"shipping-taxable","11":"product-type-simple"},"_links":{"self":[{"href":"https:\/\/www.fenxifiber.com\/de\/wp-json\/wp\/v2\/product\/857","targetHints":{"allow":["GET"]}}],"collection":[{"href":"https:\/\/www.fenxifiber.com\/de\/wp-json\/wp\/v2\/product"}],"about":[{"href":"https:\/\/www.fenxifiber.com\/de\/wp-json\/wp\/v2\/types\/product"}],"replies":[{"embeddable":true,"href":"https:\/\/www.fenxifiber.com\/de\/wp-json\/wp\/v2\/comments?post=857"}],"wp:featuredmedia":[{"embeddable":true,"href":"https:\/\/www.fenxifiber.com\/de\/wp-json\/wp\/v2\/media\/859"}],"wp:attachment":[{"href":"https:\/\/www.fenxifiber.com\/de\/wp-json\/wp\/v2\/media?parent=857"}],"wp:term":[{"taxonomy":"product_brand","embeddable":true,"href":"https:\/\/www.fenxifiber.com\/de\/wp-json\/wp\/v2\/product_brand?post=857"},{"taxonomy":"product_cat","embeddable":true,"href":"https:\/\/www.fenxifiber.com\/de\/wp-json\/wp\/v2\/product_cat?post=857"},{"taxonomy":"product_tag","embeddable":true,"href":"https:\/\/www.fenxifiber.com\/de\/wp-json\/wp\/v2\/product_tag?post=857"}],"curies":[{"name":"wp","href":"https:\/\/api.w.org\/{rel}","templated":true}]}}