{"id":871,"date":"2026-02-04T02:53:50","date_gmt":"2026-02-04T02:53:50","guid":{"rendered":"https:\/\/www.fenxifiber.com\/?post_type=product&#038;p=871"},"modified":"2026-02-05T02:31:54","modified_gmt":"2026-02-05T02:31:54","slug":"lc-upc-3-0mm-duplex-multimode-rosa-rot","status":"publish","type":"product","link":"https:\/\/www.fenxifiber.com\/de\/product\/lc-upc-3-0mm-duplex-multimode-rose-red\/","title":{"rendered":"LC UPC 3.0mm Duplex Multimode Stecker (Rose-Rot)"},"content":{"rendered":"<h3 data-start=\"963\" data-end=\"1009\">Was das rosarote Geh\u00e4use wirklich bedeutet<\/h3>\n<p data-start=\"1011\" data-end=\"1245\">In der modernen optischen Verkabelung ist Farbe nicht mehr nur Dekoration - sie ist ein Arbeitsmittel.<br data-start=\"1091\" data-end=\"1094\" \/>Die <strong data-start=\"1098\" data-end=\"1115\">rosaroter K\u00f6rper<\/strong> kennzeichnet diesen Stecker als f\u00fcr folgende Zwecke bestimmt <strong data-start=\"1164\" data-end=\"1198\">Multimode-Faser mit hoher Bandbreite<\/strong>, typischerweise <strong data-start=\"1210\" data-end=\"1224\">OM4 oder OM5<\/strong>, die verwendet werden f\u00fcr:<\/p>\n<ul data-start=\"1247\" data-end=\"1343\">\n<li data-start=\"1247\" data-end=\"1272\">\n<p data-start=\"1249\" data-end=\"1272\">40G- und 100G-Ethernet<\/p>\n<\/li>\n<li data-start=\"1273\" data-end=\"1312\">\n<p data-start=\"1275\" data-end=\"1312\">Hochgeschwindigkeits-SAN und Speichernetzwerke<\/p>\n<\/li>\n<li data-start=\"1313\" data-end=\"1343\">\n<p data-start=\"1315\" data-end=\"1343\">Backbone-Verbindungen f\u00fcr Rechenzentren<\/p>\n<\/li>\n<\/ul>\n<p data-start=\"1345\" data-end=\"1473\">Techniker k\u00f6nnen diese Jumper in gemischten Racks, die auch Aqua- (OM3) und gelbe (Singlemode) Kabel enthalten, sofort erkennen.<\/p>\n<hr data-start=\"1475\" data-end=\"1478\" \/>\n<h3 data-start=\"1480\" data-end=\"1518\">Optisches Verhalten, auf das Sie sich verlassen k\u00f6nnen<\/h3>\n<p data-start=\"1520\" data-end=\"1814\">Selbst mit der schweren 3,0-mm-Ummantelung verwendet der Stecker noch eine <strong data-start=\"1581\" data-end=\"1626\">Pr\u00e4zisionsferrule aus 1,25 mm Zirkonoxid-Keramik<\/strong> und eine <strong data-start=\"1633\" data-end=\"1658\">UPC polierte Stirnfl\u00e4che<\/strong>.<br data-start=\"1659\" data-end=\"1662\" \/>Diese Kombination bietet <strong data-start=\"1688\" data-end=\"1715\">stabiler physischer Kontakt<\/strong> zwischen den Fasern, was f\u00fcr kurzreichweitige Multimode-Verbindungen mit sehr hohen Datenraten entscheidend ist.<\/p>\n<div class=\"TyagGW_tableContainer\">\n<div class=\"group TyagGW_tableWrapper flex flex-col-reverse w-fit\" tabindex=\"-1\">\n<table class=\"w-fit min-w-(--thread-content-width)\" data-start=\"1816\" data-end=\"2087\">\n<thead data-start=\"1816\" data-end=\"1852\">\n<tr data-start=\"1816\" data-end=\"1852\">\n<th class=\"\" data-start=\"1816\" data-end=\"1835\" data-col-size=\"sm\">Leistungsposition<\/th>\n<th class=\"\" data-start=\"1835\" data-end=\"1852\" data-col-size=\"sm\">Typisches Niveau<\/th>\n<\/tr>\n<\/thead>\n<tbody data-start=\"1890\" data-end=\"2087\">\n<tr data-start=\"1890\" data-end=\"1934\">\n<td data-start=\"1890\" data-end=\"1903\" data-col-size=\"sm\">Faser-Typ<\/td>\n<td data-start=\"1903\" data-end=\"1934\" data-col-size=\"sm\">OM3 \/ OM4 \/ OM5 (50\/125 \u00b5m)<\/td>\n<\/tr>\n<tr data-start=\"1935\" data-end=\"1951\">\n<td data-start=\"1935\" data-end=\"1944\" data-col-size=\"sm\">Polnisch<\/td>\n<td data-start=\"1944\" data-end=\"1951\" data-col-size=\"sm\">UPC<\/td>\n<\/tr>\n<tr data-start=\"1952\" data-end=\"1982\">\n<td data-start=\"1952\" data-end=\"1969\" data-col-size=\"sm\">Einf\u00fcgungsd\u00e4mpfung<\/td>\n<td data-start=\"1969\" data-end=\"1982\" data-col-size=\"sm\">\u2264 0,30 dB<\/td>\n<\/tr>\n<tr data-start=\"1983\" data-end=\"2008\">\n<td data-start=\"1983\" data-end=\"1997\" data-col-size=\"sm\">R\u00fcckflussd\u00e4mpfung<\/td>\n<td data-start=\"1997\" data-end=\"2008\" data-col-size=\"sm\">\u2265 35 dB<\/td>\n<\/tr>\n<tr data-start=\"2009\" data-end=\"2050\">\n<td data-start=\"2009\" data-end=\"2031\" data-col-size=\"sm\">Arbeits-Wellenl\u00e4ngen<\/td>\n<td data-start=\"2031\" data-end=\"2050\" data-col-size=\"sm\">850 nm, 1300 nm<\/td>\n<\/tr>\n<tr data-start=\"2051\" data-end=\"2087\">\n<td data-start=\"2051\" data-end=\"2070\" data-col-size=\"sm\">Stecker-aus-Stecker-Leben<\/td>\n<td data-start=\"2070\" data-end=\"2087\" data-col-size=\"sm\">\u2265 1000 Zyklen<\/td>\n<\/tr>\n<\/tbody>\n<\/table>\n<\/div>\n<\/div>\n<p data-start=\"2089\" data-end=\"2179\">Diese Werte liegen deutlich innerhalb der Grenzen, die f\u00fcr <strong data-start=\"2142\" data-end=\"2178\">10G, 25G, 40G und 100G SR-Optik<\/strong>.<\/p>\n<hr data-start=\"2181\" data-end=\"2184\" \/>\n<h3 data-start=\"2186\" data-end=\"2233\">Gebaut wie ein Feldjumper, nicht wie ein Laborkabel<\/h3>\n<p data-start=\"2235\" data-end=\"2328\">W\u00e4hrend bei einem 2,0-mm-Duplexkabel die Flexibilit\u00e4t im Vordergrund steht, ist das <strong data-start=\"2290\" data-end=\"2327\">Die 3,0-mm-Version konzentriert sich auf das \u00dcberleben<\/strong>.<\/p>\n<div class=\"TyagGW_tableContainer\">\n<div class=\"group TyagGW_tableWrapper flex flex-col-reverse w-fit\" tabindex=\"-1\">\n<table class=\"w-fit min-w-(--thread-content-width)\" data-start=\"2330\" data-end=\"2653\">\n<thead data-start=\"2330\" data-end=\"2369\">\n<tr data-start=\"2330\" data-end=\"2369\">\n<th class=\"\" data-start=\"2330\" data-end=\"2353\" data-col-size=\"sm\">Bauelement<\/th>\n<th class=\"\" data-start=\"2353\" data-end=\"2369\" data-col-size=\"md\">Was es bewirkt<\/th>\n<\/tr>\n<\/thead>\n<tbody data-start=\"2408\" data-end=\"2653\">\n<tr data-start=\"2408\" data-end=\"2461\">\n<td data-start=\"2408\" data-end=\"2429\" data-col-size=\"sm\">3,0 mm Au\u00dfenmantel<\/td>\n<td data-col-size=\"md\" data-start=\"2429\" data-end=\"2461\">Widersteht Quetschen und Ziehen<\/td>\n<\/tr>\n<tr data-start=\"2462\" data-end=\"2527\">\n<td data-start=\"2462\" data-end=\"2482\" data-col-size=\"sm\">Lange Duplex-Stiefel<\/td>\n<td data-start=\"2482\" data-end=\"2527\" data-col-size=\"md\">Stress absorbieren, bevor er die Faser erreicht<\/td>\n<\/tr>\n<tr data-start=\"2528\" data-end=\"2594\">\n<td data-start=\"2528\" data-end=\"2549\" data-col-size=\"sm\">LC-Push-Pull-Verriegelung<\/td>\n<td data-start=\"2549\" data-end=\"2594\" data-col-size=\"md\">H\u00e4lt die Stecker in \u00fcberf\u00fcllten Schalttafeln sicher<\/td>\n<\/tr>\n<tr data-start=\"2595\" data-end=\"2653\">\n<td data-start=\"2595\" data-end=\"2614\" data-col-size=\"sm\">Keramische Aderendh\u00fclsen<\/td>\n<td data-start=\"2614\" data-end=\"2653\" data-col-size=\"md\">Beibehaltung einer stabilen Ausrichtung \u00fcber die Zeit<\/td>\n<\/tr>\n<\/tbody>\n<\/table>\n<\/div>\n<\/div>\n<p data-start=\"2655\" data-end=\"2819\">Damit ist der Steckverbinder besonders geeignet f\u00fcr <strong data-start=\"2704\" data-end=\"2781\">Core-Racks, Aggregationsschr\u00e4nke, Industriegeh\u00e4use und Telekommunikationsr\u00e4ume<\/strong>, wo h\u00e4ufig mit Kabeln hantiert wird.<\/p>\n<hr data-start=\"2821\" data-end=\"2824\" \/>\n<h3 data-start=\"2826\" data-end=\"2848\">Fachliche Fragen und Antworten<\/h3>\n<p data-start=\"2850\" data-end=\"3038\"><strong data-start=\"2850\" data-end=\"2894\">Kann dies mit aqua OM3-Jumpern gemischt werden?<\/strong><br data-start=\"2894\" data-end=\"2897\" \/>Ja, der Stecker ist voll kompatibel mit OM3, OM4 und OM5 Multimode-Fasern. Die rosarote Farbe zeigt einfach an <strong data-start=\"3011\" data-end=\"3037\">h\u00f6herwertiger Multimode<\/strong>.<\/p>\n<p data-start=\"3040\" data-end=\"3244\"><strong data-start=\"3040\" data-end=\"3078\">Sind 3,0 mm in Innenr\u00e4umen wirklich notwendig?<\/strong><br data-start=\"3078\" data-end=\"3081\" \/>In ruhigen Regalen sind 2,0 mm in Ordnung. In <strong data-start=\"3115\" data-end=\"3179\">belegte Rechenzentrumsreihen, Industrieschr\u00e4nke oder Telekommunikationsrahmen<\/strong>, 3,0 mm reduziert Kabelsch\u00e4den und Signalinstabilit\u00e4ten drastisch.<\/p>\n<p data-start=\"3246\" data-end=\"3415\"><strong data-start=\"3246\" data-end=\"3297\">Kann LC UPC mit MPO-LC Breakout-Kabeln verwendet werden?<\/strong><br data-start=\"3297\" data-end=\"3300\" \/>Ja. Dieser Anschluss wird \u00fcblicherweise am LC-Ende von <strong data-start=\"3354\" data-end=\"3383\">MPO-LC Fan-Out-Baugruppen<\/strong> f\u00fcr Hochgeschwindigkeits-Multimode-Verbindungen.<\/p>","protected":false},"excerpt":{"rendered":"<p data-start=\"235\" data-end=\"521\">In belebten Rechenzentrumsreihen und industriellen Racks werden Glasfaserkabel nicht sanft behandelt.<br data-start=\"319\" data-end=\"322\" \/>Sie werden gezogen, um die Kabelmanager gebogen, f\u00fcr Upgrades ausgesteckt und wieder eingesteckt.<br data-start=\"417\" data-end=\"420\" \/>Dies ist genau der Punkt, an dem die <strong data-start=\"446\" data-end=\"490\">LC UPC 3.0mm Duplex Multimode (Rosa-Rot)<\/strong> Stecker ist f\u00fcr den Betrieb ausgelegt.<\/p>\n<p data-start=\"523\" data-end=\"776\">Anstelle einer d\u00fcnnen Jacke f\u00fcr das B\u00fcro verwendet dieses Modell eine <strong data-start=\"580\" data-end=\"630\">Volles 3,0-mm-Kabel mit langen Zugentlastungsmanschetten<\/strong>, Dadurch erh\u00e4lt die Faser den physischen Schutz, den sie braucht, um in stark frequentierten Umgebungen zu bestehen, ohne dass Mikroknicke entstehen, die die Signalqualit\u00e4t beeintr\u00e4chtigen.<\/p>\n<p data-start=\"778\" data-end=\"956\">Gleichzeitig wird die <strong data-start=\"800\" data-end=\"820\">LC-Duplex-Format<\/strong> sorgt daf\u00fcr, dass Sende- und Empfangsfasern miteinander verriegelt bleiben, so dass die korrekte Polarit\u00e4t beibehalten und Installationsfehler in dichten Patchfeldern reduziert werden.<\/p>","protected":false},"featured_media":872,"comment_status":"open","ping_status":"closed","template":"","meta":[],"product_brand":[],"product_cat":[49],"product_tag":[],"class_list":{"0":"post-871","1":"product","2":"type-product","3":"status-publish","4":"has-post-thumbnail","6":"product_cat-lc-duplex-connectors-single-modemultimode","8":"first","9":"instock","10":"shipping-taxable","11":"product-type-simple"},"_links":{"self":[{"href":"https:\/\/www.fenxifiber.com\/de\/wp-json\/wp\/v2\/product\/871","targetHints":{"allow":["GET"]}}],"collection":[{"href":"https:\/\/www.fenxifiber.com\/de\/wp-json\/wp\/v2\/product"}],"about":[{"href":"https:\/\/www.fenxifiber.com\/de\/wp-json\/wp\/v2\/types\/product"}],"replies":[{"embeddable":true,"href":"https:\/\/www.fenxifiber.com\/de\/wp-json\/wp\/v2\/comments?post=871"}],"wp:featuredmedia":[{"embeddable":true,"href":"https:\/\/www.fenxifiber.com\/de\/wp-json\/wp\/v2\/media\/872"}],"wp:attachment":[{"href":"https:\/\/www.fenxifiber.com\/de\/wp-json\/wp\/v2\/media?parent=871"}],"wp:term":[{"taxonomy":"product_brand","embeddable":true,"href":"https:\/\/www.fenxifiber.com\/de\/wp-json\/wp\/v2\/product_brand?post=871"},{"taxonomy":"product_cat","embeddable":true,"href":"https:\/\/www.fenxifiber.com\/de\/wp-json\/wp\/v2\/product_cat?post=871"},{"taxonomy":"product_tag","embeddable":true,"href":"https:\/\/www.fenxifiber.com\/de\/wp-json\/wp\/v2\/product_tag?post=871"}],"curies":[{"name":"wp","href":"https:\/\/api.w.org\/{rel}","templated":true}]}}